{"id":3372,"date":"2025-07-22T11:44:40","date_gmt":"2025-07-22T09:44:40","guid":{"rendered":"https:\/\/test.pharmadiet.com\/?post_type=product&#038;p=3372"},"modified":"2025-11-17T13:08:44","modified_gmt":"2025-11-17T12:08:44","slug":"hyaloral-gel","status":"publish","type":"product","link":"https:\/\/beta.pharmadiet.com\/uk\/productos\/hyaloral-gel\/","title":{"rendered":"Hyaloral\u00ae Gel"},"content":{"rendered":"<p>Hyaloral\u00ae Gel provides nutrients that support the proper development of joints, tendons, and ligaments, as well as joint lubrication.<\/p>\n<ul>\n<li>Clinically proven evidence in our own study with Hyaloral\u00ae<\/li>\n<li>Ingredients with published studies<sup>2<\/sup><\/li>\n<li>Palatability tolerated in dogs and cats satisfactorily with Hyaloral\u00ae<sup>2,3<\/sup><\/li>\n<li>Suitable modes of use according to the weight of the pet<\/li>\n<li>Assist in times of deficiencies in essential nutrients for skin and fur.<\/li>\n<\/ul>\n<p>&nbsp;<\/p>\n","protected":false},"excerpt":{"rendered":"<p>Complementary feed whose added nutrients to the usual diet contribute to the proper development and maintenance of joints, tendons, and ligaments of our pets.<\/p>\n<p>&nbsp;<\/p>\n","protected":false},"featured_media":3373,"comment_status":"open","ping_status":"closed","template":"","meta":{"_acf_changed":false,"site-sidebar-layout":"default","site-content-layout":"","ast-site-content-layout":"default","site-content-style":"default","site-sidebar-style":"default","ast-global-header-display":"","ast-banner-title-visibility":"","ast-main-header-display":"","ast-hfb-above-header-display":"","ast-hfb-below-header-display":"","ast-hfb-mobile-header-display":"","site-post-title":"","ast-breadcrumbs-content":"","ast-featured-img":"","footer-sml-layout":"","theme-transparent-header-meta":"default","adv-header-id-meta":"","stick-header-meta":"","header-above-stick-meta":"","header-main-stick-meta":"","header-below-stick-meta":"","astra-migrate-meta-layouts":"set","ast-page-background-enabled":"default","ast-page-background-meta":{"desktop":{"background-color":"var(--ast-global-color-5)","background-image":"","background-repeat":"repeat","background-position":"center center","background-size":"auto","background-attachment":"scroll","background-type":"","background-media":"","overlay-type":"","overlay-color":"","overlay-opacity":"","overlay-gradient":""},"tablet":{"background-color":"","background-image":"","background-repeat":"repeat","background-position":"center center","background-size":"auto","background-attachment":"scroll","background-type":"","background-media":"","overlay-type":"","overlay-color":"","overlay-opacity":"","overlay-gradient":""},"mobile":{"background-color":"","background-image":"","background-repeat":"repeat","background-position":"center center","background-size":"auto","background-attachment":"scroll","background-type":"","background-media":"","overlay-type":"","overlay-color":"","overlay-opacity":"","overlay-gradient":""}},"ast-content-background-meta":{"desktop":{"background-color":"var(--ast-global-color-4)","background-image":"","background-repeat":"repeat","background-position":"center center","background-size":"auto","background-attachment":"scroll","background-type":"","background-media":"","overlay-type":"","overlay-color":"","overlay-opacity":"","overlay-gradient":""},"tablet":{"background-color":"var(--ast-global-color-4)","background-image":"","background-repeat":"repeat","background-position":"center center","background-size":"auto","background-attachment":"scroll","background-type":"","background-media":"","overlay-type":"","overlay-color":"","overlay-opacity":"","overlay-gradient":""},"mobile":{"background-color":"var(--ast-global-color-4)","background-image":"","background-repeat":"repeat","background-position":"center center","background-size":"auto","background-attachment":"scroll","background-type":"","background-media":"","overlay-type":"","overlay-color":"","overlay-opacity":"","overlay-gradient":""}}},"animal":[117,119,118,150],"product_brand":[],"product_cat":[20],"product_tag":[277],"class_list":{"0":"post-3372","1":"product","2":"type-product","3":"status-publish","4":"has-post-thumbnail","6":"animal-cat","7":"animal-dog","8":"animal-ferret","9":"animal-rodent","10":"product_cat-joint-supplements-animals","11":"product_tag-plantillaa","12":"desktop-align-left","13":"tablet-align-left","14":"mobile-align-left","16":"first","17":"instock","18":"shipping-taxable","19":"product-type-simple"},"acf":{"title_indications":"","description_indication":"","items_indication":[{"imagen":3396,"title":"How does arthritis affect our dogs or cats?","description":"<h4>How does arthritis affect my pet?<\/h4>\r\n&nbsp;\r\n\r\nArthritis in dogs and cats is a degenerative disease in which the affected joint is affected by inflammation and deterioration of the articular cartilage, causing pain and difficulty in movement, affecting the quality of life of dogs and cats. Usually caused by aging, injuries, or genetic predisposition.\r\n\r\n&nbsp;"}],"title_beneficios":"How does this complementary feed help your pet's joint health?","description_benefits":"This complementary feed for cats, dogs, and other species, which provides nutrients to aid in the proper development of joints, tendons, cartilage, and ligaments, and lubricates the joints.\r\n\r\n&nbsp;","items_benefits":[{"imagen":1268,"title":"Contributes to Healthy Development","description":"Hyaloral Gel for dogs and cats helps maintain the health of joints, tendons, cartilage, and ligaments, especially important in growing young animals.Hyaloral helps maintain the health of joints, tendons, cartilage, and ligaments, especially important in growing young animals.\r\n\r\n&nbsp;"},{"imagen":3617,"title":"Helps Maintain Mobility","description":"Lubricates joints and flexibility, reducing stiffness in older animals.\r\n\r\n&nbsp;"},{"imagen":1269,"title":"Maintenance of Joint Health","description":"Helps maintain joint health over time by helping prevent or delay joint problems.\r\n\r\n&nbsp;"},{"imagen":1272,"title":"Contributes to Maintaining an Active Life","description":"Facilitates an active life so your pets can enjoy physical activities such as playing, running, and jumping with greater comfort, contributing to their physical and emotional well-being.\r\n\r\n&nbsp;"}],"items_presentaciones":[{"title":"Hyaloral\u00ae Gel","description":"50 ml package with dosing syringe. Oral gel.\r\n\r\n&nbsp;","imagen":1175}],"description_ingredients":"","items_ingredients":[{"title":"Hyaluronic Acid<sup>4,5,6,7,8<\/sup>","description":"Main component of synovial fluid in the joints, with viscoelastic and lubricating properties. Its oral intake helps facilitate joint movement due to its viscosity; protect cartilage from wear; reduce inflammation; and promote cartilage nutrition.\r\n\r\nHyaluronic Acid provides viscoelasticity to synovial fluid and is responsible for lubricating the synovial membrane and articular cartilage. Oral intake has been shown to be effective in osteoarthritis in dogs.\r\n\r\n&nbsp;"},{"title":"Hydrolyzed Enzymatically Collagen\r\n\r\n&nbsp;","description":"Major component and structural basis of hyaline cartilage in the joints, the main tissue affected in joint degeneration processes. Hydrolyzed collagen is known to maintain cartilage integrity and provides flexibility, elasticity, and support. Its administration allows for greater absorption, distribution, and accumulation in articular cartilage.\r\n\r\n&nbsp;"},{"title":"Glucosamine\r\n\r\n&nbsp;","description":"Amino sugar component of articular cartilage, substrate, and stimulator of the synthesis of chondroitin and hyaluronic acid. It protects hyaline cartilage from wear and promotes cartilage nutrition.\r\n\r\n&nbsp;"},{"title":"Chondroitin Sulfate\r\n\r\n&nbsp;","description":"Main glycosaminoglycan of the extracellular matrix of cartilage. Nutrient that contributes to the formation of different components of cartilage, helps decrease cartilage destruction, and reduces inflammation by decreasing the action of proinflammatory molecules.\r\n\r\n&nbsp;"},{"title":"Gamma Oryzanol<sup>9,10,11<\/sup>","description":"Natural substance from rice bran, showing potent antioxidant action, helps eliminate free radicals, and reduce inflammation.\r\n\r\nThe combination of chondroitin sulfate, glucosamine, and antioxidants in the diet improves the condition of the joints and is effective for treating dogs with osteoarthritis.\r\n\r\nGlucosamine and chondroitin have been shown to improve joint function and may be responsible for improving pain on manipulation, lameness, and range of motion."}],"video":"","items_Instructions_for_use":[{"title":"Cat","description":"Oral administration.\r\n<ul>\r\n \t<li><strong>For kittens:<\/strong> 1.5 ml per day.<\/li>\r\n \t<li><strong>For adult cats:<\/strong> 3 ml per day.<\/li>\r\n<\/ul>"},{"title":"Dog","description":"<ul>\r\n \t<li><strong>Up to 5 kg body weight:<\/strong> 1.5 ml per day.<\/li>\r\n \t<li><strong>From 5 to 10 kg body weight:<\/strong> 3 ml per day.<\/li>\r\n<\/ul>"},{"title":"Ferret and roedent","description":"<ul>\r\n \t<li>0.5 ml per kg body weight per day.<\/li>\r\n<\/ul>"},{"title":"Other indications","description":"Shake before use.\r\n\r\nIt is recommended to mix Hyaloral\u00ae Gel:\r\n<ul>\r\n \t<li>Into the daily diet of kittens and puppies from 3 months of age, for a minimum of 6 months.<\/li>\r\n \t<li>Into the daily diet of adult animals for a minimum of 3 months.<\/li>\r\n<\/ul>\r\nAs it is a complementary feed, it can be taken continuously."}],"image_banner_scientific_study_copiar":3391,"title_banner_scientific_study":"Hyaloral FOPG Study","description_banner_scientific_study":"<h3>What did we research?<\/h3>\r\nWe studied how our product Hyaloral, a complementary feed combining hyaluronic acid and hydrolyzed collagen, can prevent elbow dysplasia in dogs.\r\n<h3>What were the study's conclusions?<\/h3>\r\n<ul>\r\n \t<li>The group supplemented with Hyaloral experienced a significant reduction in the occurrence of joint dysplasia, with a 95% probability of success.<\/li>\r\n \t<li>Additionally, our product proved effective in relieving symptoms of joint dysplasia.<\/li>\r\n<\/ul>\r\nDo you want to see all the details of our study? Click the button to view the complete study!","Scientific_study_banner":3393,"studies":[{"header_image":"","bibliography_image":1261,"title":"Hyaloral FOPG Study","study":3393}],"bibliografy_text":"<ol>\r\n \t<li>Efficacy of an oral hyaluronate and collagen supplement as a preventive treatment of elbow dysplasia. Sim\u00f3n Mart\u00ed-Angulo, N\u00faria Garc\u00eda-L\u00f3pez, Ana D\u00edaz-Ramos. J. Vet. Sci. (2014), 15(4), 569-574.<\/li>\r\n \t<li>Estudio palatabilidad gatos<\/li>\r\n \t<li>\u00a0Estudio palatabilidad perros<\/li>\r\n \t<li>Alves JC, Dos Santos AMMP, Jorge P, Lavrador CFTVB, Carreira LM. Effect of a single intra-articular high molecular weight hyaluronan in a naturally occurring canine osteoarthritis model: a randomized controlled trial. J Orthop Surg Res. 2021 May 3;16(1):290. doi: 10.1186\/s13018-021-02423-4. PMID: 33941219; PMCID: PMC8091761.<\/li>\r\n \t<li>Alves et al. Effect of an oral joint suplement when compared to another products in the management of hip osteoarthritis in working dogs. Topics in Compan An Med 32 (2017) 126-129.<\/li>\r\n \t<li>Bergin et al. Oral hyaluronan gel reduces post-operative tarsocrural effusion in the yearling Thoroghbred. Equine Vet J, 2006 38 (4): 375-378.<\/li>\r\n \t<li>Carmona et al. Efectos bioqu\u00edmicos y Cl\u00ednicos del hialuronato oral en Caballos andaluces j\u00f3venes con osteocondrosis tarsocrural. Arch Med Vet, 2009, 41, 139-14<\/li>\r\n \t<li>Martello, E., Bigliati, M., Adami, R., Biasibetti, E., Bisanzio, D., Meineri, G., &amp; Bruni, N. (2022). Efficacy of a dietary supplement in dogs with osteoarthritis: A randomized placebo-controlled, double-blind clinical trial. PloS one, 17(2), e0263971.\u00a0<a href=\"https:\/\/doi.org\/10.1371\/journal.pone.0263971\">https:\/\/doi.org\/10.1371\/journal.pone.0263971<\/a><\/li>\r\n \t<li>Minatel et al. Antioxidant activity of \u01b3-Oryzanol: a complex network of interactions.\u00a0 Int J Mol Sci, 2016, 17, 1107.<\/li>\r\n \t<li>Parrado et al. Prevention of brain protein and l\u00edpid oxidation elicited by a water-soluble oryzanol enzymatic extract derived from rice bran. Eur J Nutr, 2003, 42: 307-314.<\/li>\r\n \t<li>Shin et al. \u01b3-Oryzanol supresses COX-2 expression by inhibiting reactive oxygen species-mediated Erk \u00bd and Egr-1 signaling in LPS-stimulated RAW264.7 macrophages. Biochem biophysic Research Communications, 2017, 491, 486-492.<\/li>\r\n<\/ol>","features":[{"image":1270,"title":"Proven effectiveness in clinical study"},{"image":1271,"title":"Acceptance rate of 89% in dogs and cats"},{"image":1262,"title":"Chicken protein-free"},{"image":1267,"title":"No artificial colorings"}],"ficha_tecnica":3610},"_links":{"self":[{"href":"https:\/\/beta.pharmadiet.com\/uk\/wp-json\/wp\/v2\/product\/3372","targetHints":{"allow":["GET"]}}],"collection":[{"href":"https:\/\/beta.pharmadiet.com\/uk\/wp-json\/wp\/v2\/product"}],"about":[{"href":"https:\/\/beta.pharmadiet.com\/uk\/wp-json\/wp\/v2\/types\/product"}],"replies":[{"embeddable":true,"href":"https:\/\/beta.pharmadiet.com\/uk\/wp-json\/wp\/v2\/comments?post=3372"}],"version-history":[{"count":16,"href":"https:\/\/beta.pharmadiet.com\/uk\/wp-json\/wp\/v2\/product\/3372\/revisions"}],"predecessor-version":[{"id":17441,"href":"https:\/\/beta.pharmadiet.com\/uk\/wp-json\/wp\/v2\/product\/3372\/revisions\/17441"}],"wp:featuredmedia":[{"embeddable":true,"href":"https:\/\/beta.pharmadiet.com\/uk\/wp-json\/wp\/v2\/media\/3373"}],"wp:attachment":[{"href":"https:\/\/beta.pharmadiet.com\/uk\/wp-json\/wp\/v2\/media?parent=3372"}],"wp:term":[{"taxonomy":"animal","embeddable":true,"href":"https:\/\/beta.pharmadiet.com\/uk\/wp-json\/wp\/v2\/animal?post=3372"},{"taxonomy":"product_brand","embeddable":true,"href":"https:\/\/beta.pharmadiet.com\/uk\/wp-json\/wp\/v2\/product_brand?post=3372"},{"taxonomy":"product_cat","embeddable":true,"href":"https:\/\/beta.pharmadiet.com\/uk\/wp-json\/wp\/v2\/product_cat?post=3372"},{"taxonomy":"product_tag","embeddable":true,"href":"https:\/\/beta.pharmadiet.com\/uk\/wp-json\/wp\/v2\/product_tag?post=3372"}],"curies":[{"name":"wp","href":"https:\/\/api.w.org\/{rel}","templated":true}]}}