{"id":3768,"date":"2025-08-05T17:21:59","date_gmt":"2025-08-05T15:21:59","guid":{"rendered":"https:\/\/beta.pharmadiet.com\/?post_type=product&#038;p=3768"},"modified":"2026-02-02T09:59:11","modified_gmt":"2026-02-02T08:59:11","slug":"vitoftal-lutein-plus","status":"publish","type":"product","link":"https:\/\/beta.pharmadiet.com\/pt\/productos\/vitoftal-lutein-plus\/","title":{"rendered":"Vitoftal Lutein Plus \u00ae"},"content":{"rendered":"","protected":false},"excerpt":{"rendered":"<p>Alimento complementar com nutrientes que apoiam o sistema ocular do animal.<\/p>\n","protected":false},"featured_media":3769,"comment_status":"open","ping_status":"closed","template":"","meta":{"_acf_changed":false,"site-sidebar-layout":"no-sidebar","site-content-layout":"","ast-site-content-layout":"full-width-container","site-content-style":"default","site-sidebar-style":"default","ast-global-header-display":"","ast-banner-title-visibility":"","ast-main-header-display":"","ast-hfb-above-header-display":"","ast-hfb-below-header-display":"","ast-hfb-mobile-header-display":"","site-post-title":"","ast-breadcrumbs-content":"","ast-featured-img":"disabled","footer-sml-layout":"","theme-transparent-header-meta":"default","adv-header-id-meta":"","stick-header-meta":"","header-above-stick-meta":"","header-main-stick-meta":"","header-below-stick-meta":"","astra-migrate-meta-layouts":"set","ast-page-background-enabled":"default","ast-page-background-meta":{"desktop":{"background-color":"var(--ast-global-color-5)","background-image":"","background-repeat":"repeat","background-position":"center center","background-size":"auto","background-attachment":"scroll","background-type":"","background-media":"","overlay-type":"","overlay-color":"","overlay-opacity":"","overlay-gradient":""},"tablet":{"background-color":"","background-image":"","background-repeat":"repeat","background-position":"center center","background-size":"auto","background-attachment":"scroll","background-type":"","background-media":"","overlay-type":"","overlay-color":"","overlay-opacity":"","overlay-gradient":""},"mobile":{"background-color":"","background-image":"","background-repeat":"repeat","background-position":"center center","background-size":"auto","background-attachment":"scroll","background-type":"","background-media":"","overlay-type":"","overlay-color":"","overlay-opacity":"","overlay-gradient":""}},"ast-content-background-meta":{"desktop":{"background-color":"var(--ast-global-color-4)","background-image":"","background-repeat":"repeat","background-position":"center center","background-size":"auto","background-attachment":"scroll","background-type":"","background-media":"","overlay-type":"","overlay-color":"","overlay-opacity":"","overlay-gradient":""},"tablet":{"background-color":"var(--ast-global-color-4)","background-image":"","background-repeat":"repeat","background-position":"center center","background-size":"auto","background-attachment":"scroll","background-type":"","background-media":"","overlay-type":"","overlay-color":"","overlay-opacity":"","overlay-gradient":""},"mobile":{"background-color":"var(--ast-global-color-4)","background-image":"","background-repeat":"repeat","background-position":"center center","background-size":"auto","background-attachment":"scroll","background-type":"","background-media":"","overlay-type":"","overlay-color":"","overlay-opacity":"","overlay-gradient":""}}},"animal":[119,117],"product_brand":[],"product_cat":[30],"product_tag":[279],"class_list":{"0":"post-3768","1":"product","2":"type-product","3":"status-publish","4":"has-post-thumbnail","6":"animal-cao","7":"animal-gato","8":"product_cat-suplementos-solucoes-olhos-animais","9":"product_tag-plantillac","10":"desktop-align-left","11":"tablet-align-left","12":"mobile-align-left","14":"first","15":"instock","16":"shipping-taxable","17":"product-type-simple"},"acf":{"title_indications":"","description_indication":"","items_indication":[{"imagen":"","title":"Glaucoma em Gatos e c\u00e3es: Uma Amea\u00e7a \u00e0 Vis\u00e3o","description":"O glaucoma \u00e9 uma condi\u00e7\u00e3o ocular grave que pode afetar tanto gatos quanto c\u00e3es. \u00c9 caracterizado por um aumento anormal da press\u00e3o intraocular (PIO) dentro do olho. Esse aumento de press\u00e3o pode danificar o nervo \u00f3ptico, respons\u00e1vel por transmitir sinais visuais ao c\u00e9rebro. Se n\u00e3o for controlado adequadamente, o glaucoma pode levar \u00e0 perda irrevers\u00edvel da vis\u00e3o e, em casos graves, \u00e0 cegueira.\r\n\r\nO nervo \u00f3ptico \u00e9 vital para a vis\u00e3o, pois transmite os sinais visuais da retina para o c\u00e9rebro. O aumento da press\u00e3o intraocular danifica irrevers\u00edvel e gradualmente as fibras nervosas do nervo \u00f3ptico, resultando na perda de sua fun\u00e7\u00e3o. Isso se traduz em uma perda progressiva da vis\u00e3o e do campo visual no olho afetado."},{"imagen":3771,"title":"Sintomas do Glaucoma em gatos e cachorros","description":"Os sintomas do glaucoma em gatos e cachorros podem variar, mas alguns sinais comuns incluem:\r\n<ul>\r\n \t<li>Dor nos olhos, manifestada por piscar excessivo e sensibilidade \u00e0 luz.<\/li>\r\n \t<li>Olhos vermelhos.<\/li>\r\n \t<li>Pupilas dilatadas.<\/li>\r\n \t<li>Vis\u00e3o diminu\u00edda.<\/li>\r\n \t<li>Mudan\u00e7as na apar\u00eancia do olho, como aumento do tamanho do olho afetado.<\/li>\r\n<\/ul>\r\nA preven\u00e7\u00e3o \u00e9 essencial quando se trata de glaucoma. Exames oculares regulares com um veterin\u00e1rio s\u00e3o fundamentais, especialmente se seu animal de estima\u00e7\u00e3o for de uma ra\u00e7a propensa ao glaucoma. Detectar e tratar precocemente essa condi\u00e7\u00e3o pode fazer a diferen\u00e7a na preserva\u00e7\u00e3o da vis\u00e3o."}],"title_beneficios":"En que ayuda Vitoftal Lutein Plus a la salud ocular de tus mascotas:","description_benefits":"Vitoftal Lutein Plus fornece nutrientes para:\r\n\r\n&nbsp;\r\n\r\n&nbsp;","items_benefits":[{"imagen":3492,"title":"Auxiliar na prote\u00e7\u00e3o dos tecidos oculares","description":"Como retina, cristalino e nervo \u00f3ptico.\r\n\r\n&nbsp;\r\n\r\n&nbsp;"},{"imagen":3481,"title":"","description":"Manter a qualidade da l\u00e1grima"}],"items_presentaciones":[{"title":"Vitoftal Lutein Plus \u00ae","description":"Frasco de 50 ml com seringa dosadora e folheto explicativo.\r\n\r\n&nbsp;","imagen":3769}],"description_ingredients":"","items_ingredients":[{"title":"Flores secas de cal\u00eandula\r\n\r\n&nbsp;","description":"Astaxantina, pigmentos antioxidantes que ajudam a proteger a retina dos danos oxidativos e do envelhecimento.\r\n\r\n&nbsp;"},{"title":"Folhas secas de Vitis vinifera\r\n\r\n&nbsp;","description":"Fornece resveratrol.\r\n\r\nPor seu conte\u00fado de resveratrol, polifenol conhecido por sua atividade antioxidante, ajuda a proteger os tecidos oculares contra processos oxidativos associados \u00e0 perda de vis\u00e3o.\r\n\r\n&nbsp;"},{"title":"Taurina\r\n\r\n&nbsp;","description":"Conhecida por ser um amino\u00e1cido essencial, especialmente em gatos, pode contribuir para o funcionamento correto do sistema metab\u00f3lico do animal.\r\n\r\n&nbsp;"},{"title":"Vitaminas do complexo B (B1, B2, \u00c1cido pantot\u00eanico e B6)\r\n\r\n&nbsp;","description":"Contribuem para o metabolismo energ\u00e9tico normal.\r\n\r\n&nbsp;"},{"title":"Zinco e Vitaminas A e B2\r\n\r\n&nbsp;","description":"Contribuem para a manuten\u00e7\u00e3o da vis\u00e3o em condi\u00e7\u00f5es normais.\r\n\r\n&nbsp;"},{"title":"Polpa de tomate que fornece licopeno\r\n\r\n&nbsp;","description":"Caroten\u00f3ide com atividade antioxidante conhecida.\r\n\r\n&nbsp;"},{"title":"\u00d4mega 3 de \u00f3leo de peixe com EPA e DHA\r\n\r\n&nbsp;","description":"\u00c1cidos graxos que fazem parte das estruturas oculares.\r\n\r\n&nbsp;"},{"title":"Folhas secas de ch\u00e1 verde que fornecem EGCG\r\n\r\n&nbsp;","description":"Nutriente com atividade antioxidante conhecida.\r\n\r\n&nbsp;"},{"title":"Zinco, Cobre, Sel\u00eanio e Vitaminas B2, C e E\r\n\r\n&nbsp;","description":"Contribuem para a prote\u00e7\u00e3o celular contra danos oxidativos.\r\n\r\n&nbsp;"},{"title":"Vitaminas A, E, C, do complexo B e Sel\u00eanio\r\n\r\n&nbsp;","description":"Com atividade antioxidante e ajudam a proteger as c\u00e9lulas contra danos causados pelos radicais livres.\r\n\r\n&nbsp;"}],"video":"","items_Instructions_for_use":[{"title":"Gerais","description":"Agitar antes de usar.\r\n\r\nAdministrar preferencialmente misturado com o alimento habitual."},{"title":"Gato","description":"At\u00e9 5 kg de peso corporal: 1 ml por dia.\r\nAcima de 5 kg de peso corporal: 2 ml por dia.\r\n\r\n&nbsp;"},{"title":"C\u00e3o","description":"At\u00e9 5 kg de peso corporal: 1 ml por dia.\r\nAcima de 35 kg de peso corporal: 8 ml por dia"}],"image_banner_scientific_study_copiar":"","title_banner_scientific_study":"","description_banner_scientific_study":"","Scientific_study_banner":"","studies":null,"bibliografy_text":"","features":[{"image":1262,"title":"Sem prote\u00ednas de Frango."},{"image":1267,"title":"Sem corantes."},{"image":1218,"title":"Agitar antes de usar"},{"image":1212,"title":"Nova composi\u00e7\u00e3o"}],"ficha_tecnica":3770},"_links":{"self":[{"href":"https:\/\/beta.pharmadiet.com\/pt\/wp-json\/wp\/v2\/product\/3768","targetHints":{"allow":["GET"]}}],"collection":[{"href":"https:\/\/beta.pharmadiet.com\/pt\/wp-json\/wp\/v2\/product"}],"about":[{"href":"https:\/\/beta.pharmadiet.com\/pt\/wp-json\/wp\/v2\/types\/product"}],"replies":[{"embeddable":true,"href":"https:\/\/beta.pharmadiet.com\/pt\/wp-json\/wp\/v2\/comments?post=3768"}],"version-history":[{"count":14,"href":"https:\/\/beta.pharmadiet.com\/pt\/wp-json\/wp\/v2\/product\/3768\/revisions"}],"predecessor-version":[{"id":17674,"href":"https:\/\/beta.pharmadiet.com\/pt\/wp-json\/wp\/v2\/product\/3768\/revisions\/17674"}],"wp:featuredmedia":[{"embeddable":true,"href":"https:\/\/beta.pharmadiet.com\/pt\/wp-json\/wp\/v2\/media\/3769"}],"wp:attachment":[{"href":"https:\/\/beta.pharmadiet.com\/pt\/wp-json\/wp\/v2\/media?parent=3768"}],"wp:term":[{"taxonomy":"animal","embeddable":true,"href":"https:\/\/beta.pharmadiet.com\/pt\/wp-json\/wp\/v2\/animal?post=3768"},{"taxonomy":"product_brand","embeddable":true,"href":"https:\/\/beta.pharmadiet.com\/pt\/wp-json\/wp\/v2\/product_brand?post=3768"},{"taxonomy":"product_cat","embeddable":true,"href":"https:\/\/beta.pharmadiet.com\/pt\/wp-json\/wp\/v2\/product_cat?post=3768"},{"taxonomy":"product_tag","embeddable":true,"href":"https:\/\/beta.pharmadiet.com\/pt\/wp-json\/wp\/v2\/product_tag?post=3768"}],"curies":[{"name":"wp","href":"https:\/\/api.w.org\/{rel}","templated":true}]}}