{"id":3762,"date":"2025-08-05T17:17:33","date_gmt":"2025-08-05T15:17:33","guid":{"rendered":"https:\/\/beta.pharmadiet.com\/?post_type=product&#038;p=3762"},"modified":"2026-02-02T09:51:57","modified_gmt":"2026-02-02T08:51:57","slug":"vetregul","status":"publish","type":"product","link":"https:\/\/beta.pharmadiet.com\/pt\/productos\/vetregul\/","title":{"rendered":"Vetregul\u00ae"},"content":{"rendered":"<p>Alimento complementario con nutrientes que ayudan al sistema intestinal.<\/p>\n<ul>\n<li>Modos de uso adequados ao peso do animal.<\/li>\n<\/ul>\n","protected":false},"excerpt":{"rendered":"<p>Alimento complementario con nutrientes que ayudan al sistema intestinal.<\/p>\n","protected":false},"featured_media":3763,"comment_status":"open","ping_status":"closed","template":"","meta":{"_acf_changed":false,"site-sidebar-layout":"default","site-content-layout":"","ast-site-content-layout":"default","site-content-style":"default","site-sidebar-style":"default","ast-global-header-display":"","ast-banner-title-visibility":"","ast-main-header-display":"","ast-hfb-above-header-display":"","ast-hfb-below-header-display":"","ast-hfb-mobile-header-display":"","site-post-title":"","ast-breadcrumbs-content":"","ast-featured-img":"","footer-sml-layout":"","theme-transparent-header-meta":"default","adv-header-id-meta":"","stick-header-meta":"","header-above-stick-meta":"","header-main-stick-meta":"","header-below-stick-meta":"","astra-migrate-meta-layouts":"set","ast-page-background-enabled":"default","ast-page-background-meta":{"desktop":{"background-color":"var(--ast-global-color-5)","background-image":"","background-repeat":"repeat","background-position":"center center","background-size":"auto","background-attachment":"scroll","background-type":"","background-media":"","overlay-type":"","overlay-color":"","overlay-opacity":"","overlay-gradient":""},"tablet":{"background-color":"","background-image":"","background-repeat":"repeat","background-position":"center center","background-size":"auto","background-attachment":"scroll","background-type":"","background-media":"","overlay-type":"","overlay-color":"","overlay-opacity":"","overlay-gradient":""},"mobile":{"background-color":"","background-image":"","background-repeat":"repeat","background-position":"center center","background-size":"auto","background-attachment":"scroll","background-type":"","background-media":"","overlay-type":"","overlay-color":"","overlay-opacity":"","overlay-gradient":""}},"ast-content-background-meta":{"desktop":{"background-color":"var(--ast-global-color-4)","background-image":"","background-repeat":"repeat","background-position":"center center","background-size":"auto","background-attachment":"scroll","background-type":"","background-media":"","overlay-type":"","overlay-color":"","overlay-opacity":"","overlay-gradient":""},"tablet":{"background-color":"var(--ast-global-color-4)","background-image":"","background-repeat":"repeat","background-position":"center center","background-size":"auto","background-attachment":"scroll","background-type":"","background-media":"","overlay-type":"","overlay-color":"","overlay-opacity":"","overlay-gradient":""},"mobile":{"background-color":"var(--ast-global-color-4)","background-image":"","background-repeat":"repeat","background-position":"center center","background-size":"auto","background-attachment":"scroll","background-type":"","background-media":"","overlay-type":"","overlay-color":"","overlay-opacity":"","overlay-gradient":""}}},"animal":[119,118,117,150],"product_brand":[],"product_cat":[24],"product_tag":[279],"class_list":{"0":"post-3762","1":"product","2":"type-product","3":"status-publish","4":"has-post-thumbnail","6":"animal-cao","7":"animal-furao","8":"animal-gato","9":"animal-roedor","10":"product_cat-suplementos-digestao-animais","11":"product_tag-plantillac","12":"desktop-align-left","13":"tablet-align-left","14":"mobile-align-left","16":"first","17":"instock","18":"shipping-taxable","19":"product-type-simple"},"acf":{"title_indications":"Em quais situa\u00e7\u00f5es seu uso \u00e9 recomendado?","description_indication":"Vetregul es un alimento complementario que ayuda a la salud gastrointestinal. Aportando nutrientes de ayuda en:\r\n<ul>\r\n \t<li>Tr\u00e2nsito intestinal.<\/li>\r\n \t<li>Redu\u00e7\u00e3o do odor de fezes e urina.<\/li>\r\n \t<li>Bolas de pelo no trato digestivo.<\/li>\r\n \t<li>Flatul\u00eancia.<\/li>\r\n<\/ul>","items_indication":[{"imagen":3765,"title":"Altera\u00e7\u00f5es Digestivas em Animais de Estima\u00e7\u00e3o: Mais que um Mero Inc\u00f4modo","description":"A digest\u00e3o \u00e9 um processo fundamental no funcionamento do sistema digestivo dos animais. Esse sistema complexo converte os alimentos e l\u00edquidos que consomem em nutrientes essenciais que s\u00e3o \u00fateis para o organismo.\r\n\r\nNo entanto, a m\u00e1 digest\u00e3o pode se tornar um obst\u00e1culo na vida dos animais de estima\u00e7\u00e3o. Pode ser tanto uma causa de problemas de sa\u00fade quanto um ind\u00edcio de dist\u00farbios mais graves. A qualidade da digest\u00e3o em gatos e c\u00e3es pode ter um impacto significativo em seu comportamento e bem-estar geral.\r\n\r\nOs problemas digestivos em animais de estima\u00e7\u00e3o podem se manifestar com sintomas como v\u00f4mitos, diarreia, constipa\u00e7\u00e3o, falta de apetite ou mesmo mudan\u00e7as em seu comportamento, como irritabilidade ou apatia. Esses indicadores n\u00e3o apenas afetam seu conforto, mas tamb\u00e9m sua vitalidade e felicidade geral.\r\n\r\nV\u00e1rios fatores podem contribuir para os problemas digestivos nesses animais, incluindo dieta, intoler\u00e2ncia a certos alimentos, infec\u00e7\u00f5es gastrointestinais ou dist\u00farbios cr\u00f4nicos. Portanto, \u00e9 fundamental prestar aten\u00e7\u00e3o \u00e0 sa\u00fade digestiva deles e, ao observar sinais de desconforto, procurar atendimento veterin\u00e1rio."}],"title_beneficios":"Como Vetregul auxilia na tr\u00e2nsito intestinal do seu animal de estima\u00e7\u00e3o","description_benefits":"Alimento complementar para animais com nutrientes que auxiliam em:\r\n\r\n&nbsp;","items_benefits":[{"imagen":1247,"title":"Auxiliar na manuten\u00e7\u00e3o do tr\u00e2nsito intestinal:","description":"Vetregul para c\u00e3es e gatos atua como um aliado na manuten\u00e7\u00e3o de um tr\u00e2nsito intestinal saud\u00e1vel nos animais de estima\u00e7\u00e3o.\r\n\r\n&nbsp;\r\n\r\n&nbsp;"},{"imagen":3546,"title":"Redu\u00e7\u00e3o do odor de fezes e urina:","description":"Gra\u00e7as aos seus nutrientes, Vetregul gel ajuda a reduzir o odor das fezes e da urina dos animais de estima\u00e7\u00e3o.\r\n\r\n&nbsp;"},{"imagen":1248,"title":"Elimina\u00e7\u00e3o das bolas de pelo no trato intestinal:","description":"Especialmente para gatos, seus nutrientes ajudam a eliminar as bolas de pelo.\r\n\r\n&nbsp;"},{"imagen":1243,"title":"Redu\u00e7\u00e3o das flatul\u00eancias","description":"Ao melhorar a digest\u00e3o, nosso produto tamb\u00e9m ajuda a reduzir as flatul\u00eancias desconfort\u00e1veis em c\u00e3es e gatos.Principio del formulario\r\n\r\n&nbsp;"}],"items_presentaciones":[{"title":"Vetergul\u00ae","description":"Estojo com frasco de 50 ml com seringa dosadora.\r\n\r\nSuspens\u00e3o via oral.","imagen":3763}],"description_ingredients":"","items_ingredients":[{"title":"Oligofructosa\r\n\r\n&nbsp;","description":"Ingrediente prebi\u00f3tico que favorece a prolifera\u00e7\u00e3o da flora intestinal. Al\u00e9m disso, dificulta a ades\u00e3o intestinal da flora patog\u00eanica, contribuindo para a resposta imune normal contra infec\u00e7\u00f5es.\r\n\r\n&nbsp;"},{"title":"Yucca schidigera\r\n\r\n&nbsp;\r\n\r\n&nbsp;","description":"Por seu aporte em saponinas, ajuda a reduzir a flatul\u00eancia e diminui o forte odor de fezes e urina. Tamb\u00e9m possui uma conhecida a\u00e7\u00e3o antiparasit\u00e1ria contra protozo\u00e1rios ciliados e bact\u00e9rias, diminuindo os processos inflamat\u00f3rios.\r\n\r\n&nbsp;"},{"title":"Malta","description":"Ajuda a regular o tr\u00e2nsito intestinal e contribui para eliminar as bolas de pelo. De especial import\u00e2ncia em gatos."}],"video":"","items_Instructions_for_use":[{"title":"Quais s\u00e3o as instru\u00e7\u00f5es de uso?","description":"Agite antes de usar.\r\n\r\nOs animais devem ter acesso permanente \u00e0 \u00e1gua.\r\n\r\nRecomenda-se acompanhamento ap\u00f3s 6 meses de uso.\r\n\r\n&nbsp;"},{"title":"Gato","description":"At\u00e9 1 ano: 0,5 ml por dia.\r\n\r\nA partir de 1 ano: 1 ml por dia"},{"title":"C\u00e3o","description":"At\u00e9 5 kg de peso corporal: 0,5 ml por dia.\r\n\r\nDe 5-10 kg de peso corporal: 1 ml por dia\r\n\r\nDe 10-15 kg de peso corporal: 1,5 ml por dia.\r\n\r\nDe 15-20 kg de peso corporal: 2 ml por dia\r\n\r\nDe 20-25 k de peso corporal: 2,5 ml por dia.\r\n\r\nDe 25-30 kg de peso corporal: 3 ml por dia.\r\n\r\nDe 30-35 kg de peso corporal: 3,5 ml por dia.\r\n\r\nAcima de 35 kg de peso corporal: 4 ml\/d\u00eda"},{"title":"Fur\u00e3o","description":"0,2 ml por dia."},{"title":"Roedor","description":"0,2 ml por dia.\r\n\r\n&nbsp;"}],"image_banner_scientific_study_copiar":"","title_banner_scientific_study":"","description_banner_scientific_study":"","Scientific_study_banner":"","studies":null,"bibliografy_text":"","features":[{"image":1262,"title":"Chicken protein-free"},{"image":1267,"title":"No artificial colorings"}],"ficha_tecnica":3764},"_links":{"self":[{"href":"https:\/\/beta.pharmadiet.com\/pt\/wp-json\/wp\/v2\/product\/3762","targetHints":{"allow":["GET"]}}],"collection":[{"href":"https:\/\/beta.pharmadiet.com\/pt\/wp-json\/wp\/v2\/product"}],"about":[{"href":"https:\/\/beta.pharmadiet.com\/pt\/wp-json\/wp\/v2\/types\/product"}],"replies":[{"embeddable":true,"href":"https:\/\/beta.pharmadiet.com\/pt\/wp-json\/wp\/v2\/comments?post=3762"}],"version-history":[{"count":11,"href":"https:\/\/beta.pharmadiet.com\/pt\/wp-json\/wp\/v2\/product\/3762\/revisions"}],"predecessor-version":[{"id":17672,"href":"https:\/\/beta.pharmadiet.com\/pt\/wp-json\/wp\/v2\/product\/3762\/revisions\/17672"}],"wp:featuredmedia":[{"embeddable":true,"href":"https:\/\/beta.pharmadiet.com\/pt\/wp-json\/wp\/v2\/media\/3763"}],"wp:attachment":[{"href":"https:\/\/beta.pharmadiet.com\/pt\/wp-json\/wp\/v2\/media?parent=3762"}],"wp:term":[{"taxonomy":"animal","embeddable":true,"href":"https:\/\/beta.pharmadiet.com\/pt\/wp-json\/wp\/v2\/animal?post=3762"},{"taxonomy":"product_brand","embeddable":true,"href":"https:\/\/beta.pharmadiet.com\/pt\/wp-json\/wp\/v2\/product_brand?post=3762"},{"taxonomy":"product_cat","embeddable":true,"href":"https:\/\/beta.pharmadiet.com\/pt\/wp-json\/wp\/v2\/product_cat?post=3762"},{"taxonomy":"product_tag","embeddable":true,"href":"https:\/\/beta.pharmadiet.com\/pt\/wp-json\/wp\/v2\/product_tag?post=3762"}],"curies":[{"name":"wp","href":"https:\/\/api.w.org\/{rel}","templated":true}]}}