{"id":3756,"date":"2025-08-05T17:08:47","date_gmt":"2025-08-05T15:08:47","guid":{"rendered":"https:\/\/beta.pharmadiet.com\/?post_type=product&#038;p=3756"},"modified":"2026-02-02T09:25:47","modified_gmt":"2026-02-02T08:25:47","slug":"vetinmune","status":"publish","type":"product","link":"https:\/\/beta.pharmadiet.com\/pt\/productos\/vetinmune\/","title":{"rendered":"Vetinmune\u00ae"},"content":{"rendered":"<ul>\n<li>Modos de uso adequados ao peso do animal.<\/li>\n<li>Comprimido facilmente divis\u00edvel<\/li>\n<\/ul>\n","protected":false},"excerpt":{"rendered":"<p>Alimento complementar \u00e0 base de nutrientes que ajudam no funcionamento normal do sistema imunol\u00f3gico.<\/p>\n","protected":false},"featured_media":3758,"comment_status":"open","ping_status":"closed","template":"","meta":{"_acf_changed":false,"site-sidebar-layout":"default","site-content-layout":"","ast-site-content-layout":"default","site-content-style":"default","site-sidebar-style":"default","ast-global-header-display":"","ast-banner-title-visibility":"","ast-main-header-display":"","ast-hfb-above-header-display":"","ast-hfb-below-header-display":"","ast-hfb-mobile-header-display":"","site-post-title":"","ast-breadcrumbs-content":"","ast-featured-img":"","footer-sml-layout":"","theme-transparent-header-meta":"default","adv-header-id-meta":"","stick-header-meta":"","header-above-stick-meta":"","header-main-stick-meta":"","header-below-stick-meta":"","astra-migrate-meta-layouts":"set","ast-page-background-enabled":"default","ast-page-background-meta":{"desktop":{"background-color":"var(--ast-global-color-5)","background-image":"","background-repeat":"repeat","background-position":"center center","background-size":"auto","background-attachment":"scroll","background-type":"","background-media":"","overlay-type":"","overlay-color":"","overlay-opacity":"","overlay-gradient":""},"tablet":{"background-color":"","background-image":"","background-repeat":"repeat","background-position":"center center","background-size":"auto","background-attachment":"scroll","background-type":"","background-media":"","overlay-type":"","overlay-color":"","overlay-opacity":"","overlay-gradient":""},"mobile":{"background-color":"","background-image":"","background-repeat":"repeat","background-position":"center center","background-size":"auto","background-attachment":"scroll","background-type":"","background-media":"","overlay-type":"","overlay-color":"","overlay-opacity":"","overlay-gradient":""}},"ast-content-background-meta":{"desktop":{"background-color":"var(--ast-global-color-4)","background-image":"","background-repeat":"repeat","background-position":"center center","background-size":"auto","background-attachment":"scroll","background-type":"","background-media":"","overlay-type":"","overlay-color":"","overlay-opacity":"","overlay-gradient":""},"tablet":{"background-color":"var(--ast-global-color-4)","background-image":"","background-repeat":"repeat","background-position":"center center","background-size":"auto","background-attachment":"scroll","background-type":"","background-media":"","overlay-type":"","overlay-color":"","overlay-opacity":"","overlay-gradient":""},"mobile":{"background-color":"var(--ast-global-color-4)","background-image":"","background-repeat":"repeat","background-position":"center center","background-size":"auto","background-attachment":"scroll","background-type":"","background-media":"","overlay-type":"","overlay-color":"","overlay-opacity":"","overlay-gradient":""}}},"animal":[119,117],"product_brand":[],"product_cat":[25],"product_tag":[279],"class_list":{"0":"post-3756","1":"product","2":"type-product","3":"status-publish","4":"has-post-thumbnail","6":"animal-cao","7":"animal-gato","8":"product_cat-suplementos-defesas-animais","9":"product_tag-plantillac","10":"desktop-align-left","11":"tablet-align-left","12":"mobile-align-left","14":"first","15":"instock","16":"shipping-taxable","17":"product-type-simple"},"acf":{"title_indications":"","description_indication":"","items_indication":[{"imagen":"","title":"Leishmaniose em c\u00e3es e gatos, o que voc\u00ea precisa saber","description":"A leishmaniose em gatos e c\u00e3es \u00e9 uma doen\u00e7a transmitida pela picada de um pequeno inseto, o fleb\u00f3tomo, que atua como vetor da Leishmania. Uma vez que o parasita entra na corrente sangu\u00ednea, desencadeia uma rea\u00e7\u00e3o no sistema imunol\u00f3gico do animal.\r\n\r\n&nbsp;\r\n\r\n&nbsp;"},{"imagen":3759,"title":"Medidas preventivas contra a leishmaniose","description":"Com uma preven\u00e7\u00e3o adequada e uma aten\u00e7\u00e3o veterin\u00e1ria oportuna, \u00e9 poss\u00edvel proteger os animais de estima\u00e7\u00e3o desta doen\u00e7a.\r\n\r\nManter a \u00e1rea de lazer e descanso do animal limpa e desinfetada \u00e9 importante para evitar a presen\u00e7a de insetos e mosquitos. Voc\u00ea pode consultar se \u00e9 necess\u00e1rio aplicar produtos repelentes periodicamente.\r\n\r\nAl\u00e9m disso, o mosquito transmissor da leishmaniose felina e canina geralmente atua \u00e0 noite, ent\u00e3o evitar que durmam ao ar livre os proteger\u00e1 mais. Voc\u00ea tamb\u00e9m pode instalar telas protetoras nas janelas para reduzir a probabilidade de picadas.\r\n\r\n&nbsp;"},{"imagen":3760,"title":"A Variedade de Sintomas","description":"A leishmaniose pode afetar diferentes \u00f3rg\u00e3os e tecidos, portanto, pode apresentar diferentes sintomas cl\u00ednicos. Entre os sinais mais comuns da leishmaniose est\u00e3o:\r\n<ul>\r\n \t<li>Epistaxe: ou sangramento nasal.<\/li>\r\n \t<li>Les\u00f5es na pele: Feridas cut\u00e2neas, caspa e outros problemas dermatol\u00f3gicos.<\/li>\r\n \t<li>Les\u00f5es oculares: podem causar irrita\u00e7\u00e3o, vermelhid\u00e3o e, em casos graves, perda de vis\u00e3o.<\/li>\r\n \t<li>Claudica\u00e7\u00e3o: derivada de problemas articulares.<\/li>\r\n \t<li>Perda de peso e anemia.<\/li>\r\n \t<li>Perda de pelo em \u00e1reas sens\u00edveis: O pelo ao redor dos olhos, orelhas e focinho muitas vezes cai.<\/li>\r\n \t<li>Problemas renais.<\/li>\r\n<\/ul>\r\nEm resumo, o sistema imunol\u00f3gico de c\u00e3es e gatos \u00e9 uma primeira linha de defesa, mas a Leishmania spp. pode desafiar essa defesa. A leishmaniose apresenta uma variedade de sintomas que v\u00e3o desde problemas cut\u00e2neos at\u00e9 complica\u00e7\u00f5es graves. Com uma preven\u00e7\u00e3o adequada e uma aten\u00e7\u00e3o veterin\u00e1ria oportuna, \u00e9 poss\u00edvel proteger os animais de estima\u00e7\u00e3o desta doen\u00e7a insidiosa."}],"title_beneficios":"Como os nutrientes do Vetinmune\u00ae ajudam a sa\u00fade do seu animal de estima\u00e7\u00e3o","description_benefits":"Alimento complementar com nutrientes que ajudam a:","items_benefits":[{"imagen":1236,"title":"","description":"Ajudar no funcionamento normal do sistema imunol\u00f3gico"},{"imagen":1236,"title":"","description":"Ajudar na prote\u00e7\u00e3o contra agentes externos"},{"imagen":1240,"title":"","description":"Ajudar a reduzir o cansa\u00e7o e a fadiga"}],"items_presentaciones":[{"title":"Vetinmune\u00ae","description":"Estojo com 120 comprimidos, em blister. Blister de 10 comprimidos facilmente divis\u00edveis, para facilitar a administra\u00e7\u00e3o.","imagen":3758}],"description_ingredients":"","items_ingredients":[{"title":"Farelo de aveia","description":"Fornece beta-glucanos, que contribuem para a prote\u00e7\u00e3o contra infec\u00e7\u00f5es, comprovada em estudos experimentais.."},{"title":"Raiz de Scutellaria baicalensis\r\n\r\n&nbsp;","description":"Fornece Baicalina, conhecida por suas propriedades antioxidantes."},{"title":"Salvado de cevada\r\n\r\n&nbsp;","description":""},{"title":"Ginseng\r\n\r\n&nbsp;","description":"Fornece ginsenos\u00eddeos. Auxiliam no equil\u00edbrio dos processos fisiol\u00f3gicos do estresse.\r\n\r\n&nbsp;"},{"title":"Gel\u00e9ia Real Fresca, Niacinamida, Vitaminas B2 e B5.","description":"Ajudam a reduzir a fadiga e o cansa\u00e7o.\r\n\r\n&nbsp;"},{"title":"Selenio, Biotina, \u00c1cido F\u00f3lico, Vitamina B6 y B12\r\n\r\n&nbsp;","description":"Contribuem para o funcionamento normal do sistema imunol\u00f3gico."}],"video":"","items_Instructions_for_use":[{"title":"C\u00e3o","description":"1 comprimido ao dia para cada 10kg de peso corporal.\r\nA partir de 40 kg de peso corporal: 4 comprimidos ao dia."},{"title":"Gato","description":"\u00bd comprimido ao dia"},{"title":"Outras indica\u00e7\u00f5es","description":"V\u00eda oral"}],"image_banner_scientific_study_copiar":"","title_banner_scientific_study":"","description_banner_scientific_study":"","Scientific_study_banner":"","studies":null,"bibliografy_text":"","features":[{"image":1262,"title":"Sem prote\u00ednas de Frango."},{"image":1213,"title":"Easily divisible tablets."},{"image":1267,"title":"Sem corantes artificiais"},{"image":1267,"title":"Sem conservantes artificiais"}],"ficha_tecnica":3757},"_links":{"self":[{"href":"https:\/\/beta.pharmadiet.com\/pt\/wp-json\/wp\/v2\/product\/3756","targetHints":{"allow":["GET"]}}],"collection":[{"href":"https:\/\/beta.pharmadiet.com\/pt\/wp-json\/wp\/v2\/product"}],"about":[{"href":"https:\/\/beta.pharmadiet.com\/pt\/wp-json\/wp\/v2\/types\/product"}],"replies":[{"embeddable":true,"href":"https:\/\/beta.pharmadiet.com\/pt\/wp-json\/wp\/v2\/comments?post=3756"}],"version-history":[{"count":13,"href":"https:\/\/beta.pharmadiet.com\/pt\/wp-json\/wp\/v2\/product\/3756\/revisions"}],"predecessor-version":[{"id":17670,"href":"https:\/\/beta.pharmadiet.com\/pt\/wp-json\/wp\/v2\/product\/3756\/revisions\/17670"}],"wp:featuredmedia":[{"embeddable":true,"href":"https:\/\/beta.pharmadiet.com\/pt\/wp-json\/wp\/v2\/media\/3758"}],"wp:attachment":[{"href":"https:\/\/beta.pharmadiet.com\/pt\/wp-json\/wp\/v2\/media?parent=3756"}],"wp:term":[{"taxonomy":"animal","embeddable":true,"href":"https:\/\/beta.pharmadiet.com\/pt\/wp-json\/wp\/v2\/animal?post=3756"},{"taxonomy":"product_brand","embeddable":true,"href":"https:\/\/beta.pharmadiet.com\/pt\/wp-json\/wp\/v2\/product_brand?post=3756"},{"taxonomy":"product_cat","embeddable":true,"href":"https:\/\/beta.pharmadiet.com\/pt\/wp-json\/wp\/v2\/product_cat?post=3756"},{"taxonomy":"product_tag","embeddable":true,"href":"https:\/\/beta.pharmadiet.com\/pt\/wp-json\/wp\/v2\/product_tag?post=3756"}],"curies":[{"name":"wp","href":"https:\/\/api.w.org\/{rel}","templated":true}]}}