{"id":3743,"date":"2025-08-05T16:35:14","date_gmt":"2025-08-05T14:35:14","guid":{"rendered":"https:\/\/beta.pharmadiet.com\/?post_type=product&#038;p=3743"},"modified":"2026-01-30T17:06:07","modified_gmt":"2026-01-30T16:06:07","slug":"vetgastril-plus-gel","status":"publish","type":"product","link":"https:\/\/beta.pharmadiet.com\/pt\/productos\/vetgastril-plus-gel\/","title":{"rendered":"Vetgastril Plus\u00ae Gel"},"content":{"rendered":"<p>Alimento complementar em formato de gel.<\/p>\n<ul>\n<li>Apresenta\u00e7\u00f5es em gel com seringa dosificadora.<\/li>\n<\/ul>\n","protected":false},"excerpt":{"rendered":"<p>Nova composi\u00e7\u00e3o.<\/p>\n<p>Alimento complementar que, devido aos seus nutrientes, ajuda em desequil\u00edbrios g\u00e1stricos, favorecendo uma digest\u00e3o correta.<\/p>\n","protected":false},"featured_media":3744,"comment_status":"open","ping_status":"closed","template":"","meta":{"_acf_changed":false,"site-sidebar-layout":"default","site-content-layout":"","ast-site-content-layout":"default","site-content-style":"default","site-sidebar-style":"default","ast-global-header-display":"","ast-banner-title-visibility":"","ast-main-header-display":"","ast-hfb-above-header-display":"","ast-hfb-below-header-display":"","ast-hfb-mobile-header-display":"","site-post-title":"","ast-breadcrumbs-content":"","ast-featured-img":"","footer-sml-layout":"","theme-transparent-header-meta":"default","adv-header-id-meta":"","stick-header-meta":"","header-above-stick-meta":"","header-main-stick-meta":"","header-below-stick-meta":"","astra-migrate-meta-layouts":"set","ast-page-background-enabled":"default","ast-page-background-meta":{"desktop":{"background-color":"var(--ast-global-color-5)","background-image":"","background-repeat":"repeat","background-position":"center center","background-size":"auto","background-attachment":"scroll","background-type":"","background-media":"","overlay-type":"","overlay-color":"","overlay-opacity":"","overlay-gradient":""},"tablet":{"background-color":"","background-image":"","background-repeat":"repeat","background-position":"center center","background-size":"auto","background-attachment":"scroll","background-type":"","background-media":"","overlay-type":"","overlay-color":"","overlay-opacity":"","overlay-gradient":""},"mobile":{"background-color":"","background-image":"","background-repeat":"repeat","background-position":"center center","background-size":"auto","background-attachment":"scroll","background-type":"","background-media":"","overlay-type":"","overlay-color":"","overlay-opacity":"","overlay-gradient":""}},"ast-content-background-meta":{"desktop":{"background-color":"var(--ast-global-color-4)","background-image":"","background-repeat":"repeat","background-position":"center center","background-size":"auto","background-attachment":"scroll","background-type":"","background-media":"","overlay-type":"","overlay-color":"","overlay-opacity":"","overlay-gradient":""},"tablet":{"background-color":"var(--ast-global-color-4)","background-image":"","background-repeat":"repeat","background-position":"center center","background-size":"auto","background-attachment":"scroll","background-type":"","background-media":"","overlay-type":"","overlay-color":"","overlay-opacity":"","overlay-gradient":""},"mobile":{"background-color":"var(--ast-global-color-4)","background-image":"","background-repeat":"repeat","background-position":"center center","background-size":"auto","background-attachment":"scroll","background-type":"","background-media":"","overlay-type":"","overlay-color":"","overlay-opacity":"","overlay-gradient":""}}},"animal":[119,118,117,150],"product_brand":[],"product_cat":[24],"product_tag":[],"class_list":{"0":"post-3743","1":"product","2":"type-product","3":"status-publish","4":"has-post-thumbnail","6":"animal-cao","7":"animal-furao","8":"animal-gato","9":"animal-roedor","10":"product_cat-suplementos-digestao-animais","11":"desktop-align-left","12":"tablet-align-left","13":"mobile-align-left","15":"first","16":"instock","17":"shipping-taxable","18":"product-type-simple"},"acf":{"title_indications":"","description_indication":"","items_indication":[{"imagen":"","title":"Equil\u00edbrio Gastrointestinal em C\u00e3es","description":"O sistema gastrointestinal desempenha um papel vital na sa\u00fade dos animais, e os desequil\u00edbrios gastrointestinais podem ter consequ\u00eancias significativas:\r\n\r\n&nbsp;"},{"imagen":3747,"title":"Dano \u00e0 Barreira Mucosa","description":"Esses desequil\u00edbrios enfraquecem a barreira protetora da mucosa g\u00e1strica, permitindo que os sucos g\u00e1stricos exer\u00e7am efeitos prejudiciais diretamente nas superf\u00edcies internas do est\u00f4mago e outros \u00f3rg\u00e3os, como o intestino delgado.\r\n\r\n&nbsp;"},{"imagen":3748,"title":"Complica\u00e7\u00f5es na Digest\u00e3o e Absor\u00e7\u00e3o de Nutrientes:","description":"A altera\u00e7\u00e3o da barreira mucosa pode interferir na digest\u00e3o e absor\u00e7\u00e3o adequadas de nutrientes, manifestando-se em sintomas como v\u00f4mitos, diarreia, desconforto abdominal, perda de apetite, etc.\r\n\r\n&nbsp;"},{"imagen":3749,"title":"Malestar e Dor","description":"Al\u00e9m dos problemas digestivos, esses desequil\u00edbrios podem causar desconforto e dor em c\u00e3es. Isso se traduz em sintomas como saliva\u00e7\u00e3o excessiva, lambedura constante dos l\u00e1bios e recusa de alimentos (falta de apetite e at\u00e9 desidrata\u00e7\u00e3o).\r\n\r\nA aten\u00e7\u00e3o veterin\u00e1ria \u00e9 essencial para abordar esses desequil\u00edbrios e garantir o bem-estar gastrointestinal de seus animais de estima\u00e7\u00e3o."}],"title_beneficios":"Como o Vetgastril Plus auxilia na sa\u00fade gastrointestinal do seu animal de estima\u00e7\u00e3o","description_benefits":"","items_benefits":[{"imagen":3492,"title":"Prote\u00e7\u00e3o da Mucosa G\u00e1strica e Esof\u00e1gica","description":"O Vetgastril Plus fornece nutrientes que contribuem para fortalecer e proteger a mucosa g\u00e1strica e esof\u00e1gica. Isso \u00e9 essencial, pois essas superf\u00edcies s\u00e3o a primeira linha de defesa contra os efeitos prejudiciais dos conte\u00fados g\u00e1stricos.\r\n\r\n&nbsp;"},{"imagen":1239,"title":"Digest\u00e3o e Absor\u00e7\u00e3o \u00d3timas","description":"Favorece a digest\u00e3o e absor\u00e7\u00e3o de nutrientes, prevenindo problemas como v\u00f4mitos, diarreia e perda de apetite.\r\n\r\n&nbsp;"},{"imagen":1241,"title":"Mant\u00e9m a Sa\u00fade Digestiva","description":"Sua composi\u00e7\u00e3o especial contribui para proteger a mucosa g\u00e1strica e esof\u00e1gica, que s\u00e3o componentes fundamentais na defesa do sistema digestivo. Ao manter a sa\u00fade dessas superf\u00edcies, ajuda a garantir um funcionamento digestivo \u00f3timo, o que se traduz em uma digest\u00e3o e absor\u00e7\u00e3o de nutrientes adequadas.\r\n\r\n&nbsp;"},{"imagen":1247,"title":"Apoio em Afec\u00e7\u00f5es do Aparelho Digestivo","description":"Vetgastril Plus, por seus nutrientes, \u00e9 um apoio em situa\u00e7\u00f5es em que os animais de estima\u00e7\u00e3o podem experimentar desconforto gastrointestinal, como diarreia e v\u00f4mitos.Principio del formulario\r\n\r\n&nbsp;"}],"items_presentaciones":[{"title":"Vetgastril\u00ae Plus Gel 20 ml","description":"Caixa com frasco de 20 ml com seringa dosadora e folheto informativo.\r\n\r\n&nbsp;","imagen":3745},{"title":"Vetgastril\u00ae Plus Gel 50 ml","description":"Caixa com frasco de 50 ml com seringa dosadora e folheto informativo.\r\n\r\n&nbsp;","imagen":3746}],"description_ingredients":"","items_ingredients":[{"title":"Queratina Hidrolisada\r\n\r\n&nbsp;","description":"Prote\u00edna estrutural fibrosa, insol\u00favel em \u00e1gua, encontrada nas c\u00e9lulas epiteliais que revestem as superf\u00edcies internas e externas do corpo. Forma uma camada de barreira compacta ap\u00f3s o revestimento na ferida, que pode parar o sangramento e evitar danos \u00e0s c\u00e9lulas epiteliais.\r\n\r\nJunto com o alginato de s\u00f3dio, ajuda a proteger a mucosa g\u00e1strica.\r\n\r\n&nbsp;"},{"title":"Alginato de S\u00f3dio\r\n\r\n&nbsp;","description":"Junto com a queratina hidrolisada, auxilia na prote\u00e7\u00e3o da mucosa g\u00e1strica formando uma barreira f\u00edsica gerada por uma rea\u00e7\u00e3o do alginato a pH \u00e1cido do est\u00f4mago.\r\n\r\n&nbsp;"},{"title":"Hojas secas de Aloe barbadensis<sup>1,2<\/sup>","description":"Conhecido por suas propriedades antioxidantes e cicatrizantes das c\u00e9lulas, ajuda a facilitar a cicatriza\u00e7\u00e3o de feridas atrav\u00e9s da regula\u00e7\u00e3o das proteinases (metaloproteinases da matriz), modula a produ\u00e7\u00e3o de col\u00e1geno, migra\u00e7\u00e3o e prolifera\u00e7\u00e3o de c\u00e9lulas. Contribui para reduzir a inflama\u00e7\u00e3o.\r\n\r\n&nbsp;"},{"title":"Zinco<sup>3,4<\/sup>","description":"O zinco \u00e9 um dos oligoelementos mais importantes para a sa\u00fade animal. Realiza mais de 300 fun\u00e7\u00f5es biol\u00f3gicas e produz efeitos em m\u00faltiplos sistemas, incluindo o trato gastrointestinal. O zinco n\u00e3o \u00e9 armazenado no organismo, portanto, seu n\u00edvel \u00e9 determinado pelo equil\u00edbrio entre a ingest\u00e3o alimentar, a absor\u00e7\u00e3o e as perdas.\r\n\r\nContribui para a prote\u00e7\u00e3o das c\u00e9lulas contra danos oxidativos."},{"title":"\u00c1cido Hialur\u00f3nico<sup>5<\/sup>","description":"Possui propriedades viscoel\u00e1sticas, lubrificantes e hidratantes que proporcionam um ambiente adequado para as c\u00e9lulas epiteliais, contribuindo, juntamente com o sulfato de condroitina , para sua recupera\u00e7\u00e3o.\r\n\r\n&nbsp;"},{"title":"Sulfato de condroitina","description":"\u00c9 uma subst\u00e2ncia naturalmente presente no organismo que auxilia em desequil\u00edbrios gastrointestinais."}],"video":"","items_Instructions_for_use":[{"title":"","description":"V\u00eda oral\r\n\r\nAgite antes de usar.\r\n\r\nTomar 1-2 horas antes da alimenta\u00e7\u00e3o habitual. Se preferir, dividir em duas doses a cada 12 horas.\r\n\r\nOs animais devem ter acesso permanente \u00e0 \u00e1gua."},{"title":"Gato","description":"At\u00e9 5 kg de peso corporal: 1 ml por dia\r\n\r\nMais de 5 kg de peso corporal: 2 ml por dia"},{"title":"C\u00e3o","description":"At\u00e9 5 kg de peso corporal: 1 ml por dia\r\n\r\nDe 5 a 10 kg de peso corporal: 2 ml al d\u00eda\r\n\r\nDe 10 a 15 kg de peso corporal: 3 ml por dia.\r\n\r\nDe 15 a 20 kg de peso corporal: 4 ml por dia.\r\n\r\nDe 20 a 25 kg de peso corporal: 5 ml por dia"},{"title":"Fur\u00f5es e roedores","description":"0,2 ml\/kg de peso corporal por dia"}],"image_banner_scientific_study_copiar":"","title_banner_scientific_study":"","description_banner_scientific_study":"","Scientific_study_banner":"","studies":null,"bibliografy_text":"1.https:\/\/pubmed.ncbi.nlm.nih.gov\/28874080\/\r\n2.https:\/\/www.researchgate.net\/publication\/325253109_Treatment_and_Replenishment_of_GI_Tract_with_Combined_Regimen_Therapy_CRT_of_Allopathic_PPIs_and_Ayurvedic_Aloe_Vera_Medicine_in_Peptic_Ulcer_Disease_to_Counteract_Relapse\r\n3.Canani RB et al. Mechanisms of action of zinc in acute diarrhea. Curr Opin Gastroenterol;27(1):8\u201012 (2011).\r\n4.Skrovanek S et al. Zinc and gastrointestinal disease. World J Gastrointest Pathophysiol; 5(4):496\u2010513. 22 de enero de 2024, 16:18 22 de enero de 2024, 16:29\r\n5.https:\/\/www.ncbi.nlm.nih.gov\/pmc\/articles\/PMC7955710\/","features":[{"image":1212,"title":"Nova composi\u00e7\u00e3o"},{"image":1267,"title":"Sem corantes."}],"ficha_tecnica":""},"_links":{"self":[{"href":"https:\/\/beta.pharmadiet.com\/pt\/wp-json\/wp\/v2\/product\/3743","targetHints":{"allow":["GET"]}}],"collection":[{"href":"https:\/\/beta.pharmadiet.com\/pt\/wp-json\/wp\/v2\/product"}],"about":[{"href":"https:\/\/beta.pharmadiet.com\/pt\/wp-json\/wp\/v2\/types\/product"}],"replies":[{"embeddable":true,"href":"https:\/\/beta.pharmadiet.com\/pt\/wp-json\/wp\/v2\/comments?post=3743"}],"version-history":[{"count":9,"href":"https:\/\/beta.pharmadiet.com\/pt\/wp-json\/wp\/v2\/product\/3743\/revisions"}],"predecessor-version":[{"id":17666,"href":"https:\/\/beta.pharmadiet.com\/pt\/wp-json\/wp\/v2\/product\/3743\/revisions\/17666"}],"wp:featuredmedia":[{"embeddable":true,"href":"https:\/\/beta.pharmadiet.com\/pt\/wp-json\/wp\/v2\/media\/3744"}],"wp:attachment":[{"href":"https:\/\/beta.pharmadiet.com\/pt\/wp-json\/wp\/v2\/media?parent=3743"}],"wp:term":[{"taxonomy":"animal","embeddable":true,"href":"https:\/\/beta.pharmadiet.com\/pt\/wp-json\/wp\/v2\/animal?post=3743"},{"taxonomy":"product_brand","embeddable":true,"href":"https:\/\/beta.pharmadiet.com\/pt\/wp-json\/wp\/v2\/product_brand?post=3743"},{"taxonomy":"product_cat","embeddable":true,"href":"https:\/\/beta.pharmadiet.com\/pt\/wp-json\/wp\/v2\/product_cat?post=3743"},{"taxonomy":"product_tag","embeddable":true,"href":"https:\/\/beta.pharmadiet.com\/pt\/wp-json\/wp\/v2\/product_tag?post=3743"}],"curies":[{"name":"wp","href":"https:\/\/api.w.org\/{rel}","templated":true}]}}