{"id":3737,"date":"2025-08-05T16:27:12","date_gmt":"2025-08-05T14:27:12","guid":{"rendered":"https:\/\/beta.pharmadiet.com\/?post_type=product&#038;p=3737"},"modified":"2026-01-30T16:43:43","modified_gmt":"2026-01-30T15:43:43","slug":"urpro-xr","status":"publish","type":"product","link":"https:\/\/beta.pharmadiet.com\/pt\/productos\/urpro-xr\/","title":{"rendered":"Urpro\u00ae XR"},"content":{"rendered":"<p>Alimento complementario para perros y gatos, que ayuda al correcto funcionamiento de todo el sistema urinario.<\/p>\n<ul>\n<li>Nova composi\u00e7\u00e3o<\/li>\n<li>Tecnologia BICAPA<\/li>\n<li>Sem prote\u00ednas de Frango.<\/li>\n<li>Sem corantes.<\/li>\n<li>Modo de uso adequado ao peso do animal<\/li>\n<li>Comprimido facilmente divis\u00edvel<\/li>\n<\/ul>\n","protected":false},"excerpt":{"rendered":"<p>Alimento complementar para c\u00e3es e gatos, em formato de comprimido bicamada com libera\u00e7\u00e3o prolongada, \u00e0 base de nutrientes que auxiliam no funcionamento correto de todo o sistema urin\u00e1rio, especialmente no trato urin\u00e1rio inferior.<\/p>\n","protected":false},"featured_media":3738,"comment_status":"open","ping_status":"closed","template":"","meta":{"_acf_changed":false,"site-sidebar-layout":"default","site-content-layout":"","ast-site-content-layout":"default","site-content-style":"default","site-sidebar-style":"default","ast-global-header-display":"","ast-banner-title-visibility":"","ast-main-header-display":"","ast-hfb-above-header-display":"","ast-hfb-below-header-display":"","ast-hfb-mobile-header-display":"","site-post-title":"","ast-breadcrumbs-content":"","ast-featured-img":"","footer-sml-layout":"","theme-transparent-header-meta":"default","adv-header-id-meta":"","stick-header-meta":"","header-above-stick-meta":"","header-main-stick-meta":"","header-below-stick-meta":"","astra-migrate-meta-layouts":"set","ast-page-background-enabled":"default","ast-page-background-meta":{"desktop":{"background-color":"var(--ast-global-color-5)","background-image":"","background-repeat":"repeat","background-position":"center center","background-size":"auto","background-attachment":"scroll","background-type":"","background-media":"","overlay-type":"","overlay-color":"","overlay-opacity":"","overlay-gradient":""},"tablet":{"background-color":"","background-image":"","background-repeat":"repeat","background-position":"center center","background-size":"auto","background-attachment":"scroll","background-type":"","background-media":"","overlay-type":"","overlay-color":"","overlay-opacity":"","overlay-gradient":""},"mobile":{"background-color":"","background-image":"","background-repeat":"repeat","background-position":"center center","background-size":"auto","background-attachment":"scroll","background-type":"","background-media":"","overlay-type":"","overlay-color":"","overlay-opacity":"","overlay-gradient":""}},"ast-content-background-meta":{"desktop":{"background-color":"var(--ast-global-color-4)","background-image":"","background-repeat":"repeat","background-position":"center center","background-size":"auto","background-attachment":"scroll","background-type":"","background-media":"","overlay-type":"","overlay-color":"","overlay-opacity":"","overlay-gradient":""},"tablet":{"background-color":"var(--ast-global-color-4)","background-image":"","background-repeat":"repeat","background-position":"center center","background-size":"auto","background-attachment":"scroll","background-type":"","background-media":"","overlay-type":"","overlay-color":"","overlay-opacity":"","overlay-gradient":""},"mobile":{"background-color":"var(--ast-global-color-4)","background-image":"","background-repeat":"repeat","background-position":"center center","background-size":"auto","background-attachment":"scroll","background-type":"","background-media":"","overlay-type":"","overlay-color":"","overlay-opacity":"","overlay-gradient":""}}},"animal":[119,117],"product_brand":[],"product_cat":[27],"product_tag":[278],"class_list":{"0":"post-3737","1":"product","2":"type-product","3":"status-publish","4":"has-post-thumbnail","6":"animal-cao","7":"animal-gato","8":"product_cat-suplementos-rins-animais","9":"product_tag-plantillab","10":"desktop-align-left","11":"tablet-align-left","12":"mobile-align-left","14":"first","15":"instock","16":"shipping-taxable","17":"product-type-simple"},"acf":{"title_indications":"","description_indication":"","items_indication":[{"imagen":17438,"title":"Como funciona a tecnologia bicamada?","description":"<strong>LIBERA\u00c7\u00c3O IMEDIATA<\/strong> Libera\u00e7\u00e3o de uma quantidade inicial do produto para obter um efeito imediato.\r\n\r\n<strong>LIBERA\u00c7\u00c3O PROLONGADA<\/strong> Libera\u00e7\u00e3o de forma mais lenta e sustentada, mantendo uma dura\u00e7\u00e3o de a\u00e7\u00e3o mais prolongada."},{"imagen":3740,"title":"","description":"<section id=\"indicaciones\" class=\"bde-section-130-130 bde-section\">\r\n<div class=\"section-container\">\r\n<div class=\"bde-repeater-element-130-134 bde-repeater-element\">\r\n<div class=\"bde-loop bde-loop-grid ee-posts bde-dynamic-repeater bde-dynamic-repeater-134 bde-dynamic-repeater-grid\"><article class=\"bde-loop-item ee-post bde-dynamic-repeater-item\">\r\n<div class=\"bde-columns-149-100-1006-2-149-1 bde-columns bde-columns-149-100\">\r\n<div class=\"bde-column-149-102-1006-2-149-1 bde-column bde-column-149-102\">\r\n<div class=\"bde-rich-text-149-107-1006-2-149-1 bde-rich-text bde-rich-text-149-107 breakdance-rich-text-styles\">\r\n\r\nAs doen\u00e7as do trato urin\u00e1rio inferior (LUTD, na sigla em ingl\u00eas) abrangem um conjunto de condi\u00e7\u00f5es que afetam as vias urin\u00e1rias inferiores, incluindo a bexiga e a uretra, e que geram sintomas cl\u00ednicos semelhantes tanto em c\u00e3es como em gatos.\r\n\r\nEntre as causas mais comuns de LUTD est\u00e3o a cistite idiop\u00e1tica em gatos e as infec\u00e7\u00f5es bacterianas em c\u00e3es. A obesidade e o estresse representam fatores de risco primordiais que podem aumentar a susceptibilidade a doen\u00e7as do trato urin\u00e1rio em nossos animais de estima\u00e7\u00e3o. Para a preven\u00e7\u00e3o, especialmente em gatos, \u00e9 recomendado promover o consumo adequado de \u00e1gua.\r\n\r\n<\/div>\r\n<\/div>\r\n<\/div>\r\n<\/article><\/div>\r\n<\/div>\r\n<\/div>\r\n<\/section>"},{"imagen":3741,"title":"","description":"Em c\u00e3es, as infec\u00e7\u00f5es do trato urin\u00e1rio (ITU) podem apresentar uma incid\u00eancia de at\u00e9 27%. Praticamente todas essas infec\u00e7\u00f5es s\u00e3o causadas por bact\u00e9rias patog\u00eanicas que ascendem dos genitais externos e da uretra, sendo a E. coli uma das causas mais comuns.\r\n\r\nA cistite idiop\u00e1tica felina (CIF), tamb\u00e9m conhecida como cistite intersticial felina, \u00e9 um dist\u00farbio relativamente comum na pr\u00e1tica veterin\u00e1ria. Pode se manifestar como epis\u00f3dios obstrutivos recorrentes, mais comuns em machos, ou como n\u00e3o obstrutivos, que s\u00e3o frequentes em gatos jovens e f\u00eameas. Sua origem \u00e9 desconhecida em muitos casos e foram subdiagnosticados at\u00e9 o momento devido \u00e0 falta de compreens\u00e3o etiopatog\u00eanica ou \u00e0 sua semelhan\u00e7a com outros s\u00edndromes urin\u00e1rios."}],"title_beneficios":"URPRO\u00ae XR fornece nutrientes que ajudam:","description_benefits":"Este suplemento alimentar com nutrientes que ajudam a:\r\n\r\n&nbsp;","items_benefits":[{"imagen":1238,"title":"No funcionamento correto do sistema urin\u00e1rio","description":"Especialmente no trato urin\u00e1rio inferior.\r\n\r\n&nbsp;"}],"items_presentaciones":[{"title":"URPRO\u00ae XR","description":"Embalagem com 30 comprimidos de libera\u00e7\u00e3o prolongada (3 bl\u00edsteres com 10 comprimidos de 0,92 mg cada) e prospecto.\r\n\r\n&nbsp;","imagen":3738}],"description_ingredients":"","items_ingredients":[{"title":"<div class=\"bde-column-206-101-1006-1-206-3 bde-column bde-column-206-101\">\r\n<div class=\"bde-text-206-102-1006-1-206-3 bde-text bde-text-206-102\">\r\n<div class=\"bde-column-206-101-15435-1-206-3 bde-column bde-column-206-101\">\r\n<div class=\"bde-text-206-102-15435-1-206-3 bde-text bde-text-206-102\">\r\n\r\nCamada superior (liberta\u00e7\u00e3o imediata)\r\n\r\n&nbsp;\r\n\r\n<\/div>\r\n<\/div>\r\n<\/div>\r\n<\/div>","description":""},{"title":"Fruto seco de arando vermelho<sup>1,2,3<\/sup>","description":"Cont\u00e9m \u00e1cido hip\u00farico e proantocianidinas. Estudos sugerem que os arandos, conhecidos por prevenir a ades\u00e3o de bact\u00e9rias (especialmente Escherichia coli) \u00e0s c\u00e9lulas uroepiteliais que revestem a parede da bexiga. Sem ades\u00e3o, E. coli n\u00e3o consegue infetar a superf\u00edcie mucosa do trato urin\u00e1rio. Al\u00e9m disso, as proantocianidinas s\u00e3o conhecidas pelas suas propriedades antioxidantes e anti-inflamat\u00f3rias."},{"title":"D-Manose<sup>8<\/sup>","description":"Previne a ades\u00e3o de E. coli aos recetores uroteliais. Como as infe\u00e7\u00f5es do trato urin\u00e1rio (ITU) recorrentes s\u00e3o comuns em c\u00e3es e gatos, em muitos casos associadas a fatores externos, a utiliza\u00e7\u00e3o preventiva de D-manose constitui uma ferramenta valiosa.\r\n\r\n&nbsp;"},{"title":"Cavalinha ( Equisetum arvense )<sup>4,5,6<\/sup>","description":"A cavalinha (Equisetum arvense) cont\u00e9m uma elevada concentra\u00e7\u00e3o de flavonoides que conferem \u00e0 planta uma a\u00e7\u00e3o diur\u00e9tica, auxiliando a elimina\u00e7\u00e3o de pequenos c\u00e1lculos urin\u00e1rios. Al\u00e9m disso, as suas propriedades fitoter\u00e1picas s\u00e3o antibacterianas, antioxidantes e anti-inflamat\u00f3rias.\r\n\r\n&nbsp;"},{"title":"<div class=\"bde-column-206-101-15435-5-206-2 bde-column bde-column-206-101\">\r\n<div class=\"bde-text-206-102-15435-5-206-2 bde-text bde-text-206-102\">\r\n\r\nCamada inferior (liberta\u00e7\u00e3o retardada)\r\n\r\n&nbsp;\r\n\r\n<\/div>\r\n<\/div>","description":""},{"title":"<div class=\"bde-column-206-101-15435-6-206-2 bde-column bde-column-206-101\">\r\n<div class=\"bde-text-206-102-15435-6-206-2 bde-text bde-text-206-102\">\r\n\r\nFruto seco de arando vermelho1,2,3\r\n\r\n<\/div>\r\n<\/div>","description":"Cont\u00e9m \u00e1cido hip\u00farico e proantocianidinas. Estudos sugerem que os arandos previnem a ades\u00e3o de bact\u00e9rias (especialmente Escherichia coli) \u00e0s c\u00e9lulas uroepiteliais que revestem a parede da bexiga. Sem ades\u00e3o, E. coli n\u00e3o consegue infetar a superf\u00edcie mucosa do trato urin\u00e1rio. Al\u00e9m disso, as proantocianidinas s\u00e3o conhecidas pelas suas propriedades antioxidantes e anti-inflamat\u00f3rias.\r\n\r\n&nbsp;"},{"title":"<div class=\"bde-column-206-101-15435-7-206-2 bde-column bde-column-206-101\">\r\n<div class=\"bde-text-206-102-15435-7-206-2 bde-text bde-text-206-102\">\r\n\r\nHC-150\u00ae Complex (Hialuronato de s\u00f3dio + Sulfato de condroitina)\r\n\r\n&nbsp;\r\n\r\n<\/div>\r\n<\/div>","description":"Reposi\u00e7\u00e3o da camada de glicosaminoglicanos (GAGs), prevenindo a ades\u00e3o bacteriana.\r\n\r\n&nbsp;"}],"video":"","items_Instructions_for_use":[{"title":"Instru\u00e7\u00f5es gerais","description":"Via oral.\r\nRecomenda-se administrar os comprimidos inteiros ou partidos ao meio, sem triturar.\r\nSe preferir, misturar com o alimento habitual.\r\nPor se tratar de um suplemento alimentar, pode ser administrado de forma cont\u00ednua."},{"title":"C\u00e3o","description":"<article class=\"bde-loop-item ee-post bde-dynamic-repeater-item\">\r\n<div class=\"bde-columns-206-100-1025-2-206-4 bde-columns bde-columns-206-100\">\r\n<div class=\"bde-column-206-103-1025-2-206-4 bde-column bde-column-206-103\">\r\n<div class=\"bde-rich-text-206-104-1025-2-206-4 bde-rich-text bde-rich-text-206-104 breakdance-rich-text-styles\">\r\n\r\n1 comprimido por dia para cada 10 kg de peso corporal.\r\n\r\n<\/div>\r\n<\/div>\r\n<\/div>\r\n<\/article><article class=\"bde-loop-item ee-post bde-dynamic-repeater-item\">\r\n<div class=\"bde-columns-206-100-1025-3-206-4 bde-columns bde-columns-206-100\">\r\n<div class=\"bde-column-206-101-1025-3-206-4 bde-column bde-column-206-101\"><\/div>\r\n<\/div>\r\n<\/article>"},{"title":"Gato","description":"<article class=\"bde-loop-item ee-post bde-dynamic-repeater-item\">\r\n<div class=\"bde-columns-206-100-1006-1-206-4 bde-columns bde-columns-206-100\">\r\n<div class=\"bde-column-206-103-1006-1-206-4 bde-column bde-column-206-103\">\r\n<div class=\"bde-rich-text-206-104-1006-1-206-4 bde-rich-text bde-rich-text-206-104 breakdance-rich-text-styles\"><article class=\"bde-loop-item ee-post bde-dynamic-repeater-item\">\r\n<div class=\"bde-columns-206-100-15435-2-206-4 bde-columns bde-columns-206-100\">\r\n<div class=\"bde-column-206-103-15435-2-206-4 bde-column bde-column-206-103\">\r\n<div class=\"bde-rich-text-206-104-15435-2-206-4 bde-rich-text bde-rich-text-206-104 breakdance-rich-text-styles\">\r\n\r\nPara cada 5 kg de peso corporal: \u00bd comprimido por dia.\r\n\r\n&nbsp;\r\n\r\n<\/div>\r\n<\/div>\r\n<\/div>\r\n<\/article><article class=\"bde-loop-item ee-post bde-dynamic-repeater-item\">\r\n<div class=\"bde-columns-206-100-15435-3-206-4 bde-columns bde-columns-206-100\">\r\n<div class=\"bde-column-206-101-15435-3-206-4 bde-column bde-column-206-101\"><\/div>\r\n<\/div>\r\n<\/article><\/div>\r\n<\/div>\r\n<\/div>\r\n<\/article><article class=\"bde-loop-item ee-post bde-dynamic-repeater-item\"><\/article>"}],"image_banner_scientific_study_copiar":"","title_banner_scientific_study":"","description_banner_scientific_study":"","Scientific_study_banner":"","studies":null,"bibliografy_text":"<ol>\r\n \t<li>Jepson, R. G., Williams, G., &amp; Craig, J. C. (2012). Cranberries for preventing urinary tract infections. Cochrane Database Syst Rev, 10(10), CD001321. doi: 10.1002\/14651858.CD001321.pub5.<\/li>\r\n \t<li>Chou, H. I., Chen, K. S., Wang, H. C., &amp; Lee, W. M. (2016). Effects of cranberry extract on prevention of urinary tract infection in dogs and on adhesion of Escherichia coli to Madin-Darby canine kidney cells. Am J Vet Res, 77(4), 421-427. doi: 10.2460\/ajvr.77.4.421.<\/li>\r\n \t<li>Carvajal-Campos, A., Jeusette, I., Mayot, G., Torre, C., Andr\u00e9, A., &amp; Di Martino, P. (2023). Adherence of Uropathogenic Escherichia Coli in Dog Urine After Consumption of Food Supplemented with Cranberry (Vaccinium Macrocarpon). J Vet Res, 67(1), 49-54. doi: 10.2478\/jvetres-2023-0004.<\/li>\r\n \t<li>Bessa Pereira, C., Gomes, P. S., Costa-Rodrigues, J., Almeida Palmas, R., Vieira, L., Ferraz, M. P., Lopes, M. A., &amp; Fernandes, M. H. (2012). Equisetum arvense hydromethanolic extracts in bone tissue regeneration: in vitro osteoblastic modulation and antibacterial activity. Cell Prolif, 45(4), 386-396. doi: 10.1111\/j.1365-2184.2012.00826.x. Epub 2012 Jun 1.<\/li>\r\n \t<li>Cetojevi\u0107-Simin, D. D., Canadanovi\u0107-Brunet, J. M., Bogdanovi\u0107, G. M., Djilas, S. M., Cetkovi\u0107, G. S., Tumbas, V. T., &amp; Stojiljkovi\u0107, B. T. (2010). Antioxidative and antiproliferative activities of different horsetail (Equisetum arvense L.) extracts. J Med Food, 13(2), 452-459. doi: 10.1089\/jmf.2008.0159.<\/li>\r\n \t<li>Gr\u00fcndemann, C., Lengen, K., Sauer, B., Garcia-K\u00e4ufer, M., Zehl, M., &amp; Huber, R. (2014). Equisetum arvense (common horsetail) modulates the function of inflammatory immunocompetent cells. BMC Complement Altern Med, 14:283. doi: 10.1186\/1472-6882-14-283.<\/li>\r\n \t<li>Oliveira, C. ., &amp; Granato, A. C. (2021). Research, Society and Development, 10(12), e501101220876. DOI:\u00a0<a href=\"https:\/\/dx.doi.org\/10.33448\/rsd-v10i12.20876\">http:\/\/dx.doi.org\/10.33448\/rsd-v10i12.20876<\/a>. (CC BY 4.0) | ISSN 2525-3409<\/li>\r\n \t<li>DeLomba, E. (2022). D-mannose Use for Bacterial Urinary Tract Infections in Dogs and Cats. AHVMA Journal, Volume 67, Summer Issue. Online Publication Date: 9 June 2022.<\/li>\r\n<\/ol>","features":[{"image":1221,"title":"Tecnologia BICAPA"},{"image":1262,"title":"Sem prote\u00ednas de Frango."},{"image":1267,"title":"Sem corantes."},{"image":1213,"title":"Comprimido facilmente divis\u00edvel"}],"ficha_tecnica":""},"_links":{"self":[{"href":"https:\/\/beta.pharmadiet.com\/pt\/wp-json\/wp\/v2\/product\/3737","targetHints":{"allow":["GET"]}}],"collection":[{"href":"https:\/\/beta.pharmadiet.com\/pt\/wp-json\/wp\/v2\/product"}],"about":[{"href":"https:\/\/beta.pharmadiet.com\/pt\/wp-json\/wp\/v2\/types\/product"}],"replies":[{"embeddable":true,"href":"https:\/\/beta.pharmadiet.com\/pt\/wp-json\/wp\/v2\/comments?post=3737"}],"version-history":[{"count":11,"href":"https:\/\/beta.pharmadiet.com\/pt\/wp-json\/wp\/v2\/product\/3737\/revisions"}],"predecessor-version":[{"id":17665,"href":"https:\/\/beta.pharmadiet.com\/pt\/wp-json\/wp\/v2\/product\/3737\/revisions\/17665"}],"wp:featuredmedia":[{"embeddable":true,"href":"https:\/\/beta.pharmadiet.com\/pt\/wp-json\/wp\/v2\/media\/3738"}],"wp:attachment":[{"href":"https:\/\/beta.pharmadiet.com\/pt\/wp-json\/wp\/v2\/media?parent=3737"}],"wp:term":[{"taxonomy":"animal","embeddable":true,"href":"https:\/\/beta.pharmadiet.com\/pt\/wp-json\/wp\/v2\/animal?post=3737"},{"taxonomy":"product_brand","embeddable":true,"href":"https:\/\/beta.pharmadiet.com\/pt\/wp-json\/wp\/v2\/product_brand?post=3737"},{"taxonomy":"product_cat","embeddable":true,"href":"https:\/\/beta.pharmadiet.com\/pt\/wp-json\/wp\/v2\/product_cat?post=3737"},{"taxonomy":"product_tag","embeddable":true,"href":"https:\/\/beta.pharmadiet.com\/pt\/wp-json\/wp\/v2\/product_tag?post=3737"}],"curies":[{"name":"wp","href":"https:\/\/api.w.org\/{rel}","templated":true}]}}