{"id":3731,"date":"2025-08-05T16:16:02","date_gmt":"2025-08-05T14:16:02","guid":{"rendered":"https:\/\/beta.pharmadiet.com\/?post_type=product&#038;p=3731"},"modified":"2026-01-30T16:01:18","modified_gmt":"2026-01-30T15:01:18","slug":"profilaxcel","status":"publish","type":"product","link":"https:\/\/beta.pharmadiet.com\/pt\/productos\/profilaxcel\/","title":{"rendered":"Profilaxcel\u00ae"},"content":{"rendered":"<ul>\n<li>Sem prote\u00ednas de Frango.<\/li>\n<li>Sem corantes.<\/li>\n<li>Modos de uso adequados ao peso do animal.<\/li>\n<\/ul>\n","protected":false},"excerpt":{"rendered":"<p>Alimento complementar \u00e0 base de \u00e1cidos gordos essenciais que ajudam no funcionamento adequado de diferentes tecidos glandulares.<\/p>\n","protected":false},"featured_media":3733,"comment_status":"open","ping_status":"closed","template":"","meta":{"_acf_changed":false,"site-sidebar-layout":"default","site-content-layout":"","ast-site-content-layout":"default","site-content-style":"default","site-sidebar-style":"default","ast-global-header-display":"","ast-banner-title-visibility":"","ast-main-header-display":"","ast-hfb-above-header-display":"","ast-hfb-below-header-display":"","ast-hfb-mobile-header-display":"","site-post-title":"","ast-breadcrumbs-content":"","ast-featured-img":"","footer-sml-layout":"","theme-transparent-header-meta":"default","adv-header-id-meta":"","stick-header-meta":"","header-above-stick-meta":"","header-main-stick-meta":"","header-below-stick-meta":"","astra-migrate-meta-layouts":"set","ast-page-background-enabled":"default","ast-page-background-meta":{"desktop":{"background-color":"var(--ast-global-color-5)","background-image":"","background-repeat":"repeat","background-position":"center center","background-size":"auto","background-attachment":"scroll","background-type":"","background-media":"","overlay-type":"","overlay-color":"","overlay-opacity":"","overlay-gradient":""},"tablet":{"background-color":"","background-image":"","background-repeat":"repeat","background-position":"center center","background-size":"auto","background-attachment":"scroll","background-type":"","background-media":"","overlay-type":"","overlay-color":"","overlay-opacity":"","overlay-gradient":""},"mobile":{"background-color":"","background-image":"","background-repeat":"repeat","background-position":"center center","background-size":"auto","background-attachment":"scroll","background-type":"","background-media":"","overlay-type":"","overlay-color":"","overlay-opacity":"","overlay-gradient":""}},"ast-content-background-meta":{"desktop":{"background-color":"var(--ast-global-color-4)","background-image":"","background-repeat":"repeat","background-position":"center center","background-size":"auto","background-attachment":"scroll","background-type":"","background-media":"","overlay-type":"","overlay-color":"","overlay-opacity":"","overlay-gradient":""},"tablet":{"background-color":"var(--ast-global-color-4)","background-image":"","background-repeat":"repeat","background-position":"center center","background-size":"auto","background-attachment":"scroll","background-type":"","background-media":"","overlay-type":"","overlay-color":"","overlay-opacity":"","overlay-gradient":""},"mobile":{"background-color":"var(--ast-global-color-4)","background-image":"","background-repeat":"repeat","background-position":"center center","background-size":"auto","background-attachment":"scroll","background-type":"","background-media":"","overlay-type":"","overlay-color":"","overlay-opacity":"","overlay-gradient":""}}},"animal":[119,117],"product_brand":[],"product_cat":[21],"product_tag":[279],"class_list":{"0":"post-3731","1":"product","2":"type-product","3":"status-publish","4":"has-post-thumbnail","6":"animal-cao","7":"animal-gato","8":"product_cat-cellular-health-supplements-animals","9":"product_tag-plantillac","10":"desktop-align-left","11":"tablet-align-left","12":"mobile-align-left","14":"first","15":"instock","16":"shipping-taxable","17":"product-type-simple"},"acf":{"title_indications":"","description_indication":"","items_indication":[{"imagen":3734,"title":"O que implicam os dist\u00farbios celulares horm\u00f4nio-dependentes da mama e pr\u00f3stata?","description":"<h3>C\u00e2ncer de mama em c\u00e3es e gatos<\/h3>\r\n&nbsp;\r\n\r\nEm f\u00eameas, os dist\u00farbios celulares horm\u00f4nio-dependentes da mama geralmente incluem a forma\u00e7\u00e3o de tumores nas gl\u00e2ndulas mam\u00e1rias. Esses tumores mam\u00e1rios podem ser benignos ou malignos e se desenvolvem devido \u00e0s influ\u00eancias hormonais, especialmente relacionadas aos n\u00edveis de estrog\u00eanio e progesterona.\r\n\r\nOs n\u00f3dulos nas mamas dos animais devem ser examinados por um veterin\u00e1rio para determinar seu tipo e caracter\u00edsticas. Dependendo do diagn\u00f3stico, o tratamento pode incluir interven\u00e7\u00e3o cir\u00fargica e tratamentos complementares.\r\n<h3>C\u00e2ncer de pr\u00f3stata em c\u00e3es e gatos<\/h3>\r\n&nbsp;\r\n\r\nEm machos, os dist\u00farbios hormonais mais comuns est\u00e3o relacionados \u00e0 pr\u00f3stata. A hiperplasia prost\u00e1tica e a prostatite s\u00e3o condi\u00e7\u00f5es que envolvem aumento do tamanho da pr\u00f3stata e sua inflama\u00e7\u00e3o, respectivamente. Geralmente est\u00e1 relacionado a altera\u00e7\u00f5es hormonais na testosterona.\r\n\r\nAl\u00e9m disso, o c\u00e2ncer de pr\u00f3stata \u00e9 uma preocupa\u00e7\u00e3o em c\u00e3es e gatos mais velhos, e a detec\u00e7\u00e3o precoce \u00e9 fundamental para um tratamento eficaz."},{"imagen":3735,"title":"Diagn\u00f3stico veterin\u00e1rio para prevenir e detectar problemas","description":"<section id=\"indicaciones\" class=\"bde-section-130-130 bde-section\">\r\n<div class=\"section-container\">\r\n<div class=\"bde-repeater-element-130-134 bde-repeater-element\">\r\n<div class=\"bde-loop bde-loop-grid ee-posts bde-dynamic-repeater bde-dynamic-repeater-134 bde-dynamic-repeater-grid\"><article class=\"bde-loop-item ee-post bde-dynamic-repeater-item\">\r\n<div class=\"bde-columns-149-100-1006-2-149-1 bde-columns bde-columns-149-100\">\r\n<div class=\"bde-column-149-102-1006-2-149-1 bde-column bde-column-149-102\">\r\n<div class=\"bde-rich-text-149-107-1006-2-149-1 bde-rich-text bde-rich-text-149-107 breakdance-rich-text-styles\">\r\n\r\nA avalia\u00e7\u00e3o das gl\u00e2ndulas mam\u00e1rias em f\u00eameas e da pr\u00f3stata em machos pode ajudar a detectar problemas. Testes espec\u00edficos, como ultrassonografias, an\u00e1lises de sangue e bi\u00f3psias, podem ser necess\u00e1rios para um diagn\u00f3stico preciso. Cuidados e tratamentos tamb\u00e9m devem ser discutidos com um especialista em veterin\u00e1ria.\r\n\r\n&nbsp;\r\n\r\n<\/div>\r\n<\/div>\r\n<\/div>\r\n<\/article><\/div>\r\n<\/div>\r\n<\/div>\r\n<\/section><section id=\"beneficios\" class=\"bde-section-130-135 bde-section\">\r\n<div class=\"section-container\">\r\n<div class=\"bde-div-130-136 bde-div\"><\/div>\r\n<\/div>\r\n<\/section>"}],"title_beneficios":"Como o alimento complementar Profilaxcel\u00ae ajuda os animais de estima\u00e7\u00e3o:","description_benefits":"Profilaxcel\u00ae fornece nutrientes que ajudam:\r\n\r\n&nbsp;\r\n\r\n&nbsp;","items_benefits":[{"imagen":1238,"title":"","description":"No funcionamento adequado de diferentes tecidos glandulares."},{"imagen":1238,"title":"","description":"Fornece \u00e1cidos graxos essenciais para ajudar na nutri\u00e7\u00e3o dos tecidos, contribuindo para seu funcionamento normal."}],"items_presentaciones":[{"title":"Profilaxcel\u00ae","description":"Estojo com 30 c\u00e1psulas de gelatina mole, em blister de 10 c\u00e1psulas.\r\n\r\n&nbsp;","imagen":3733}],"description_ingredients":"Profilaxcel\u00ae, \u00e9 um alimento complementar elaborado com \u00f3leo de linha\u00e7a, \u00f3leo de algas e \u00f3leo de sementes de rom\u00e3, que proporciona uma propor\u00e7\u00e3o equilibrada de \u00e1cidos graxos essenciais \u00f4mega 3 e \u00f4mega 6, al\u00e9m de \u00e1cidos graxos \u00f4mega 5 e \u00f4mega 9. Esses nutrientes contribuem para o funcionamento normal de tecidos como gl\u00e2ndulas, ductos mam\u00e1rios ou gl\u00e2ndula prost\u00e1tica de c\u00e3es e gatos.\r\n\r\n&nbsp;","items_ingredients":[{"title":"\u00d3leo de linha\u00e7a\r\n\r\n&nbsp;","description":"Aporta:\r\n<ul>\r\n \t<li>\u00c1cido oleico (\u00d4mega 8)<\/li>\r\n \t<li>\u00c1cido linoleico (\u00d4mega 6)<\/li>\r\n \t<li>\u00c1cido linol\u00eanico (\u00d4mega 3)<\/li>\r\n<\/ul>"},{"title":"\u00d3leo de semente de rom\u00e3\r\n\r\n&nbsp;","description":"Aporta:\r\n<ul>\r\n \t<li>\u00c1cido pun\u00edcico (\u00d4mega 5)<\/li>\r\n<\/ul>"},{"title":"\u00d3leo de algas\r\n\r\n&nbsp;","description":"Aporta:\r\n<ul>\r\n \t<li>DHA (\u00d4mega 3)<\/li>\r\n<\/ul>"}],"video":"","items_Instructions_for_use":[{"title":"Gato","description":"1 c\u00e1psula cada 2 d\u00edas."},{"title":"C\u00e3o","description":"Inferior a 30 kg de peso corporal: 1 c\u00e1psula a cada 2 dias.\r\n\r\nA partir de 30 kg de peso corporal: 1 c\u00e1psula por dia."},{"title":"Outras indica\u00e7\u00f5es","description":"Via oral.\r\nSe preferir, abrir a c\u00e1psula e misturar o conte\u00fado com o alimento habitual.\r\nMisturar com o alimento habitual.\r\nPor se tratar de um suplemento alimentar, pode ser tomado de forma cont\u00ednua."}],"image_banner_scientific_study_copiar":"","title_banner_scientific_study":"","description_banner_scientific_study":"","Scientific_study_banner":"","studies":null,"bibliografy_text":"","features":[{"image":1262,"title":"Sem prote\u00ednas de Frango."},{"image":1267,"title":"Sem corantes."}],"ficha_tecnica":3732},"_links":{"self":[{"href":"https:\/\/beta.pharmadiet.com\/pt\/wp-json\/wp\/v2\/product\/3731","targetHints":{"allow":["GET"]}}],"collection":[{"href":"https:\/\/beta.pharmadiet.com\/pt\/wp-json\/wp\/v2\/product"}],"about":[{"href":"https:\/\/beta.pharmadiet.com\/pt\/wp-json\/wp\/v2\/types\/product"}],"replies":[{"embeddable":true,"href":"https:\/\/beta.pharmadiet.com\/pt\/wp-json\/wp\/v2\/comments?post=3731"}],"version-history":[{"count":9,"href":"https:\/\/beta.pharmadiet.com\/pt\/wp-json\/wp\/v2\/product\/3731\/revisions"}],"predecessor-version":[{"id":17662,"href":"https:\/\/beta.pharmadiet.com\/pt\/wp-json\/wp\/v2\/product\/3731\/revisions\/17662"}],"wp:featuredmedia":[{"embeddable":true,"href":"https:\/\/beta.pharmadiet.com\/pt\/wp-json\/wp\/v2\/media\/3733"}],"wp:attachment":[{"href":"https:\/\/beta.pharmadiet.com\/pt\/wp-json\/wp\/v2\/media?parent=3731"}],"wp:term":[{"taxonomy":"animal","embeddable":true,"href":"https:\/\/beta.pharmadiet.com\/pt\/wp-json\/wp\/v2\/animal?post=3731"},{"taxonomy":"product_brand","embeddable":true,"href":"https:\/\/beta.pharmadiet.com\/pt\/wp-json\/wp\/v2\/product_brand?post=3731"},{"taxonomy":"product_cat","embeddable":true,"href":"https:\/\/beta.pharmadiet.com\/pt\/wp-json\/wp\/v2\/product_cat?post=3731"},{"taxonomy":"product_tag","embeddable":true,"href":"https:\/\/beta.pharmadiet.com\/pt\/wp-json\/wp\/v2\/product_tag?post=3731"}],"curies":[{"name":"wp","href":"https:\/\/api.w.org\/{rel}","templated":true}]}}