{"id":3725,"date":"2025-08-05T16:09:41","date_gmt":"2025-08-05T14:09:41","guid":{"rendered":"https:\/\/beta.pharmadiet.com\/?post_type=product&#038;p=3725"},"modified":"2026-01-29T12:57:38","modified_gmt":"2026-01-29T11:57:38","slug":"oxispeed-gel","status":"publish","type":"product","link":"https:\/\/beta.pharmadiet.com\/pt\/productos\/oxispeed-gel\/","title":{"rendered":"Oxispeed\u00ae Gel"},"content":{"rendered":"<ul>\n<li>Sem prote\u00ednas de Frango.<\/li>\n<li>Sem corantes.<\/li>\n<li>Modos de uso adequados ao peso do animal.<\/li>\n<li>Agite antes de usar.<\/li>\n<li>Incluye jeringa dosificadora.<\/li>\n<\/ul>\n","protected":false},"excerpt":{"rendered":"<p>Alimento complementar \u00e0 base de nutrientes que ajudam a melhorar o t\u00f3nus vital e a energia do animal, especialmente em gatos idosos.<\/p>\n","protected":false},"featured_media":3727,"comment_status":"open","ping_status":"closed","template":"","meta":{"_acf_changed":false,"site-sidebar-layout":"default","site-content-layout":"","ast-site-content-layout":"default","site-content-style":"default","site-sidebar-style":"default","ast-global-header-display":"","ast-banner-title-visibility":"","ast-main-header-display":"","ast-hfb-above-header-display":"","ast-hfb-below-header-display":"","ast-hfb-mobile-header-display":"","site-post-title":"","ast-breadcrumbs-content":"","ast-featured-img":"","footer-sml-layout":"","theme-transparent-header-meta":"default","adv-header-id-meta":"","stick-header-meta":"","header-above-stick-meta":"","header-main-stick-meta":"","header-below-stick-meta":"","astra-migrate-meta-layouts":"set","ast-page-background-enabled":"default","ast-page-background-meta":{"desktop":{"background-color":"var(--ast-global-color-5)","background-image":"","background-repeat":"repeat","background-position":"center center","background-size":"auto","background-attachment":"scroll","background-type":"","background-media":"","overlay-type":"","overlay-color":"","overlay-opacity":"","overlay-gradient":""},"tablet":{"background-color":"","background-image":"","background-repeat":"repeat","background-position":"center center","background-size":"auto","background-attachment":"scroll","background-type":"","background-media":"","overlay-type":"","overlay-color":"","overlay-opacity":"","overlay-gradient":""},"mobile":{"background-color":"","background-image":"","background-repeat":"repeat","background-position":"center center","background-size":"auto","background-attachment":"scroll","background-type":"","background-media":"","overlay-type":"","overlay-color":"","overlay-opacity":"","overlay-gradient":""}},"ast-content-background-meta":{"desktop":{"background-color":"var(--ast-global-color-4)","background-image":"","background-repeat":"repeat","background-position":"center center","background-size":"auto","background-attachment":"scroll","background-type":"","background-media":"","overlay-type":"","overlay-color":"","overlay-opacity":"","overlay-gradient":""},"tablet":{"background-color":"var(--ast-global-color-4)","background-image":"","background-repeat":"repeat","background-position":"center center","background-size":"auto","background-attachment":"scroll","background-type":"","background-media":"","overlay-type":"","overlay-color":"","overlay-opacity":"","overlay-gradient":""},"mobile":{"background-color":"var(--ast-global-color-4)","background-image":"","background-repeat":"repeat","background-position":"center center","background-size":"auto","background-attachment":"scroll","background-type":"","background-media":"","overlay-type":"","overlay-color":"","overlay-opacity":"","overlay-gradient":""}}},"animal":[119,118,117],"product_brand":[],"product_cat":[22],"product_tag":[279],"class_list":{"0":"post-3725","1":"product","2":"type-product","3":"status-publish","4":"has-post-thumbnail","6":"animal-cao","7":"animal-furao","8":"animal-gato","9":"product_cat-suplementos-energia-animais","10":"product_tag-plantillac","11":"desktop-align-left","12":"tablet-align-left","13":"mobile-align-left","15":"first","16":"instock","17":"shipping-taxable","18":"product-type-simple"},"acf":{"title_indications":"","description_indication":"","items_indication":[{"imagen":"","title":"O que implica a oxida\u00e7\u00e3o e o envelhecimento celular em c\u00e3es?","description":"A oxida\u00e7\u00e3o e o envelhecimento celular em c\u00e3es s\u00e3o processos biol\u00f3gicos intimamente relacionados que t\u00eam um impacto na sa\u00fade e no bem-estar.\r\n\r\n&nbsp;"},{"imagen":3728,"title":"As consequ\u00eancias da oxida\u00e7\u00e3o e do envelhecimento celular em c\u00e3es e gatos","description":"<ul>\r\n \t<li>Enfermedades cr\u00f3nicas: La acumulaci\u00f3n de da\u00f1o oxidativo en el tiempo puede aumentar el riesgo de desarrollar problemas de salud que pueden cronificarse, como artritis, alteraciones card\u00edacas, diabetes y c\u00e1ncer.<\/li>\r\n \t<li>Deterioro cognitivo: La oxidaci\u00f3n celular tambi\u00e9n puede estar relacionada con el deterioro cognitivo. Los radicales libres pueden da\u00f1ar las c\u00e9lulas cerebrales y contribuir a la p\u00e9rdida de funciones cognitivas, como la memoria y la toma de decisiones, as\u00ed como a un cambio de comportamiento.<\/li>\r\n<\/ul>"},{"imagen":3729,"title":"","description":"<ul>\r\n \t<li>Reducci\u00f3n de la funci\u00f3n inmunol\u00f3gica: El estr\u00e9s oxidativo puede debilitar el sistema inmunol\u00f3gico de la mascota, haci\u00e9ndolos m\u00e1s susceptibles a infecciones y enfermedades.<\/li>\r\n \t<li>Problemas en la piel y el pelaje: La oxidaci\u00f3n celular contribuye a problemas como la piel seca, la ca\u00edda excesiva de pelo y el envejecimiento prematuro de la piel.<\/li>\r\n<\/ul>\r\nPara mitigar os efeitos nos c\u00e3es e promover um envelhecimento saud\u00e1vel, \u00e9 importante tomar medidas preventivas. Por isso, recomendamos consultar regularmente um veterin\u00e1rio. Exames peri\u00f3dicos s\u00e3o essenciais para detectar problemas de sa\u00fade em est\u00e1gios iniciais e fornecer o tratamento adequado.\r\n\r\n&nbsp;"}],"title_beneficios":"Em que ajuda o alimento complementar Oxispeed\u00ae Gel aos animais?","description_benefits":"<div class=\"bde-div-130-136 bde-div\">\r\n<div class=\"bde-rich-text-130-138 bde-rich-text breakdance-rich-text-styles\">\r\n<div class=\"bde-div-130-136 bde-div\">\r\n<div class=\"bde-rich-text-130-138 bde-rich-text breakdance-rich-text-styles\">\r\n\r\nOxispeed\u00ae Gel fornece nutrientes que ajudam:\r\n\r\n&nbsp;\r\n\r\n<\/div>\r\n<\/div>\r\n<\/div>\r\n<\/div>\r\n<div class=\"bde-repeater-element-130-139 bde-repeater-element\">\r\n<div class=\"bde-loop bde-loop-list ee-posts bde-dynamic-repeater bde-dynamic-repeater-139 bde-dynamic-repeater-list\"><article class=\"bde-loop-item ee-post bde-dynamic-repeater-item\">\r\n<div class=\"bde-columns-170-104-959-1-170-1 bde-columns bde-columns-170-104\">\r\n<div class=\"bde-column-170-105-959-1-170-1 bde-column bde-column-170-105\">\r\n<div class=\"bde-image-170-100-959-1-170-1 bde-image bde-image-170-100\">\r\n<figure class=\"breakdance-image breakdance-image--15040\">\r\n<div class=\"breakdance-image-container\">\r\n\r\n&nbsp;\r\n\r\n<\/div><\/figure>\r\n<\/div>\r\n<\/div>\r\n<\/div>\r\n<\/article><\/div>\r\n<\/div>","items_benefits":[{"imagen":1237,"title":"A melhorar o tom vital","description":"Fornecendo mais energia e reduzindo a fadiga.\r\n\r\n&nbsp;\r\n\r\n&nbsp;"},{"imagen":1239,"title":"","description":"Em casos de defici\u00eancias nutricionais"}],"items_presentaciones":[{"title":"Oxispeed\u00ae Gel","description":"Box with a 50 ml container with dosing syringe.\r\n\r\n&nbsp;","imagen":3727}],"description_ingredients":"<div class=\"bde-rich-text-130-203 bde-rich-text breakdance-rich-text-styles\">\r\n\r\n&nbsp;\r\n\r\n<\/div>\r\n<div class=\"bde-fancy-divider-130-154 bde-fancy-divider\">\r\n<div class=\"bde-fancy-divider__wrapper\"><\/div>\r\n<\/div>","items_ingredients":[{"title":"Geleia Real\r\n\r\n&nbsp;","description":"Conhecida por suas propriedades energ\u00e9ticas."},{"title":"\u00d3leo de Salm\u00e3o\r\n\r\n&nbsp;\r\n\r\n&nbsp;\r\n\r\n&nbsp;","description":"Fornece \u00e1cidos graxos \u00f4mega-3 (EPA + DHA)."},{"title":"Beta-caroteno\r\n\r\n&nbsp;\r\n\r\n&nbsp;","description":""},{"title":"Vitaminas do complexo B (B1, B2, \u00e1cido pantot\u00eanico e B6)\r\n\r\n&nbsp;\r\n\r\n&nbsp;","description":"Contribuem para o metabolismo energ\u00e9tico normal."},{"title":"\u00c1cido f\u00f3lico\r\n\r\n&nbsp;","description":"Ajuda a reduzir o cansa\u00e7o e a fadiga."},{"title":"Germe de arroz\r\n\r\n&nbsp;","description":"Fornece octacosan\u00f3is"},{"title":"Polpa de tomate\r\n\r\n&nbsp;","description":"Fornece licopenos."},{"title":"Yucca schidigera\r\n\r\n&nbsp;","description":"Fornece saponinas."},{"title":"Biotina\r\n\r\n&nbsp;\r\n\r\n&nbsp;","description":"Contribui para a manuten\u00e7\u00e3o da pele e pelagem em condi\u00e7\u00f5es normais."},{"title":"Vitamina E y Selenio\r\n\r\n&nbsp;","description":"Contribuem para a prote\u00e7\u00e3o das c\u00e9lulas contra danos oxidativos."},{"title":"Taurina\r\n\r\n&nbsp;\r\n\r\n&nbsp;","description":"Amino\u00e1cido essencial em gatos."}],"video":"","items_Instructions_for_use":[{"title":"Gato","description":"0,5 ml\/d\u00eda\r\n\r\n&nbsp;\r\n\r\n&nbsp;"},{"title":"Gatos adultos","description":"1 ml\/d\u00eda\r\n\r\n&nbsp;\r\n\r\n&nbsp;"},{"title":"C\u00e3o","description":"De 5 kg de peso corporal: 0,5 ml por dia.\r\nDe 5-10 kg de peso corporal: 1 ml por dia\r\nDe 10-15 kg de peso corporal: 1,5 ml por dia.\r\nDe 15-20 kg de peso corporal: 2 ml por dia\r\nDe 20-25 kg de peso corporal: 2,5 ml por dia.\r\nDe 25-30 kg de peso corporal: 3 ml por dia.\r\nDe 30-35 kg de peso corporal: 3,5 ml por dia.\r\nC\u00e3es com mais de 35 kg de peso corporal: 4 ml por dia."},{"title":"Fur\u00e3o","description":"<article class=\"bde-loop-item ee-post bde-dynamic-repeater-item\">\r\n<div class=\"bde-columns-206-100-1025-4-206-4 bde-columns bde-columns-206-100\">\r\n<div class=\"bde-column-206-103-1025-4-206-4 bde-column bde-column-206-103\">\r\n<div class=\"bde-rich-text-206-104-1025-4-206-4 bde-rich-text bde-rich-text-206-104 breakdance-rich-text-styles\">\r\n\r\n0,2 ml\/d\u00eda\r\n\r\n&nbsp;\r\n\r\n<\/div>\r\n<\/div>\r\n<\/div>\r\n<\/article><article class=\"bde-loop-item ee-post bde-dynamic-repeater-item\">\r\n<div class=\"bde-columns-206-100-1025-5-206-4 bde-columns bde-columns-206-100\">\r\n<div class=\"bde-column-206-101-1025-5-206-4 bde-column bde-column-206-101\"><\/div>\r\n<\/div>\r\n<\/article>"},{"title":"Outras indica\u00e7\u00f5es","description":"V\u00eda Oral.\r\nMisturar com o alimento habitual.\r\nPor ser um suplemento alimentar, pode ser tomado de forma cont\u00ednua."}],"image_banner_scientific_study_copiar":"","title_banner_scientific_study":"","description_banner_scientific_study":"","Scientific_study_banner":"","studies":null,"bibliografy_text":"","features":[{"image":1262,"title":"Sem prote\u00ednas de Frango."},{"image":1267,"title":"Sem corantes."},{"image":1218,"title":"Agitar antes de usar"}],"ficha_tecnica":3726},"_links":{"self":[{"href":"https:\/\/beta.pharmadiet.com\/pt\/wp-json\/wp\/v2\/product\/3725","targetHints":{"allow":["GET"]}}],"collection":[{"href":"https:\/\/beta.pharmadiet.com\/pt\/wp-json\/wp\/v2\/product"}],"about":[{"href":"https:\/\/beta.pharmadiet.com\/pt\/wp-json\/wp\/v2\/types\/product"}],"replies":[{"embeddable":true,"href":"https:\/\/beta.pharmadiet.com\/pt\/wp-json\/wp\/v2\/comments?post=3725"}],"version-history":[{"count":11,"href":"https:\/\/beta.pharmadiet.com\/pt\/wp-json\/wp\/v2\/product\/3725\/revisions"}],"predecessor-version":[{"id":17655,"href":"https:\/\/beta.pharmadiet.com\/pt\/wp-json\/wp\/v2\/product\/3725\/revisions\/17655"}],"wp:featuredmedia":[{"embeddable":true,"href":"https:\/\/beta.pharmadiet.com\/pt\/wp-json\/wp\/v2\/media\/3727"}],"wp:attachment":[{"href":"https:\/\/beta.pharmadiet.com\/pt\/wp-json\/wp\/v2\/media?parent=3725"}],"wp:term":[{"taxonomy":"animal","embeddable":true,"href":"https:\/\/beta.pharmadiet.com\/pt\/wp-json\/wp\/v2\/animal?post=3725"},{"taxonomy":"product_brand","embeddable":true,"href":"https:\/\/beta.pharmadiet.com\/pt\/wp-json\/wp\/v2\/product_brand?post=3725"},{"taxonomy":"product_cat","embeddable":true,"href":"https:\/\/beta.pharmadiet.com\/pt\/wp-json\/wp\/v2\/product_cat?post=3725"},{"taxonomy":"product_tag","embeddable":true,"href":"https:\/\/beta.pharmadiet.com\/pt\/wp-json\/wp\/v2\/product_tag?post=3725"}],"curies":[{"name":"wp","href":"https:\/\/api.w.org\/{rel}","templated":true}]}}