{"id":3718,"date":"2025-08-05T16:01:01","date_gmt":"2025-08-05T14:01:01","guid":{"rendered":"https:\/\/beta.pharmadiet.com\/?post_type=product&#038;p=3718"},"modified":"2026-01-29T17:14:58","modified_gmt":"2026-01-29T16:14:58","slug":"oxispeed-comprimidos","status":"publish","type":"product","link":"https:\/\/beta.pharmadiet.com\/pt\/productos\/oxispeed-comprimidos\/","title":{"rendered":"Oxispeed\u00ae Comprimidos"},"content":{"rendered":"<ul>\n<li>Sem prote\u00ednas de Frango.<\/li>\n<li>Sem corantes.<\/li>\n<li>Modos de uso adequados ao peso do animal.<\/li>\n<li>Comprimido facilmente divis\u00edvel<\/li>\n<\/ul>\n","protected":false},"excerpt":{"rendered":"<p>Alimento complementar \u00e0 base de nutrientes que ajudam a melhorar o t\u00f3nus vital e a energia do c\u00e3o, especialmente em c\u00e3es idosos.<\/p>\n","protected":false},"featured_media":3719,"comment_status":"open","ping_status":"closed","template":"","meta":{"_acf_changed":false,"site-sidebar-layout":"default","site-content-layout":"","ast-site-content-layout":"default","site-content-style":"default","site-sidebar-style":"default","ast-global-header-display":"","ast-banner-title-visibility":"","ast-main-header-display":"","ast-hfb-above-header-display":"","ast-hfb-below-header-display":"","ast-hfb-mobile-header-display":"","site-post-title":"","ast-breadcrumbs-content":"","ast-featured-img":"","footer-sml-layout":"","theme-transparent-header-meta":"default","adv-header-id-meta":"","stick-header-meta":"","header-above-stick-meta":"","header-main-stick-meta":"","header-below-stick-meta":"","astra-migrate-meta-layouts":"set","ast-page-background-enabled":"default","ast-page-background-meta":{"desktop":{"background-color":"var(--ast-global-color-5)","background-image":"","background-repeat":"repeat","background-position":"center center","background-size":"auto","background-attachment":"scroll","background-type":"","background-media":"","overlay-type":"","overlay-color":"","overlay-opacity":"","overlay-gradient":""},"tablet":{"background-color":"","background-image":"","background-repeat":"repeat","background-position":"center center","background-size":"auto","background-attachment":"scroll","background-type":"","background-media":"","overlay-type":"","overlay-color":"","overlay-opacity":"","overlay-gradient":""},"mobile":{"background-color":"","background-image":"","background-repeat":"repeat","background-position":"center center","background-size":"auto","background-attachment":"scroll","background-type":"","background-media":"","overlay-type":"","overlay-color":"","overlay-opacity":"","overlay-gradient":""}},"ast-content-background-meta":{"desktop":{"background-color":"var(--ast-global-color-4)","background-image":"","background-repeat":"repeat","background-position":"center center","background-size":"auto","background-attachment":"scroll","background-type":"","background-media":"","overlay-type":"","overlay-color":"","overlay-opacity":"","overlay-gradient":""},"tablet":{"background-color":"var(--ast-global-color-4)","background-image":"","background-repeat":"repeat","background-position":"center center","background-size":"auto","background-attachment":"scroll","background-type":"","background-media":"","overlay-type":"","overlay-color":"","overlay-opacity":"","overlay-gradient":""},"mobile":{"background-color":"var(--ast-global-color-4)","background-image":"","background-repeat":"repeat","background-position":"center center","background-size":"auto","background-attachment":"scroll","background-type":"","background-media":"","overlay-type":"","overlay-color":"","overlay-opacity":"","overlay-gradient":""}}},"animal":[119],"product_brand":[],"product_cat":[22],"product_tag":[279],"class_list":{"0":"post-3718","1":"product","2":"type-product","3":"status-publish","4":"has-post-thumbnail","6":"animal-cao","7":"product_cat-suplementos-energia-animais","8":"product_tag-plantillac","9":"desktop-align-left","10":"tablet-align-left","11":"mobile-align-left","13":"first","14":"instock","15":"shipping-taxable","16":"product-type-simple"},"acf":{"title_indications":"","description_indication":"","items_indication":[{"imagen":3721,"title":"Cansa\u00e7o em c\u00e3es, por qu\u00ea?","description":"O cansa\u00e7o \u00e9 algo normal em todos os animais de estima\u00e7\u00e3o quando praticam exerc\u00edcios intensos, em c\u00e3es idosos, em certas \u00e9pocas do ano...\r\n\r\nAqui estamos falando de um cansa\u00e7o incomum, onde eles se cansam com mais frequ\u00eancia, falta de apetite ou mudan\u00e7as no comportamento est\u00e3o presentes.\r\n\r\nCausas mais comuns de cansa\u00e7o em c\u00e3es\r\n\r\nAl\u00e9m das mencionadas anteriormente, que geralmente est\u00e3o relacionadas a um comportamento normal, as causas de um cansa\u00e7o incomum s\u00e3o:\r\n<ul>\r\n \t<li>Problemas card\u00edacos. Muitas doen\u00e7as que resultam em insufici\u00eancia card\u00edaca, quando o cora\u00e7\u00e3o n\u00e3o bombeia sangue adequadamente.<\/li>\r\n \t<li>Verme do cora\u00e7\u00e3o. Ou filariose canina, causada por um parasita sangu\u00edneo atrav\u00e9s da picada de um mosquito.<\/li>\r\n \t<li>Parvov\u00edrus e cinomose, dois problemas de sa\u00fade relacionados a doen\u00e7as virais, que s\u00e3o especialmente problem\u00e1ticos em filhotes de canis.<\/li>\r\n \t<li>Problemas nutricionais. Falta de ferro, B12 ou outros nutrientes relacionados \u00e0 sa\u00fade e energia em diferentes animais.<\/li>\r\n<\/ul>"},{"imagen":3722,"title":"O que fazer diante do cansa\u00e7o em c\u00e3es","description":"A dieta, o exerc\u00edcio, a hidrata\u00e7\u00e3o e uma higiene do sono adequada s\u00e3o fundamentais para o bem-estar dos c\u00e3es. Com isso e uma rotina adequada, o cansa\u00e7o habitual ser\u00e1 m\u00ednimo poss\u00edvel.\r\n\r\nUma visita ao veterin\u00e1rio de confian\u00e7a ajudar\u00e1 a determinar a causa e o tratamento adequado para um cansa\u00e7o incomum. Pode ser necess\u00e1ria uma an\u00e1lise de sangue ou outros testes de diagn\u00f3stico diferencial. Preste aten\u00e7\u00e3o se seu c\u00e3o estiver excessivamente let\u00e1rgico."}],"title_beneficios":"Como o alimento complementar Oxispeed\u00ae Comprimidos ajuda os c\u00e3es:","description_benefits":"Oxispeed\u00ae Comprimidos fornece nutrientes que ajudam:\r\n\r\n&nbsp;\r\n\r\n&nbsp;","items_benefits":[{"imagen":1237,"title":"A melhorar o tom vital","description":"Fornecendo energia e reduzindo a fadiga.\r\n\r\n&nbsp;\r\n\r\n&nbsp;"},{"imagen":1239,"title":"","description":"Em casos de defici\u00eancias nutricionais"}],"items_presentaciones":[{"title":"Oxispeed\u00ae Comprimidos","description":"Caixa com 60 comprimidos, em blister. Blister com 10 comprimidos, facilmente divis\u00edveis para facilitar a ingest\u00e3o.\r\n\r\n&nbsp;","imagen":3719}],"description_ingredients":"","items_ingredients":[{"title":"Geleia Real","description":"Conhecida por suas propriedades energ\u00e9ticas."},{"title":"\u00d3leo de peixe\r\n\r\n&nbsp;","description":"Fornece \u00e1cidos graxos \u00f4mega-3 (EPA + DHA).\r\n\r\n&nbsp;"},{"title":"Beta-caroteno\r\n\r\n&nbsp;","description":""},{"title":"Vitaminas do complexo B (B1, B2, \u00e1cido pantot\u00eanico e B6)\r\n\r\n&nbsp;","description":"Contribuem para o metabolismo energ\u00e9tico normal.\r\n\r\n&nbsp;"},{"title":"\u00c1cido f\u00f3lico\r\n\r\n&nbsp;","description":"Ajuda a reduzir o cansa\u00e7o e a fadiga.\r\n\r\n&nbsp;"},{"title":"Germe de arroz\r\n\r\n&nbsp;","description":"Fornece octacosan\u00f3is\r\n\r\n&nbsp;"},{"title":"Polpa de tomate\r\n\r\n&nbsp;","description":"Fornece licopenos.\r\n\r\n&nbsp;"},{"title":"Yucca schidigera\r\n\r\n&nbsp;","description":"Fornece saponinas.\r\n\r\n&nbsp;"},{"title":"Biotina","description":"Contribui para a manuten\u00e7\u00e3o da pele e pelagem em condi\u00e7\u00f5es normais.\r\n\r\n&nbsp;"},{"title":"Vitamina E e Sel\u00e9nio\r\n\r\n&nbsp;","description":"Contribuem para a prote\u00e7\u00e3o das c\u00e9lulas contra danos oxidativos.\r\n\r\n&nbsp;"}],"video":"","items_Instructions_for_use":[{"title":"C\u00e3o","description":"1 comprimido al d\u00eda por cada 10kg de peso corporal al d\u00eda.\r\nA partir de 40 kg de peso: 4 comprimidos por dia."},{"title":"Outras indica\u00e7\u00f5es","description":"Via oral.\r\nPor se tratar de um suplemento alimentar, pode ser tomado de forma cont\u00ednua."}],"image_banner_scientific_study_copiar":"","title_banner_scientific_study":"","description_banner_scientific_study":"","Scientific_study_banner":"","studies":null,"bibliografy_text":"","features":[{"image":1262,"title":"Sem prote\u00ednas de Frango."},{"image":1267,"title":"Sem corantes."},{"image":1213,"title":"Comprimido facilmente divis\u00edvel"}],"ficha_tecnica":3720},"_links":{"self":[{"href":"https:\/\/beta.pharmadiet.com\/pt\/wp-json\/wp\/v2\/product\/3718","targetHints":{"allow":["GET"]}}],"collection":[{"href":"https:\/\/beta.pharmadiet.com\/pt\/wp-json\/wp\/v2\/product"}],"about":[{"href":"https:\/\/beta.pharmadiet.com\/pt\/wp-json\/wp\/v2\/types\/product"}],"replies":[{"embeddable":true,"href":"https:\/\/beta.pharmadiet.com\/pt\/wp-json\/wp\/v2\/comments?post=3718"}],"version-history":[{"count":14,"href":"https:\/\/beta.pharmadiet.com\/pt\/wp-json\/wp\/v2\/product\/3718\/revisions"}],"predecessor-version":[{"id":17660,"href":"https:\/\/beta.pharmadiet.com\/pt\/wp-json\/wp\/v2\/product\/3718\/revisions\/17660"}],"wp:featuredmedia":[{"embeddable":true,"href":"https:\/\/beta.pharmadiet.com\/pt\/wp-json\/wp\/v2\/media\/3719"}],"wp:attachment":[{"href":"https:\/\/beta.pharmadiet.com\/pt\/wp-json\/wp\/v2\/media?parent=3718"}],"wp:term":[{"taxonomy":"animal","embeddable":true,"href":"https:\/\/beta.pharmadiet.com\/pt\/wp-json\/wp\/v2\/animal?post=3718"},{"taxonomy":"product_brand","embeddable":true,"href":"https:\/\/beta.pharmadiet.com\/pt\/wp-json\/wp\/v2\/product_brand?post=3718"},{"taxonomy":"product_cat","embeddable":true,"href":"https:\/\/beta.pharmadiet.com\/pt\/wp-json\/wp\/v2\/product_cat?post=3718"},{"taxonomy":"product_tag","embeddable":true,"href":"https:\/\/beta.pharmadiet.com\/pt\/wp-json\/wp\/v2\/product_tag?post=3718"}],"curies":[{"name":"wp","href":"https:\/\/api.w.org\/{rel}","templated":true}]}}