{"id":3704,"date":"2025-08-04T17:01:12","date_gmt":"2025-08-04T15:01:12","guid":{"rendered":"https:\/\/beta.pharmadiet.com\/?post_type=product&#038;p=3704"},"modified":"2026-01-29T12:46:35","modified_gmt":"2026-01-29T11:46:35","slug":"oscan","status":"publish","type":"product","link":"https:\/\/beta.pharmadiet.com\/pt\/productos\/oscan\/","title":{"rendered":"Oscan\u00ae"},"content":{"rendered":"<p>Aporta nutrientes de ayuda en huesos de r\u00e1pido crecimiento y los cart\u00edlagos articulares.<\/p>\n<ul>\n<li>Comprimidos facilmente divis\u00edveis.<\/li>\n<li>Sem prote\u00ednas de Frango.<\/li>\n<li>Sem corantes.<\/li>\n<li>Sem a\u00e7\u00facares<\/li>\n<li>Sem corantes.<\/li>\n<\/ul>\n","protected":false},"excerpt":{"rendered":"<p>Suplemento alimentar com nutrientes que contribuem para a manuten\u00e7\u00e3o e desenvolvimento do tecido \u00f3sseo e cartilaginoso.<\/p>\n","protected":false},"featured_media":3705,"comment_status":"open","ping_status":"closed","template":"","meta":{"_acf_changed":false,"site-sidebar-layout":"default","site-content-layout":"","ast-site-content-layout":"default","site-content-style":"default","site-sidebar-style":"default","ast-global-header-display":"","ast-banner-title-visibility":"","ast-main-header-display":"","ast-hfb-above-header-display":"","ast-hfb-below-header-display":"","ast-hfb-mobile-header-display":"","site-post-title":"","ast-breadcrumbs-content":"","ast-featured-img":"","footer-sml-layout":"","theme-transparent-header-meta":"default","adv-header-id-meta":"","stick-header-meta":"","header-above-stick-meta":"","header-main-stick-meta":"","header-below-stick-meta":"","astra-migrate-meta-layouts":"set","ast-page-background-enabled":"default","ast-page-background-meta":{"desktop":{"background-color":"var(--ast-global-color-5)","background-image":"","background-repeat":"repeat","background-position":"center center","background-size":"auto","background-attachment":"scroll","background-type":"","background-media":"","overlay-type":"","overlay-color":"","overlay-opacity":"","overlay-gradient":""},"tablet":{"background-color":"","background-image":"","background-repeat":"repeat","background-position":"center center","background-size":"auto","background-attachment":"scroll","background-type":"","background-media":"","overlay-type":"","overlay-color":"","overlay-opacity":"","overlay-gradient":""},"mobile":{"background-color":"","background-image":"","background-repeat":"repeat","background-position":"center center","background-size":"auto","background-attachment":"scroll","background-type":"","background-media":"","overlay-type":"","overlay-color":"","overlay-opacity":"","overlay-gradient":""}},"ast-content-background-meta":{"desktop":{"background-color":"var(--ast-global-color-4)","background-image":"","background-repeat":"repeat","background-position":"center center","background-size":"auto","background-attachment":"scroll","background-type":"","background-media":"","overlay-type":"","overlay-color":"","overlay-opacity":"","overlay-gradient":""},"tablet":{"background-color":"var(--ast-global-color-4)","background-image":"","background-repeat":"repeat","background-position":"center center","background-size":"auto","background-attachment":"scroll","background-type":"","background-media":"","overlay-type":"","overlay-color":"","overlay-opacity":"","overlay-gradient":""},"mobile":{"background-color":"var(--ast-global-color-4)","background-image":"","background-repeat":"repeat","background-position":"center center","background-size":"auto","background-attachment":"scroll","background-type":"","background-media":"","overlay-type":"","overlay-color":"","overlay-opacity":"","overlay-gradient":""}}},"animal":[119,117],"product_brand":[],"product_cat":[20],"product_tag":[278],"class_list":{"0":"post-3704","1":"product","2":"type-product","3":"status-publish","4":"has-post-thumbnail","6":"animal-cao","7":"animal-gato","8":"product_cat-suplementos-articulacoes-animais","9":"product_tag-plantillab","10":"desktop-align-left","11":"tablet-align-left","12":"mobile-align-left","14":"first","15":"instock","16":"shipping-taxable","17":"product-type-simple"},"acf":{"title_indications":"","description_indication":"","items_indication":[{"imagen":"","title":"Crecimiento Saludable en Cachorros: La Importancia del Cuidado \u00d3seo","description":"A fase de crescimento r\u00e1pido em filhotes \u00e9 crucial para o desenvolvimento \u00f3sseo deles.\r\n\r\n&nbsp;\r\n\r\n&nbsp;"},{"imagen":3396,"title":"","description":"Negligenci\u00e1-la pode levar a problemas como:\r\n\r\nRaquitismo: Esta condi\u00e7\u00e3o se desenvolve quando os ossos n\u00e3o podem mineralizar adequadamente devido a defici\u00eancias em minerais essenciais como c\u00e1lcio e f\u00f3sforo. Como resultado, o crescimento \u00f3sseo \u00e9 afetado, o que pode resultar em deformidades \u00f3sseas, doen\u00e7as articulares degenerativas e um maior risco de fraturas.\r\n\r\nDor e Limita\u00e7\u00f5es: Isso n\u00e3o afeta apenas a qualidade de vida do c\u00e3o ou gato, mas tamb\u00e9m pode interferir em sua capacidade de realizar atividades normais e desfrutar de seu ambiente.\r\n\r\nDesenvolvimento \u00f3sseo incompleto: O crescimento anormal de ossos e cartilagens em filhotes pode resultar em uma estrutura \u00f3ssea subdesenvolvida ou malformada. Essas anomalias podem ter implica\u00e7\u00f5es a longo prazo em sua sa\u00fade e bem-estar geral.\r\n\r\nMaior vulnerabilidade a les\u00f5es:Filhotes com ossos e cartilagens fracos s\u00e3o mais suscet\u00edveis a les\u00f5es, especialmente durante atividades f\u00edsicas intensas ou brincadeiras vigorosas. Essas les\u00f5es podem ter consequ\u00eancias a longo prazo em sua sa\u00fade e mobilidade."},{"imagen":3391,"title":"","description":"Em resumo, o cuidado \u00f3sseo adequado durante a fase de crescimento r\u00e1pido em filhotes \u00e9 essencial para garantir um desenvolvimento saud\u00e1vel e prevenir problemas futuros. Consultar seu veterin\u00e1rio de confian\u00e7a \u00e9 crucial para elaborar uma dieta e um plano de exerc\u00edcios adequados \u00e0s necessidades espec\u00edficas de seu filhote.\r\n\r\n&nbsp;\r\n\r\n&nbsp;"}],"title_beneficios":"Como este alimento complementar ajuda na sa\u00fade articular do seu animal de estima\u00e7\u00e3o","description_benefits":"Fornece nutrientes para ajudar no crescimento \u00f3sseo r\u00e1pido e nas articula\u00e7\u00f5es cartilaginosas.\r\n\r\n&nbsp;\r\n\r\n&nbsp;","items_benefits":[{"imagen":1238,"title":"Ajuda a manter um crescimento \u00f3sseo saud\u00e1vel","description":"Contribui para manter o desenvolvimento normal das estruturas \u00f3sseas e cartilaginosas em filhotes durante fases de crescimento r\u00e1pido, promovendo um crescimento adequado.\r\n\r\n&nbsp;\r\n\r\n&nbsp;"}],"items_presentaciones":[{"title":"Oscan\u00ae","description":"Estojo com 60 comprimidos, em blister. Blister de 10 comprimidos, facilmente divis\u00edveis, para facilitar o consumo. Via oral.\r\n\r\n&nbsp;\r\n\r\n&nbsp;","imagen":3705}],"description_ingredients":"","items_ingredients":[{"title":"Colag\u00e9nio enzimaticamente hidrolisado\r\n\r\n&nbsp;\r\n\r\n&nbsp;\r\n\r\n&nbsp;","description":"Componente majorit\u00e1rio e base estrutural da cartilagem hialina das articula\u00e7\u00f5es, principal tecido afetado em processos de degenera\u00e7\u00e3o articular. O col\u00e1geno \u00e9 conhecido por manter a integridade da cartilagem e sua fun\u00e7\u00e3o \u00e9 fornecer flexibilidade, elasticidade e suporte. A administra\u00e7\u00e3o na forma hidrolisada permite uma maior absor\u00e7\u00e3o, distribui\u00e7\u00e3o e acumula\u00e7\u00e3o na cartilagem articular.\r\n\r\nO col\u00e1geno hidrolisado \u00e9 comumente usado na complementa\u00e7\u00e3o de pacientes com Osteoartrite e outros tipos de dor articular. Numerosos estudos t\u00eam demonstrado que o tratamento di\u00e1rio de c\u00e3es artr\u00f3sicos com col\u00e1geno, sozinho ou em combina\u00e7\u00e3o com glucosamina e condroitina, aliviava consideravelmente a dor associada \u00e0 artrose.\r\n\r\n&nbsp;"},{"title":"Calcio<sup>1,2<\/sup>","description":"Mineral que contribui para a manuten\u00e7\u00e3o dos ossos em condi\u00e7\u00f5es normais.\r\n\r\nC\u00e1lcio e a vitamina D s\u00e3o nutrientes essenciais que desempenham um papel fundamental no desenvolvimento e sa\u00fade do esqueleto. O osso \u00e9 o principal dep\u00f3sito de c\u00e1lcio e seu metabolismo \u00e9 complexo e inter-relacionado com o da vitamina D."},{"title":"Vitamina D<sup>1,2<\/sup>","description":"Nutriente que contribui para a absor\u00e7\u00e3o e utiliza\u00e7\u00e3o normal do c\u00e1lcio e do f\u00f3sforo e contribui para o processo de divis\u00e3o celular.\r\n\r\nA vitamina D desempenha um papel fundamental na remodela\u00e7\u00e3o e crescimento \u00f3sseo atrav\u00e9s da ativa\u00e7\u00e3o de osteoblastos e osteoclastos.\r\n\r\nExistem duas formas de vitamina D, a colecalciferol ou vitamina D3, sintetizada na pele de v\u00e1rios mam\u00edferos ap\u00f3s a exposi\u00e7\u00e3o ao sol, e o ergocalciferol ou vitamina D2.\r\n\r\nC\u00e3es e gatos, ao contr\u00e1rio de outras esp\u00e9cies de mam\u00edferos, s\u00e3o incapazes de sintetizar cutaneamente vitamina D atrav\u00e9s da exposi\u00e7\u00e3o ao sol.\r\n\r\nUma ingest\u00e3o diet\u00e9tica insuficiente ou desequilibrada desses nutrientes pode ter m\u00faltiplas consequ\u00eancias negativas para a sa\u00fade.\r\n\r\nA defici\u00eancia de vitamina D pode causar hipocalcemia e hipofosfatemia e, consequentemente, pode resultar em doen\u00e7as \u00f3sseas caracterizadas por uma mineraliza\u00e7\u00e3o \u00f3ssea deficiente associada ao raquitismo ou \u00e0 osteomal\u00e1cia."},{"title":"\u00c1cido f\u00f3lico<sup>3<\/sup>","description":"Nutriente da fam\u00edlia das vitaminas do grupo B, contribui para o processo de divis\u00e3o celular e ajuda a diminuir o cansa\u00e7o e a fadiga."},{"title":"Vitamina C<sup>4<\/sup>","description":"Por sua capacidade antioxidante, contribui para a prote\u00e7\u00e3o das c\u00e9lulas contra o dano oxidativo. Al\u00e9m disso, contribui para a forma\u00e7\u00e3o normal de col\u00e1geno para o funcionamento normal dos ossos, cartilagens e articula\u00e7\u00f5es."}],"video":"","items_Instructions_for_use":[{"title":"C\u00e3o","description":"V\u00eda Oral\r\n<ul>\r\n \t<li>At\u00e9 10 kg de peso corporal: 1 comprimido por dia.<\/li>\r\n \t<li>De 10 a 20 kg de peso corporal: 2 comprimidos por dia.<\/li>\r\n \t<li>De 20 a 30 kg de peso corporal: 3 comprimidos por dia.<\/li>\r\n \t<li>Mais de 30 kg de peso corporal: 4 comprimidos por dia.<\/li>\r\n<\/ul>"},{"title":"Gato","description":"V\u00eda oral\r\n\r\n\u00bd comprimido por dia."}],"image_banner_scientific_study_copiar":"","title_banner_scientific_study":"","description_banner_scientific_study":"","Scientific_study_banner":"","studies":null,"bibliografy_text":"1. Jonathan Stockman, DVMa , Cecilia Villaverde, BVSc, PhDb , Ronald Jan Corbee, DVM, PhDc, Calcium, Phosphorus, and Vitamin D in Dogs and Cats, Beyond the Bones, Vet Clin Small Anim 51 (2021) 623\u2013634;\r\n2. Hesta, M., Ottermans, C., Krammer-Lukas, S., Zentek, J., Hellweg, P., Buyse, J. and Janssens, G.P.J. (2009), The effect of vitamin C supplementation in healthy dogs on antioxidative capacity and immune parameters. Journal of Animal Physiology and Animal Nutrition, 93: 26-34.\r\n3. EFSA NDA Panel (EFSA Panel on Dietetic Products, Nutrition and Allergies) , 2014. Scientific Opinion on Dietary Reference Values for folate. EFSA Journal 2014;12(11):3893, 59\u2009pp. 10.2903\/j.efsa.2014.3893\r\n4. Boyera N, Galey I, Bernard BA. Effect of vitamin C and its derivatives on collagen synthesis and cross-linking by normal human fibroblasts. Int J Cosmet Sci. 1998 Jun;20(3):151-8. doi: 10.1046\/j.1467-2494.1998.171747.x. PMID: 18505499.","features":[{"image":1262,"title":"Sem prote\u00ednas de Frango."},{"image":1267,"title":"Sem conservantes."},{"image":1213,"title":"Comprimidos facilmente divis\u00edveis."},{"image":1217,"title":"Sem a\u00e7\u00facares."},{"image":1267,"title":"Sem corantes."}],"ficha_tecnica":3709},"_links":{"self":[{"href":"https:\/\/beta.pharmadiet.com\/pt\/wp-json\/wp\/v2\/product\/3704","targetHints":{"allow":["GET"]}}],"collection":[{"href":"https:\/\/beta.pharmadiet.com\/pt\/wp-json\/wp\/v2\/product"}],"about":[{"href":"https:\/\/beta.pharmadiet.com\/pt\/wp-json\/wp\/v2\/types\/product"}],"replies":[{"embeddable":true,"href":"https:\/\/beta.pharmadiet.com\/pt\/wp-json\/wp\/v2\/comments?post=3704"}],"version-history":[{"count":16,"href":"https:\/\/beta.pharmadiet.com\/pt\/wp-json\/wp\/v2\/product\/3704\/revisions"}],"predecessor-version":[{"id":17651,"href":"https:\/\/beta.pharmadiet.com\/pt\/wp-json\/wp\/v2\/product\/3704\/revisions\/17651"}],"wp:featuredmedia":[{"embeddable":true,"href":"https:\/\/beta.pharmadiet.com\/pt\/wp-json\/wp\/v2\/media\/3705"}],"wp:attachment":[{"href":"https:\/\/beta.pharmadiet.com\/pt\/wp-json\/wp\/v2\/media?parent=3704"}],"wp:term":[{"taxonomy":"animal","embeddable":true,"href":"https:\/\/beta.pharmadiet.com\/pt\/wp-json\/wp\/v2\/animal?post=3704"},{"taxonomy":"product_brand","embeddable":true,"href":"https:\/\/beta.pharmadiet.com\/pt\/wp-json\/wp\/v2\/product_brand?post=3704"},{"taxonomy":"product_cat","embeddable":true,"href":"https:\/\/beta.pharmadiet.com\/pt\/wp-json\/wp\/v2\/product_cat?post=3704"},{"taxonomy":"product_tag","embeddable":true,"href":"https:\/\/beta.pharmadiet.com\/pt\/wp-json\/wp\/v2\/product_tag?post=3704"}],"curies":[{"name":"wp","href":"https:\/\/api.w.org\/{rel}","templated":true}]}}