{"id":3699,"date":"2025-08-04T16:55:20","date_gmt":"2025-08-04T14:55:20","guid":{"rendered":"https:\/\/beta.pharmadiet.com\/?post_type=product&#038;p=3699"},"modified":"2026-01-29T09:30:20","modified_gmt":"2026-01-29T08:30:20","slug":"lysinviral-plus","status":"publish","type":"product","link":"https:\/\/beta.pharmadiet.com\/pt\/productos\/lysinviral-plus\/","title":{"rendered":"Lysinviral plus\u00ae"},"content":{"rendered":"<ul>\n<li>Agitar antes de usar<\/li>\n<li>Sem prote\u00ednas de Frango.<\/li>\n<li>Sem corantes.<\/li>\n<\/ul>\n","protected":false},"excerpt":{"rendered":"<p>Alimentos complementares com nutrientes que contribuem para estabilizar a flora intestinal.<\/p>\n","protected":false},"featured_media":3688,"comment_status":"open","ping_status":"closed","template":"","meta":{"_acf_changed":false,"site-sidebar-layout":"default","site-content-layout":"","ast-site-content-layout":"default","site-content-style":"default","site-sidebar-style":"default","ast-global-header-display":"","ast-banner-title-visibility":"","ast-main-header-display":"","ast-hfb-above-header-display":"","ast-hfb-below-header-display":"","ast-hfb-mobile-header-display":"","site-post-title":"","ast-breadcrumbs-content":"","ast-featured-img":"","footer-sml-layout":"","theme-transparent-header-meta":"default","adv-header-id-meta":"","stick-header-meta":"","header-above-stick-meta":"","header-main-stick-meta":"","header-below-stick-meta":"","astra-migrate-meta-layouts":"set","ast-page-background-enabled":"default","ast-page-background-meta":{"desktop":{"background-color":"var(--ast-global-color-5)","background-image":"","background-repeat":"repeat","background-position":"center center","background-size":"auto","background-attachment":"scroll","background-type":"","background-media":"","overlay-type":"","overlay-color":"","overlay-opacity":"","overlay-gradient":""},"tablet":{"background-color":"","background-image":"","background-repeat":"repeat","background-position":"center center","background-size":"auto","background-attachment":"scroll","background-type":"","background-media":"","overlay-type":"","overlay-color":"","overlay-opacity":"","overlay-gradient":""},"mobile":{"background-color":"","background-image":"","background-repeat":"repeat","background-position":"center center","background-size":"auto","background-attachment":"scroll","background-type":"","background-media":"","overlay-type":"","overlay-color":"","overlay-opacity":"","overlay-gradient":""}},"ast-content-background-meta":{"desktop":{"background-color":"var(--ast-global-color-4)","background-image":"","background-repeat":"repeat","background-position":"center center","background-size":"auto","background-attachment":"scroll","background-type":"","background-media":"","overlay-type":"","overlay-color":"","overlay-opacity":"","overlay-gradient":""},"tablet":{"background-color":"var(--ast-global-color-4)","background-image":"","background-repeat":"repeat","background-position":"center center","background-size":"auto","background-attachment":"scroll","background-type":"","background-media":"","overlay-type":"","overlay-color":"","overlay-opacity":"","overlay-gradient":""},"mobile":{"background-color":"var(--ast-global-color-4)","background-image":"","background-repeat":"repeat","background-position":"center center","background-size":"auto","background-attachment":"scroll","background-type":"","background-media":"","overlay-type":"","overlay-color":"","overlay-opacity":"","overlay-gradient":""}}},"animal":[117],"product_brand":[],"product_cat":[25],"product_tag":[279],"class_list":{"0":"post-3699","1":"product","2":"type-product","3":"status-publish","4":"has-post-thumbnail","6":"animal-gato","7":"product_cat-suplementos-defesas-animais","8":"product_tag-plantillac","9":"desktop-align-left","10":"tablet-align-left","11":"mobile-align-left","13":"first","14":"instock","15":"shipping-taxable","16":"product-type-simple"},"acf":{"title_indications":"Sobre o Herpesv\u00edrus Felino (HVF-1)","description_indication":"El herpes virus felino tipo 1 es una infecci\u00f3n viral que afecta a los gatos en todo el mundo, siendo una de las principales causas de infecciones respiratorias en gatos dom\u00e9sticos. Tambi\u00e9n es conocido como el virus de la rinotraque\u00edtis felina, debido a que causa s\u00edntomas respiratorios en los felinos.\r\n\r\n&nbsp;","items_indication":[{"imagen":3691,"title":"S\u00edntomas del Herpes Virus Felino","description":"Gatos infectados com o HVF-1 podem apresentar uma s\u00e9rie de sinais cl\u00ednicos relacionados principalmente ao trato respirat\u00f3rio superior.\r\n<ul>\r\n \t<li>Espirros e tosse.<\/li>\r\n \t<li>Secre\u00e7\u00e3o nasal e ocular.<\/li>\r\n \t<li>Febre.<\/li>\r\n \t<li>Letargia.<\/li>\r\n \t<li>Em casos mais graves, a infec\u00e7\u00e3o pode levar a \u00falceras na boca e dificuldades respirat\u00f3rias.<\/li>\r\n<\/ul>"},{"imagen":3690,"title":"Transmiss\u00e3o","description":"\u00c9 importante destacar que os gatos podem carregar o v\u00edrus por toda a vida, e epis\u00f3dios de reativa\u00e7\u00e3o da doen\u00e7a respirat\u00f3ria s\u00e3o comuns, especialmente em situa\u00e7\u00f5es de estresse.\r\n\r\nO HVF-1 \u00e9 transmitido principalmente atrav\u00e9s do contato direto entre gatos infectados (limpeza m\u00fatua ou inala\u00e7\u00e3o de part\u00edculas virais no ambiente). Tamb\u00e9m \u00e9 transmitido da m\u00e3e para os filhotes.\r\n\r\nLembre-se de que, diante de qualquer sintoma ou comportamento estranho, voc\u00ea deve consultar seu veterin\u00e1rio para realizar o diagn\u00f3stico e tratamento adequados.\r\n\r\n&nbsp;"}],"title_beneficios":"Como os nutrientes do Lysinviral Plus\u00ae ajudam na sa\u00fade e defesas dos gatos:","description_benefits":"Lysinviral Plus\u00ae \u00e9 um alimento complementar que fornece nutrientes para:\r\n\r\n&nbsp;","items_benefits":[{"imagen":3492,"title":"","description":"Contribuir para estabilizar a flora intestinal."}],"items_presentaciones":[{"title":"Lysinviral Plus\u00ae","description":"Frasco de 50 ml com seringa dosadora.\r\n\r\n&nbsp;","imagen":3688}],"description_ingredients":"","items_ingredients":[{"title":"L-lisina\r\n\r\n&nbsp;","description":"Amino\u00e1cido conhecido por suas propriedades antivirais.\r\n\r\n&nbsp;"},{"title":"\u00d3leo de peixe (EPA e DHA)\r\n\r\n&nbsp;","description":"Fornece \u00d4mega 3.\r\n\r\n&nbsp;"},{"title":"Farelo de aveia\r\n\r\n&nbsp;","description":"Fornece Beta-Glucanos.\r\n\r\n&nbsp;"},{"title":"Enterococcus faecium\r\n\r\n&nbsp;\r\n\r\n&nbsp;","description":"Ajuda a reequilibrar a microflora intestinal, deslocando microorganismos patog\u00eanicos e contribuindo para a resposta imune normal, tanto espec\u00edfica quanto n\u00e3o espec\u00edfica.\r\n\r\n&nbsp;\r\n\r\n&nbsp;"},{"title":"Taurina\r\n\r\n&nbsp;\r\n\r\n&nbsp;","description":"Nutriente conhecido por ser essencial em gatos.\r\n\r\n&nbsp;"}],"video":"","items_Instructions_for_use":[{"title":" Gatinhos (menos de 6 meses de idade)","description":"1-2 ml\/d\u00eda\r\n\r\n&nbsp;\r\n\r\n&nbsp;"},{"title":"Gatos adultos (mais de 6 meses de idade)","description":"2-4 ml\/d\u00eda\r\n\r\n&nbsp;\r\n\r\n&nbsp;"},{"title":"Otras indicaciones","description":"V\u00eda oral.\r\n\r\nAgitar o frasco antes de usar.\r\n\r\nAdministrar diretamente ou misturado com a comida habitual.\r\n\r\nRecomenda-se o uso por 2 a 3 semanas."}],"image_banner_scientific_study_copiar":"","title_banner_scientific_study":"","description_banner_scientific_study":"","Scientific_study_banner":"","studies":null,"bibliografy_text":"","features":[{"image":1262,"title":"Sem prote\u00ednas de Frango."},{"image":1218,"title":"Agitar antes de usar"},{"image":1267,"title":"Sem corantes."}],"ficha_tecnica":3689},"_links":{"self":[{"href":"https:\/\/beta.pharmadiet.com\/pt\/wp-json\/wp\/v2\/product\/3699","targetHints":{"allow":["GET"]}}],"collection":[{"href":"https:\/\/beta.pharmadiet.com\/pt\/wp-json\/wp\/v2\/product"}],"about":[{"href":"https:\/\/beta.pharmadiet.com\/pt\/wp-json\/wp\/v2\/types\/product"}],"replies":[{"embeddable":true,"href":"https:\/\/beta.pharmadiet.com\/pt\/wp-json\/wp\/v2\/comments?post=3699"}],"version-history":[{"count":11,"href":"https:\/\/beta.pharmadiet.com\/pt\/wp-json\/wp\/v2\/product\/3699\/revisions"}],"predecessor-version":[{"id":17645,"href":"https:\/\/beta.pharmadiet.com\/pt\/wp-json\/wp\/v2\/product\/3699\/revisions\/17645"}],"wp:featuredmedia":[{"embeddable":true,"href":"https:\/\/beta.pharmadiet.com\/pt\/wp-json\/wp\/v2\/media\/3688"}],"wp:attachment":[{"href":"https:\/\/beta.pharmadiet.com\/pt\/wp-json\/wp\/v2\/media?parent=3699"}],"wp:term":[{"taxonomy":"animal","embeddable":true,"href":"https:\/\/beta.pharmadiet.com\/pt\/wp-json\/wp\/v2\/animal?post=3699"},{"taxonomy":"product_brand","embeddable":true,"href":"https:\/\/beta.pharmadiet.com\/pt\/wp-json\/wp\/v2\/product_brand?post=3699"},{"taxonomy":"product_cat","embeddable":true,"href":"https:\/\/beta.pharmadiet.com\/pt\/wp-json\/wp\/v2\/product_cat?post=3699"},{"taxonomy":"product_tag","embeddable":true,"href":"https:\/\/beta.pharmadiet.com\/pt\/wp-json\/wp\/v2\/product_tag?post=3699"}],"curies":[{"name":"wp","href":"https:\/\/api.w.org\/{rel}","templated":true}]}}