{"id":3681,"date":"2025-08-04T16:29:54","date_gmt":"2025-08-04T14:29:54","guid":{"rendered":"https:\/\/beta.pharmadiet.com\/?post_type=product&#038;p=3681"},"modified":"2026-01-29T09:24:30","modified_gmt":"2026-01-29T08:24:30","slug":"lagrinet-neo","status":"publish","type":"product","link":"https:\/\/beta.pharmadiet.com\/pt\/productos\/lagrinet-neo\/","title":{"rendered":"Lagrinet\u00ae Neo"},"content":{"rendered":"<p>Solu\u00e7\u00e3o hidratante. Produto para a higiene e cuidado ocular.<\/p>\n<ul>\n<li>Solu\u00e7\u00e3o Est\u00e9ril<\/li>\n<li>3 meses de uso ap\u00f3s abertura.<\/li>\n<li>Sistema multidose OSD.<\/li>\n<li>Uso cont\u00ednuo<\/li>\n<\/ul>\n","protected":false},"excerpt":{"rendered":"<p>Solu\u00e7\u00e3o hidratante. Produto para a higiene e cuidado ocular.<\/p>\n","protected":false},"featured_media":3682,"comment_status":"open","ping_status":"closed","template":"","meta":{"_acf_changed":false,"site-sidebar-layout":"default","site-content-layout":"","ast-site-content-layout":"default","site-content-style":"default","site-sidebar-style":"default","ast-global-header-display":"","ast-banner-title-visibility":"","ast-main-header-display":"","ast-hfb-above-header-display":"","ast-hfb-below-header-display":"","ast-hfb-mobile-header-display":"","site-post-title":"","ast-breadcrumbs-content":"","ast-featured-img":"","footer-sml-layout":"","theme-transparent-header-meta":"default","adv-header-id-meta":"","stick-header-meta":"","header-above-stick-meta":"","header-main-stick-meta":"","header-below-stick-meta":"","astra-migrate-meta-layouts":"set","ast-page-background-enabled":"default","ast-page-background-meta":{"desktop":{"background-color":"var(--ast-global-color-5)","background-image":"","background-repeat":"repeat","background-position":"center center","background-size":"auto","background-attachment":"scroll","background-type":"","background-media":"","overlay-type":"","overlay-color":"","overlay-opacity":"","overlay-gradient":""},"tablet":{"background-color":"","background-image":"","background-repeat":"repeat","background-position":"center center","background-size":"auto","background-attachment":"scroll","background-type":"","background-media":"","overlay-type":"","overlay-color":"","overlay-opacity":"","overlay-gradient":""},"mobile":{"background-color":"","background-image":"","background-repeat":"repeat","background-position":"center center","background-size":"auto","background-attachment":"scroll","background-type":"","background-media":"","overlay-type":"","overlay-color":"","overlay-opacity":"","overlay-gradient":""}},"ast-content-background-meta":{"desktop":{"background-color":"var(--ast-global-color-4)","background-image":"","background-repeat":"repeat","background-position":"center center","background-size":"auto","background-attachment":"scroll","background-type":"","background-media":"","overlay-type":"","overlay-color":"","overlay-opacity":"","overlay-gradient":""},"tablet":{"background-color":"var(--ast-global-color-4)","background-image":"","background-repeat":"repeat","background-position":"center center","background-size":"auto","background-attachment":"scroll","background-type":"","background-media":"","overlay-type":"","overlay-color":"","overlay-opacity":"","overlay-gradient":""},"mobile":{"background-color":"var(--ast-global-color-4)","background-image":"","background-repeat":"repeat","background-position":"center center","background-size":"auto","background-attachment":"scroll","background-type":"","background-media":"","overlay-type":"","overlay-color":"","overlay-opacity":"","overlay-gradient":""}}},"animal":[223,119,151,149,118,117,120,150],"product_brand":[],"product_cat":[30],"product_tag":[279],"class_list":{"0":"post-3681","1":"product","2":"type-product","3":"status-publish","4":"has-post-thumbnail","6":"animal-ave","7":"animal-cao","8":"animal-cavalo","9":"animal-coelho","10":"animal-furao","11":"animal-gato","12":"animal-reptil","13":"animal-roedor","14":"product_cat-suplementos-solucoes-olhos-animais","15":"product_tag-plantillac","16":"desktop-align-left","17":"tablet-align-left","18":"mobile-align-left","20":"first","21":"instock","22":"shipping-taxable","23":"product-type-simple"},"acf":{"title_indications":"","description_indication":"","items_indication":[{"imagen":"","title":"Olhos secos em c\u00e3es e outras mascotes: Problemas e Cuidados","description":"A hiposecre\u00e7\u00e3o lacrimal \u00e9 um termo m\u00e9dico que se refere a um problema no qual os olhos de um c\u00e3o ou gato n\u00e3o produzem l\u00e1grimas suficientes. As l\u00e1grimas s\u00e3o l\u00edquidos especiais que mant\u00eam os olhos \u00famidos e saud\u00e1veis. S\u00e3o essenciais para a sa\u00fade ocular e o conforto dos nossos animais de estima\u00e7\u00e3o.\r\n\r\n&nbsp;\r\n\r\n&nbsp;"},{"imagen":3684,"title":"Problemas associados aos olhos secos em c\u00e3es, gatos e outros animais","description":"Quando um c\u00e3o ou gato tem hiposecre\u00e7\u00e3o lacrimal (s\u00edndrome do olho seco), pode experimentar v\u00e1rios problemas:\r\n\r\nOlhos secos e irritados:A falta de l\u00e1grimas pode fazer com que os olhos se sintam secos e desconfort\u00e1veis. Isso pode levar a coceira, ardor e olhos vermelhos.\r\n\r\nMaior suscetibilidade a infec\u00e7\u00f5es:As l\u00e1grimas n\u00e3o apenas mant\u00eam os olhos \u00famidos, mas tamb\u00e9m ajudam a proteg\u00ea-los contra infec\u00e7\u00f5es oculares.\r\n\r\nVis\u00e3o turva: A falta de l\u00e1grimas pode fazer com que seu animal de estima\u00e7\u00e3o tenha dificuldade em ver claramente.\r\n\r\n&nbsp;"},{"imagen":3685,"title":"","description":"Dano \u00e0 superf\u00edcie ocularTaurina\r\n\r\nSe voc\u00ea notar que seu c\u00e3o ou gato tem olhos vermelhos, secos ou irritados, \u00e9 importante lev\u00e1-lo ao veterin\u00e1rio. O veterin\u00e1rio pode realizar um exame ocular e recomendar o tratamento adequado, que pode incluir soro fisiol\u00f3gico, l\u00e1grimas artificiais ou medicamentos para ajudar a manter os olhos do seu animal de estima\u00e7\u00e3o saud\u00e1veis e confort\u00e1veis."}],"title_beneficios":"Como Lagrinet Neo ajuda na sa\u00fade ocular dos seus animais de estima\u00e7\u00e3o:","description_benefits":"Lagrinet\u00ae Neo \u00e9 uma solu\u00e7\u00e3o lubrificante e umectante que atua como l\u00e1grima artificial. Ajudando a:\r\n\r\n&nbsp;","items_benefits":[{"imagen":1242,"title":"Manter a integridade da superf\u00edcie conjuntival","description":"Gra\u00e7as \u00e0 sua a\u00e7\u00e3o filmog\u00eanica e \u00e0 aus\u00eancia de conservantes, evita os efeitos nocivos derivados do seu uso sobre o epit\u00e9lio corneano, permitindo uma maior frequ\u00eancia nas aplica\u00e7\u00f5es e melhorando assim os resultados a longo prazo.\r\n\r\n&nbsp;"},{"imagen":3481,"title":"Manter a hidrata\u00e7\u00e3o e lubrifica\u00e7\u00e3o do olho","description":"Gra\u00e7as \u00e0 sua solu\u00e7\u00e3o lubrificante e umectante que age como l\u00e1grima artificial.\r\n\r\n&nbsp;\r\n\r\n&nbsp;"},{"imagen":3492,"title":"Proteger a superf\u00edcie do olho","description":"Contra irrita\u00e7\u00f5es causadas por corpos estranhos ou contato com al\u00e9rgenos.\r\n\r\n&nbsp;"}],"items_presentaciones":[{"title":"Lagrinet\u00ae Neo","description":"Frasco multidose OSD de 10 ml de solu\u00e7\u00e3o est\u00e9ril hipoosmolar. Gra\u00e7as ao seu doseador OSD, a esterilidade \u00e9 mantida e a contamina\u00e7\u00e3o do produto no interior da embalagem \u00e9 evitada.\r\n\r\n&nbsp;\r\n\r\n&nbsp;","imagen":3682}],"description_ingredients":"","items_ingredients":[{"title":"\u00c1cido hialur\u00f4nico","description":"\u00c9 um glicosaminoglicano viscoel\u00e1stico que, devido \u00e0 sua grande capacidade de reter \u00e1gua, combate a secura ocular fornecendo hidrata\u00e7\u00e3o e lubrifica\u00e7\u00e3o duradouras \u00e0 superf\u00edcie da conjuntiva e ao epit\u00e9lio corneano, permitindo uma maior ades\u00e3o da pel\u00edcula lacrimal. Al\u00e9m disso, exerce uma a\u00e7\u00e3o filmog\u00eanica protetora contra corpos estranhos, como poeira e sujeira do solo, bem como contra o contato com al\u00e9rgenos."},{"title":"\u00c1gua destilada de Aloe\r\n\r\n&nbsp;\r\n\r\n&nbsp;","description":"Conhecida por suas propriedades hidratantes, emolientes e cicatrizantes de pequenas feridas\r\n\r\n&nbsp;\r\n\r\n&nbsp;"},{"title":"\u00c1gua destilada de Centella asiatica\r\n\r\n&nbsp;\r\n\r\n&nbsp;","description":"Ajuda a promover a cura de feridas do epit\u00e9lio corneano.\r\n\r\n&nbsp;"}],"video":"","items_Instructions_for_use":[{"title":"Gerais","description":"Uso externo.\r\nAbrir o frasco e aplicar 1 gota sobre a superf\u00edcie de cada olho pressionando o frasco.\r\nUma vez aberto, pode ser usado at\u00e9 3 meses, gra\u00e7as ao sistema multidose OSD.\r\nEvitar o contato do aplicador com qualquer superf\u00edcie.\r\nUso continuo.\r\nPode ser usado com a frequ\u00eancia necess\u00e1ria, pois n\u00e3o cont\u00e9m conservantes.\r\n\r\n&nbsp;"}],"image_banner_scientific_study_copiar":"","title_banner_scientific_study":"","description_banner_scientific_study":"","Scientific_study_banner":"","studies":null,"bibliografy_text":"","features":null,"ficha_tecnica":3683},"_links":{"self":[{"href":"https:\/\/beta.pharmadiet.com\/pt\/wp-json\/wp\/v2\/product\/3681","targetHints":{"allow":["GET"]}}],"collection":[{"href":"https:\/\/beta.pharmadiet.com\/pt\/wp-json\/wp\/v2\/product"}],"about":[{"href":"https:\/\/beta.pharmadiet.com\/pt\/wp-json\/wp\/v2\/types\/product"}],"replies":[{"embeddable":true,"href":"https:\/\/beta.pharmadiet.com\/pt\/wp-json\/wp\/v2\/comments?post=3681"}],"version-history":[{"count":10,"href":"https:\/\/beta.pharmadiet.com\/pt\/wp-json\/wp\/v2\/product\/3681\/revisions"}],"predecessor-version":[{"id":17643,"href":"https:\/\/beta.pharmadiet.com\/pt\/wp-json\/wp\/v2\/product\/3681\/revisions\/17643"}],"wp:featuredmedia":[{"embeddable":true,"href":"https:\/\/beta.pharmadiet.com\/pt\/wp-json\/wp\/v2\/media\/3682"}],"wp:attachment":[{"href":"https:\/\/beta.pharmadiet.com\/pt\/wp-json\/wp\/v2\/media?parent=3681"}],"wp:term":[{"taxonomy":"animal","embeddable":true,"href":"https:\/\/beta.pharmadiet.com\/pt\/wp-json\/wp\/v2\/animal?post=3681"},{"taxonomy":"product_brand","embeddable":true,"href":"https:\/\/beta.pharmadiet.com\/pt\/wp-json\/wp\/v2\/product_brand?post=3681"},{"taxonomy":"product_cat","embeddable":true,"href":"https:\/\/beta.pharmadiet.com\/pt\/wp-json\/wp\/v2\/product_cat?post=3681"},{"taxonomy":"product_tag","embeddable":true,"href":"https:\/\/beta.pharmadiet.com\/pt\/wp-json\/wp\/v2\/product_tag?post=3681"}],"curies":[{"name":"wp","href":"https:\/\/api.w.org\/{rel}","templated":true}]}}