{"id":3674,"date":"2025-08-04T16:23:00","date_gmt":"2025-08-04T14:23:00","guid":{"rendered":"https:\/\/beta.pharmadiet.com\/?post_type=product&#038;p=3674"},"modified":"2026-01-29T09:17:08","modified_gmt":"2026-01-29T08:17:08","slug":"lactadiet-caes-colostro","status":"publish","type":"product","link":"https:\/\/beta.pharmadiet.com\/pt\/productos\/lactadiet-caes-colostro\/","title":{"rendered":"Lactadiet\u00ae C\u00e3es com Colostro"},"content":{"rendered":"<p>Lactadiet\u00ae Perros con Calostro aporta nutrientes de ayuda para:<\/p>\n<ul>\n<li>El desarrollo de las cr\u00edas reci\u00e9n nacidas hu\u00e9rfanas, incapaces de succionar o con otros problemas de lactancia.<\/li>\n<li>El desarrollo de los tejidos cerebrales y visuales.<\/li>\n<li>Apoyar el sistema inmunitario.<\/li>\n<\/ul>\n","protected":false},"excerpt":{"rendered":"<p>Alimento complementar de lacta\u00e7\u00e3o enriquecido com nutrientes que contribuem para o desenvolvimento de cachorros rec\u00e9m-nascidos at\u00e9 ao desmame. Indicado para c\u00e3es e roedores.<\/p>\n","protected":false},"featured_media":3675,"comment_status":"open","ping_status":"closed","template":"","meta":{"_acf_changed":false,"site-sidebar-layout":"default","site-content-layout":"","ast-site-content-layout":"default","site-content-style":"default","site-sidebar-style":"default","ast-global-header-display":"","ast-banner-title-visibility":"","ast-main-header-display":"","ast-hfb-above-header-display":"","ast-hfb-below-header-display":"","ast-hfb-mobile-header-display":"","site-post-title":"","ast-breadcrumbs-content":"","ast-featured-img":"","footer-sml-layout":"","theme-transparent-header-meta":"default","adv-header-id-meta":"","stick-header-meta":"","header-above-stick-meta":"","header-main-stick-meta":"","header-below-stick-meta":"","astra-migrate-meta-layouts":"set","ast-page-background-enabled":"default","ast-page-background-meta":{"desktop":{"background-color":"var(--ast-global-color-5)","background-image":"","background-repeat":"repeat","background-position":"center center","background-size":"auto","background-attachment":"scroll","background-type":"","background-media":"","overlay-type":"","overlay-color":"","overlay-opacity":"","overlay-gradient":""},"tablet":{"background-color":"","background-image":"","background-repeat":"repeat","background-position":"center center","background-size":"auto","background-attachment":"scroll","background-type":"","background-media":"","overlay-type":"","overlay-color":"","overlay-opacity":"","overlay-gradient":""},"mobile":{"background-color":"","background-image":"","background-repeat":"repeat","background-position":"center center","background-size":"auto","background-attachment":"scroll","background-type":"","background-media":"","overlay-type":"","overlay-color":"","overlay-opacity":"","overlay-gradient":""}},"ast-content-background-meta":{"desktop":{"background-color":"var(--ast-global-color-4)","background-image":"","background-repeat":"repeat","background-position":"center center","background-size":"auto","background-attachment":"scroll","background-type":"","background-media":"","overlay-type":"","overlay-color":"","overlay-opacity":"","overlay-gradient":""},"tablet":{"background-color":"var(--ast-global-color-4)","background-image":"","background-repeat":"repeat","background-position":"center center","background-size":"auto","background-attachment":"scroll","background-type":"","background-media":"","overlay-type":"","overlay-color":"","overlay-opacity":"","overlay-gradient":""},"mobile":{"background-color":"var(--ast-global-color-4)","background-image":"","background-repeat":"repeat","background-position":"center center","background-size":"auto","background-attachment":"scroll","background-type":"","background-media":"","overlay-type":"","overlay-color":"","overlay-opacity":"","overlay-gradient":""}}},"animal":[119,150],"product_brand":[],"product_cat":[233],"product_tag":[279],"class_list":{"0":"post-3674","1":"product","2":"type-product","3":"status-publish","4":"has-post-thumbnail","6":"animal-cao","7":"animal-roedor","8":"product_cat-leites-maternizados-enriquecidos-animais","9":"product_tag-plantillac","10":"desktop-align-left","11":"tablet-align-left","12":"mobile-align-left","14":"first","15":"instock","16":"shipping-taxable","17":"product-type-simple"},"acf":{"title_indications":"","description_indication":"","items_indication":[{"imagen":"","title":"Cuidados e riscos em filhotes rec\u00e9m-nascidos","description":"Filhotes rec\u00e9m-nascidos ou com poucas semanas de vida podem ter seu desenvolvimento adequado interrompido se n\u00e3o tiverem condi\u00e7\u00f5es e alimenta\u00e7\u00e3o adequadas, especialmente se faltarem leite materno.\r\n\r\nEntre os problemas que podem surgir est\u00e3o a desnutri\u00e7\u00e3o, a desidrata\u00e7\u00e3o e a imunidade comprometida. O leite materno fornece nutrientes e imunidade passiva (anticorpos da m\u00e3e), protegendo o rec\u00e9m-nascido de infe\u00e7\u00f5es e doen\u00e7as."},{"imagen":3678,"title":"Alguns cuidados recomendados para um filhote rec\u00e9m-nascido, especialmente se a m\u00e3e estiver ausente, s\u00e3o:","description":"Alimenta\u00e7\u00e3o correta, com nutrientes essenciais que contribuem para um desenvolvimento e crescimento adequados.\r\n\r\nLimpeza como a m\u00e3e faria. Limpar com um pano h\u00famido, esfregando o abd\u00f3men em dire\u00e7\u00e3o ao \u00e2nus (para estimular a digest\u00e3o).\r\n\r\n&nbsp;\r\n\r\n&nbsp;"},{"imagen":3679,"title":"","description":"Fornecer uma fonte de calor e garantir que a cama esteja sempre seca.\r\n\r\nEstimular o movimento, mas lembre-se de que n\u00e3o devem sair para passear sem a vacina\u00e7\u00e3o completa."}],"title_beneficios":"Em que ajuda o Lactadiet c\u00e3es com colostro ao desenvolvimento dos filhotes.","description_benefits":"","items_benefits":[{"imagen":1251,"title":"O desenvolvimento de filhotes rec\u00e9m-nascidos","description":"Para filhotes \u00f3rf\u00e3os, incapazes de mamar ou com problemas de amamenta\u00e7\u00e3o. O Lactadiet c\u00e3es com colostro \u00e9 uma fonte de nutrientes adequados para o desenvolvimento correto.\r\n\r\n&nbsp;"},{"imagen":1237,"title":"O desenvolvimento normal dos tecidos cerebrais e visuais","description":"Em c\u00e3es rec\u00e9m-nascidos ou com poucos meses de vida.\r\n\r\n&nbsp;\r\n\r\n&nbsp;"},{"imagen":1238,"title":"","description":"O apoio ao sistema imunit\u00e1rio normal"}],"items_presentaciones":[{"title":"Lactadiet\u00ae C\u00e3es com Colostro","description":"Caixa de 300 g com 40 envelopes de 7,5 g cada (inclui mamadeira e 3 bicos do tamanho adequado para o filhote).\r\n\r\n&nbsp;","imagen":3675},{"title":"","description":"Caixa de 1.005 g com 134 envelopes de 7,5 g cada (inclui mamadeira e 3 bicos do tamanho adequado para o filhote).\r\n\r\n&nbsp;","imagen":3677}],"description_ingredients":"","items_ingredients":[{"title":"Minerais\r\n\r\n&nbsp;","description":"C\u00e1lcio, f\u00f3sforo, magn\u00e9sio, pot\u00e1ssio, cloro, mangan\u00eas, zinco, cobre, ferro, sel\u00eanio e iodo. Entre muitas fun\u00e7\u00f5es, contribuem para o desenvolvimento adequado dos filhotes.\r\n\r\n&nbsp;"},{"title":"Vitaminas hidrossol\u00faveis e lipossol\u00faveis\r\n\r\n&nbsp;\r\n\r\n&nbsp;","description":"Vitamina A e vitaminas do grupo B: niacina (B3), tiamina (B1), riboflavina (B2), cloreto de colina, \u00e1cido pantot\u00eanico, piridoxina (B6), biotina, \u00e1cido f\u00f3lico e cianocobalamina (B12), vitamina C, vitamina D3, vitamina E, vitamina K. que contribuem para o desenvolvimento correto nas fases iniciais do crescimento do animal.\r\n\r\n&nbsp;\r\n\r\n&nbsp;"},{"title":"\u00c1cidos graxos\r\n\r\n&nbsp;\r\n\r\n&nbsp;","description":"\u00c1cido linoleico (\u00f4mega 6), \u00e1cido linol\u00eanico (\u00f4mega 3), EPA + DHA (\u00f4mega 3). Contribuem para o desenvolvimento adequado dos diferentes \u00f3rg\u00e3os corporais.\r\n\r\n&nbsp;\r\n\r\n&nbsp;"},{"title":"Colostro\r\n\r\n&nbsp;\r\n\r\n&nbsp;","description":"\u00c9 uma fonte elevada de prote\u00ednas e outros nutrientes com um papel fundamental no desenvolvimento do sistema imunol\u00f3gico do filhote.\r\n\r\n&nbsp;\r\n\r\n&nbsp;"}],"video":"","items_Instructions_for_use":[{"title":"Gerais","description":"Via oral.\r\n<ol>\r\n \t<li>Aquecer a \u00e1gua at\u00e9 uma temperatura aproximada de 40 \u00b0C.<\/li>\r\n \t<li>Verter para o biber\u00e3o e adicionar, de seguida, 1 saqueta de leite maternizado em p\u00f3 por cada 30 ml de \u00e1gua.<\/li>\r\n \t<li>Agitar at\u00e9 obter uma mistura homog\u00e9nea.<\/li>\r\n \t<li>Administrar no prazo m\u00e1ximo de uma hora ap\u00f3s a prepara\u00e7\u00e3o.<\/li>\r\n \t<li>Depois de reconstitu\u00eddo, conservar no frigor\u00edfico.<\/li>\r\n \t<li>Agitar antes de utilizar.<\/li>\r\n<\/ol>"},{"title":"C\u00e3es e roedores","description":"O n\u00famero de tomas por dia e a quantidade di\u00e1ria de leite maternizado variam de acordo com a idade e o peso de cada filhote. * Tabela orientativa do volume de leite necess\u00e1rio para um bom desenvolvimento do filhote:\r\n\r\n&nbsp;\r\n\r\n<img src=\"https:\/\/beta.pharmadiet.com\/pt\/wp-content\/uploads\/2025\/11\/Instrucciones-lactadiet-perros.png\" \/>\r\n\r\n*A partir da 4\u00aa semana e at\u00e9 ao final do desmame, o n\u00famero de tomas di\u00e1rias e a quantidade de leite maternizado ser\u00e3o estabelecidos conforme necess\u00e1rio.\r\n\r\n&nbsp;"}],"image_banner_scientific_study_copiar":"","title_banner_scientific_study":"","description_banner_scientific_study":"","Scientific_study_banner":"","studies":null,"bibliografy_text":"","features":[{"image":1262,"title":"Sem prote\u00ednas de Frango."},{"image":1222,"title":"Cont\u00e9m Mamadeira com 3 bicos"},{"image":1267,"title":"Sem conservantes"}],"ficha_tecnica":3676},"_links":{"self":[{"href":"https:\/\/beta.pharmadiet.com\/pt\/wp-json\/wp\/v2\/product\/3674","targetHints":{"allow":["GET"]}}],"collection":[{"href":"https:\/\/beta.pharmadiet.com\/pt\/wp-json\/wp\/v2\/product"}],"about":[{"href":"https:\/\/beta.pharmadiet.com\/pt\/wp-json\/wp\/v2\/types\/product"}],"replies":[{"embeddable":true,"href":"https:\/\/beta.pharmadiet.com\/pt\/wp-json\/wp\/v2\/comments?post=3674"}],"version-history":[{"count":9,"href":"https:\/\/beta.pharmadiet.com\/pt\/wp-json\/wp\/v2\/product\/3674\/revisions"}],"predecessor-version":[{"id":17641,"href":"https:\/\/beta.pharmadiet.com\/pt\/wp-json\/wp\/v2\/product\/3674\/revisions\/17641"}],"wp:featuredmedia":[{"embeddable":true,"href":"https:\/\/beta.pharmadiet.com\/pt\/wp-json\/wp\/v2\/media\/3675"}],"wp:attachment":[{"href":"https:\/\/beta.pharmadiet.com\/pt\/wp-json\/wp\/v2\/media?parent=3674"}],"wp:term":[{"taxonomy":"animal","embeddable":true,"href":"https:\/\/beta.pharmadiet.com\/pt\/wp-json\/wp\/v2\/animal?post=3674"},{"taxonomy":"product_brand","embeddable":true,"href":"https:\/\/beta.pharmadiet.com\/pt\/wp-json\/wp\/v2\/product_brand?post=3674"},{"taxonomy":"product_cat","embeddable":true,"href":"https:\/\/beta.pharmadiet.com\/pt\/wp-json\/wp\/v2\/product_cat?post=3674"},{"taxonomy":"product_tag","embeddable":true,"href":"https:\/\/beta.pharmadiet.com\/pt\/wp-json\/wp\/v2\/product_tag?post=3674"}],"curies":[{"name":"wp","href":"https:\/\/api.w.org\/{rel}","templated":true}]}}