{"id":3656,"date":"2025-07-31T17:07:38","date_gmt":"2025-07-31T15:07:38","guid":{"rendered":"https:\/\/beta.pharmadiet.com\/?post_type=product&#038;p=3656"},"modified":"2026-01-28T17:30:54","modified_gmt":"2026-01-28T16:30:54","slug":"lactadiet-gatos-colostro","status":"publish","type":"product","link":"https:\/\/beta.pharmadiet.com\/pt\/productos\/lactadiet-gatos-colostro\/","title":{"rendered":"Lactadiet\u00ae Gatos com Colostro"},"content":{"rendered":"<p>Lactadiet\u00ae Gatos com Colostro fornece nutrientes que ajudam a:<\/p>\n<ul>\n<li>O desenvolvimento de crias rec\u00e9m-nascidas \u00f3rf\u00e3s, incapazes de mamar ou com outros problemas de amamenta\u00e7\u00e3o.<\/li>\n<li>O desenvolvimento dos tecidos cerebrais e visuais em gatos rec\u00e9m-nascidos ou com poucas semanas de idade.<\/li>\n<li>O apoio ao sistema imunit\u00e1rio.<\/li>\n<\/ul>\n","protected":false},"excerpt":{"rendered":"<p>Alimento complementar de lacta\u00e7\u00e3o enriquecido com nutrientes que contribuem para o desenvolvimento dos gatinhos desde o nascimento at\u00e9 o desmame. Com colostro. Indicado para gatos e fur\u00f5es.<\/p>\n<p>&nbsp;<\/p>\n","protected":false},"featured_media":3657,"comment_status":"open","ping_status":"closed","template":"","meta":{"_acf_changed":false,"site-sidebar-layout":"default","site-content-layout":"","ast-site-content-layout":"default","site-content-style":"default","site-sidebar-style":"default","ast-global-header-display":"","ast-banner-title-visibility":"","ast-main-header-display":"","ast-hfb-above-header-display":"","ast-hfb-below-header-display":"","ast-hfb-mobile-header-display":"","site-post-title":"","ast-breadcrumbs-content":"","ast-featured-img":"","footer-sml-layout":"","theme-transparent-header-meta":"default","adv-header-id-meta":"","stick-header-meta":"","header-above-stick-meta":"","header-main-stick-meta":"","header-below-stick-meta":"","astra-migrate-meta-layouts":"set","ast-page-background-enabled":"default","ast-page-background-meta":{"desktop":{"background-color":"var(--ast-global-color-5)","background-image":"","background-repeat":"repeat","background-position":"center center","background-size":"auto","background-attachment":"scroll","background-type":"","background-media":"","overlay-type":"","overlay-color":"","overlay-opacity":"","overlay-gradient":""},"tablet":{"background-color":"","background-image":"","background-repeat":"repeat","background-position":"center center","background-size":"auto","background-attachment":"scroll","background-type":"","background-media":"","overlay-type":"","overlay-color":"","overlay-opacity":"","overlay-gradient":""},"mobile":{"background-color":"","background-image":"","background-repeat":"repeat","background-position":"center center","background-size":"auto","background-attachment":"scroll","background-type":"","background-media":"","overlay-type":"","overlay-color":"","overlay-opacity":"","overlay-gradient":""}},"ast-content-background-meta":{"desktop":{"background-color":"var(--ast-global-color-4)","background-image":"","background-repeat":"repeat","background-position":"center center","background-size":"auto","background-attachment":"scroll","background-type":"","background-media":"","overlay-type":"","overlay-color":"","overlay-opacity":"","overlay-gradient":""},"tablet":{"background-color":"var(--ast-global-color-4)","background-image":"","background-repeat":"repeat","background-position":"center center","background-size":"auto","background-attachment":"scroll","background-type":"","background-media":"","overlay-type":"","overlay-color":"","overlay-opacity":"","overlay-gradient":""},"mobile":{"background-color":"var(--ast-global-color-4)","background-image":"","background-repeat":"repeat","background-position":"center center","background-size":"auto","background-attachment":"scroll","background-type":"","background-media":"","overlay-type":"","overlay-color":"","overlay-opacity":"","overlay-gradient":""}}},"animal":[118,117],"product_brand":[],"product_cat":[233],"product_tag":[279],"class_list":{"0":"post-3656","1":"product","2":"type-product","3":"status-publish","4":"has-post-thumbnail","6":"animal-furao","7":"animal-gato","8":"product_cat-leites-maternizados-enriquecidos-animais","9":"product_tag-plantillac","10":"desktop-align-left","11":"tablet-align-left","12":"mobile-align-left","14":"first","15":"instock","16":"shipping-taxable","17":"product-type-simple"},"acf":{"title_indications":"Como cuidar de um gato rec\u00e9m-nascido: problemas de amamenta\u00e7\u00e3o e mais","description_indication":"Gatos rec\u00e9m-nascidos \u00f3rf\u00e3os ou com dificuldades para mamar podem ter problemas que comprometam sua sa\u00fade, qualidade de vida e sobreviv\u00eancia.\r\n\r\nEntre os problemas mais urgentes enfrentados por um filhote rec\u00e9m-nascido ou com poucos dias de vida:\r\n\r\n&nbsp;","items_indication":[{"imagen":3663,"title":"Desnutri\u00e7\u00e3o","description":"Falta de nutrientes essenciais obtidos naturalmente do leite materno.\r\n\r\n&nbsp;\r\n\r\n&nbsp;"},{"imagen":3662,"title":"Desidrata\u00e7\u00e3o","description":"A falta de amamenta\u00e7\u00e3o pode levar \u00e0 desidrata\u00e7\u00e3o de gatos e fur\u00f5es que a leite materno fornece.\r\n\r\n&nbsp;\r\n\r\n&nbsp;"},{"imagen":3664,"title":"Imunidade comprometida","description":"O leite materno tamb\u00e9m fornece imunidade passiva por meio de anticorpos da m\u00e3e. Sem essa prote\u00e7\u00e3o natural, eles s\u00e3o mais suscet\u00edveis a infec\u00e7\u00f5es e doen\u00e7as.\r\n\r\n&nbsp;\r\n\r\n&nbsp;"},{"imagen":3665,"title":"Problemas de desenvolvimento","description":"A falta de um alimento adequado durante as primeiras semanas de vida pode afetar negativamente o desenvolvimento f\u00edsico e cognitivo dos filhotes.\r\n\r\n&nbsp;\r\n\r\n&nbsp;"}],"title_beneficios":"Em que Lactadiet gatos com colostro ajuda no desenvolvimento dos filhotes.","description_benefits":"Suplemento alimentar de lacta\u00e7\u00e3o para gatos e fur\u00f5es rec\u00e9m-nascidos com nutrientes que ajudam:\r\n\r\n&nbsp;","items_benefits":[{"imagen":1251,"title":"O desenvolvimento de filhotes rec\u00e9m-nascidos","description":"Lactadiet \u00e9 uma fonte de nutrientes adequados para o desenvolvimento e crescimento dos filhotes.\r\n\r\n&nbsp;\r\n\r\n&nbsp;"},{"imagen":1238,"title":"O crescimento normal dos tecidos cerebrais e visuais","description":"Seus minerais, \u00e1cidos graxos e vitaminas contribuem para o desenvolvimento normal das c\u00e9lulas do animal.\r\n\r\n&nbsp;\r\n\r\n&nbsp;"}],"items_presentaciones":[{"title":"Lactadiet\u00ae Gatos com Colostro","description":"<div class=\"bde-column-199-104-17424-1-199-2 bde-column bde-column-199-104\">\r\n<div class=\"bde-rich-text-199-116-17424-1-199-2 bde-rich-text bde-rich-text-199-116 breakdance-rich-text-styles\">\r\n<div class=\"bde-column-199-104-981-1-199-2 bde-column bde-column-199-104\">\r\n<div class=\"bde-rich-text-199-116-981-1-199-2 bde-rich-text bde-rich-text-199-116 breakdance-rich-text-styles\">\r\n<div class=\"bde-column-199-104-963-1-199-2 bde-column bde-column-199-104\">\r\n<div class=\"bde-rich-text-199-116-963-1-199-2 bde-rich-text bde-rich-text-199-116 breakdance-rich-text-styles\">\r\n<div class=\"bde-column-199-104-1050-1-199-2 bde-column bde-column-199-104\">\r\n<div class=\"bde-rich-text-199-116-1050-1-199-2 bde-rich-text bde-rich-text-199-116 breakdance-rich-text-styles\">\r\n<div class=\"bde-column-199-104-1000-1-199-2 bde-column bde-column-199-104\">\r\n<div class=\"bde-rich-text-199-116-1000-1-199-2 bde-rich-text bde-rich-text-199-116 breakdance-rich-text-styles\">\r\n<div class=\"bde-column-199-104-1085-1-199-2 bde-column bde-column-199-104\">\r\n<div class=\"bde-rich-text-199-116-1085-1-199-2 bde-rich-text bde-rich-text-199-116 breakdance-rich-text-styles\">\r\n<div class=\"bde-column-199-104-1091-1-199-2 bde-column bde-column-199-104\">\r\n<div class=\"bde-rich-text-199-116-1091-1-199-2 bde-rich-text bde-rich-text-199-116 breakdance-rich-text-styles\">\r\n<div class=\"bde-column-199-104-1124-1-199-2 bde-column bde-column-199-104\">\r\n<div class=\"bde-rich-text-199-116-1124-1-199-2 bde-rich-text bde-rich-text-199-116 breakdance-rich-text-styles\">\r\n<div class=\"bde-column-199-104-1100-1-199-2 bde-column bde-column-199-104\">\r\n<div class=\"bde-rich-text-199-116-1100-1-199-2 bde-rich-text bde-rich-text-199-116 breakdance-rich-text-styles\">\r\n\r\nCaixa de 300 g com 40 envelopes de 7,5 g cada (inclui mamadeira e 2 bicos de tamanho adequado para o filhote).\r\n\r\n&nbsp;\r\n\r\n&nbsp;\r\n\r\n<\/div>\r\n<\/div>\r\n<div class=\"bde-column-199-105-1100-1-199-2 bde-column bde-column-199-105\">\r\n<div class=\"bde-image-199-108-1100-1-199-2 bde-image bde-image-199-108\">\r\n<figure class=\"breakdance-image breakdance-image--1102\">\r\n<div class=\"breakdance-image-container\"><\/div><\/figure>\r\n<\/div>\r\n<\/div>\r\n<\/div>\r\n<\/div>\r\n<div class=\"bde-column-199-105-1124-1-199-2 bde-column bde-column-199-105\">\r\n<div class=\"bde-image-199-108-1124-1-199-2 bde-image bde-image-199-108\">\r\n<figure class=\"breakdance-image breakdance-image--1125\">\r\n<div class=\"breakdance-image-container\"><\/div><\/figure>\r\n<\/div>\r\n<\/div>\r\n<\/div>\r\n<\/div>\r\n<div class=\"bde-column-199-105-1091-1-199-2 bde-column bde-column-199-105\">\r\n<div class=\"bde-image-199-108-1091-1-199-2 bde-image bde-image-199-108\">\r\n<figure class=\"breakdance-image breakdance-image--1093\">\r\n<div class=\"breakdance-image-container\"><\/div><\/figure>\r\n<\/div>\r\n<\/div>\r\n<\/div>\r\n<\/div>\r\n<\/div>\r\n<\/div>\r\n<div class=\"bde-column-199-105-1000-1-199-2 bde-column bde-column-199-105\">\r\n<div class=\"bde-image-199-108-1000-1-199-2 bde-image bde-image-199-108\">\r\n<figure class=\"breakdance-image breakdance-image--1001\">\r\n<div class=\"breakdance-image-container\"><\/div><\/figure>\r\n<\/div>\r\n<\/div>\r\n<\/div>\r\n<\/div>\r\n<div class=\"bde-column-199-105-1050-1-199-2 bde-column bde-column-199-105\">\r\n<div class=\"bde-image-199-108-1050-1-199-2 bde-image bde-image-199-108\">\r\n<figure class=\"breakdance-image breakdance-image--1053\">\r\n<div class=\"breakdance-image-container\"><\/div><\/figure>\r\n<\/div>\r\n<\/div>\r\n<\/div>\r\n<\/div>\r\n<div class=\"bde-column-199-105-963-1-199-2 bde-column bde-column-199-105\">\r\n<div class=\"bde-image-199-108-963-1-199-2 bde-image bde-image-199-108\">\r\n<figure class=\"breakdance-image breakdance-image--977\">\r\n<div class=\"breakdance-image-container\"><\/div><\/figure>\r\n<\/div>\r\n<\/div>\r\n<\/div>\r\n<\/div>\r\n<div class=\"bde-column-199-105-981-1-199-2 bde-column bde-column-199-105\">\r\n<div class=\"bde-image-199-108-981-1-199-2 bde-image bde-image-199-108\">\r\n<figure class=\"breakdance-image breakdance-image--982\">\r\n<div class=\"breakdance-image-container\"><\/div><\/figure>\r\n<\/div>\r\n<\/div>\r\n<\/div>\r\n<\/div>","imagen":3657},{"title":"","description":"<div class=\"bde-column-199-104-1100-2-199-2 bde-column bde-column-199-104\">\r\n<div class=\"bde-rich-text-199-116-1100-2-199-2 bde-rich-text bde-rich-text-199-116 breakdance-rich-text-styles\">\r\n\r\nCaixa de 1.005 g com 134 envelopes de 7,5 g cada (inclui mamadeira e 2 bicos de tamanho adequado para o filhote).\r\n\r\n&nbsp;\r\n\r\n&nbsp;\r\n\r\n<\/div>\r\n<\/div>\r\n<div class=\"bde-column-199-105-1100-2-199-2 bde-column bde-column-199-105\">\r\n<div class=\"bde-image-199-108-1100-2-199-2 bde-image bde-image-199-108\">\r\n<figure class=\"breakdance-image breakdance-image--1101\">\r\n<div class=\"breakdance-image-container\"><\/div><\/figure>\r\n<\/div>\r\n<\/div>","imagen":3661}],"description_ingredients":"<div class=\"bde-rich-text-130-203 bde-rich-text breakdance-rich-text-styles\">\r\n\r\n&nbsp;\r\n\r\n<\/div>\r\n<div class=\"bde-fancy-divider-130-154 bde-fancy-divider\">\r\n<div class=\"bde-fancy-divider__wrapper\"><\/div>\r\n<\/div>","items_ingredients":[{"title":"<div class=\"bde-column-206-101-17424-1-206-3 bde-column bde-column-206-101\">\r\n<div class=\"bde-text-206-102-17424-1-206-3 bde-text bde-text-206-102\">\r\n<div class=\"bde-column-206-101-1050-1-206-3 bde-column bde-column-206-101\">\r\n<div class=\"bde-text-206-102-1050-1-206-3 bde-text bde-text-206-102\">\r\n<div class=\"bde-column-206-101-1000-1-206-3 bde-column bde-column-206-101\">\r\n<div class=\"bde-text-206-102-1000-1-206-3 bde-text bde-text-206-102\">\r\n<div class=\"bde-column-206-101-1085-1-206-3 bde-column bde-column-206-101\">\r\n<div class=\"bde-text-206-102-1085-1-206-3 bde-text bde-text-206-102\">\r\n<div class=\"bde-column-206-101-1091-1-206-3 bde-column bde-column-206-101\">\r\n<div class=\"bde-text-206-102-1091-1-206-3 bde-text bde-text-206-102\">\r\n<div class=\"bde-column-206-101-1124-1-206-3 bde-column bde-column-206-101\">\r\n<div class=\"bde-text-206-102-1124-1-206-3 bde-text bde-text-206-102\">\r\n<div class=\"bde-column-206-101-1100-1-206-3 bde-column bde-column-206-101\">\r\n<div class=\"bde-text-206-102-1100-1-206-3 bde-text bde-text-206-102\">\r\n\r\nMinerais\r\n\r\n<\/div>\r\n<\/div>\r\n<div class=\"bde-column-206-103-1100-1-206-3 bde-column bde-column-206-103\">\r\n<div class=\"bde-rich-text-206-104-1100-1-206-3 bde-rich-text bde-rich-text-206-104 breakdance-rich-text-styles\"><\/div>\r\n<\/div>\r\n<\/div>\r\n<\/div>\r\n<div class=\"bde-column-206-103-1124-1-206-3 bde-column bde-column-206-103\">\r\n<div class=\"bde-rich-text-206-104-1124-1-206-3 bde-rich-text bde-rich-text-206-104 breakdance-rich-text-styles\"><\/div>\r\n<\/div>\r\n<\/div>\r\n<\/div>\r\n<\/div>\r\n<\/div>\r\n<div class=\"bde-column-206-103-1085-1-206-3 bde-column bde-column-206-103\">\r\n<div class=\"bde-rich-text-206-104-1085-1-206-3 bde-rich-text bde-rich-text-206-104 breakdance-rich-text-styles\"><\/div>\r\n<\/div>\r\n<\/div>\r\n<\/div>\r\n<div class=\"bde-column-206-103-1000-1-206-3 bde-column bde-column-206-103\">\r\n<div class=\"bde-rich-text-206-104-1000-1-206-3 bde-rich-text bde-rich-text-206-104 breakdance-rich-text-styles\">\r\n<p class=\"p1\"><\/p>\r\n\r\n<\/div>\r\n<\/div>\r\n<\/div>\r\n<\/div>\r\n<\/div>\r\n<\/div>","description":"<article class=\"bde-loop-item ee-post bde-dynamic-repeater-item\">\r\n<div class=\"bde-columns-206-100-1085-1-206-3 bde-columns bde-columns-206-100\">\r\n<div class=\"bde-column-206-103-1085-1-206-3 bde-column bde-column-206-103\">\r\n<div class=\"bde-rich-text-206-104-1085-1-206-3 bde-rich-text bde-rich-text-206-104 breakdance-rich-text-styles\"><article class=\"bde-loop-item ee-post bde-dynamic-repeater-item\">\r\n<div class=\"bde-columns-206-100-1100-1-206-3 bde-columns bde-columns-206-100\">\r\n<div class=\"bde-column-206-103-1100-1-206-3 bde-column bde-column-206-103\">\r\n<div class=\"bde-rich-text-206-104-1100-1-206-3 bde-rich-text bde-rich-text-206-104 breakdance-rich-text-styles\">\r\n\r\nC\u00e1lcio, f\u00f3sforo, magn\u00e9sio, pot\u00e1ssio, cloro, mangan\u00eas, zinco, cobre, ferro, sel\u00eanio e iodo. Entre muitas fun\u00e7\u00f5es, contribuem para o desenvolvimento adequado dos filhotes.\r\n\r\n&nbsp;\r\n\r\n<\/div>\r\n<\/div>\r\n<\/div>\r\n<\/article><article class=\"bde-loop-item ee-post bde-dynamic-repeater-item\">\r\n<div class=\"bde-columns-206-100-1100-2-206-3 bde-columns bde-columns-206-100\">\r\n<div class=\"bde-column-206-101-1100-2-206-3 bde-column bde-column-206-101\">\r\n<div class=\"bde-text-206-102-1100-2-206-3 bde-text bde-text-206-102\"><\/div>\r\n<\/div>\r\n<\/div>\r\n<\/article><\/div>\r\n<\/div>\r\n<\/div>\r\n<\/article>"},{"title":"<div class=\"bde-column-206-101-17424-2-206-3 bde-column bde-column-206-101\">\r\n<div class=\"bde-text-206-102-17424-2-206-3 bde-text bde-text-206-102\">\r\n<div class=\"bde-column-206-101-1050-2-206-3 bde-column bde-column-206-101\">\r\n<div class=\"bde-text-206-102-1050-2-206-3 bde-text bde-text-206-102\">\r\n<div class=\"bde-column-206-101-1000-2-206-3 bde-column bde-column-206-101\">\r\n<div class=\"bde-text-206-102-1000-2-206-3 bde-text bde-text-206-102\">\r\n<div class=\"bde-column-206-101-1085-2-206-3 bde-column bde-column-206-101\">\r\n<div class=\"bde-text-206-102-1085-2-206-3 bde-text bde-text-206-102\">\r\n<div class=\"bde-column-206-101-1124-2-206-2 bde-column bde-column-206-101\">\r\n<div class=\"bde-text-206-102-1124-2-206-2 bde-text bde-text-206-102\">\r\n<div class=\"bde-column-206-101-1100-2-206-3 bde-column bde-column-206-101\">\r\n<div class=\"bde-text-206-102-1100-2-206-3 bde-text bde-text-206-102\">\r\n\r\nVitaminas hidrossol\u00faveis e lipossol\u00faveis\r\n\r\n&nbsp;\r\n\r\n<\/div>\r\n<\/div>\r\n<div class=\"bde-column-206-103-1100-2-206-3 bde-column bde-column-206-103\">\r\n<div class=\"bde-rich-text-206-104-1100-2-206-3 bde-rich-text bde-rich-text-206-104 breakdance-rich-text-styles\"><\/div>\r\n<\/div>\r\n<\/div>\r\n<\/div>\r\n<div class=\"bde-column-206-103-1124-2-206-2 bde-column bde-column-206-103\">\r\n<div class=\"bde-rich-text-206-104-1124-2-206-2 bde-rich-text bde-rich-text-206-104 breakdance-rich-text-styles\"><\/div>\r\n<\/div>\r\n<\/div>\r\n<\/div>\r\n<div class=\"bde-column-206-103-1085-2-206-3 bde-column bde-column-206-103\">\r\n<div class=\"bde-rich-text-206-104-1085-2-206-3 bde-rich-text bde-rich-text-206-104 breakdance-rich-text-styles\"><\/div>\r\n<\/div>\r\n<\/div>\r\n<\/div>\r\n<\/div>\r\n<\/div>\r\n<\/div>\r\n<\/div>","description":"<article class=\"bde-loop-item ee-post bde-dynamic-repeater-item\">\r\n<div class=\"bde-columns-206-100-1085-2-206-3 bde-columns bde-columns-206-100\">\r\n<div class=\"bde-column-206-103-1085-2-206-3 bde-column bde-column-206-103\">\r\n<div class=\"bde-rich-text-206-104-1085-2-206-3 bde-rich-text bde-rich-text-206-104 breakdance-rich-text-styles\"><article class=\"bde-loop-item ee-post bde-dynamic-repeater-item\">\r\n<div class=\"bde-columns-206-100-1100-2-206-3 bde-columns bde-columns-206-100\">\r\n<div class=\"bde-column-206-103-1100-2-206-3 bde-column bde-column-206-103\">\r\n<div class=\"bde-rich-text-206-104-1100-2-206-3 bde-rich-text bde-rich-text-206-104 breakdance-rich-text-styles\">\r\n\r\nVitamina A e vitaminas do complexo B: niacina (B3), tiamina (B1), riboflavina (B2), colina (cloridrato de colina), \u00e1cido pantot\u00eanico, piridoxina (B6), biotina, \u00e1cido f\u00f3lico e cianocobalamina (B12), vitamina C, vitamina D3, vitamina E, vitamina K. Que contribuem para o desenvolvimento adequado nas fases iniciais de crescimento do animal.\r\n\r\n&nbsp;\r\n\r\n<\/div>\r\n<\/div>\r\n<\/div>\r\n<\/article><article class=\"bde-loop-item ee-post bde-dynamic-repeater-item\">\r\n<div class=\"bde-columns-206-100-1100-3-206-2 bde-columns bde-columns-206-100\">\r\n<div class=\"bde-column-206-101-1100-3-206-2 bde-column bde-column-206-101\">\r\n<div class=\"bde-text-206-102-1100-3-206-2 bde-text bde-text-206-102\"><\/div>\r\n<\/div>\r\n<\/div>\r\n<\/article><\/div>\r\n<\/div>\r\n<\/div>\r\n<\/article><article class=\"bde-loop-item ee-post bde-dynamic-repeater-item\">\r\n<div class=\"bde-columns-206-100-1085-3-206-3 bde-columns bde-columns-206-100\">\r\n<div class=\"bde-column-206-101-1085-3-206-3 bde-column bde-column-206-101\">\r\n<div class=\"bde-text-206-102-1085-3-206-3 bde-text bde-text-206-102\"><article class=\"bde-loop-item ee-post bde-dynamic-repeater-item\">\r\n<div class=\"bde-columns-206-100-1124-3-206-2 bde-columns bde-columns-206-100\">\r\n<div class=\"bde-column-206-101-1124-3-206-2 bde-column bde-column-206-101\">\r\n<div class=\"bde-text-206-102-1124-3-206-2 bde-text bde-text-206-102\"><\/div>\r\n<\/div>\r\n<\/div>\r\n<\/article><\/div>\r\n<\/div>\r\n<\/div>\r\n<\/article>"},{"title":"<div class=\"bde-column-206-101-17424-3-206-3 bde-column bde-column-206-101\">\r\n<div class=\"bde-text-206-102-17424-3-206-3 bde-text bde-text-206-102\">\r\n<div class=\"bde-column-206-101-1050-3-206-3 bde-column bde-column-206-101\">\r\n<div class=\"bde-text-206-102-1050-3-206-3 bde-text bde-text-206-102\">\r\n<div class=\"bde-column-206-101-1000-3-206-2 bde-column bde-column-206-101\">\r\n<div class=\"bde-text-206-102-1000-3-206-2 bde-text bde-text-206-102\">\r\n<div class=\"bde-column-206-101-1085-3-206-3 bde-column bde-column-206-101\">\r\n<div class=\"bde-text-206-102-1085-3-206-3 bde-text bde-text-206-102\">\r\n<div class=\"bde-column-206-101-1124-3-206-2 bde-column bde-column-206-101\">\r\n<div class=\"bde-text-206-102-1124-3-206-2 bde-text bde-text-206-102\">\r\n<div class=\"bde-column-206-101-1100-3-206-2 bde-column bde-column-206-101\">\r\n<div class=\"bde-text-206-102-1100-3-206-2 bde-text bde-text-206-102\">\r\n\r\n\u00c1cidos graxos\r\n\r\n&nbsp;\r\n\r\n<\/div>\r\n<\/div>\r\n<div class=\"bde-column-206-103-1100-3-206-2 bde-column bde-column-206-103\">\r\n<div class=\"bde-rich-text-206-104-1100-3-206-2 bde-rich-text bde-rich-text-206-104 breakdance-rich-text-styles\"><\/div>\r\n<\/div>\r\n<\/div>\r\n<\/div>\r\n<div class=\"bde-column-206-103-1124-3-206-2 bde-column bde-column-206-103\">\r\n<div class=\"bde-rich-text-206-104-1124-3-206-2 bde-rich-text bde-rich-text-206-104 breakdance-rich-text-styles\"><\/div>\r\n<\/div>\r\n<\/div>\r\n<\/div>\r\n<div class=\"bde-column-206-103-1085-3-206-3 bde-column bde-column-206-103\">\r\n<div class=\"bde-rich-text-206-104-1085-3-206-3 bde-rich-text bde-rich-text-206-104 breakdance-rich-text-styles\"><\/div>\r\n<\/div>\r\n<\/div>\r\n<\/div>\r\n<\/div>\r\n<\/div>\r\n<\/div>\r\n<\/div>","description":"<article class=\"bde-loop-item ee-post bde-dynamic-repeater-item\">\r\n<div class=\"bde-columns-206-100-1085-3-206-3 bde-columns bde-columns-206-100\">\r\n<div class=\"bde-column-206-103-1085-3-206-3 bde-column bde-column-206-103\">\r\n<div class=\"bde-rich-text-206-104-1085-3-206-3 bde-rich-text bde-rich-text-206-104 breakdance-rich-text-styles\"><article class=\"bde-loop-item ee-post bde-dynamic-repeater-item\">\r\n<div class=\"bde-columns-206-100-1100-3-206-2 bde-columns bde-columns-206-100\">\r\n<div class=\"bde-column-206-103-1100-3-206-2 bde-column bde-column-206-103\">\r\n<div class=\"bde-rich-text-206-104-1100-3-206-2 bde-rich-text bde-rich-text-206-104 breakdance-rich-text-styles\">\r\n\r\n\u00c1cido linoleico (\u00f4mega 6), \u00e1cido linol\u00eanico (\u00f4mega 3), EPA + DHA (\u00f4mega 3). Contribuem para o desenvolvimento adequado dos diferentes \u00f3rg\u00e3os corporais.\r\n\r\n&nbsp;\r\n\r\n<\/div>\r\n<\/div>\r\n<\/div>\r\n<\/article><article class=\"bde-loop-item ee-post bde-dynamic-repeater-item\">\r\n<div class=\"bde-columns-206-100-1100-4-206-2 bde-columns bde-columns-206-100\">\r\n<div class=\"bde-column-206-101-1100-4-206-2 bde-column bde-column-206-101\">\r\n<div class=\"bde-text-206-102-1100-4-206-2 bde-text bde-text-206-102\"><\/div>\r\n<\/div>\r\n<\/div>\r\n<\/article><\/div>\r\n<\/div>\r\n<\/div>\r\n<\/article><article class=\"bde-loop-item ee-post bde-dynamic-repeater-item\">\r\n<div class=\"bde-columns-206-100-1085-4-206-2 bde-columns bde-columns-206-100\">\r\n<div class=\"bde-column-206-101-1085-4-206-2 bde-column bde-column-206-101\">\r\n<div class=\"bde-text-206-102-1085-4-206-2 bde-text bde-text-206-102\"><section class=\"bde-section-130-146 bde-section\">\r\n<div class=\"section-container\"><\/div>\r\n<\/section><\/div>\r\n<\/div>\r\n<\/div>\r\n<\/article>"},{"title":"<div class=\"bde-column-206-101-1100-4-206-2 bde-column bde-column-206-101\">\r\n<div class=\"bde-text-206-102-1100-4-206-2 bde-text bde-text-206-102\">\r\n\r\nTaurina\r\n\r\n&nbsp;\r\n\r\n&nbsp;\r\n\r\n<\/div>\r\n<\/div>","description":"Conhecido por ser um amino\u00e1cido essencial especialmente em gatos, pode contribuir para o funcionamento correto do sistema metab\u00f3lico do animal.\r\n\r\n&nbsp;\r\n\r\n&nbsp;"},{"title":"Colostro\r\n\r\n&nbsp;\r\n\r\n&nbsp;","description":"\u00c9 uma fonte elevada de prote\u00ednas e outros nutrientes com um papel fundamental no desenvolvimento do sistema imunol\u00f3gico do filhote.\r\n\r\n&nbsp;\r\n\r\n&nbsp;"}],"video":"","items_Instructions_for_use":[{"title":"Gerais","description":"V\u00eda oral\r\n<ol>\r\n \t<li>Aque\u00e7a \u00e1gua a uma temperatura de aproximadamente 40\u00baC.<\/li>\r\n \t<li>Despeje na mamadeira e adicione 1 envelope de leite maternizado em p\u00f3 para cada 30 ml de \u00e1gua.<\/li>\r\n \t<li>Agite at\u00e9 obter uma mistura homog\u00eanea.<\/li>\r\n \t<li>Sirva dentro de uma hora ap\u00f3s o preparo.<\/li>\r\n \t<li>Depois de reconstitu\u00eddo, mantenha refrigerado.<\/li>\r\n \t<li>Agite antes de usar.<\/li>\r\n<\/ol>"},{"title":"Gatos e Fur\u00f5es","description":"O n\u00famero de alimenta\u00e7\u00f5es por dia e a quantidade di\u00e1ria de leite maternizado variam de acordo com a idade e o peso de cada filhote. Tabela orientativa do volume de leite necess\u00e1rio para um bom desenvolvimento do filhote:\r\n\r\n&nbsp;\r\n\r\n&nbsp;\r\n\r\n<img src=\"https:\/\/beta.pharmadiet.com\/pt\/wp-content\/uploads\/2025\/07\/Intruciones-lactadiet.png\" \/>\r\n\r\n*A partir dos 45 dias de idade e at\u00e9 ao final do desmame, o n\u00famero de tomas di\u00e1rias e a quantidade de leite de substitui\u00e7\u00e3o devem ser ajustados conforme as necessidades do animal."}],"image_banner_scientific_study_copiar":"","title_banner_scientific_study":"","description_banner_scientific_study":"","Scientific_study_banner":"","studies":null,"bibliografy_text":"","features":[{"image":1262,"title":"Sem prote\u00ednas de Frango."},{"image":1225,"title":"Cont\u00e9m mamadeira com 2 bicos"},{"image":1267,"title":"Sem conservantes"}],"ficha_tecnica":3660},"_links":{"self":[{"href":"https:\/\/beta.pharmadiet.com\/pt\/wp-json\/wp\/v2\/product\/3656","targetHints":{"allow":["GET"]}}],"collection":[{"href":"https:\/\/beta.pharmadiet.com\/pt\/wp-json\/wp\/v2\/product"}],"about":[{"href":"https:\/\/beta.pharmadiet.com\/pt\/wp-json\/wp\/v2\/types\/product"}],"replies":[{"embeddable":true,"href":"https:\/\/beta.pharmadiet.com\/pt\/wp-json\/wp\/v2\/comments?post=3656"}],"version-history":[{"count":8,"href":"https:\/\/beta.pharmadiet.com\/pt\/wp-json\/wp\/v2\/product\/3656\/revisions"}],"predecessor-version":[{"id":17639,"href":"https:\/\/beta.pharmadiet.com\/pt\/wp-json\/wp\/v2\/product\/3656\/revisions\/17639"}],"wp:featuredmedia":[{"embeddable":true,"href":"https:\/\/beta.pharmadiet.com\/pt\/wp-json\/wp\/v2\/media\/3657"}],"wp:attachment":[{"href":"https:\/\/beta.pharmadiet.com\/pt\/wp-json\/wp\/v2\/media?parent=3656"}],"wp:term":[{"taxonomy":"animal","embeddable":true,"href":"https:\/\/beta.pharmadiet.com\/pt\/wp-json\/wp\/v2\/animal?post=3656"},{"taxonomy":"product_brand","embeddable":true,"href":"https:\/\/beta.pharmadiet.com\/pt\/wp-json\/wp\/v2\/product_brand?post=3656"},{"taxonomy":"product_cat","embeddable":true,"href":"https:\/\/beta.pharmadiet.com\/pt\/wp-json\/wp\/v2\/product_cat?post=3656"},{"taxonomy":"product_tag","embeddable":true,"href":"https:\/\/beta.pharmadiet.com\/pt\/wp-json\/wp\/v2\/product_tag?post=3656"}],"curies":[{"name":"wp","href":"https:\/\/api.w.org\/{rel}","templated":true}]}}