{"id":3650,"date":"2025-07-31T16:59:07","date_gmt":"2025-07-31T14:59:07","guid":{"rendered":"https:\/\/beta.pharmadiet.com\/?post_type=product&#038;p=3650"},"modified":"2026-01-28T17:25:04","modified_gmt":"2026-01-28T16:25:04","slug":"lacristal-neo","status":"publish","type":"product","link":"https:\/\/beta.pharmadiet.com\/pt\/productos\/lacristal-neo\/","title":{"rendered":"Lacristal\u00ae Neo"},"content":{"rendered":"<p>Lacristal\u00ae Neo es una soluci\u00f3n ocular. Su f\u00f3rmula equilibrada limpia la zona ocular sin provocar irritaci\u00f3n, protegi\u00e9ndola de la acci\u00f3n nociva de los contaminantes externos.<\/p>\n<ul>\n<li>Solu\u00e7\u00e3o Est\u00e9ril<\/li>\n<li>3 meses de uso ap\u00f3s abertura.<\/li>\n<li>Sistema multidose OSD.<\/li>\n<li>Uso cont\u00ednuo<\/li>\n<\/ul>\n","protected":false},"excerpt":{"rendered":"<p>Solu\u00e7\u00e3o ocular. Sua f\u00f3rmula equilibrada limpa a \u00e1rea ocular sem causar irrita\u00e7\u00e3o, protegendo-a da a\u00e7\u00e3o nociva dos contaminantes externos.<\/p>\n","protected":false},"featured_media":3651,"comment_status":"open","ping_status":"closed","template":"","meta":{"_acf_changed":false,"site-sidebar-layout":"default","site-content-layout":"","ast-site-content-layout":"default","site-content-style":"default","site-sidebar-style":"default","ast-global-header-display":"","ast-banner-title-visibility":"","ast-main-header-display":"","ast-hfb-above-header-display":"","ast-hfb-below-header-display":"","ast-hfb-mobile-header-display":"","site-post-title":"","ast-breadcrumbs-content":"","ast-featured-img":"","footer-sml-layout":"","theme-transparent-header-meta":"default","adv-header-id-meta":"","stick-header-meta":"","header-above-stick-meta":"","header-main-stick-meta":"","header-below-stick-meta":"","astra-migrate-meta-layouts":"set","ast-page-background-enabled":"default","ast-page-background-meta":{"desktop":{"background-color":"var(--ast-global-color-5)","background-image":"","background-repeat":"repeat","background-position":"center center","background-size":"auto","background-attachment":"scroll","background-type":"","background-media":"","overlay-type":"","overlay-color":"","overlay-opacity":"","overlay-gradient":""},"tablet":{"background-color":"","background-image":"","background-repeat":"repeat","background-position":"center center","background-size":"auto","background-attachment":"scroll","background-type":"","background-media":"","overlay-type":"","overlay-color":"","overlay-opacity":"","overlay-gradient":""},"mobile":{"background-color":"","background-image":"","background-repeat":"repeat","background-position":"center center","background-size":"auto","background-attachment":"scroll","background-type":"","background-media":"","overlay-type":"","overlay-color":"","overlay-opacity":"","overlay-gradient":""}},"ast-content-background-meta":{"desktop":{"background-color":"var(--ast-global-color-4)","background-image":"","background-repeat":"repeat","background-position":"center center","background-size":"auto","background-attachment":"scroll","background-type":"","background-media":"","overlay-type":"","overlay-color":"","overlay-opacity":"","overlay-gradient":""},"tablet":{"background-color":"var(--ast-global-color-4)","background-image":"","background-repeat":"repeat","background-position":"center center","background-size":"auto","background-attachment":"scroll","background-type":"","background-media":"","overlay-type":"","overlay-color":"","overlay-opacity":"","overlay-gradient":""},"mobile":{"background-color":"var(--ast-global-color-4)","background-image":"","background-repeat":"repeat","background-position":"center center","background-size":"auto","background-attachment":"scroll","background-type":"","background-media":"","overlay-type":"","overlay-color":"","overlay-opacity":"","overlay-gradient":""}}},"animal":[119,117,150],"product_brand":[],"product_cat":[30],"product_tag":[279],"class_list":{"0":"post-3650","1":"product","2":"type-product","3":"status-publish","4":"has-post-thumbnail","6":"animal-cao","7":"animal-gato","8":"animal-roedor","9":"product_cat-suplementos-solucoes-olhos-animais","10":"product_tag-plantillac","11":"desktop-align-left","12":"tablet-align-left","13":"mobile-align-left","15":"first","16":"instock","17":"shipping-taxable","18":"product-type-simple"},"acf":{"title_indications":"Problemas oculares em animais de estima\u00e7\u00e3o. Catarata em c\u00e3es e gatos: O que voc\u00ea precisa saber?","description_indication":"Catarata \u00e9 uma opacidade parcial ou total do cristalino do olho, que causa perda de vis\u00e3o. Sendo uma condi\u00e7\u00e3o ocular comum tanto em c\u00e3es quanto em gatos, e pode afetar sua qualidade de vida.\r\n\r\n&nbsp;\r\n\r\n&nbsp;","items_indication":[{"imagen":3653,"title":"Causas de catarata em c\u00e3es e gatos","description":"Envelhecimento: la edad es la causa m\u00e1s com\u00fan, por lo que las cataratas seniles son habituales en perros y gatos mayores.\r\n\r\nHerencia: a idade \u00e9 a causa mais comum, ent\u00e3o cataratas senis s\u00e3o comuns em c\u00e3es e gatos mais velhos. Heran\u00e7a: Algumas ra\u00e7as t\u00eam predisposi\u00e7\u00e3o gen\u00e9tica para desenvolver cataratas (conhecidas como cataratas heredit\u00e1rias), como o Yorkshire Terrier ou o Bichon Malt\u00eas. At\u00e9 alguns nascem com eles devido a fatores gen\u00e9ticos.\r\n\r\nLes\u00f5es ou traumas: Um golpe no olho ou les\u00e3o ocular afeta o cristalino, o que pode causar catarata. Doen\u00e7as subjacentes: Certas doen\u00e7as, como diabetes, podem aumentar o risco de catarata.\r\n\r\nDoen\u00e7as subjacentes:Certas doen\u00e7as, como diabetes, podem aumentar o risco de catarata."},{"imagen":3654,"title":"Sintomas de cataratas em c\u00e3es e gatos:","description":"Os efeitos das cataratas em animais de estima\u00e7\u00e3o que mais afetam sua qualidade de vida podem incluir:\r\n<ul>\r\n \t<li>Opacidade ocular.<\/li>\r\n \t<li>Mudan\u00e7as na apar\u00eancia do olho, como uma cor esbranqui\u00e7ada ou acinzentada.<\/li>\r\n \t<li>Perda de vis\u00e3o, especialmente dificuldade em ver em condi\u00e7\u00f5es de pouca luz.<\/li>\r\n \t<li>Mudan\u00e7as no comportamento, como colis\u00f5es com objetos ou dificuldade em encontrar brinquedos ou comida.<\/li>\r\n \t<li>Piscar frequente ou aumento da produ\u00e7\u00e3o de l\u00e1grimas.<\/li>\r\n<\/ul>\r\nsuspeitar que seu animal de estima\u00e7\u00e3o pode estar desenvolvendo cataratas, n\u00e3o hesite em consultar um veterin\u00e1rio oftalmologista para obter um diagn\u00f3stico preciso e discutir as op\u00e7\u00f5es de tratamento dispon\u00edveis.\r\n\r\n&nbsp;"}],"title_beneficios":"Como Lacristal \u00ae Neo ajuda na sa\u00fade ocular de seus animais de estima\u00e7\u00e3o:","description_benefits":"Solu\u00e7\u00e3o ocular. Sua f\u00f3rmula equilibrada limpa a \u00e1rea ocular sem causar irrita\u00e7\u00e3o, protegendo-a da a\u00e7\u00e3o nociva dos contaminantes externos.\r\n\r\nAjudando a:\r\n\r\n&nbsp;","items_benefits":[{"imagen":1250,"title":"Prevenir processos oxidativos","description":"Que podem levar a altera\u00e7\u00f5es nas estruturas oculares como o cristalino.\r\n\r\n&nbsp;\r\n\r\n&nbsp;"},{"imagen":1242,"title":"Manuten\u00e7\u00e3o e limpeza ocular","description":"Gra\u00e7as \u00e0 sua f\u00f3rmula equilibrada limpa a \u00e1rea ocular sem causar irrita\u00e7\u00e3o.\r\n\r\n&nbsp;\r\n\r\n&nbsp;"},{"imagen":3492,"title":"Proteger a superf\u00edcie do olho","description":"Contra a a\u00e7\u00e3o nociva dos contaminantes externos.\r\n\r\n&nbsp;\r\n\r\n&nbsp;"}],"items_presentaciones":[{"title":"Lacristal\u00ae Neo","description":"Frasco multidose OSD de 10 ml de solu\u00e7\u00e3o est\u00e9ril hipoosmolar. Gra\u00e7as ao seu dosador OSD, a esterilidade \u00e9 mantida e a contamina\u00e7\u00e3o do produto no interior da embalagem \u00e9 evitada, impedindo a inclus\u00e3o de conservantes na formula\u00e7\u00e3o.\r\n\r\n&nbsp;","imagen":3651}],"description_ingredients":"Solu\u00e7\u00e3o ocular com uma f\u00f3rmula equilibrada que limpa a \u00e1rea ocular sem causar irrita\u00e7\u00e3o, protegendo-a da a\u00e7\u00e3o nociva dos contaminantes externos.\r\n\r\n&nbsp;","items_ingredients":[{"title":"N-Acetil-Carnosina (NAC)\r\n\r\n&nbsp;\r\n\r\n&nbsp;","description":"Conhecido por suas propriedades antioxidantes que protegem os lip\u00eddios das membranas e as prote\u00ednas das estruturas oculares, como o cristalino.\r\n\r\n&nbsp;\r\n\r\n&nbsp;"},{"title":"Extrato de Vaccinium myrtillus\r\n\r\n&nbsp;\r\n\r\n&nbsp;","description":"Conhecido por suas propriedades antioxidantes e vasoprotetoras.\r\n\r\n&nbsp;\r\n\r\n&nbsp;"},{"title":"Sulfato de Condroitina\r\n\r\n&nbsp;","description":"Fornece propriedades viscoel\u00e1sticas e hidratantes \u00e0 solu\u00e7\u00e3o.\r\n\r\n&nbsp;\r\n\r\n&nbsp;"}],"video":"","items_Instructions_for_use":[{"title":"Gerais","description":"Uso externo.\r\n\r\nAbrir o frasco e aplicar 1 gota sobre a superf\u00edcie de cada olho pressionando o frasco.\r\n\r\nUma vez aberto, pode ser usado at\u00e9 3 meses, gra\u00e7as ao sistema multidose OSD.\r\n\r\nEvitar o contato do aplicador com qualquer superf\u00edcie.\r\n\r\nUso continuo.\r\n\r\nPode ser usado com a frequ\u00eancia necess\u00e1ria, pois n\u00e3o cont\u00e9m conservantes."}],"image_banner_scientific_study_copiar":"","title_banner_scientific_study":"","description_banner_scientific_study":"","Scientific_study_banner":"","studies":null,"bibliografy_text":"","features":[{"image":1226,"title":"Soluci\u00f3n est\u00e9ril"},{"image":1215,"title":"3 meses de uso despu\u00e9s de apertura"},{"image":1267,"title":"Sem corantes."}],"ficha_tecnica":3652},"_links":{"self":[{"href":"https:\/\/beta.pharmadiet.com\/pt\/wp-json\/wp\/v2\/product\/3650","targetHints":{"allow":["GET"]}}],"collection":[{"href":"https:\/\/beta.pharmadiet.com\/pt\/wp-json\/wp\/v2\/product"}],"about":[{"href":"https:\/\/beta.pharmadiet.com\/pt\/wp-json\/wp\/v2\/types\/product"}],"replies":[{"embeddable":true,"href":"https:\/\/beta.pharmadiet.com\/pt\/wp-json\/wp\/v2\/comments?post=3650"}],"version-history":[{"count":12,"href":"https:\/\/beta.pharmadiet.com\/pt\/wp-json\/wp\/v2\/product\/3650\/revisions"}],"predecessor-version":[{"id":17637,"href":"https:\/\/beta.pharmadiet.com\/pt\/wp-json\/wp\/v2\/product\/3650\/revisions\/17637"}],"wp:featuredmedia":[{"embeddable":true,"href":"https:\/\/beta.pharmadiet.com\/pt\/wp-json\/wp\/v2\/media\/3651"}],"wp:attachment":[{"href":"https:\/\/beta.pharmadiet.com\/pt\/wp-json\/wp\/v2\/media?parent=3650"}],"wp:term":[{"taxonomy":"animal","embeddable":true,"href":"https:\/\/beta.pharmadiet.com\/pt\/wp-json\/wp\/v2\/animal?post=3650"},{"taxonomy":"product_brand","embeddable":true,"href":"https:\/\/beta.pharmadiet.com\/pt\/wp-json\/wp\/v2\/product_brand?post=3650"},{"taxonomy":"product_cat","embeddable":true,"href":"https:\/\/beta.pharmadiet.com\/pt\/wp-json\/wp\/v2\/product_cat?post=3650"},{"taxonomy":"product_tag","embeddable":true,"href":"https:\/\/beta.pharmadiet.com\/pt\/wp-json\/wp\/v2\/product_tag?post=3650"}],"curies":[{"name":"wp","href":"https:\/\/api.w.org\/{rel}","templated":true}]}}