{"id":3643,"date":"2025-07-31T16:49:17","date_gmt":"2025-07-31T14:49:17","guid":{"rendered":"https:\/\/beta.pharmadiet.com\/?post_type=product&#038;p=3643"},"modified":"2026-01-28T17:16:14","modified_gmt":"2026-01-28T16:16:14","slug":"ircvet-gel","status":"publish","type":"product","link":"https:\/\/beta.pharmadiet.com\/pt\/productos\/ircvet-gel\/","title":{"rendered":"Ircvet\u00ae Gel"},"content":{"rendered":"<div class=\"bde-rich-text-130-110 bde-rich-text bde-wooproductexcerpt breakdance-woocommerce breakdance-rich-text-styles\">\n<p>Alimento complementar em formato de gel \u00e0 base de nutrientes que auxiliam o funcionamento normal do sistema renal em gatos, c\u00e3es, fur\u00f5es e roedores.<\/p>\n<ul>\n<li>Nova composi\u00e7\u00e3o.<\/li>\n<li>Modos de uso adequados ao peso do animal.<\/li>\n<li>Apresenta\u00e7\u00f5es em gel com seringa dosificadora.<\/li>\n<\/ul>\n<\/div>\n","protected":false},"excerpt":{"rendered":"<p><strong>Nova composi\u00e7\u00e3o.<\/strong><\/p>\n<p>Alimento complementar em formato de gel \u00e0 base de nutrientes que auxiliam o funcionamento normal do sistema renal em gatos, c\u00e3es, fur\u00f5es e roedores.<\/p>\n","protected":false},"featured_media":3645,"comment_status":"open","ping_status":"closed","template":"","meta":{"_acf_changed":false,"site-sidebar-layout":"default","site-content-layout":"","ast-site-content-layout":"default","site-content-style":"default","site-sidebar-style":"default","ast-global-header-display":"","ast-banner-title-visibility":"","ast-main-header-display":"","ast-hfb-above-header-display":"","ast-hfb-below-header-display":"","ast-hfb-mobile-header-display":"","site-post-title":"","ast-breadcrumbs-content":"","ast-featured-img":"","footer-sml-layout":"","theme-transparent-header-meta":"default","adv-header-id-meta":"","stick-header-meta":"","header-above-stick-meta":"","header-main-stick-meta":"","header-below-stick-meta":"","astra-migrate-meta-layouts":"set","ast-page-background-enabled":"default","ast-page-background-meta":{"desktop":{"background-color":"var(--ast-global-color-5)","background-image":"","background-repeat":"repeat","background-position":"center center","background-size":"auto","background-attachment":"scroll","background-type":"","background-media":"","overlay-type":"","overlay-color":"","overlay-opacity":"","overlay-gradient":""},"tablet":{"background-color":"","background-image":"","background-repeat":"repeat","background-position":"center center","background-size":"auto","background-attachment":"scroll","background-type":"","background-media":"","overlay-type":"","overlay-color":"","overlay-opacity":"","overlay-gradient":""},"mobile":{"background-color":"","background-image":"","background-repeat":"repeat","background-position":"center center","background-size":"auto","background-attachment":"scroll","background-type":"","background-media":"","overlay-type":"","overlay-color":"","overlay-opacity":"","overlay-gradient":""}},"ast-content-background-meta":{"desktop":{"background-color":"var(--ast-global-color-4)","background-image":"","background-repeat":"repeat","background-position":"center center","background-size":"auto","background-attachment":"scroll","background-type":"","background-media":"","overlay-type":"","overlay-color":"","overlay-opacity":"","overlay-gradient":""},"tablet":{"background-color":"var(--ast-global-color-4)","background-image":"","background-repeat":"repeat","background-position":"center center","background-size":"auto","background-attachment":"scroll","background-type":"","background-media":"","overlay-type":"","overlay-color":"","overlay-opacity":"","overlay-gradient":""},"mobile":{"background-color":"var(--ast-global-color-4)","background-image":"","background-repeat":"repeat","background-position":"center center","background-size":"auto","background-attachment":"scroll","background-type":"","background-media":"","overlay-type":"","overlay-color":"","overlay-opacity":"","overlay-gradient":""}}},"animal":[119,118,117,120],"product_brand":[],"product_cat":[27],"product_tag":[279],"class_list":{"0":"post-3643","1":"product","2":"type-product","3":"status-publish","4":"has-post-thumbnail","6":"animal-cao","7":"animal-furao","8":"animal-gato","9":"animal-reptil","10":"product_cat-suplementos-rins-animais","11":"product_tag-plantillac","12":"desktop-align-left","13":"tablet-align-left","14":"mobile-align-left","16":"first","17":"instock","18":"shipping-taxable","19":"product-type-simple"},"acf":{"title_indications":"","description_indication":"","items_indication":[{"imagen":3647,"title":"Problemas renais em gatos e c\u00e3es: nefropatia cr\u00f4nica","description":"Os rins desempenham um papel crucial na elimina\u00e7\u00e3o de subst\u00e2ncias indesejadas do corpo e no equil\u00edbrio de \u00e1gua e eletr\u00f3litos. Quando os rins n\u00e3o funcionam corretamente devido a uma insufici\u00eancia renal cr\u00f4nica, pode levar a problemas como aumento da sede e mic\u00e7\u00e3o, falta de apetite, fraqueza e outros sintomas.\r\n\r\nNefropatias cr\u00f4nicas s\u00e3o doen\u00e7as renais de longa dura\u00e7\u00e3o e progressivas que s\u00e3o bastante comuns em animais de estima\u00e7\u00e3o com insufici\u00eancia renal ou risco de fal\u00eancia renal. Essas condi\u00e7\u00f5es podem se desenvolver lentamente ao longo do tempo e, \u00e0 medida que avan\u00e7am, podem afetar gravemente a fun\u00e7\u00e3o renal e a sa\u00fade geral do animal de estima\u00e7\u00e3o."},{"imagen":3648,"title":"","description":"Esta enfermedad renal cr\u00f3nica en gatos y perros de avanzada edad es especialmente preocupante, ya que constituyen una de sus principales causas de mortalidad.\r\n\r\nA detec\u00e7\u00e3o precoce de uma nefropatia cr\u00f4nica em animais de estima\u00e7\u00e3o \u00e9 fundamental para um manejo eficaz e para evitar um grande impacto na qualidade de vida. Veterin\u00e1rios geralmente utilizam an\u00e1lises de sangue e urina para avaliar a fun\u00e7\u00e3o renal e diagnosticar a doen\u00e7a em est\u00e1gios iniciais. Uma vez diagnosticada, o tratamento pode incluir mudan\u00e7as na dieta, aumento da ingest\u00e3o de \u00e1gua, medicamentos para controlar os sintomas e monitoramento regular para avaliar a progress\u00e3o da doen\u00e7a."}],"title_beneficios":"Como IRCVET Gel pode ajudar","description_benefits":"Este suplemento alimentar com nutrientes que ajudam a:\r\n\r\n&nbsp;\r\n\r\n&nbsp;","items_benefits":[{"imagen":1238,"title":"Manter o funcionamento normal do sistema renal","description":"Os nutrientes do IRCVET para c\u00e3es e gatos ajudam a preservar a integridade e a fun\u00e7\u00e3o celular, como as renais.\r\n\r\n&nbsp;\r\n\r\n&nbsp;"},{"imagen":1240,"title":"Manter uma vida ativa","description":"Contribui para melhorar a qualidade de vida de animais de estima\u00e7\u00e3o com problemas renais, permitindo que se sintam mais confort\u00e1veis e en\u00e9rgicos.\r\n\r\n&nbsp;\r\n\r\n&nbsp;"},{"imagen":1236,"title":"Contribuir para a prote\u00e7\u00e3o das c\u00e9lulas","description":"Contribui para a prote\u00e7\u00e3o das c\u00e9lulas dos rins.\r\n\r\n&nbsp;\r\n\r\n&nbsp;"}],"items_presentaciones":[{"title":"IRCVET\u00ae Gel","description":"Caixa com frasco de 50 ml com seringa dosadora e folheto informativo.\r\n\r\n&nbsp;","imagen":3644}],"description_ingredients":"","items_ingredients":[{"title":"Acetato de c\u00e1lcio","description":"Nutriente que, pela sua atividade quelante de f\u00f3sforo, ajuda a reduzir a quantidade de f\u00f3sforo na dieta alimentar dos animais.\r\n\r\n&nbsp;"},{"title":"Folhas de Vitis Vinifera\r\n\r\n&nbsp;","description":"Devido ao seu aporte de Resveratrol, polifenol encontrado em muitos alimentos, especialmente na uva. Conhecido pelas suas propriedades antioxidantes.\r\n\r\n&nbsp;"},{"title":"Pot\u00e1ssio\r\n\r\n&nbsp;","description":"Elemento que contribui para a manuten\u00e7\u00e3o da press\u00e3o arterial normal.\r\n\r\n&nbsp;"},{"title":"Extrato de alcachofra\r\n\r\n&nbsp;\r\n\r\n&nbsp;","description":"Fornece Cinarina. Conhecida por suas propriedades hepatoprotetoras.\r\n\r\n&nbsp;"},{"title":"\u00d3leo de Salm\u00e3o (\u00c1cidos graxos poli-insaturados \u00d4mega 3)\r\n\r\n&nbsp;","description":"Por ser rico em \u00d4mega 3, conhecido por contribuir para a manuten\u00e7\u00e3o da fun\u00e7\u00e3o renal normal.\r\n\r\n&nbsp;\r\n\r\n&nbsp;"},{"title":"Taurina\r\n\r\n&nbsp;\r\n\r\n&nbsp;","description":"Conhecida por ser um amino\u00e1cido essencial, especialmente em gatos, pode contribuir para o funcionamento correto do sistema metab\u00f3lico do animal.\r\n\r\n&nbsp;\r\n\r\n&nbsp;"}],"video":"","items_Instructions_for_use":[{"title":"Gerais","description":"V\u00eda oral\r\n\r\nAgite antes de usar.\r\n\r\nMisturar com o alimento habitual.\r\n\r\nOs animais devem ter acesso permanente \u00e0 \u00e1gua.\r\n\r\nRecomenda-se acompanhamento ap\u00f3s 6 meses de uso."},{"title":"C\u00e3o","description":"Para cada 5 kg de peso corporal: 1 ml por dia.\r\n\r\nAcima de 35 kg de peso corporal: 8 ml al d\u00eda."},{"title":"Gato","description":"At\u00e9 5 kg de peso corporal: 1 ml por dia\r\nMais de 5 kg de peso corporal: 2 ml por dia"},{"title":"Fur\u00e3o","description":"0,2 ml\/kg de peso corporal por dia.\r\n\r\n&nbsp;\r\n\r\n&nbsp;"},{"title":"Roedor","description":"0,2 ml\/kg de peso corporal por dia.\r\n\r\n&nbsp;"}],"image_banner_scientific_study_copiar":"","title_banner_scientific_study":"","description_banner_scientific_study":"","Scientific_study_banner":"","studies":null,"bibliografy_text":"","features":[{"image":1212,"title":"Nova composi\u00e7\u00e3o"},{"image":1262,"title":"Sem prote\u00ednas de Frango."},{"image":1267,"title":"Sem corantes."},{"image":1218,"title":"Agitar antes de usar"}],"ficha_tecnica":3646},"_links":{"self":[{"href":"https:\/\/beta.pharmadiet.com\/pt\/wp-json\/wp\/v2\/product\/3643","targetHints":{"allow":["GET"]}}],"collection":[{"href":"https:\/\/beta.pharmadiet.com\/pt\/wp-json\/wp\/v2\/product"}],"about":[{"href":"https:\/\/beta.pharmadiet.com\/pt\/wp-json\/wp\/v2\/types\/product"}],"replies":[{"embeddable":true,"href":"https:\/\/beta.pharmadiet.com\/pt\/wp-json\/wp\/v2\/comments?post=3643"}],"version-history":[{"count":10,"href":"https:\/\/beta.pharmadiet.com\/pt\/wp-json\/wp\/v2\/product\/3643\/revisions"}],"predecessor-version":[{"id":5060,"href":"https:\/\/beta.pharmadiet.com\/pt\/wp-json\/wp\/v2\/product\/3643\/revisions\/5060"}],"wp:featuredmedia":[{"embeddable":true,"href":"https:\/\/beta.pharmadiet.com\/pt\/wp-json\/wp\/v2\/media\/3645"}],"wp:attachment":[{"href":"https:\/\/beta.pharmadiet.com\/pt\/wp-json\/wp\/v2\/media?parent=3643"}],"wp:term":[{"taxonomy":"animal","embeddable":true,"href":"https:\/\/beta.pharmadiet.com\/pt\/wp-json\/wp\/v2\/animal?post=3643"},{"taxonomy":"product_brand","embeddable":true,"href":"https:\/\/beta.pharmadiet.com\/pt\/wp-json\/wp\/v2\/product_brand?post=3643"},{"taxonomy":"product_cat","embeddable":true,"href":"https:\/\/beta.pharmadiet.com\/pt\/wp-json\/wp\/v2\/product_cat?post=3643"},{"taxonomy":"product_tag","embeddable":true,"href":"https:\/\/beta.pharmadiet.com\/pt\/wp-json\/wp\/v2\/product_tag?post=3643"}],"curies":[{"name":"wp","href":"https:\/\/api.w.org\/{rel}","templated":true}]}}