{"id":3638,"date":"2025-07-31T16:37:58","date_gmt":"2025-07-31T14:37:58","guid":{"rendered":"https:\/\/beta.pharmadiet.com\/?post_type=product&#038;p=3638"},"modified":"2026-01-28T17:21:05","modified_gmt":"2026-01-28T16:21:05","slug":"ircvet-comprimidos","status":"publish","type":"product","link":"https:\/\/beta.pharmadiet.com\/pt\/productos\/ircvet-comprimidos\/","title":{"rendered":"Ircvet\u00ae Comprimidos"},"content":{"rendered":"<p>Alimento complementar \u00e0 base de nutrientes que ajudam no funcionamento normal do sistema renal de c\u00e3es e gatos.<\/p>\n<ul>\n<li>Modo de utiliza\u00e7\u00e3o adequado ao peso do animal<\/li>\n<li>Comprimido f\u00e1cilmente divisble.<\/li>\n<\/ul>\n","protected":false},"excerpt":{"rendered":"<p>Alimento complementar \u00e0 base de nutrientes que ajudam no funcionamento normal do sistema renal de c\u00e3es e gatos.<\/p>\n","protected":false},"featured_media":3639,"comment_status":"open","ping_status":"closed","template":"","meta":{"_acf_changed":false,"site-sidebar-layout":"default","site-content-layout":"","ast-site-content-layout":"default","site-content-style":"default","site-sidebar-style":"default","ast-global-header-display":"","ast-banner-title-visibility":"","ast-main-header-display":"","ast-hfb-above-header-display":"","ast-hfb-below-header-display":"","ast-hfb-mobile-header-display":"","site-post-title":"","ast-breadcrumbs-content":"","ast-featured-img":"","footer-sml-layout":"","theme-transparent-header-meta":"default","adv-header-id-meta":"","stick-header-meta":"","header-above-stick-meta":"","header-main-stick-meta":"","header-below-stick-meta":"","astra-migrate-meta-layouts":"set","ast-page-background-enabled":"default","ast-page-background-meta":{"desktop":{"background-color":"var(--ast-global-color-5)","background-image":"","background-repeat":"repeat","background-position":"center center","background-size":"auto","background-attachment":"scroll","background-type":"","background-media":"","overlay-type":"","overlay-color":"","overlay-opacity":"","overlay-gradient":""},"tablet":{"background-color":"","background-image":"","background-repeat":"repeat","background-position":"center center","background-size":"auto","background-attachment":"scroll","background-type":"","background-media":"","overlay-type":"","overlay-color":"","overlay-opacity":"","overlay-gradient":""},"mobile":{"background-color":"","background-image":"","background-repeat":"repeat","background-position":"center center","background-size":"auto","background-attachment":"scroll","background-type":"","background-media":"","overlay-type":"","overlay-color":"","overlay-opacity":"","overlay-gradient":""}},"ast-content-background-meta":{"desktop":{"background-color":"var(--ast-global-color-4)","background-image":"","background-repeat":"repeat","background-position":"center center","background-size":"auto","background-attachment":"scroll","background-type":"","background-media":"","overlay-type":"","overlay-color":"","overlay-opacity":"","overlay-gradient":""},"tablet":{"background-color":"var(--ast-global-color-4)","background-image":"","background-repeat":"repeat","background-position":"center center","background-size":"auto","background-attachment":"scroll","background-type":"","background-media":"","overlay-type":"","overlay-color":"","overlay-opacity":"","overlay-gradient":""},"mobile":{"background-color":"var(--ast-global-color-4)","background-image":"","background-repeat":"repeat","background-position":"center center","background-size":"auto","background-attachment":"scroll","background-type":"","background-media":"","overlay-type":"","overlay-color":"","overlay-opacity":"","overlay-gradient":""}}},"animal":[119,117],"product_brand":[],"product_cat":[27],"product_tag":[278],"class_list":{"0":"post-3638","1":"product","2":"type-product","3":"status-publish","4":"has-post-thumbnail","6":"animal-cao","7":"animal-gato","8":"product_cat-suplementos-rins-animais","9":"product_tag-plantillab","10":"desktop-align-left","11":"tablet-align-left","12":"mobile-align-left","14":"first","15":"instock","16":"shipping-taxable","17":"product-type-simple"},"acf":{"title_indications":"","description_indication":"","items_indication":[{"imagen":"","title":"Insufici\u00eancia Renal Cr\u00f4nica (IRC) em Animais de Estima\u00e7\u00e3o: Sintomas e Fatores Relacionados","description":"A insufici\u00eancia renal cr\u00f4nica \u00e9 uma condi\u00e7\u00e3o que afeta os rins de c\u00e3es e gatos \u00e0 medida que envelhecem, deixando de funcionar corretamente e afetando sua qualidade de vida.\r\n\r\n&nbsp;"},{"imagen":3641,"title":"Alguns dos sintomas comuns observados em animais afetados incluem:","description":"<ul>\r\n \t<li>Aumento da sede e mic\u00e7\u00e3o: Devido \u00e0 diminui\u00e7\u00e3o na capacidade dos rins de concentrar a urina, os animais podem beber mais \u00e1gua do que o normal e urinar com mais frequ\u00eancia.<\/li>\r\n \t<li>Perda de apetite e peso.<\/li>\r\n \t<li>V\u00f4mitos e diarreia: A inflama\u00e7\u00e3o e o ac\u00famulo de toxinas podem causar problemas gastrointestinais, como v\u00f4mitos e diarreia.<\/li>\r\n \t<li>Letargia e fraqueza: Os rins afetados podem n\u00e3o filtrar adequadamente as toxinas, criando c\u00e1lculos renais, o que pode levar \u00e0 fadiga e fraqueza.<\/li>\r\n \t<li>Pelagem de m\u00e1 qualidade: A falta de filtra\u00e7\u00e3o adequada pode afetar a sa\u00fade da pele e da pelagem, resultando em uma pelagem opaca e sem brilho.<\/li>\r\n \t<li>Mau h\u00e1lito: O ac\u00famulo de subst\u00e2ncias t\u00f3xicas no corpo pode causar mau h\u00e1lito.<\/li>\r\n<\/ul>\r\nSe voc\u00ea observar algum desses sintomas de insufici\u00eancia renal em seu animal de estima\u00e7\u00e3o, \u00e9 crucial consultar um veterin\u00e1rio para um diagn\u00f3stico e tratamento adequados. A detec\u00e7\u00e3o precoce e o manejo adequado, que podem incluir medidas para reduzir o estresse oxidativo e uma dieta especial, s\u00e3o fundamentais para afastar problemas renais em c\u00e3es, gatos e outros animais de estima\u00e7\u00e3o.\r\n\r\n&nbsp;"}],"title_beneficios":"Como IRCVET Comprimidos pode ajudar:","description_benefits":"Este suplemento alimentar com nutrientes que ajudam a:\r\n\r\n&nbsp;\r\n\r\n&nbsp;","items_benefits":[{"imagen":1238,"title":"Manter o funcionamento normal do sistema renal","description":"Os nutrientes do IRCVET para c\u00e3es e gatos ajudam a preservar a integridade e fun\u00e7\u00e3o celular, como os renais.\r\n\r\n&nbsp;\r\n\r\n&nbsp;"},{"imagen":1240,"title":"Manter uma vida ativa","description":"Contribui para melhorar a qualidade de vida de animais de estima\u00e7\u00e3o com problemas renais, permitindo que se sintam mais confort\u00e1veis e en\u00e9rgicos.\r\n\r\n&nbsp;\r\n\r\n&nbsp;"},{"imagen":1236,"title":"Contribuir para a prote\u00e7\u00e3o das c\u00e9lulas","description":"Contribui para a prote\u00e7\u00e3o das c\u00e9lulas dos rins.\r\n\r\n&nbsp;\r\n\r\n&nbsp;"}],"items_presentaciones":[{"title":"Ircvet\u00ae Comprimidos","description":"Embalagem com 60 comprimidos e folheto informativo.","imagen":3639}],"description_ingredients":"","items_ingredients":[{"title":"Acetato de c\u00e1lcio","description":"Nutriente que, pela sua atividade quelante de f\u00f3sforo, ajuda a reduzir a quantidade de f\u00f3sforo na dieta alimentar dos animais.\r\n\r\n&nbsp;"},{"title":"Folhas de Vitis Vinifera","description":"Devido ao seu aporte de Resveratrol, polifenol encontrado em muitos alimentos, especialmente na uva. Conhecido pelas suas propriedades antioxidantes."},{"title":"Extrato de alcachofra","description":"Aporta cinarina Conocida por sus propiedades hepaprotectoras."},{"title":"\u00c1cido f\u00f3lico e vitaminas B6 e B12","description":"Contribuem para o funcionamento normal do sistema imunit\u00e1rio e para reduzir o cansa\u00e7o e a fadiga.\r\n\r\n&nbsp;"}],"video":"","items_Instructions_for_use":[{"title":"Gerais","description":"V\u00eda oral\r\n\r\nTomar junto com a alimenta\u00e7\u00e3o. Se preferir, pode ser dividido e misturado com a alimenta\u00e7\u00e3o habitual.\r\n\r\nOs animais devem ter acesso permanente \u00e0 \u00e1gua.\r\n\r\nRecomenda-se acompanhamento ap\u00f3s 6 meses de uso."},{"title":"C\u00e3o","description":"At\u00e9 10 kg de peso corporal: \u00bd comprimido por dia.\r\nDe 10-20 kg de peso corporal: 1 comprimido por dia.\r\nDe 20-30 kg de peso corporal: 1 e \u00bd comprimido por dia.\r\nAcima de 30 kg de peso corporal: 2 comprimidos por dia.\r\n\r\n&nbsp;"},{"title":"Gato","description":"\u00bd comprimido por dia.\r\n\r\n&nbsp;"}],"image_banner_scientific_study_copiar":"","title_banner_scientific_study":"","description_banner_scientific_study":"","Scientific_study_banner":"","studies":null,"bibliografy_text":"1. Biswanath Dinda, Subhajit Dinda, Saikat DasSharma, Rajarshi Banik, Ankita Chakraborty, Manikarna Dinda, Therapeutic potentials of baicalin and its aglycone, baicalein against inflammatory disorders, European Journal of Medicinal Chemistry, Volume 131, 2017, Pages 68-80, ISSN 0223-5234, https:\/\/doi.org\/10.1016\/j.ejmech.2017.03.004.\r\n2. Reichling J, Schmo\u00a8 kel H, Fitzi J, Bucher S, Saller R. Dietary support with Boswellia resin in canine\r\ninflammatory joint and spinal disease. Schweizer Archiv fur Tierheilkunde. 2004; 146(2):71\u20139. https:\/\/doi.org\/10.1024\/0036-7281.146.2.71 PMID: 14994484\r\n3. Del Grossi Moura M, Lopes LC, Biavatti MW. Oral herbal medicines marketed in Brazil for the treatment of osteoarthritis: A systematic review and meta-analysis. Phytotherapy Research. 2017; 31(11):1676\u201385. https:\/\/doi.org\/10.1002\/ptr.5910 PMID: 28872719","features":[{"image":1262,"title":"Sem prote\u00ednas de Frango."},{"image":1267,"title":"Sem corantes."},{"image":1213,"title":"Comprimido f\u00e1cilmente divisble."}],"ficha_tecnica":3640},"_links":{"self":[{"href":"https:\/\/beta.pharmadiet.com\/pt\/wp-json\/wp\/v2\/product\/3638","targetHints":{"allow":["GET"]}}],"collection":[{"href":"https:\/\/beta.pharmadiet.com\/pt\/wp-json\/wp\/v2\/product"}],"about":[{"href":"https:\/\/beta.pharmadiet.com\/pt\/wp-json\/wp\/v2\/types\/product"}],"replies":[{"embeddable":true,"href":"https:\/\/beta.pharmadiet.com\/pt\/wp-json\/wp\/v2\/comments?post=3638"}],"version-history":[{"count":12,"href":"https:\/\/beta.pharmadiet.com\/pt\/wp-json\/wp\/v2\/product\/3638\/revisions"}],"predecessor-version":[{"id":17635,"href":"https:\/\/beta.pharmadiet.com\/pt\/wp-json\/wp\/v2\/product\/3638\/revisions\/17635"}],"wp:featuredmedia":[{"embeddable":true,"href":"https:\/\/beta.pharmadiet.com\/pt\/wp-json\/wp\/v2\/media\/3639"}],"wp:attachment":[{"href":"https:\/\/beta.pharmadiet.com\/pt\/wp-json\/wp\/v2\/media?parent=3638"}],"wp:term":[{"taxonomy":"animal","embeddable":true,"href":"https:\/\/beta.pharmadiet.com\/pt\/wp-json\/wp\/v2\/animal?post=3638"},{"taxonomy":"product_brand","embeddable":true,"href":"https:\/\/beta.pharmadiet.com\/pt\/wp-json\/wp\/v2\/product_brand?post=3638"},{"taxonomy":"product_cat","embeddable":true,"href":"https:\/\/beta.pharmadiet.com\/pt\/wp-json\/wp\/v2\/product_cat?post=3638"},{"taxonomy":"product_tag","embeddable":true,"href":"https:\/\/beta.pharmadiet.com\/pt\/wp-json\/wp\/v2\/product_tag?post=3638"}],"curies":[{"name":"wp","href":"https:\/\/api.w.org\/{rel}","templated":true}]}}