{"id":3633,"date":"2025-07-31T16:28:10","date_gmt":"2025-07-31T14:28:10","guid":{"rendered":"https:\/\/beta.pharmadiet.com\/?post_type=product&#038;p=3633"},"modified":"2026-01-28T17:06:19","modified_gmt":"2026-01-28T16:06:19","slug":"inflavet","status":"publish","type":"product","link":"https:\/\/beta.pharmadiet.com\/pt\/productos\/inflavet\/","title":{"rendered":"Inflavet\u00ae"},"content":{"rendered":"<p>Alimento complementar com nutrientes que ajudam no bem-estar articular.<\/p>\n<ul>\n<li>Comprimidos facilmente divis\u00edveis.<\/li>\n<li>Sem prote\u00ednas de Frango.<\/li>\n<li>Sem corantes.<\/li>\n<\/ul>\n","protected":false},"excerpt":{"rendered":"<p>Alimento complementar com nutrientes que ajudam no bem-estar articular.<\/p>\n","protected":false},"featured_media":3634,"comment_status":"open","ping_status":"closed","template":"","meta":{"_acf_changed":false,"site-sidebar-layout":"default","site-content-layout":"","ast-site-content-layout":"default","site-content-style":"default","site-sidebar-style":"default","ast-global-header-display":"","ast-banner-title-visibility":"","ast-main-header-display":"","ast-hfb-above-header-display":"","ast-hfb-below-header-display":"","ast-hfb-mobile-header-display":"","site-post-title":"","ast-breadcrumbs-content":"","ast-featured-img":"","footer-sml-layout":"","theme-transparent-header-meta":"default","adv-header-id-meta":"","stick-header-meta":"","header-above-stick-meta":"","header-main-stick-meta":"","header-below-stick-meta":"","astra-migrate-meta-layouts":"set","ast-page-background-enabled":"default","ast-page-background-meta":{"desktop":{"background-color":"var(--ast-global-color-5)","background-image":"","background-repeat":"repeat","background-position":"center center","background-size":"auto","background-attachment":"scroll","background-type":"","background-media":"","overlay-type":"","overlay-color":"","overlay-opacity":"","overlay-gradient":""},"tablet":{"background-color":"","background-image":"","background-repeat":"repeat","background-position":"center center","background-size":"auto","background-attachment":"scroll","background-type":"","background-media":"","overlay-type":"","overlay-color":"","overlay-opacity":"","overlay-gradient":""},"mobile":{"background-color":"","background-image":"","background-repeat":"repeat","background-position":"center center","background-size":"auto","background-attachment":"scroll","background-type":"","background-media":"","overlay-type":"","overlay-color":"","overlay-opacity":"","overlay-gradient":""}},"ast-content-background-meta":{"desktop":{"background-color":"var(--ast-global-color-4)","background-image":"","background-repeat":"repeat","background-position":"center center","background-size":"auto","background-attachment":"scroll","background-type":"","background-media":"","overlay-type":"","overlay-color":"","overlay-opacity":"","overlay-gradient":""},"tablet":{"background-color":"var(--ast-global-color-4)","background-image":"","background-repeat":"repeat","background-position":"center center","background-size":"auto","background-attachment":"scroll","background-type":"","background-media":"","overlay-type":"","overlay-color":"","overlay-opacity":"","overlay-gradient":""},"mobile":{"background-color":"var(--ast-global-color-4)","background-image":"","background-repeat":"repeat","background-position":"center center","background-size":"auto","background-attachment":"scroll","background-type":"","background-media":"","overlay-type":"","overlay-color":"","overlay-opacity":"","overlay-gradient":""}}},"animal":[119,117],"product_brand":[],"product_cat":[20],"product_tag":[278],"class_list":{"0":"post-3633","1":"product","2":"type-product","3":"status-publish","4":"has-post-thumbnail","6":"animal-cao","7":"animal-gato","8":"product_cat-suplementos-articulacoes-animais","9":"product_tag-plantillab","10":"desktop-align-left","11":"tablet-align-left","12":"mobile-align-left","14":"first","15":"instock","16":"shipping-taxable","17":"product-type-simple"},"acf":{"title_indications":"","description_indication":"","items_indication":[{"imagen":"","title":"O que s\u00e3o processos inflamat\u00f3rios cr\u00f4nicos?","description":"Os processos inflamat\u00f3rios cr\u00f4nicos em c\u00e3es e gatos s\u00e3o uma preocupa\u00e7\u00e3o comum para os propriet\u00e1rios de animais de estima\u00e7\u00e3o. Eles podem ser causados por v\u00e1rias raz\u00f5es, como doen\u00e7as autoimunes, les\u00f5es cr\u00f4nicas ou problemas gastrointestinais, e podem ter um impacto negativo na sa\u00fade dos animais de estima\u00e7\u00e3o.\r\n\r\n&nbsp;\r\n\r\n&nbsp;"},{"imagen":3635,"title":"","description":"Os sintomas mais comuns incluem dor, incha\u00e7o, etc. Algumas das patologias inflamat\u00f3rias cr\u00f4nicas mais comuns em c\u00e3es e gatos incluem:\r\n<ul>\r\n \t<li>Artrite Reumatoide: Inflama\u00e7\u00e3o cr\u00f4nica nas articula\u00e7\u00f5es, que pode causar dor e limitar a mobilidade da \u00e1rea afetada.<\/li>\r\n \t<li>Doen\u00e7a Inflamat\u00f3ria Intestinal:Inflama\u00e7\u00e3o cr\u00f4nica no trato digestivo, que pode levar a problemas gastrointestinais.<\/li>\r\n \t<li>Dermatite At\u00f3pica: Condi\u00e7\u00e3o cut\u00e2nea que causa inflama\u00e7\u00e3o da pele e coceira constante.<\/li>\r\n<\/ul>"},{"imagen":3636,"title":"","description":"O diagn\u00f3stico e manejo dessas patologias inflamat\u00f3rias cr\u00f4nicas s\u00e3o essenciais para garantir o bem-estar dos animais de estima\u00e7\u00e3o. Consultas regulares com um veterin\u00e1rio s\u00e3o fundamentais para avaliar a sa\u00fade dos animais de estima\u00e7\u00e3o e abordar qualquer sinal de inflama\u00e7\u00e3o cr\u00f4nica a tempo.\r\n\r\n&nbsp;\r\n\r\n&nbsp;"}],"title_beneficios":"Como este suplemento alimentar auxilia na sa\u00fade articular do seu animal de estima\u00e7\u00e3o","description_benefits":"Este alimento complementar fornece nutrientes de aux\u00edlio em:\r\n\r\n&nbsp;\r\n\r\n&nbsp;","items_benefits":[{"imagen":1237,"title":"Favorecer uma r\u00e1pida recupera\u00e7\u00e3o","description":"Gra\u00e7as \u00e0s propriedades associadas aos seus nutrientes, este suplemento para gatos e c\u00e3es ajuda o animal de estima\u00e7\u00e3o a manter sua qualidade de vida.\r\n\r\n&nbsp;\r\n\r\n&nbsp;"}],"items_presentaciones":[{"title":"INFLAVET\u00ae","description":"Estojo com 60 comprimidos, em blister. Blister de 10 comprimidos, facilmente divis\u00edveis, para facilitar o consumo. Via oral.\r\n\r\n&nbsp;","imagen":3634}],"description_ingredients":"","items_ingredients":[{"title":"Ra\u00edz seca de Scutellaria baicalensis<sup>1<\/sup>","description":"Planta da fam\u00edlia da hortel\u00e3, comumente usada na medicina tradicional chinesa. O principal componente desta planta \u00e9 a Baicalina (\u00e1cido 7-glucur\u00f4nico, 5,6-di-hidroxi-flavona), um flavonoide encontrado principalmente nas ra\u00edzes com atividade antioxidante e anti-inflamat\u00f3ria conhecida.\r\n\r\n&nbsp;\r\n\r\n&nbsp;"},{"title":"Folhas de Vitis Vinifera\r\n\r\n&nbsp;\r\n\r\n&nbsp;","description":"Por seu teor de resveratrol, conhecido por suas propriedades antioxidantes, contribui para reduzir a presen\u00e7a de subst\u00e2ncias envolvidas nos processos inflamat\u00f3rios. Tamb\u00e9m favorece a correta circula\u00e7\u00e3o do fluxo sangu\u00edneo.\r\n\r\n&nbsp;\r\n\r\n&nbsp;"},{"title":"Extracto de Boswellia serrata<sup>2,3<\/sup>","description":"Planta tradicionalmente usada por suas propriedades antirreum\u00e1ticas e anti-inflamat\u00f3rias. Por seu conte\u00fado principalmente em \u00e1cidos boswellicos, nutrientes conhecidos por suas propriedades antioxidantes, ajudando a reduzir o progresso da inflama\u00e7\u00e3o.\r\n\r\n&nbsp;\r\n\r\n&nbsp;"}],"video":"","items_Instructions_for_use":[{"title":"C\u00e3o","description":"V\u00eda oral.\r\n<ul>\r\n \t<li>At\u00e9 10 kg de peso corporal: \u00bd comprimido por dia.<\/li>\r\n \t<li>De 10 a 20 kg de peso corporal: 1 comprimido por dia.<\/li>\r\n \t<li>De 20 a 30 kg de peso corporal: 1 e \u00bd comprimidos por dia.<\/li>\r\n \t<li>A partir de 30 kg de peso corporal: 2 comprimidos por dia.<\/li>\r\n<\/ul>\r\nSe preferir, misturar com a alimenta\u00e7\u00e3o habitual. Excelente toler\u00e2ncia digestiva."},{"title":"Gato","description":"V\u00eda oral.\r\n<ul>\r\n \t<li>\u00bd comprimido por dia.<\/li>\r\n<\/ul>\r\nSe preferir, misturar com a alimenta\u00e7\u00e3o habitual. Excelente toler\u00e2ncia digestiva."}],"image_banner_scientific_study_copiar":"","title_banner_scientific_study":"","description_banner_scientific_study":"","Scientific_study_banner":"","studies":null,"bibliografy_text":"1. Biswanath Dinda, Subhajit Dinda, Saikat DasSharma, Rajarshi Banik, Ankita Chakraborty, Manikarna Dinda, Therapeutic potentials of baicalin and its aglycone, baicalein against inflammatory disorders, European Journal of Medicinal Chemistry, Volume 131, 2017, Pages 68-80, ISSN 0223-5234, https:\/\/doi.org\/10.1016\/j.ejmech.2017.03.004.\r\n2. Reichling J, Schmo\u00a8 kel H, Fitzi J, Bucher S, Saller R. Dietary support with Boswellia resin in canine\r\ninflammatory joint and spinal disease. Schweizer Archiv fur Tierheilkunde. 2004; 146(2):71\u20139. https:\/\/doi.org\/10.1024\/0036-7281.146.2.71 PMID: 14994484\r\n3. Del Grossi Moura M, Lopes LC, Biavatti MW. Oral herbal medicines marketed in Brazil for the treatment of osteoarthritis: A systematic review and meta-analysis. Phytotherapy Research. 2017; 31(11):1676\u201385. https:\/\/doi.org\/10.1002\/ptr.5910 PMID: 28872719","features":[{"image":1262,"title":"Sem prote\u00ednas de Frango."},{"image":1267,"title":"Sem corantes."},{"image":1213,"title":"Comprimido facilmente divis\u00edvel"}],"ficha_tecnica":3634},"_links":{"self":[{"href":"https:\/\/beta.pharmadiet.com\/pt\/wp-json\/wp\/v2\/product\/3633","targetHints":{"allow":["GET"]}}],"collection":[{"href":"https:\/\/beta.pharmadiet.com\/pt\/wp-json\/wp\/v2\/product"}],"about":[{"href":"https:\/\/beta.pharmadiet.com\/pt\/wp-json\/wp\/v2\/types\/product"}],"replies":[{"embeddable":true,"href":"https:\/\/beta.pharmadiet.com\/pt\/wp-json\/wp\/v2\/comments?post=3633"}],"version-history":[{"count":14,"href":"https:\/\/beta.pharmadiet.com\/pt\/wp-json\/wp\/v2\/product\/3633\/revisions"}],"predecessor-version":[{"id":17632,"href":"https:\/\/beta.pharmadiet.com\/pt\/wp-json\/wp\/v2\/product\/3633\/revisions\/17632"}],"wp:featuredmedia":[{"embeddable":true,"href":"https:\/\/beta.pharmadiet.com\/pt\/wp-json\/wp\/v2\/media\/3634"}],"wp:attachment":[{"href":"https:\/\/beta.pharmadiet.com\/pt\/wp-json\/wp\/v2\/media?parent=3633"}],"wp:term":[{"taxonomy":"animal","embeddable":true,"href":"https:\/\/beta.pharmadiet.com\/pt\/wp-json\/wp\/v2\/animal?post=3633"},{"taxonomy":"product_brand","embeddable":true,"href":"https:\/\/beta.pharmadiet.com\/pt\/wp-json\/wp\/v2\/product_brand?post=3633"},{"taxonomy":"product_cat","embeddable":true,"href":"https:\/\/beta.pharmadiet.com\/pt\/wp-json\/wp\/v2\/product_cat?post=3633"},{"taxonomy":"product_tag","embeddable":true,"href":"https:\/\/beta.pharmadiet.com\/pt\/wp-json\/wp\/v2\/product_tag?post=3633"}],"curies":[{"name":"wp","href":"https:\/\/api.w.org\/{rel}","templated":true}]}}