{"id":3625,"date":"2025-07-31T16:05:35","date_gmt":"2025-07-31T14:05:35","guid":{"rendered":"https:\/\/beta.pharmadiet.com\/?post_type=product&#038;p=3625"},"modified":"2026-01-28T16:59:35","modified_gmt":"2026-01-28T15:59:35","slug":"inmmunity-plasmoral","status":"publish","type":"product","link":"https:\/\/beta.pharmadiet.com\/pt\/productos\/inmmunity-plasmoral\/","title":{"rendered":"Immunity Plasmoral\u00ae"},"content":{"rendered":"<ul>\n<li>Ingredientes com estudos publicados.<\/li>\n<li>Modos de uso adequados ao peso do animal.<\/li>\n<li>Comprimidos facilmente divis\u00edveis.<\/li>\n<\/ul>\n","protected":false},"excerpt":{"rendered":"<p>Alimentos complementares com uma composi\u00e7\u00e3o inovadora \u00e0 base de um complexo de prote\u00ednas plasm\u00e1ticas bioativas e outros nutrientes, que ajudam no funcionamento normal do sistema imunol\u00f3gico, como em situa\u00e7\u00f5es de imunossupress\u00e3o adquirida, processos infecciosos, stress, desnutri\u00e7\u00e3o, favorecendo a resposta imunol\u00f3gica normal do animal.<\/p>\n","protected":false},"featured_media":3628,"comment_status":"open","ping_status":"closed","template":"","meta":{"_acf_changed":false,"site-sidebar-layout":"default","site-content-layout":"","ast-site-content-layout":"default","site-content-style":"default","site-sidebar-style":"default","ast-global-header-display":"","ast-banner-title-visibility":"","ast-main-header-display":"","ast-hfb-above-header-display":"","ast-hfb-below-header-display":"","ast-hfb-mobile-header-display":"","site-post-title":"","ast-breadcrumbs-content":"","ast-featured-img":"","footer-sml-layout":"","theme-transparent-header-meta":"default","adv-header-id-meta":"","stick-header-meta":"","header-above-stick-meta":"","header-main-stick-meta":"","header-below-stick-meta":"","astra-migrate-meta-layouts":"set","ast-page-background-enabled":"default","ast-page-background-meta":{"desktop":{"background-color":"var(--ast-global-color-5)","background-image":"","background-repeat":"repeat","background-position":"center center","background-size":"auto","background-attachment":"scroll","background-type":"","background-media":"","overlay-type":"","overlay-color":"","overlay-opacity":"","overlay-gradient":""},"tablet":{"background-color":"","background-image":"","background-repeat":"repeat","background-position":"center center","background-size":"auto","background-attachment":"scroll","background-type":"","background-media":"","overlay-type":"","overlay-color":"","overlay-opacity":"","overlay-gradient":""},"mobile":{"background-color":"","background-image":"","background-repeat":"repeat","background-position":"center center","background-size":"auto","background-attachment":"scroll","background-type":"","background-media":"","overlay-type":"","overlay-color":"","overlay-opacity":"","overlay-gradient":""}},"ast-content-background-meta":{"desktop":{"background-color":"var(--ast-global-color-4)","background-image":"","background-repeat":"repeat","background-position":"center center","background-size":"auto","background-attachment":"scroll","background-type":"","background-media":"","overlay-type":"","overlay-color":"","overlay-opacity":"","overlay-gradient":""},"tablet":{"background-color":"var(--ast-global-color-4)","background-image":"","background-repeat":"repeat","background-position":"center center","background-size":"auto","background-attachment":"scroll","background-type":"","background-media":"","overlay-type":"","overlay-color":"","overlay-opacity":"","overlay-gradient":""},"mobile":{"background-color":"var(--ast-global-color-4)","background-image":"","background-repeat":"repeat","background-position":"center center","background-size":"auto","background-attachment":"scroll","background-type":"","background-media":"","overlay-type":"","overlay-color":"","overlay-opacity":"","overlay-gradient":""}}},"animal":[119,117],"product_brand":[],"product_cat":[25],"product_tag":[277],"class_list":{"0":"post-3625","1":"product","2":"type-product","3":"status-publish","4":"has-post-thumbnail","6":"animal-cao","7":"animal-gato","8":"product_cat-suplementos-defesas-animais","9":"product_tag-plantillaa","10":"desktop-align-left","11":"tablet-align-left","12":"mobile-align-left","14":"first","15":"instock","16":"shipping-taxable","17":"product-type-simple"},"acf":{"title_indications":"Vacina\u00e7\u00e3o de filhotes de cachorro: o que voc\u00ea precisa saber","description_indication":"O plano de vacina\u00e7\u00e3o de cada filhote \u00e9 \u00fanico de acordo com sua ra\u00e7a e necessidades. O veterin\u00e1rio estabelecer\u00e1 uma abordagem individualizada que garanta a prote\u00e7\u00e3o adequada sem expor desnecessariamente o filhote a vacinas n\u00e3o necess\u00e1rias.\r\n\r\n&nbsp;\r\n\r\n&nbsp;","items_indication":[{"imagen":3629,"title":"Per\u00edodo pr\u00e9-vacina\u00e7\u00e3o em c\u00e3es","description":"Antes de administrar as vacinas, \u00e9 essencial garantir que o filhote esteja em boas condi\u00e7\u00f5es de sa\u00fade. Isso inclui avaliar seu estado nutricional e garantir que esteja livre de parasitas ou outros corpos estranhos.\r\n\r\n&nbsp;\r\n<h3>Durante o per\u00edodo de vacina\u00e7\u00e3o em c\u00e3es<\/h3>\r\n&nbsp;\r\n\r\nAs vacinas podem gerar efeitos colaterais leves, como febre, cansa\u00e7o ou fadiga. Nestes casos, recomenda-se consultar seu veterin\u00e1rio, prevenindo poss\u00edveis rea\u00e7\u00f5es al\u00e9rgicas.\r\n\r\nA imunidade se desenvolve gradualmente ao longo do calend\u00e1rio de vacina\u00e7\u00e3o. \u00c9 essencial adaptar o plano de acordo com as necessidades em constante mudan\u00e7a do filhote, fornecendo prote\u00e7\u00e3o eficaz sem sobrecarregar o sistema imunol\u00f3gico.\r\n\r\n&nbsp;"},{"imagen":3630,"title":"Ap\u00f3s completar o calend\u00e1rio de vacina\u00e7\u00f5es para c\u00e3es","description":"Quando o calend\u00e1rio de vacina\u00e7\u00e3o do seu c\u00e3o estiver completo, continue com consultas veterin\u00e1rias anuais, mantenha as vacinas de refor\u00e7o atualizadas, desparasite regularmente e certifique-se de manter um controle de sua sa\u00fade geral com o veterin\u00e1rio para prevenir doen\u00e7as e garantir seu bem-estar a longo prazo.\r\n\r\n&nbsp;\r\n\r\n&nbsp;"}],"title_beneficios":"Como o Immunity Plasmoral ajuda a manter a sa\u00fade do seu animal de estima\u00e7\u00e3o","description_benefits":"Alimento complementar com nutrientes que ajudam a:\r\n\r\n&nbsp;\r\n\r\n&nbsp;","items_benefits":[{"imagen":1236,"title":"Manter a imunidade da mucosa intestinal","description":"Contribui para reduzir a incid\u00eancia de diarreia associada \u00e0 vacina\u00e7\u00e3o e ajuda na sintomatologia em caso de enteropatias e inflama\u00e7\u00e3o intestinal.\r\n\r\n.\r\n\r\n&nbsp;"},{"imagen":1241,"title":"","description":"Proteger contra infec\u00e7\u00f5es"},{"imagen":1235,"title":"Melhorar a sintomatologia associada a per\u00edodos de vacina\u00e7\u00e3o","description":"Tanto em per\u00edodos pr\u00e9 quanto p\u00f3s-vacinais, especialmente em filhotes.\r\n\r\n&nbsp;\r\n\r\n&nbsp;"},{"imagen":3492,"title":"Manter o funcionamento normal do sistema imunol\u00f3gico contra a imunossupress\u00e3o adquirida","description":"Devido ao uso prolongado de medicamentos potencialmente imunossupressores.\r\n\r\n&nbsp;\r\n\r\n&nbsp;"}],"items_presentaciones":[{"title":"Immunity Plasmoral\u00ae","description":"Estojo com 60 comprimidos, em blister. Blister de 10 comprimidos facilmente divis\u00edveis.\r\n\r\n&nbsp;\r\n\r\n&nbsp;","imagen":3628}],"description_ingredients":"","items_ingredients":[{"title":"Um complexo de prote\u00ednas plasm\u00e1ticas bioativas, minerais e vitaminas\r\n\r\n&nbsp;\r\n\r\n&nbsp;","description":"Ayuda a mantener la inmunidad normal a nivel de la mucosa intestinal, contribuyendo a reducir la incidencia de diarreas asociadas a la vacunaci\u00f3n.\r\n\r\n&nbsp;\r\n\r\n&nbsp;"},{"title":"Farelo de aveia\r\n\r\n&nbsp;\r\n\r\n&nbsp;","description":"Fornece beta-glucanos que contribuem para proteger contra infec\u00e7\u00f5es.\r\n\r\n&nbsp;\r\n\r\n&nbsp;"},{"title":"Extrato seco de Scutellaria baicalensis\r\n\r\n&nbsp;","description":"Fornece Baicalina conhecida por suas propriedades antioxidantes.\r\n\r\n&nbsp;\r\n\r\n&nbsp;"},{"title":"Ginseng\r\n\r\n&nbsp;","description":"<article class=\"bde-loop-item ee-post bde-dynamic-repeater-item\">\r\n<div class=\"bde-columns-206-100-981-4-206-2 bde-columns bde-columns-206-100\">\r\n<div class=\"bde-column-206-103-981-4-206-2 bde-column bde-column-206-103\">\r\n<div class=\"bde-rich-text-206-104-981-4-206-2 bde-rich-text bde-rich-text-206-104 breakdance-rich-text-styles\">\r\n\r\nFornece ginsenos\u00eddeos, contribui para equilibrar os processos fisiol\u00f3gicos do estresse.\r\n\r\nAyuda a disminuir la severidad de las diarreas agudas y cr\u00f3nica y al funcionamiento normal del sistema inmunitario.\r\n\r\n&nbsp;\r\n\r\n<\/div>\r\n<\/div>\r\n<\/div>\r\n<\/article><article class=\"bde-loop-item ee-post bde-dynamic-repeater-item\">\r\n<div class=\"bde-columns-206-100-981-5-206-2 bde-columns bde-columns-206-100\">\r\n<div class=\"bde-column-206-101-981-5-206-2 bde-column bde-column-206-101\">\r\n<div class=\"bde-text-206-102-981-5-206-2 bde-text bde-text-206-102\"><\/div>\r\n<\/div>\r\n<\/div>\r\n<\/article>"},{"title":"Sel\u00eanio\r\n\r\n&nbsp;\r\n\r\n&nbsp;","description":"Contribute to the normal functioning of the immune system.\r\n\r\n&nbsp;"},{"title":"Vitamina B6 y B12\r\n\r\n&nbsp;\r\n\r\n&nbsp;","description":"Contribuem para o funcionamento normal do sistema imunol\u00f3gico.\r\n\r\n&nbsp;\r\n\r\n&nbsp;"},{"title":"Biotina\r\n\r\n&nbsp;\r\n\r\n&nbsp;","description":"Contribui para a manuten\u00e7\u00e3o das mucosas, pele e pelo em condi\u00e7\u00f5es normais.\r\n\r\n&nbsp;\r\n\r\n&nbsp;"}],"video":"","items_Instructions_for_use":[{"title":"C\u00e3o","description":"<ul>\r\n \t<li>1 comprimido ao dia para cada 10kg de peso corporal.<\/li>\r\n \t<li>A partir de 40 kg de peso corporal: 4 comprimidos por dia.<\/li>\r\n<\/ul>"},{"title":"Gato","description":"\u00bd comprimido por dia.\r\n\r\n&nbsp;"},{"title":"Outras indica\u00e7\u00f5es","description":"V\u00eda oral\r\n\r\n&nbsp;"}],"image_banner_scientific_study_copiar":3391,"title_banner_scientific_study":"Estudo Plasmoral","description_banner_scientific_study":"<h3 style=\"color: white;\">O que investigamos?<\/h3>\r\nFoi realizado um estudo cl\u00ednico simples, cego e controlado, envolvendo 124 c\u00e3es da ra\u00e7a Labrador Retriever. Avaliou-se o efeito da suplementa\u00e7\u00e3o com Plasmoral na fun\u00e7\u00e3o imunol\u00f3gica ao longo de um ano. Um grupo recebeu ra\u00e7\u00e3o sem suplementa\u00e7\u00e3o, enquanto o outro grupo recebeu ra\u00e7\u00e3o suplementada com Plasmoral.\r\n<h3 style=\"color: white;\">Quais foram as conclus\u00f5es do estudo?<\/h3>\r\n<ul>\r\n \t<li>Plasmoral\u00ae demonstrou reduzir a medica\u00e7\u00e3o concomitante.<\/li>\r\n \t<li>Plasmoral\u00ae demonstrou contribuir para o bom estado de sa\u00fade geral dos animais.<\/li>\r\n \t<li>Plasmoral\u00ae demonstrou reduzir significativamente a frequ\u00eancia de diarreias.<\/li>\r\n<\/ul>\r\nVoc\u00ea quer ver todos os detalhes do nosso estudo? Clique no bot\u00e3o para ver o estudo completo!","Scientific_study_banner":3627,"studies":[{"header_image":"","bibliography_image":1261,"title":"Plasmoral Study","study":3627}],"bibliografy_text":"1.Mart\u00ed-Angulo S., Garc\u00eda-L\u00f3pez N., Vi\u00f1ar\u00e1s-Otero M., Varela-Sende L. Effect of oral supplementation with plasma proteins on the immune response of puppies: a randomized, controlled trial. Clin Vet Peq Anim 2022, 42 (1): 15-24\r\n\r\n2. Vetvicka V, Fernandez-Botran R. \u03b2-Glucan and parasites. Helminthologia. 2018; 55(3):177-184\r\n\r\n3.Ratan Z, Youn S, Kwak Y, Hac C, Haidere M, Kim J et al. Adaptogenic effects of Panax ginseng on modulation of immune functions. Journal of Ginseng Research. 2021; 45(1):32-40","features":[{"image":1270,"title":"Efic\u00e1cia comprovada em estudo cl\u00ednico."},{"image":1267,"title":"Sem corantes artificiais"},{"image":1262,"title":"Sem prote\u00ednas de Frango."},{"image":1267,"title":"Sem conservantes"},{"image":1213,"title":"Comprimidos facilmente divis\u00edveis."}],"ficha_tecnica":3626},"_links":{"self":[{"href":"https:\/\/beta.pharmadiet.com\/pt\/wp-json\/wp\/v2\/product\/3625","targetHints":{"allow":["GET"]}}],"collection":[{"href":"https:\/\/beta.pharmadiet.com\/pt\/wp-json\/wp\/v2\/product"}],"about":[{"href":"https:\/\/beta.pharmadiet.com\/pt\/wp-json\/wp\/v2\/types\/product"}],"replies":[{"embeddable":true,"href":"https:\/\/beta.pharmadiet.com\/pt\/wp-json\/wp\/v2\/comments?post=3625"}],"version-history":[{"count":13,"href":"https:\/\/beta.pharmadiet.com\/pt\/wp-json\/wp\/v2\/product\/3625\/revisions"}],"predecessor-version":[{"id":17629,"href":"https:\/\/beta.pharmadiet.com\/pt\/wp-json\/wp\/v2\/product\/3625\/revisions\/17629"}],"wp:featuredmedia":[{"embeddable":true,"href":"https:\/\/beta.pharmadiet.com\/pt\/wp-json\/wp\/v2\/media\/3628"}],"wp:attachment":[{"href":"https:\/\/beta.pharmadiet.com\/pt\/wp-json\/wp\/v2\/media?parent=3625"}],"wp:term":[{"taxonomy":"animal","embeddable":true,"href":"https:\/\/beta.pharmadiet.com\/pt\/wp-json\/wp\/v2\/animal?post=3625"},{"taxonomy":"product_brand","embeddable":true,"href":"https:\/\/beta.pharmadiet.com\/pt\/wp-json\/wp\/v2\/product_brand?post=3625"},{"taxonomy":"product_cat","embeddable":true,"href":"https:\/\/beta.pharmadiet.com\/pt\/wp-json\/wp\/v2\/product_cat?post=3625"},{"taxonomy":"product_tag","embeddable":true,"href":"https:\/\/beta.pharmadiet.com\/pt\/wp-json\/wp\/v2\/product_tag?post=3625"}],"curies":[{"name":"wp","href":"https:\/\/api.w.org\/{rel}","templated":true}]}}