{"id":3613,"date":"2025-07-31T15:34:39","date_gmt":"2025-07-31T13:34:39","guid":{"rendered":"https:\/\/beta.pharmadiet.com\/?post_type=product&#038;p=3613"},"modified":"2026-01-28T16:37:52","modified_gmt":"2026-01-28T15:37:52","slug":"hyaloral-grandes","status":"publish","type":"product","link":"https:\/\/beta.pharmadiet.com\/pt\/productos\/hyaloral-grandes\/","title":{"rendered":"Hyaloral\u00ae Ra\u00e7as Grandes E Gigantes"},"content":{"rendered":"<p>Alimento complementar cujos nutrientes adicionados \u00e0 dieta habitual contribuem para o desenvolvimento e manuten\u00e7\u00e3o adequados das articula\u00e7\u00f5es, tend\u00f5es e ligamentos. Suplemento para c\u00e3es de maior porte.<\/p>\n<ul>\n<li>Evid\u00eancia cl\u00ednica comprovada em estudo pr\u00f3prio com Hyaloral\u00ae.1<\/li>\n<li>Ingredientes com estudos publicados.<\/li>\n<li>Palatabilidade tolerada em c\u00e3es e gatos satisfatoriamente com Hyaloral\u00ae.2,3<\/li>\n<li>Modos de uso adequados ao peso do animal.<\/li>\n<li>Comprimidos facilmente divis\u00edveis.<\/li>\n<\/ul>\n","protected":false},"excerpt":{"rendered":"<p>Alimento complementar cujos nutrientes adicionados \u00e0 dieta habitual contribuem para o desenvolvimento e manuten\u00e7\u00e3o adequados das articula\u00e7\u00f5es, tend\u00f5es e ligamentos. Suplemento para c\u00e3es de maior porte.<\/p>\n","protected":false},"featured_media":3615,"comment_status":"open","ping_status":"closed","template":"","meta":{"_acf_changed":false,"site-sidebar-layout":"default","site-content-layout":"","ast-site-content-layout":"default","site-content-style":"default","site-sidebar-style":"default","ast-global-header-display":"","ast-banner-title-visibility":"","ast-main-header-display":"","ast-hfb-above-header-display":"","ast-hfb-below-header-display":"","ast-hfb-mobile-header-display":"","site-post-title":"","ast-breadcrumbs-content":"","ast-featured-img":"","footer-sml-layout":"","theme-transparent-header-meta":"default","adv-header-id-meta":"","stick-header-meta":"","header-above-stick-meta":"","header-main-stick-meta":"","header-below-stick-meta":"","astra-migrate-meta-layouts":"set","ast-page-background-enabled":"default","ast-page-background-meta":{"desktop":{"background-color":"var(--ast-global-color-5)","background-image":"","background-repeat":"repeat","background-position":"center center","background-size":"auto","background-attachment":"scroll","background-type":"","background-media":"","overlay-type":"","overlay-color":"","overlay-opacity":"","overlay-gradient":""},"tablet":{"background-color":"","background-image":"","background-repeat":"repeat","background-position":"center center","background-size":"auto","background-attachment":"scroll","background-type":"","background-media":"","overlay-type":"","overlay-color":"","overlay-opacity":"","overlay-gradient":""},"mobile":{"background-color":"","background-image":"","background-repeat":"repeat","background-position":"center center","background-size":"auto","background-attachment":"scroll","background-type":"","background-media":"","overlay-type":"","overlay-color":"","overlay-opacity":"","overlay-gradient":""}},"ast-content-background-meta":{"desktop":{"background-color":"var(--ast-global-color-4)","background-image":"","background-repeat":"repeat","background-position":"center center","background-size":"auto","background-attachment":"scroll","background-type":"","background-media":"","overlay-type":"","overlay-color":"","overlay-opacity":"","overlay-gradient":""},"tablet":{"background-color":"var(--ast-global-color-4)","background-image":"","background-repeat":"repeat","background-position":"center center","background-size":"auto","background-attachment":"scroll","background-type":"","background-media":"","overlay-type":"","overlay-color":"","overlay-opacity":"","overlay-gradient":""},"mobile":{"background-color":"var(--ast-global-color-4)","background-image":"","background-repeat":"repeat","background-position":"center center","background-size":"auto","background-attachment":"scroll","background-type":"","background-media":"","overlay-type":"","overlay-color":"","overlay-opacity":"","overlay-gradient":""}}},"animal":[119],"product_brand":[],"product_cat":[20],"product_tag":[277],"class_list":{"0":"post-3613","1":"product","2":"type-product","3":"status-publish","4":"has-post-thumbnail","6":"animal-cao","7":"product_cat-suplementos-articulacoes-animais","8":"product_tag-plantillaa","9":"desktop-align-left","10":"tablet-align-left","11":"mobile-align-left","13":"first","14":"instock","15":"shipping-taxable","16":"product-type-simple"},"acf":{"title_indications":"","description_indication":"","items_indication":[{"imagen":3616,"title":"O que \u00e9 displasia canina?","description":"A displasia canina \u00e9 uma condi\u00e7\u00e3o ortop\u00e9dica na qual a articula\u00e7\u00e3o afetada, geralmente os quadris e os cotovelos, n\u00e3o se desenvolve corretamente. Isso pode levar \u00e0 degenera\u00e7\u00e3o da cartilagem articular, dor, inflama\u00e7\u00e3o e dificuldade de movimento. \u00c9 mais comum em ra\u00e7as grandes e pode ser heredit\u00e1ria.\r\n\r\nO diagn\u00f3stico \u00e9 feito por meio de radiografias e o tratamento pode incluir mudan\u00e7as na dieta, medicamentos e cirurgia. A detec\u00e7\u00e3o precoce da displasia do quadril ou cotovelo e o cuidado veterin\u00e1rio s\u00e3o essenciais para melhorar a qualidade de vida do c\u00e3o, ou seja, manter seu bem-estar f\u00edsico, mental e emocional.\r\n\r\n&nbsp;"}],"title_beneficios":"Como este alimento complementar ajuda na sa\u00fade articular do seu animal de estima\u00e7\u00e3o","description_benefits":"Este alimento complementar para c\u00e3es, fornece nutrientes para auxiliar no desenvolvimento adequado de articula\u00e7\u00f5es, tend\u00f5es, cartilagens e ligamentos e lubrifica as articula\u00e7\u00f5es.\r\n\r\n&nbsp;\r\n\r\n&nbsp;","items_benefits":[{"imagen":1268,"title":"Contribui para um desenvolvimento saud\u00e1vel","description":"Hyaloral para c\u00e3es\u00a0 ajuda a manter a sa\u00fade das articula\u00e7\u00f5es, tend\u00f5es, cartilagens e ligamentos, especialmente importante em animais jovens em crescimento.\r\n\r\n&nbsp;\r\n\r\n&nbsp;"},{"imagen":3492,"title":"Auxilia na manuten\u00e7\u00e3o da mobilidade","description":"Lubrifica as articula\u00e7\u00f5es e a flexibilidade, reduzindo a rigidez em animais mais velhos.\r\n\r\n&nbsp;\r\n\r\n&nbsp;"},{"imagen":1269,"title":"Manuten\u00e7\u00e3o da sa\u00fade articular","description":"Ajuda a manter a sa\u00fade articular ao longo do tempo, ajudando a prevenir ou retardar problemas articulares.\r\n\r\n&nbsp;\r\n\r\n&nbsp;"},{"imagen":1246,"title":"Contribui para a preven\u00e7\u00e3o da displasia","description":"Ajuda a manter a sa\u00fade das articula\u00e7\u00f5es desde tenra idade, contribuindo para a preven\u00e7\u00e3o da displasia canina, uma doen\u00e7a ortop\u00e9dica comum em algumas ra\u00e7as. Isto permite que os seus animais de companhia mantenham articula\u00e7\u00f5es fortes e funcionais ao longo da vida.\r\n\r\n&nbsp;"},{"imagen":1272,"title":"Contribui para manter uma vida ativa","description":"Facilita uma vida ativa, para que seus animais de estima\u00e7\u00e3o desfrutem de atividades f\u00edsicas como brincar, correr e pular com mais conforto, o que contribui para seu bem-estar f\u00edsico e emocional.\r\n\r\n&nbsp;"}],"items_presentaciones":[{"title":"Hyaloral\u00ae Ra\u00e7as Grandes E Gigantes","description":"Estojos com 120 ou 360 comprimidos de 4,5 g cada, facilmente divis\u00edveis, para facilitar a administra\u00e7\u00e3o.\r\n\r\n&nbsp;\r\n\r\n&nbsp;","imagen":3615}],"description_ingredients":"","items_ingredients":[{"title":"\u00c1cido Hialur\u00f3nico<sup>4,5,6,7,8<\/sup>","description":"Principal componente do l\u00edquido sinovial das articula\u00e7\u00f5es, com propriedades viscoel\u00e1sticas e lubrificantes. Sua ingest\u00e3o oral ajuda a facilitar o movimento articular devido \u00e0 sua viscosidade, protege a cartilagem contra o desgaste, reduz a inflama\u00e7\u00e3o e favorece a nutri\u00e7\u00e3o da cartilagem.\r\n\r\nO \u00c1cido Hialur\u00f3nico proporciona viscoelasticidade ao l\u00edquido sinovial e \u00e9 respons\u00e1vel pela lubrifica\u00e7\u00e3o da membrana sinovial e da cartilagem articular. A ingest\u00e3o oral tem se mostrado eficaz na osteoartrite em c\u00e3es."},{"title":"Colag\u00e9nio enzimaticamente hidrolisado\r\n\r\n&nbsp;\r\n\r\n&nbsp;","description":"Componente majorit\u00e1rio e base estrutural da cartilagem hialina das articula\u00e7\u00f5es, principal tecido afetado em processos de degenera\u00e7\u00e3o articular. O col\u00e1geno \u00e9 conhecido por manter a integridade da cartilagem e sua fun\u00e7\u00e3o \u00e9 proporcionar flexibilidade, elasticidade e suporte. A administra\u00e7\u00e3o na forma hidrolisada permite uma maior absor\u00e7\u00e3o, distribui\u00e7\u00e3o e acumula\u00e7\u00e3o na cartilagem articular.\r\n\r\n&nbsp;"},{"title":"Glucosamina\r\n\r\n&nbsp;","description":"Amino a\u00e7\u00facar componente da cartilagem articular, substrato e estimulador da s\u00edntese de condroitina e \u00e1cido hialur\u00f4nico, protege a cartilagem hialina do desgaste e favorece a nutri\u00e7\u00e3o da cartilagem.\r\n\r\n&nbsp;"},{"title":"Sulfato de Condroitina\r\n\r\n&nbsp;","description":"Principal glicosaminoglicano da matriz extracelular da cartilagem. Nutriente que contribui para a forma\u00e7\u00e3o de diferentes componentes da cartilagem, ajuda a diminuir a destrui\u00e7\u00e3o da cartilagem e reduz a inflama\u00e7\u00e3o, diminuindo a a\u00e7\u00e3o de mol\u00e9culas pr\u00f3-inflamat\u00f3rias.\r\n\r\n&nbsp;"},{"title":"Gamma Orizanol<sup>9,10,11<\/sup>","description":"Subst\u00e2ncia de origem natural, proveniente do farelo de arroz, que apresenta uma potente a\u00e7\u00e3o antioxidante, auxilia na elimina\u00e7\u00e3o de radicais livres e reduz a inflama\u00e7\u00e3o.\r\n\r\nA combina\u00e7\u00e3o de sulfato de condroitina, glucosamina e antioxidantes na dieta melhora o estado das articula\u00e7\u00f5es e \u00e9 eficaz no tratamento de c\u00e3es com osteoartrite.\r\n\r\nFoi demonstrado que a glucosamina e a condroitina melhoram a fun\u00e7\u00e3o articular e podem ser respons\u00e1veis pela melhoria da dor \u00e0 manipula\u00e7\u00e3o, claudica\u00e7\u00e3o e amplitude de movimento.\r\n\r\n&nbsp;"}],"video":"","items_Instructions_for_use":[{"title":"C\u00e3o","description":"V\u00eda oral.\r\n<ul>\r\n \t<li>1 comprimido\/20 kg de peso corporal ao dia em uma \u00fanica administra\u00e7\u00e3o.<\/li>\r\n \t<li>C\u00e3es com 40 kg de peso corporal ou mais: 2 comprimidos ao dia em uma \u00fanica administra\u00e7\u00e3o.<\/li>\r\n<\/ul>\r\nRecomenda-se misturar com o alimento habitual durante um m\u00ednimo de 3 meses.\r\n\r\nPor ser um alimento complementar, pode ser usado continuamente."}],"image_banner_scientific_study_copiar":3391,"title_banner_scientific_study":"Estudo Hyaloral FOPG","description_banner_scientific_study":"<h3><span style=\"color: #ffffff;\">O que investigamos?<\/span><\/h3>\r\nEstudamos como nosso produto Hyaloral, um alimento complementar que combina \u00e1cido hialur\u00f4nico e col\u00e1geno hidrolisado, pode prevenir a displasia do cotovelo em c\u00e3es.\r\n<h3><span style=\"color: #ffffff;\">Quais foram as conclus\u00f5es do estudo?<\/span><\/h3>\r\n<ul>\r\n \t<li>O grupo suplementado com o alimento complementar Hyaloral experimentou uma redu\u00e7\u00e3o significativa na ocorr\u00eancia de displasia articular, com 95% de probabilidade de sucesso.<\/li>\r\n \t<li>Al\u00e9m disso, nosso produto mostrou ser eficaz para aliviar os sintomas da displasia articular.<\/li>\r\n<\/ul>\r\nVoc\u00ea quer ver todos os detalhes do nosso estudo? Clique no bot\u00e3o para ver o estudo completo!","Scientific_study_banner":3393,"studies":[{"header_image":"","bibliography_image":1261,"title":"Hyaloral FOPG Study","study":3393}],"bibliografy_text":"<ol>\r\n \t<li>Efficacy of an oral hyaluronate and collagen supplement as a preventive treatment of elbow dysplasia. Sim\u00f3n Mart\u00ed-Angulo, N\u00faria Garc\u00eda-L\u00f3pez, Ana D\u00edaz-Ramos. J. Vet. Sci. (2014), 15(4), 569-574.<\/li>\r\n \t<li>Estudio palatabilidad gatos<\/li>\r\n \t<li>\u00a0Estudio palatabilidad perros<\/li>\r\n \t<li>Alves JC, Dos Santos AMMP, Jorge P, Lavrador CFTVB, Carreira LM. Effect of a single intra-articular high molecular weight hyaluronan in a naturally occurring canine osteoarthritis model: a randomized controlled trial. J Orthop Surg Res. 2021 May 3;16(1):290. doi: 10.1186\/s13018-021-02423-4. PMID: 33941219; PMCID: PMC8091761.<\/li>\r\n \t<li>Alves et al. Effect of an oral joint suplement when compared to another product in the management of hip osteoarthritis in working dogs. Topics in Compan An Med 32 (2017) 126-129.<\/li>\r\n \t<li>Bergin et al. Oral hyaluronan gel reduces post-operative tarsocrural effusion in the yearling Thoroghbred. Equine Vet J, 2006 38 (4): 375-378.<\/li>\r\n \t<li>Carmona et al. Efectos bioqu\u00edmicos y Cl\u00ednicos del hialuronato oral en Caballos andaluces j\u00f3venes con osteocondrosis tarsocrural. Arch Med Vet, 2009, 41, 139-14<\/li>\r\n \t<li>Martello, E., Bigliati, M., Adami, R., Biasibetti, E., Bisanzio, D., Meineri, G., &amp; Bruni, N. (2022). Efficacy of a dietary supplement in dogs with osteoarthritis: A randomized placebo-controlled, double-blind clinical trial. PloS one, 17(2), e0263971.\u00a0<a href=\"https:\/\/doi.org\/10.1371\/journal.pone.0263971\">https:\/\/doi.org\/10.1371\/journal.pone.0263971<\/a><\/li>\r\n \t<li>Minatel et al. Antioxidant activity of \u01b3-Oryzanol: a complex network of interactions.\u00a0 Int J Mol Sci, 2016, 17, 1107.<\/li>\r\n \t<li>Parrado et al. Prevention of brain protein and l\u00edpid oxidation elicited by a water-soluble oryzanol enzymatic extract derived from rice bran. Eur J Nutr, 2003, 42: 307-314.<\/li>\r\n \t<li>Shin et al. \u01b3-Oryzanol supresses COX-2 expression by inhibiting reactive oxygen species-mediated Erk \u00bd and Egr-1 signaling in LPS-stimulated RAW264.7 macrophages. Biochem biophysic Research Communications, 2017, 491, 486-492<\/li>\r\n<\/ol>","features":[{"image":1270,"title":"Efic\u00e1cia comprovada em estudo cl\u00ednico."},{"image":1271,"title":"\u00cdndice de aceita\u00e7\u00e3o de 89% em c\u00e3es e gatos."},{"image":1262,"title":"Sem prote\u00ednas de Frango."},{"image":1267,"title":"Sem corantes."},{"image":1213,"title":"Comprimido facilmente divis\u00edvel"}],"ficha_tecnica":3614},"_links":{"self":[{"href":"https:\/\/beta.pharmadiet.com\/pt\/wp-json\/wp\/v2\/product\/3613","targetHints":{"allow":["GET"]}}],"collection":[{"href":"https:\/\/beta.pharmadiet.com\/pt\/wp-json\/wp\/v2\/product"}],"about":[{"href":"https:\/\/beta.pharmadiet.com\/pt\/wp-json\/wp\/v2\/types\/product"}],"replies":[{"embeddable":true,"href":"https:\/\/beta.pharmadiet.com\/pt\/wp-json\/wp\/v2\/comments?post=3613"}],"version-history":[{"count":13,"href":"https:\/\/beta.pharmadiet.com\/pt\/wp-json\/wp\/v2\/product\/3613\/revisions"}],"predecessor-version":[{"id":17624,"href":"https:\/\/beta.pharmadiet.com\/pt\/wp-json\/wp\/v2\/product\/3613\/revisions\/17624"}],"wp:featuredmedia":[{"embeddable":true,"href":"https:\/\/beta.pharmadiet.com\/pt\/wp-json\/wp\/v2\/media\/3615"}],"wp:attachment":[{"href":"https:\/\/beta.pharmadiet.com\/pt\/wp-json\/wp\/v2\/media?parent=3613"}],"wp:term":[{"taxonomy":"animal","embeddable":true,"href":"https:\/\/beta.pharmadiet.com\/pt\/wp-json\/wp\/v2\/animal?post=3613"},{"taxonomy":"product_brand","embeddable":true,"href":"https:\/\/beta.pharmadiet.com\/pt\/wp-json\/wp\/v2\/product_brand?post=3613"},{"taxonomy":"product_cat","embeddable":true,"href":"https:\/\/beta.pharmadiet.com\/pt\/wp-json\/wp\/v2\/product_cat?post=3613"},{"taxonomy":"product_tag","embeddable":true,"href":"https:\/\/beta.pharmadiet.com\/pt\/wp-json\/wp\/v2\/product_tag?post=3613"}],"curies":[{"name":"wp","href":"https:\/\/api.w.org\/{rel}","templated":true}]}}