{"id":3602,"date":"2025-07-31T15:01:16","date_gmt":"2025-07-31T13:01:16","guid":{"rendered":"https:\/\/beta.pharmadiet.com\/?post_type=product&#038;p=3602"},"modified":"2026-01-28T13:11:15","modified_gmt":"2026-01-28T12:11:15","slug":"hepatosil-plus-pequenas","status":"publish","type":"product","link":"https:\/\/beta.pharmadiet.com\/pt\/productos\/hepatosil-plus-pequenas\/","title":{"rendered":"Hepatosil Plus\u00ae Ra\u00e7as Pequenas"},"content":{"rendered":"<p>Alimento complementar que fornece nutrientes que contribuem para a manuten\u00e7\u00e3o da fun\u00e7\u00e3o interna. Para ra\u00e7as pequenas de c\u00e3es e gatos.<\/p>\n","protected":false},"excerpt":{"rendered":"<p><strong>Nova composi\u00e7\u00e3o.<\/strong><\/p>\n<p>Alimento complementar que fornece nutrientes que contribuem para a manuten\u00e7\u00e3o da fun\u00e7\u00e3o interna. Para ra\u00e7as pequenas de c\u00e3es e gatos.<\/p>\n","protected":false},"featured_media":3603,"comment_status":"open","ping_status":"closed","template":"","meta":{"_acf_changed":false,"site-sidebar-layout":"default","site-content-layout":"","ast-site-content-layout":"default","site-content-style":"default","site-sidebar-style":"default","ast-global-header-display":"","ast-banner-title-visibility":"","ast-main-header-display":"","ast-hfb-above-header-display":"","ast-hfb-below-header-display":"","ast-hfb-mobile-header-display":"","site-post-title":"","ast-breadcrumbs-content":"","ast-featured-img":"","footer-sml-layout":"","theme-transparent-header-meta":"default","adv-header-id-meta":"","stick-header-meta":"","header-above-stick-meta":"","header-main-stick-meta":"","header-below-stick-meta":"","astra-migrate-meta-layouts":"set","ast-page-background-enabled":"default","ast-page-background-meta":{"desktop":{"background-color":"var(--ast-global-color-5)","background-image":"","background-repeat":"repeat","background-position":"center center","background-size":"auto","background-attachment":"scroll","background-type":"","background-media":"","overlay-type":"","overlay-color":"","overlay-opacity":"","overlay-gradient":""},"tablet":{"background-color":"","background-image":"","background-repeat":"repeat","background-position":"center center","background-size":"auto","background-attachment":"scroll","background-type":"","background-media":"","overlay-type":"","overlay-color":"","overlay-opacity":"","overlay-gradient":""},"mobile":{"background-color":"","background-image":"","background-repeat":"repeat","background-position":"center center","background-size":"auto","background-attachment":"scroll","background-type":"","background-media":"","overlay-type":"","overlay-color":"","overlay-opacity":"","overlay-gradient":""}},"ast-content-background-meta":{"desktop":{"background-color":"var(--ast-global-color-4)","background-image":"","background-repeat":"repeat","background-position":"center center","background-size":"auto","background-attachment":"scroll","background-type":"","background-media":"","overlay-type":"","overlay-color":"","overlay-opacity":"","overlay-gradient":""},"tablet":{"background-color":"var(--ast-global-color-4)","background-image":"","background-repeat":"repeat","background-position":"center center","background-size":"auto","background-attachment":"scroll","background-type":"","background-media":"","overlay-type":"","overlay-color":"","overlay-opacity":"","overlay-gradient":""},"mobile":{"background-color":"var(--ast-global-color-4)","background-image":"","background-repeat":"repeat","background-position":"center center","background-size":"auto","background-attachment":"scroll","background-type":"","background-media":"","overlay-type":"","overlay-color":"","overlay-opacity":"","overlay-gradient":""}}},"animal":[119,117],"product_brand":[],"product_cat":[26],"product_tag":[279],"class_list":{"0":"post-3602","1":"product","2":"type-product","3":"status-publish","4":"has-post-thumbnail","6":"animal-cao","7":"animal-gato","8":"product_cat-suplementos-saude-interna-animais","9":"product_tag-plantillac","10":"desktop-align-left","11":"tablet-align-left","12":"mobile-align-left","14":"first","15":"instock","16":"shipping-taxable","17":"product-type-simple"},"acf":{"title_indications":"","description_indication":"","items_indication":[{"imagen":"","title":"Problemas hep\u00e1ticos em gatos e c\u00e3es: entender e abordar os riscos","description":"As doen\u00e7as hep\u00e1ticas afetam tanto gatos quanto c\u00e3es, e \u00e9 importante compreend\u00ea-las para fornecer o melhor cuidado poss\u00edvel.\r\n\r\nFun\u00e7\u00e3o cr\u00edtica do f\u00edgado:\r\n\r\nO f\u00edgado \u00e9 vital para a sa\u00fade de nossos animais de estima\u00e7\u00e3o, pois desempenha um papel fundamental na digest\u00e3o, metabolismo e elimina\u00e7\u00e3o de toxinas em seus corpos."},{"imagen":3607,"title":"Doen\u00e7as hep\u00e1ticas comuns:","description":"Hepatitis: Las infecciones, toxinas y factores gen\u00e9ticos pueden causar hepatitis en gatos y perros, lo que puede llevar a problemas graves en el h\u00edgado.\r\n\r\nSintomas reveladores:\r\n\r\nEstar atento aos sinais de doen\u00e7a hep\u00e1tica \u00e9 crucial. Perda de apetite, letargia, v\u00f4mitos e altera\u00e7\u00f5es na cor da pele ou dos olhos podem ser sinais de alerta.\r\n\r\nImport\u00e2ncia da detec\u00e7\u00e3o precoce::\r\n\r\nA detec\u00e7\u00e3o precoce \u00e9 essencial para um tratamento eficaz. Se voc\u00ea notar sinais preocupantes, n\u00e3o hesite em procurar atendimento veterin\u00e1rio.<span style=\"font-size: 16px;\">.<\/span>\r\n\r\n&nbsp;"},{"imagen":3599,"title":"Preven\u00e7\u00e3o e cuidado cont\u00ednuo","description":"Prevenir o acesso a subst\u00e2ncias t\u00f3xicas, manter uma dieta saud\u00e1vel e fazer check-ups veterin\u00e1rios regulares s\u00e3o pr\u00e1ticas-chave para manter a sa\u00fade hep\u00e1tica de seus animais de estima\u00e7\u00e3o.\r\n\r\nEm resumo, as doen\u00e7as hep\u00e1ticas s\u00e3o uma preocupa\u00e7\u00e3o real em gatos e c\u00e3es. Compreender os riscos, estar atento aos sintomas e procurar atendimento veterin\u00e1rio quando necess\u00e1rio s\u00e3o passos essenciais para garantir que nossos animais de estima\u00e7\u00e3o vivam vidas longas e saud\u00e1veis."}],"title_beneficios":"Como Hepatosil Plus ra\u00e7as pequenas ajuda","description_benefits":"","items_benefits":[{"imagen":1238,"title":"Ajuda na fun\u00e7\u00e3o interna normal","description":"O suplemento alimentar Hepatosil Plus fornece nutrientes com a\u00e7\u00e3o antioxidante conhecida, que ajudam a preservar a integridade e funcionalidade do organismo.\r\n\r\n&nbsp;\r\n\r\n&nbsp;"},{"imagen":1239,"title":"Apoia a s\u00edntese de nutrientes","description":"Nutrientes como zinco e \u00e1cido f\u00f3lico ajudam na s\u00edntese de prote\u00ednas e amino\u00e1cidos, contribuindo para que o organismo assimile melhor minerais e nutrientes.\r\n\r\n&nbsp;\r\n\r\n&nbsp;"},{"imagen":1249,"title":"Contribui para a elimina\u00e7\u00e3o de toxinas","description":"O f\u00edgado \u00e9 crucial para desintoxicar o organismo. Os nutrientes do suplemento alimentar Hepatosil Plus ajudam na elimina\u00e7\u00e3o de toxinas e na fun\u00e7\u00e3o interna normal.\r\n\r\n&nbsp;\r\n\r\n&nbsp;"}],"items_presentaciones":[{"title":"Hepatosil Plus\u00ae Ra\u00e7as Pequenas","description":"Embalagem com 30 comprimidos e folheto informativo.\r\n\r\n&nbsp;\r\n\r\n&nbsp;","imagen":3606},{"title":"Hepatosil Plus\u00ae Ra\u00e7as Pequenas","description":"Embalagem com 60 comprimidos e prospecto.\r\n\r\n&nbsp;","imagen":3605}],"description_ingredients":"","items_ingredients":[{"title":"<div class=\"bde-column-206-101-1143-1-206-3 bde-column bde-column-206-101\">\r\n<div class=\"bde-text-206-102-1143-1-206-3 bde-text bde-text-206-102\">\r\n<div class=\"bde-column-206-101-1071-1-206-3 bde-column bde-column-206-101\">\r\n<div class=\"bde-text-206-102-1071-1-206-3 bde-text bde-text-206-102\">\r\n\r\nLevedura de cerveja (Saccharomyces cerevisae)\r\n\r\n&nbsp;\r\n\r\n<\/div>\r\n<\/div>\r\n<div class=\"bde-column-206-103-1071-1-206-3 bde-column bde-column-206-103\">\r\n<div class=\"bde-rich-text-206-104-1071-1-206-3 bde-rich-text bde-rich-text-206-104 breakdance-rich-text-styles\"><\/div>\r\n<\/div>\r\n<\/div>\r\n<\/div>","description":"Fonte de nutrientes com propriedades antioxidantes\r\n\r\n&nbsp;"},{"title":"<div class=\"bde-column-206-101-1143-2-206-3 bde-column bde-column-206-101\">\r\n<div class=\"bde-text-206-102-1143-2-206-3 bde-text bde-text-206-102\">\r\n<div class=\"bde-column-206-101-1071-2-206-3 bde-column bde-column-206-101\">\r\n<div class=\"bde-text-206-102-1071-2-206-3 bde-text bde-text-206-102\">\r\n\r\nVitaminas B1 e B12\r\n\r\n&nbsp;\r\n\r\n<\/div>\r\n<\/div>\r\n<\/div>\r\n<\/div>","description":"Contribuem para o metabolismo energ\u00e9tico normal."},{"title":"<div class=\"bde-column-206-101-1143-3-206-2 bde-column bde-column-206-101\">\r\n<div class=\"bde-text-206-102-1143-3-206-2 bde-text bde-text-206-102\">\r\n<div class=\"bde-column-206-101-1071-3-206-2 bde-column bde-column-206-101\">\r\n<div class=\"bde-text-206-102-1071-3-206-2 bde-text bde-text-206-102\">\r\n<div class=\"bde-column-206-101-1079-3-206-3 bde-column bde-column-206-101\">\r\n<div class=\"bde-text-206-102-1079-3-206-3 bde-text bde-text-206-102\">\r\n\r\nSemente de cardo mariano\r\n\r\n&nbsp;\r\n\r\n<\/div>\r\n<\/div>\r\n<div class=\"bde-column-206-103-1079-3-206-3 bde-column bde-column-206-103\">\r\n<div class=\"bde-rich-text-206-104-1079-3-206-3 bde-rich-text bde-rich-text-206-104 breakdance-rich-text-styles\"><\/div>\r\n<\/div>\r\n<\/div>\r\n<\/div>\r\n<\/div>\r\n<\/div>","description":"Pelo seu teor em silibina, conhecido pela sua atividade hepatoprotetora, contribui para a fun\u00e7\u00e3o hep\u00e1tica normal."},{"title":"<div class=\"bde-column-206-101-1143-4-206-2 bde-column bde-column-206-101\">\r\n<div class=\"bde-text-206-102-1143-4-206-2 bde-text bde-text-206-102\">\r\n\r\nZinco\r\n\r\n<\/div>\r\n<\/div>","description":"Contribui para a prote\u00e7\u00e3o das c\u00e9lulas contra o dano oxidativo, para a s\u00edntese proteica normal, para o metabolismo normal de \u00e1cidos graxos, de carboidratos, de macronutrientes e para o funcionamento normal do sistema imunol\u00f3gico."},{"title":"<div class=\"bde-column-206-101-1143-5-206-2 bde-column bde-column-206-101\">\r\n<div class=\"bde-text-206-102-1143-5-206-2 bde-text bde-text-206-102\">\r\n<div class=\"bde-column-206-101-1071-5-206-2 bde-column bde-column-206-101\">\r\n<div class=\"bde-text-206-102-1071-5-206-2 bde-text bde-text-206-102\">\r\n\r\nVitamina E\r\n\r\n<\/div>\r\n<\/div>\r\n<div class=\"bde-column-206-103-1071-5-206-2 bde-column bde-column-206-103\">\r\n<div class=\"bde-rich-text-206-104-1071-5-206-2 bde-rich-text bde-rich-text-206-104 breakdance-rich-text-styles\"><\/div>\r\n<\/div>\r\n<\/div>\r\n<\/div>","description":"Junto con la Vitamina E contribuye a la protecci\u00f3n de las c\u00e9lulas frente al da\u00f1o oxidativo."},{"title":"<div class=\"bde-column-206-101-1071-6-206-2 bde-column bde-column-206-101\">\r\n<div class=\"bde-text-206-102-1071-6-206-2 bde-text bde-text-206-102\">\r\n\r\n\u00c1cido f\u00f3lico\r\n\r\n<\/div>\r\n<\/div>\r\n<div class=\"bde-column-206-103-1071-6-206-2 bde-column bde-column-206-103\">\r\n<div class=\"bde-rich-text-206-104-1071-6-206-2 bde-rich-text bde-rich-text-206-104 breakdance-rich-text-styles\"><\/div>\r\n<\/div>","description":"Contribui para a s\u00edntese normal de amino\u00e1cidos, para o funcionamento normal do sistema imunol\u00f3gico. Ajuda a reduzir o cansa\u00e7o e a fadiga. Contribui para o processo de divis\u00e3o celular."},{"title":"<div class=\"bde-column-206-101-1071-7-206-2 bde-column bde-column-206-101\">\r\n<div class=\"bde-text-206-102-1071-7-206-2 bde-text bde-text-206-102\">\r\n\r\nSel\u00eanio\r\n\r\n<\/div>\r\n<\/div>\r\n<div class=\"bde-column-206-103-1071-7-206-2 bde-column bde-column-206-103\">\r\n<div class=\"bde-rich-text-206-104-1071-7-206-2 bde-rich-text bde-rich-text-206-104 breakdance-rich-text-styles\"><\/div>\r\n<\/div>","description":"Contribui para o funcionamento normal do sistema imunol\u00f3gico e, juntamente com a Vitamina E, contribui para a prote\u00e7\u00e3o das c\u00e9lulas contra o dano oxidativo."}],"video":"","items_Instructions_for_use":[{"title":"","description":"V\u00eda oral\r\n\r\nVia oral Recomenda-se misturar com a comida habitual.\r\n\r\nOs animais devem ter acesso permanente \u00e0 \u00e1gua.\r\n\r\nRecomenda-se acompanhamento ap\u00f3s 6 meses de uso."},{"title":"Gato","description":"At\u00e9 7 kg de peso corporal: 1 comprimido por dia.\r\n\r\n&nbsp;\r\n\r\n&nbsp;"},{"title":"C\u00e3o","description":"<section id=\"instrucciones\" class=\"bde-section-130-158 bde-section\">At\u00e9 7 kg de peso corporal: 1 comprimido por dia.&nbsp;\r\n\r\n<\/section>"}],"image_banner_scientific_study_copiar":"","title_banner_scientific_study":"","description_banner_scientific_study":"","Scientific_study_banner":"","studies":null,"bibliografy_text":"1. . Swanson KS et al. Supplemental frucooligosaccharides and mannanoligosaccharides influence immune fuction, illeal and total tract nutrient digestibilities, micrbial populations and concentrations of protein catabolites in the large bowel of dogs. J Nutr (2002); 132 (5):980-989.\r\n2. Swanson KS et al. effects of supplemental frucooligosaccharides and mannanoligosaccharides on colonic microbial populations, immune function and fecal odor components in the canine. J Nutr (2002); 132:1717S-1719S\r\n3. Halas V et al. Mannanoligosaccharides in nursery pig nutrition and their potential mode of action. Animals (2012): 2:261-274\r\n4. Benyacoub J et al. Supplementatio of food with Enterococcus faecium (SF68) stimulates immune function in young dogs. J Nutr. (2003). 133 (4), 1158.\r\n5. Lappin M.R et al. Pilot study to evaluate the effect of oral supplementation of Enterococcus faecium SF 68 on cats with latent feline herpesvirus1. J Feline Med Surg. 11,650 (2009).\r\n6. Canani RB et al. Mechanisms of action of zinc in acute diarrhea. Curr Opin Gastroenterol (2011); 27 (1): 8-12.\r\n7. Skrovanek S et al. Zinc and gastrointestinal disease. World J Gastrointest Pathophysiol (2014) Nov; 15;5 (4):496-513.","features":[{"image":1262,"title":"Sem prote\u00ednas de Frango."},{"image":1267,"title":"Sem corantes."},{"image":1213,"title":"Comprimidos facilmente divis\u00edveis."}],"ficha_tecnica":3604},"_links":{"self":[{"href":"https:\/\/beta.pharmadiet.com\/pt\/wp-json\/wp\/v2\/product\/3602","targetHints":{"allow":["GET"]}}],"collection":[{"href":"https:\/\/beta.pharmadiet.com\/pt\/wp-json\/wp\/v2\/product"}],"about":[{"href":"https:\/\/beta.pharmadiet.com\/pt\/wp-json\/wp\/v2\/types\/product"}],"replies":[{"embeddable":true,"href":"https:\/\/beta.pharmadiet.com\/pt\/wp-json\/wp\/v2\/comments?post=3602"}],"version-history":[{"count":14,"href":"https:\/\/beta.pharmadiet.com\/pt\/wp-json\/wp\/v2\/product\/3602\/revisions"}],"predecessor-version":[{"id":17618,"href":"https:\/\/beta.pharmadiet.com\/pt\/wp-json\/wp\/v2\/product\/3602\/revisions\/17618"}],"wp:featuredmedia":[{"embeddable":true,"href":"https:\/\/beta.pharmadiet.com\/pt\/wp-json\/wp\/v2\/media\/3603"}],"wp:attachment":[{"href":"https:\/\/beta.pharmadiet.com\/pt\/wp-json\/wp\/v2\/media?parent=3602"}],"wp:term":[{"taxonomy":"animal","embeddable":true,"href":"https:\/\/beta.pharmadiet.com\/pt\/wp-json\/wp\/v2\/animal?post=3602"},{"taxonomy":"product_brand","embeddable":true,"href":"https:\/\/beta.pharmadiet.com\/pt\/wp-json\/wp\/v2\/product_brand?post=3602"},{"taxonomy":"product_cat","embeddable":true,"href":"https:\/\/beta.pharmadiet.com\/pt\/wp-json\/wp\/v2\/product_cat?post=3602"},{"taxonomy":"product_tag","embeddable":true,"href":"https:\/\/beta.pharmadiet.com\/pt\/wp-json\/wp\/v2\/product_tag?post=3602"}],"curies":[{"name":"wp","href":"https:\/\/api.w.org\/{rel}","templated":true}]}}