{"id":3596,"date":"2025-07-31T14:55:11","date_gmt":"2025-07-31T12:55:11","guid":{"rendered":"https:\/\/beta.pharmadiet.com\/?post_type=product&#038;p=3596"},"modified":"2026-01-28T12:59:31","modified_gmt":"2026-01-28T11:59:31","slug":"hepatosil-plus-mediana","status":"publish","type":"product","link":"https:\/\/beta.pharmadiet.com\/pt\/productos\/hepatosil-plus-mediana\/","title":{"rendered":"Hepatosil PLUS\u00ae Razas medianas"},"content":{"rendered":"<p>Alimento complementar que fornece nutrientes que contribuem para a manuten\u00e7\u00e3o da fun\u00e7\u00e3o interna. Para ra\u00e7as de c\u00e3es de porte m\u00e9dio.<\/p>\n","protected":false},"excerpt":{"rendered":"<p><strong>Nova composi\u00e7\u00e3o.<\/strong><\/p>\n<p>Alimento complementar que fornece nutrientes que contribuem para a manuten\u00e7\u00e3o da fun\u00e7\u00e3o interna. Para ra\u00e7as de c\u00e3es de porte m\u00e9dio.<\/p>\n","protected":false},"featured_media":3597,"comment_status":"open","ping_status":"closed","template":"","meta":{"_acf_changed":false,"site-sidebar-layout":"default","site-content-layout":"","ast-site-content-layout":"default","site-content-style":"default","site-sidebar-style":"default","ast-global-header-display":"","ast-banner-title-visibility":"","ast-main-header-display":"","ast-hfb-above-header-display":"","ast-hfb-below-header-display":"","ast-hfb-mobile-header-display":"","site-post-title":"","ast-breadcrumbs-content":"","ast-featured-img":"","footer-sml-layout":"","theme-transparent-header-meta":"default","adv-header-id-meta":"","stick-header-meta":"","header-above-stick-meta":"","header-main-stick-meta":"","header-below-stick-meta":"","astra-migrate-meta-layouts":"set","ast-page-background-enabled":"default","ast-page-background-meta":{"desktop":{"background-color":"var(--ast-global-color-5)","background-image":"","background-repeat":"repeat","background-position":"center center","background-size":"auto","background-attachment":"scroll","background-type":"","background-media":"","overlay-type":"","overlay-color":"","overlay-opacity":"","overlay-gradient":""},"tablet":{"background-color":"","background-image":"","background-repeat":"repeat","background-position":"center center","background-size":"auto","background-attachment":"scroll","background-type":"","background-media":"","overlay-type":"","overlay-color":"","overlay-opacity":"","overlay-gradient":""},"mobile":{"background-color":"","background-image":"","background-repeat":"repeat","background-position":"center center","background-size":"auto","background-attachment":"scroll","background-type":"","background-media":"","overlay-type":"","overlay-color":"","overlay-opacity":"","overlay-gradient":""}},"ast-content-background-meta":{"desktop":{"background-color":"var(--ast-global-color-4)","background-image":"","background-repeat":"repeat","background-position":"center center","background-size":"auto","background-attachment":"scroll","background-type":"","background-media":"","overlay-type":"","overlay-color":"","overlay-opacity":"","overlay-gradient":""},"tablet":{"background-color":"var(--ast-global-color-4)","background-image":"","background-repeat":"repeat","background-position":"center center","background-size":"auto","background-attachment":"scroll","background-type":"","background-media":"","overlay-type":"","overlay-color":"","overlay-opacity":"","overlay-gradient":""},"mobile":{"background-color":"var(--ast-global-color-4)","background-image":"","background-repeat":"repeat","background-position":"center center","background-size":"auto","background-attachment":"scroll","background-type":"","background-media":"","overlay-type":"","overlay-color":"","overlay-opacity":"","overlay-gradient":""}}},"animal":[119],"product_brand":[],"product_cat":[26],"product_tag":[279],"class_list":{"0":"post-3596","1":"product","2":"type-product","3":"status-publish","4":"has-post-thumbnail","6":"animal-cao","7":"product_cat-suplementos-saude-interna-animais","8":"product_tag-plantillac","9":"desktop-align-left","10":"tablet-align-left","11":"mobile-align-left","13":"first","14":"instock","15":"shipping-taxable","16":"product-type-simple"},"acf":{"title_indications":"","description_indication":"","items_indication":[{"imagen":"","title":"Hepatite em C\u00e3es: Um Desafio para a Sa\u00fade Hep\u00e1tica Canina","description":"La hepatitis, una inflamaci\u00f3n del h\u00edgado, puede afectar a los perros sin importar su edad o raza. Este \u00f3rgano vital realiza m\u00faltiples funciones esenciales, incluyendo la eliminaci\u00f3n de toxinas, la s\u00edntesis de prote\u00ednas, la producci\u00f3n de bilis y la absorci\u00f3n de nutrientes. Cuando este se ve afectado por una patolog\u00eda, pone en riesgo su funci\u00f3n normal.\r\n\r\n&nbsp;"},{"imagen":3600,"title":"Tipos de Hepatitis Canina:","description":"Hepatite Comum: E a menudo se desencadena por la ingesti\u00f3n de sustancias t\u00f3xicas o medicamentos que pueden tener efectos secundarios da\u00f1inos para el h\u00edgado.\r\n\r\nHepatite Autoimune: causada por una reacci\u00f3n del sistema inmunol\u00f3gico del perro contra sus propias c\u00e9lulas hep\u00e1ticas, lo que puede resultar en da\u00f1os graves al h\u00edgado.\r\n\r\nHepatite Infecciosa: Originada por el adenovirus CAV-1, esta forma de hepatitis es altamente contagiosa. Se transmite , a trav\u00e9s de secreciones nasales y saliva o por ingesti\u00f3n de alimentos o aguas contaminadas por heces u orina procedente de animales infectados.\r\n\r\nSintomas da Hepatite em C\u00e3es:\r\n\r\nOs sintomas da hepatite canina podem variar, mas geralmente incluem:\r\n<ul>\r\n \t<li>Perda de apetite<\/li>\r\n \t<li>Letargia<\/li>\r\n \t<li>V\u00f4mitos<\/li>\r\n \t<li>Icter\u00edcia (colora\u00e7\u00e3o amarelada das mucosas e da pele)<\/li>\r\n \t<li>Dor abdominal<\/li>\r\n \t<li>Aumento da sede e da mic\u00e7\u00e3o<\/li>\r\n \t<li>Problemas gastrointestinais como diarreia<\/li>\r\n<\/ul>"},{"imagen":3599,"title":"Importancia de la Prevenci\u00f3n y el Tratamiento:","description":"Dado que a hepatite pode colocar a vida do seu c\u00e3o em perigo, a preven\u00e7\u00e3o e o tratamento adequados s\u00e3o cruciais. Mantenha seu animal de estima\u00e7\u00e3o longe de subst\u00e2ncias t\u00f3xicas e certifique-se de que esteja atualizado com suas vacinas para prevenir a hepatite infecciosa. Se voc\u00ea suspeitar que seu c\u00e3o pode ter hepatite, procure imediatamente atendimento veterin\u00e1rio. Quanto mais cedo for diagnosticado e tratado, maiores ser\u00e3o as chances de recupera\u00e7\u00e3o e uma vida saud\u00e1vel para seu companheiro canino.\r\n\r\nA hepatite em c\u00e3es \u00e9 um desafio s\u00e9rio para a sa\u00fade, mas com aten\u00e7\u00e3o, preven\u00e7\u00e3o e cuidados adequados, voc\u00ea pode ajudar a proteger a sa\u00fade hep\u00e1tica de seu amado amigo de quatro patas.\r\n\r\n&nbsp;"}],"title_beneficios":"En qu\u00e9 ayuda Hepatosil Plus razas medianas","description_benefits":"Este suplemento alimentar para c\u00e3es, idosos ou de qualquer idade:\r\n\r\n&nbsp;","items_benefits":[{"imagen":1238,"title":"Ayuda a la funci\u00f3n interna normal","description":"El alimento complementario Hepatosil Plus aporta nutrientes con conocida acci\u00f3n antioxidante, que ayudan a preservar la integridad y la funcionalidad del organismo.\r\n\r\n&nbsp;\r\n\r\n&nbsp;"},{"imagen":1239,"title":"Apoia a s\u00edntese de nutrientes","description":"Nutrientes como zinco e \u00e1cido f\u00f3lico ajudam na s\u00edntese de prote\u00ednas e amino\u00e1cidos, contribuindo para que o organismo assimile melhor os minerais e nutrientes.\r\n\r\n&nbsp;\r\n\r\n&nbsp;"},{"imagen":1249,"title":"Contribuye a la eliminaci\u00f3n de toxinas:","description":"El h\u00edgado es crucial para desintoxicar el organismo. Los nutrientes del pienso complementario Hepatosil Plus ayudan en la eliminaci\u00f3n de toxinas, y a la funci\u00f3n interna normal.\r\n\r\n&nbsp;\r\n\r\n&nbsp;"}],"items_presentaciones":[{"title":"Hepatosil Plus\u00ae Razas Medianas","description":"Embalagem com 30 comprimidos e folheto informativo.\r\n\r\n&nbsp;\r\n\r\n&nbsp;","imagen":3597}],"description_ingredients":"","items_ingredients":[{"title":"Levedura de cerveja (Saccharomyces cerevisae)\r\n\r\n&nbsp;","description":"Fonte de nutrientes com propriedades antioxidantes\r\n\r\n&nbsp;"},{"title":"Vitaminas B1 e B12\r\n\r\n&nbsp;","description":"Contribuem para o metabolismo energ\u00e9tico normal.\r\n\r\n&nbsp;"},{"title":"Semente de cardo mariano\r\n\r\n&nbsp;","description":"Pelo seu teor em silibina, conhecido pela sua atividade hepatoprotetora, contribui para a fun\u00e7\u00e3o hep\u00e1tica normal.\r\n\r\n&nbsp;\r\n\r\n&nbsp;"},{"title":"Zinco","description":"Contribui para a prote\u00e7\u00e3o das c\u00e9lulas contra o dano oxidativo, para a s\u00edntese proteica normal, para o metabolismo normal de \u00e1cidos graxos, de carboidratos, de macronutrientes e para o funcionamento normal do sistema imunol\u00f3gico.\r\n\r\n&nbsp;"},{"title":"Vitamina E\r\n\r\n&nbsp;","description":"Junto con la Vitamina E contribuye a la protecci\u00f3n de las c\u00e9lulas frente al da\u00f1o oxidativo.\r\n\r\n&nbsp;"},{"title":"\u00c1cido f\u00f3lico\r\n\r\n&nbsp;\r\n\r\n&nbsp;","description":"Contribui para a s\u00edntese normal de amino\u00e1cidos, para o funcionamento normal do sistema imunol\u00f3gico. Ajuda a reduzir o cansa\u00e7o e a fadiga. Contribui para o processo de divis\u00e3o celular.\r\n\r\n&nbsp;\r\n\r\n&nbsp;"},{"title":"Sel\u00eanio\r\n\r\n&nbsp;","description":"Contribui para o funcionamento normal do sistema imunol\u00f3gico e, juntamente com a Vitamina E, contribui para a prote\u00e7\u00e3o das c\u00e9lulas contra o dano oxidativo.\r\n\r\n&nbsp;\r\n\r\n&nbsp;"}],"video":"","items_Instructions_for_use":[{"title":"","description":"V\u00eda oral\r\n\r\nMisture o conte\u00fado do sach\u00ea com o alimento habitual.\r\n\r\nOs animais devem ter acesso permanente \u00e0 \u00e1gua.\r\n\r\nRecomenda-se acompanhamento ap\u00f3s 6 meses de uso.\r\n\r\n&nbsp;"},{"title":"C\u00e3o","description":"<ul>\r\n \t<li>A partir de 7 kg hasta 10 kg de peso corporal: \u00bd comprimido\/d\u00eda.\r\n\r\n&nbsp;<\/li>\r\n \t<li>A partir de 10 kg hasta 15 kg de peso corporal: \u00be comprimido\/d\u00eda.\r\n\r\n&nbsp;<\/li>\r\n \t<li>A partir de 15 kg hasta 20 kg de peso corporal: 1 comprimido\/d\u00eda.<\/li>\r\n<\/ul>"}],"image_banner_scientific_study_copiar":"","title_banner_scientific_study":"","description_banner_scientific_study":"","Scientific_study_banner":"","studies":null,"bibliografy_text":"1. . Swanson KS et al. Supplemental frucooligosaccharides and mannanoligosaccharides influence immune fuction, illeal and total tract nutrient digestibilities, micrbial populations and concentrations of protein catabolites in the large bowel of dogs. J Nutr (2002); 132 (5):980-989.\r\n2. Swanson KS et al. effects of supplemental frucooligosaccharides and mannanoligosaccharides on colonic microbial populations, immune function and fecal odor components in the canine. J Nutr (2002); 132:1717S-1719S\r\n3. Halas V et al. Mannanoligosaccharides in nursery pig nutrition and their potential mode of action. Animals (2012): 2:261-274\r\n4. Benyacoub J et al. Supplementatio of food with Enterococcus faecium (SF68) stimulates immune function in young dogs. J Nutr. (2003). 133 (4), 1158.\r\n5. Lappin M.R et al. Pilot study to evaluate the effect of oral supplementation of Enterococcus faecium SF 68 on cats with latent feline herpesvirus1. J Feline Med Surg. 11,650 (2009).\r\n6. Canani RB et al. Mechanisms of action of zinc in acute diarrhea. Curr Opin Gastroenterol (2011); 27 (1): 8-12.\r\n7. Skrovanek S et al. Zinc and gastrointestinal disease. World J Gastrointest Pathophysiol (2014) Nov; 15;5 (4):496-513.","features":[{"image":1262,"title":"Sem prote\u00ednas de Frango."},{"image":1267,"title":"Sem corantes."},{"image":1213,"title":"Comprimidos facilmente divis\u00edveis."}],"ficha_tecnica":3598},"_links":{"self":[{"href":"https:\/\/beta.pharmadiet.com\/pt\/wp-json\/wp\/v2\/product\/3596","targetHints":{"allow":["GET"]}}],"collection":[{"href":"https:\/\/beta.pharmadiet.com\/pt\/wp-json\/wp\/v2\/product"}],"about":[{"href":"https:\/\/beta.pharmadiet.com\/pt\/wp-json\/wp\/v2\/types\/product"}],"replies":[{"embeddable":true,"href":"https:\/\/beta.pharmadiet.com\/pt\/wp-json\/wp\/v2\/comments?post=3596"}],"version-history":[{"count":11,"href":"https:\/\/beta.pharmadiet.com\/pt\/wp-json\/wp\/v2\/product\/3596\/revisions"}],"predecessor-version":[{"id":17616,"href":"https:\/\/beta.pharmadiet.com\/pt\/wp-json\/wp\/v2\/product\/3596\/revisions\/17616"}],"wp:featuredmedia":[{"embeddable":true,"href":"https:\/\/beta.pharmadiet.com\/pt\/wp-json\/wp\/v2\/media\/3597"}],"wp:attachment":[{"href":"https:\/\/beta.pharmadiet.com\/pt\/wp-json\/wp\/v2\/media?parent=3596"}],"wp:term":[{"taxonomy":"animal","embeddable":true,"href":"https:\/\/beta.pharmadiet.com\/pt\/wp-json\/wp\/v2\/animal?post=3596"},{"taxonomy":"product_brand","embeddable":true,"href":"https:\/\/beta.pharmadiet.com\/pt\/wp-json\/wp\/v2\/product_brand?post=3596"},{"taxonomy":"product_cat","embeddable":true,"href":"https:\/\/beta.pharmadiet.com\/pt\/wp-json\/wp\/v2\/product_cat?post=3596"},{"taxonomy":"product_tag","embeddable":true,"href":"https:\/\/beta.pharmadiet.com\/pt\/wp-json\/wp\/v2\/product_tag?post=3596"}],"curies":[{"name":"wp","href":"https:\/\/api.w.org\/{rel}","templated":true}]}}