{"id":3591,"date":"2025-07-31T13:47:32","date_gmt":"2025-07-31T11:47:32","guid":{"rendered":"https:\/\/beta.pharmadiet.com\/?post_type=product&#038;p=3591"},"modified":"2026-01-28T12:54:10","modified_gmt":"2026-01-28T11:54:10","slug":"hepatosil-plus-grandes","status":"publish","type":"product","link":"https:\/\/beta.pharmadiet.com\/pt\/productos\/hepatosil-plus-grandes\/","title":{"rendered":"Hepatosil PLUS\u00ae Ra\u00e7as grandes"},"content":{"rendered":"<p>Alimento complementar que fornece nutrientes que contribuem para a manuten\u00e7\u00e3o da fun\u00e7\u00e3o interna. Para ra\u00e7as de c\u00e3es grandes.<\/p>\n","protected":false},"excerpt":{"rendered":"<p><strong>Nova composi\u00e7\u00e3o.<\/strong><\/p>\n<p>Alimento complementar que fornece nutrientes que contribuem para a manuten\u00e7\u00e3o da fun\u00e7\u00e3o interna. Para ra\u00e7as de c\u00e3es grandes.<\/p>\n","protected":false},"featured_media":3592,"comment_status":"open","ping_status":"closed","template":"","meta":{"_acf_changed":false,"site-sidebar-layout":"default","site-content-layout":"","ast-site-content-layout":"default","site-content-style":"default","site-sidebar-style":"default","ast-global-header-display":"","ast-banner-title-visibility":"","ast-main-header-display":"","ast-hfb-above-header-display":"","ast-hfb-below-header-display":"","ast-hfb-mobile-header-display":"","site-post-title":"","ast-breadcrumbs-content":"","ast-featured-img":"","footer-sml-layout":"","theme-transparent-header-meta":"default","adv-header-id-meta":"","stick-header-meta":"","header-above-stick-meta":"","header-main-stick-meta":"","header-below-stick-meta":"","astra-migrate-meta-layouts":"set","ast-page-background-enabled":"default","ast-page-background-meta":{"desktop":{"background-color":"var(--ast-global-color-5)","background-image":"","background-repeat":"repeat","background-position":"center center","background-size":"auto","background-attachment":"scroll","background-type":"","background-media":"","overlay-type":"","overlay-color":"","overlay-opacity":"","overlay-gradient":""},"tablet":{"background-color":"","background-image":"","background-repeat":"repeat","background-position":"center center","background-size":"auto","background-attachment":"scroll","background-type":"","background-media":"","overlay-type":"","overlay-color":"","overlay-opacity":"","overlay-gradient":""},"mobile":{"background-color":"","background-image":"","background-repeat":"repeat","background-position":"center center","background-size":"auto","background-attachment":"scroll","background-type":"","background-media":"","overlay-type":"","overlay-color":"","overlay-opacity":"","overlay-gradient":""}},"ast-content-background-meta":{"desktop":{"background-color":"var(--ast-global-color-4)","background-image":"","background-repeat":"repeat","background-position":"center center","background-size":"auto","background-attachment":"scroll","background-type":"","background-media":"","overlay-type":"","overlay-color":"","overlay-opacity":"","overlay-gradient":""},"tablet":{"background-color":"var(--ast-global-color-4)","background-image":"","background-repeat":"repeat","background-position":"center center","background-size":"auto","background-attachment":"scroll","background-type":"","background-media":"","overlay-type":"","overlay-color":"","overlay-opacity":"","overlay-gradient":""},"mobile":{"background-color":"var(--ast-global-color-4)","background-image":"","background-repeat":"repeat","background-position":"center center","background-size":"auto","background-attachment":"scroll","background-type":"","background-media":"","overlay-type":"","overlay-color":"","overlay-opacity":"","overlay-gradient":""}}},"animal":[119],"product_brand":[],"product_cat":[26],"product_tag":[279],"class_list":{"0":"post-3591","1":"product","2":"type-product","3":"status-publish","4":"has-post-thumbnail","6":"animal-cao","7":"product_cat-suplementos-saude-interna-animais","8":"product_tag-plantillac","9":"desktop-align-left","10":"tablet-align-left","11":"mobile-align-left","13":"first","14":"instock","15":"shipping-taxable","16":"product-type-simple"},"acf":{"title_indications":"Hepatite em C\u00e3es: Um Desafio para a Sa\u00fade Hep\u00e1tica Canina","description_indication":"A hepatite, uma inflama\u00e7\u00e3o do f\u00edgado, pode afetar os c\u00e3es independentemente da idade ou ra\u00e7a. Este \u00f3rg\u00e3o vital desempenha m\u00faltiplas fun\u00e7\u00f5es essenciais, incluindo a elimina\u00e7\u00e3o de toxinas, a s\u00edntese de prote\u00ednas, a produ\u00e7\u00e3o de bile e a absor\u00e7\u00e3o de nutrientes, colocando em risco o bem-estar do animal.\r\n\r\n&nbsp;","items_indication":[{"imagen":3594,"title":"Tipos de Hepatite Canina","description":"Hepatite Comum: Esta forma de hepatite muitas vezes \u00e9 desencadeada pela ingest\u00e3o de subst\u00e2ncias t\u00f3xicas ou medicamentos que podem ter efeitos colaterais prejudiciais para o f\u00edgado.\r\n\r\nHepatite Autoimune: Neste caso, a hepatite \u00e9 causada por uma rea\u00e7\u00e3o do sistema imunol\u00f3gico do c\u00e3o contra suas pr\u00f3prias c\u00e9lulas hep\u00e1ticas, o que pode resultar em danos graves ao f\u00edgado.\r\n\r\nHepatite Infecciosa: Originada pelo adenov\u00edrus CAV-1, esta forma de hepatite \u00e9 altamente contagiosa. \u00c9 transmitida atrav\u00e9s de secre\u00e7\u00f5es nasais e saliva ou pela ingest\u00e3o de alimentos ou \u00e1guas contaminadas por fezes ou urina de animais infectados.\r\n\r\nSintomas da Hepatite em C\u00e3es:\r\n\r\nOs sintomas da hepatite canina podem variar, mas geralmente incluem:\r\n<ul>\r\n \t<li>Perda de apetite<\/li>\r\n \t<li>Letargia<\/li>\r\n \t<li>V\u00f4mitos<\/li>\r\n \t<li>Icter\u00edcia (colora\u00e7\u00e3o amarelada das mucosas e da pele)<\/li>\r\n \t<li>Dor abdominal<\/li>\r\n \t<li>Aumento da sede e da mic\u00e7\u00e3o<\/li>\r\n \t<li>Problemas gastrointestinais como diarreia<\/li>\r\n<\/ul>"},{"imagen":5339,"title":"Import\u00e2ncia da Preven\u00e7\u00e3o e Tratamento","description":"Dado que a hepatite pode colocar a vida do seu c\u00e3o em perigo, a preven\u00e7\u00e3o e o tratamento adequados s\u00e3o cruciais. Mantenha seu animal de estima\u00e7\u00e3o longe de subst\u00e2ncias t\u00f3xicas e certifique-se de que esteja atualizado com suas vacinas para prevenir a hepatite infecciosa. Se voc\u00ea suspeitar que seu c\u00e3o pode ter hepatite, procure imediatamente atendimento veterin\u00e1rio. Quanto mais cedo for diagnosticado e tratado, maiores ser\u00e3o as chances de recupera\u00e7\u00e3o e uma vida saud\u00e1vel para seu companheiro canino.\r\n\r\nA hepatite em c\u00e3es \u00e9 um desafio s\u00e9rio para a sa\u00fade, mas com aten\u00e7\u00e3o, preven\u00e7\u00e3o e cuidados adequados, voc\u00ea pode ajudar a proteger a sa\u00fade hep\u00e1tica de seu amado amigo de quatro patas.\r\n\r\n&nbsp;"}],"title_beneficios":"Como Hepatosil Plus Ra\u00e7as Grandes Ajuda:","description_benefits":"Este suplemento alimentar para c\u00e3es, idosos ou de qualquer idade:\r\n\r\n&nbsp;\r\n\r\n&nbsp;","items_benefits":[{"imagen":1238,"title":"Ajuda na fun\u00e7\u00e3o interna normal:","description":"O suplemento alimentar Hepatosil Plus fornece nutrientes com a\u00e7\u00e3o antioxidante conhecida, que ajudam a preservar a integridade e a funcionalidade do organismo.\r\n\r\n&nbsp;\r\n\r\n&nbsp;"},{"imagen":1239,"title":"Apoia a s\u00edntese de nutrientes","description":"Nutrientes como zinco e \u00e1cido f\u00f3lico ajudam na s\u00edntese de prote\u00ednas e amino\u00e1cidos, contribuindo para que o organismo assimile melhor os minerais e nutrientes.\r\n\r\n&nbsp;\r\n\r\nof proteins and amino acids, contributing to better assimilation of minerals and nutrients by the body."},{"imagen":1249,"title":"Contribui para a elimina\u00e7\u00e3o de toxinas","description":"O f\u00edgado \u00e9 crucial para desintoxicar o organismo. Os nutrientes do suplemento alimentar Hepatosil Plus ajudam na elimina\u00e7\u00e3o de toxinas e na fun\u00e7\u00e3o interna normal.\r\n\r\n&nbsp;"}],"items_presentaciones":[{"title":"Hepatosil Plus\u00ae Ra\u00e7as Grandes","description":"Embalagem com 30 comprimidos e folheto informativo.\r\n\r\n&nbsp;","imagen":3592}],"description_ingredients":"","items_ingredients":[{"title":"Levedura de cerveja (Saccharomyces cerevisae)\r\n\r\n&nbsp;\r\n\r\n&nbsp;","description":"Fonte de nutrientes com propriedades antioxidantes\r\n\r\n&nbsp;\r\n\r\n&nbsp;"},{"title":"Vitaminas B1 e B12\r\n\r\n&nbsp;\r\n\r\n&nbsp;","description":"Contribuem para o metabolismo energ\u00e9tico normal\r\n\r\n&nbsp;\r\n\r\n&nbsp;"},{"title":"Semente de cardo mariano\r\n\r\n&nbsp;\r\n\r\n&nbsp;","description":"Pelo seu teor em silibina, conhecido pela sua atividade hepatoprotetora, contribui para a fun\u00e7\u00e3o hep\u00e1tica normal.\r\n\r\n&nbsp;\r\n\r\n&nbsp;"},{"title":"Zinco","description":"Contribui para a prote\u00e7\u00e3o das c\u00e9lulas contra o dano oxidativo, para a s\u00edntese proteica normal, para o metabolismo normal de \u00e1cidos graxos, de carboidratos, de macronutrientes e para o funcionamento normal do sistema imunol\u00f3gico.\r\n\r\n&nbsp;\r\n\r\n&nbsp;"},{"title":"Vitamina E","description":"Juntamente com o sel\u00e9nio, contribui para a prote\u00e7\u00e3o das c\u00e9lulas contra o dano oxidativo.\r\n\r\n&nbsp;\r\n\r\n&nbsp;"},{"title":"\u00c1cido f\u00f3lico\r\n\r\n&nbsp;","description":"Contribui para a s\u00edntese normal de amino\u00e1cidos, para o funcionamento normal do sistema imunol\u00f3gico. Ajuda a reduzir o cansa\u00e7o e a fadiga. Contribui para o processo de divis\u00e3o celular.\r\n\r\n&nbsp;\r\n\r\n&nbsp;"},{"title":"Sel\u00eanio\r\n\r\n&nbsp;\r\n\r\n&nbsp;","description":"Contribui para o funcionamento normal do sistema imunol\u00f3gico e, juntamente com a Vitamina E, contribui para a prote\u00e7\u00e3o das c\u00e9lulas contra o dano oxidativo."}],"video":"","items_Instructions_for_use":[{"title":"","description":"V\u00eda oral\r\n\r\nMisture o conte\u00fado do sach\u00ea com o alimento habitual.\r\n\r\nOs animais devem ter acesso permanente \u00e0 \u00e1gua.\r\n\r\nRecomenda-se acompanhamento ap\u00f3s 6 meses de uso.\r\n\r\n&nbsp;"},{"title":"C\u00e3o","description":"<ul>\r\n \t<li>De 20 kg at\u00e9 30 kg de peso corporal: 1 comprimido por dia.<\/li>\r\n \t<li>De 30 kg at\u00e9 35 kg de peso corporal: 1 e \u00bd comprimidos por dia.<\/li>\r\n \t<li>De 35 kg at\u00e9 40 kg de peso corporal: 2 comprimidos por dia.<\/li>\r\n \t<li>A partir de 40 kg de peso corporal: 2 e \u00bd comprimidos por dia.<\/li>\r\n<\/ul>"}],"image_banner_scientific_study_copiar":"","title_banner_scientific_study":"","description_banner_scientific_study":"","Scientific_study_banner":"","studies":null,"bibliografy_text":"1. . Swanson KS et al. Supplemental frucooligosaccharides and mannanoligosaccharides influence immune fuction, illeal and total tract nutrient digestibilities, micrbial populations and concentrations of protein catabolites in the large bowel of dogs. J Nutr (2002); 132 (5):980-989.\r\n2. Swanson KS et al. effects of supplemental frucooligosaccharides and mannanoligosaccharides on colonic microbial populations, immune function and fecal odor components in the canine. J Nutr (2002); 132:1717S-1719S\r\n3. Halas V et al. Mannanoligosaccharides in nursery pig nutrition and their potential mode of action. Animals (2012): 2:261-274\r\n4. Benyacoub J et al. Supplementatio of food with Enterococcus faecium (SF68) stimulates immune function in young dogs. J Nutr. (2003). 133 (4), 1158.\r\n5. Lappin M.R et al. Pilot study to evaluate the effect of oral supplementation of Enterococcus faecium SF 68 on cats with latent feline herpesvirus1. J Feline Med Surg. 11,650 (2009).\r\n6. Canani RB et al. Mechanisms of action of zinc in acute diarrhea. Curr Opin Gastroenterol (2011); 27 (1): 8-12.\r\n7. Skrovanek S et al. Zinc and gastrointestinal disease. World J Gastrointest Pathophysiol (2014) Nov; 15;5 (4):496-513.","features":[{"image":1262,"title":"Sem prote\u00ednas de Frango."},{"image":1267,"title":"Sem corantes."},{"image":1213,"title":"Comprimidos facilmente divis\u00edveis."}],"ficha_tecnica":3593},"_links":{"self":[{"href":"https:\/\/beta.pharmadiet.com\/pt\/wp-json\/wp\/v2\/product\/3591","targetHints":{"allow":["GET"]}}],"collection":[{"href":"https:\/\/beta.pharmadiet.com\/pt\/wp-json\/wp\/v2\/product"}],"about":[{"href":"https:\/\/beta.pharmadiet.com\/pt\/wp-json\/wp\/v2\/types\/product"}],"replies":[{"embeddable":true,"href":"https:\/\/beta.pharmadiet.com\/pt\/wp-json\/wp\/v2\/comments?post=3591"}],"version-history":[{"count":12,"href":"https:\/\/beta.pharmadiet.com\/pt\/wp-json\/wp\/v2\/product\/3591\/revisions"}],"predecessor-version":[{"id":17614,"href":"https:\/\/beta.pharmadiet.com\/pt\/wp-json\/wp\/v2\/product\/3591\/revisions\/17614"}],"wp:featuredmedia":[{"embeddable":true,"href":"https:\/\/beta.pharmadiet.com\/pt\/wp-json\/wp\/v2\/media\/3592"}],"wp:attachment":[{"href":"https:\/\/beta.pharmadiet.com\/pt\/wp-json\/wp\/v2\/media?parent=3591"}],"wp:term":[{"taxonomy":"animal","embeddable":true,"href":"https:\/\/beta.pharmadiet.com\/pt\/wp-json\/wp\/v2\/animal?post=3591"},{"taxonomy":"product_brand","embeddable":true,"href":"https:\/\/beta.pharmadiet.com\/pt\/wp-json\/wp\/v2\/product_brand?post=3591"},{"taxonomy":"product_cat","embeddable":true,"href":"https:\/\/beta.pharmadiet.com\/pt\/wp-json\/wp\/v2\/product_cat?post=3591"},{"taxonomy":"product_tag","embeddable":true,"href":"https:\/\/beta.pharmadiet.com\/pt\/wp-json\/wp\/v2\/product_tag?post=3591"}],"curies":[{"name":"wp","href":"https:\/\/api.w.org\/{rel}","templated":true}]}}