{"id":3585,"date":"2025-07-31T13:35:11","date_gmt":"2025-07-31T11:35:11","guid":{"rendered":"https:\/\/beta.pharmadiet.com\/?post_type=product&#038;p=3585"},"modified":"2026-01-28T12:49:19","modified_gmt":"2026-01-28T11:49:19","slug":"digest-plasmoral-pequenas-medias","status":"publish","type":"product","link":"https:\/\/beta.pharmadiet.com\/pt\/productos\/digest-plasmoral-pequenas-medias\/","title":{"rendered":"Digest Plasmoral\u00ae Para Ra\u00e7as Pequenas e M\u00e9dias"},"content":{"rendered":"<p>Alimento complementar \u00e0 base de nutrientes de origem plasm\u00e1tica e outros nutrientes que auxiliam em desequil\u00edbrios intestinais prolongados. Formato para ra\u00e7as pequenas e m\u00e9dias.<\/p>\n<ul>\n<li>Ingredientes com estudos publicados.<\/li>\n<li>Modos de uso adequados ao peso do animal.<\/li>\n<\/ul>\n","protected":false},"excerpt":{"rendered":"<p>Alimento complementar \u00e0 base de nutrientes de origem plasm\u00e1tica e outros nutrientes que auxiliam em desequil\u00edbrios intestinais. Formato para ra\u00e7as pequenas e m\u00e9dias.<\/p>\n","protected":false},"featured_media":3586,"comment_status":"open","ping_status":"closed","template":"","meta":{"_acf_changed":false,"site-sidebar-layout":"default","site-content-layout":"","ast-site-content-layout":"default","site-content-style":"default","site-sidebar-style":"default","ast-global-header-display":"","ast-banner-title-visibility":"","ast-main-header-display":"","ast-hfb-above-header-display":"","ast-hfb-below-header-display":"","ast-hfb-mobile-header-display":"","site-post-title":"","ast-breadcrumbs-content":"","ast-featured-img":"","footer-sml-layout":"","theme-transparent-header-meta":"default","adv-header-id-meta":"","stick-header-meta":"","header-above-stick-meta":"","header-main-stick-meta":"","header-below-stick-meta":"","astra-migrate-meta-layouts":"set","ast-page-background-enabled":"default","ast-page-background-meta":{"desktop":{"background-color":"var(--ast-global-color-5)","background-image":"","background-repeat":"repeat","background-position":"center center","background-size":"auto","background-attachment":"scroll","background-type":"","background-media":"","overlay-type":"","overlay-color":"","overlay-opacity":"","overlay-gradient":""},"tablet":{"background-color":"","background-image":"","background-repeat":"repeat","background-position":"center center","background-size":"auto","background-attachment":"scroll","background-type":"","background-media":"","overlay-type":"","overlay-color":"","overlay-opacity":"","overlay-gradient":""},"mobile":{"background-color":"","background-image":"","background-repeat":"repeat","background-position":"center center","background-size":"auto","background-attachment":"scroll","background-type":"","background-media":"","overlay-type":"","overlay-color":"","overlay-opacity":"","overlay-gradient":""}},"ast-content-background-meta":{"desktop":{"background-color":"var(--ast-global-color-4)","background-image":"","background-repeat":"repeat","background-position":"center center","background-size":"auto","background-attachment":"scroll","background-type":"","background-media":"","overlay-type":"","overlay-color":"","overlay-opacity":"","overlay-gradient":""},"tablet":{"background-color":"var(--ast-global-color-4)","background-image":"","background-repeat":"repeat","background-position":"center center","background-size":"auto","background-attachment":"scroll","background-type":"","background-media":"","overlay-type":"","overlay-color":"","overlay-opacity":"","overlay-gradient":""},"mobile":{"background-color":"var(--ast-global-color-4)","background-image":"","background-repeat":"repeat","background-position":"center center","background-size":"auto","background-attachment":"scroll","background-type":"","background-media":"","overlay-type":"","overlay-color":"","overlay-opacity":"","overlay-gradient":""}}},"animal":[119,117],"product_brand":[],"product_cat":[24],"product_tag":[277],"class_list":{"0":"post-3585","1":"product","2":"type-product","3":"status-publish","4":"has-post-thumbnail","6":"animal-cao","7":"animal-gato","8":"product_cat-suplementos-digestao-animais","9":"product_tag-plantillaa","10":"desktop-align-left","11":"tablet-align-left","12":"mobile-align-left","14":"first","15":"instock","16":"shipping-taxable","17":"product-type-simple"},"acf":{"title_indications":"","description_indication":"","items_indication":[{"imagen":3588,"title":"Prote\u00e7\u00e3o contra infec\u00e7\u00e3o intestinal em c\u00e3es e gatos","description":"Um componente ativo e essencial para proteger-nos de corpos estranhos e agentes externos de nosso sistema digestivo \u00e9 a mucosa intestinal. Sua fun\u00e7\u00e3o principal \u00e9 evitar que bact\u00e9rias e outros organismos se tornem sist\u00eamicos e causem problemas no trato gastrointestinal e no organismo.\r\n\r\nEntre as infec\u00e7\u00f5es intestinais mais comuns em c\u00e3es e gatos, aquelas que afetam o intestino delgado est\u00e3o:\r\n\r\nGastroenterite: em c\u00e3es e gatos, \u00e9 a inflama\u00e7\u00e3o do est\u00f4mago e intestino delgado causada por v\u00edrus ou corpos nocivos. Produz diarreia, v\u00f4mitos, sangue nas fezes em pequenas quantidades, perda de apetite\u2026\r\nDiarreia: pode ser um sintoma ou um transtorno gastrointestinal em si. Pode vir acompanhado de risco de desidrata\u00e7\u00e3o, cansa\u00e7o, falta de apetite\u2026\r\n\u00c9 importante uma mudan\u00e7a na alimenta\u00e7\u00e3o, recomendada sempre por um veterin\u00e1rio, para enfrentar essas doen\u00e7as e recuperar a qualidade de vida do animal.\r\n\r\nEm resumo, a preserva\u00e7\u00e3o da barreira intestinal \u00e9 fundamental para a sa\u00fade digestiva e geral dos c\u00e3es e gatos. A identifica\u00e7\u00e3o e o enfrentamento das amea\u00e7as a essa barreira s\u00e3o essenciais para prevenir problemas e patologias relacionadas ao trato gastrointestinal. A aten\u00e7\u00e3o veterin\u00e1ria adequada e uma dieta equilibrada s\u00e3o passos importantes para manter essa barreira protetora em condi\u00e7\u00f5es \u00f3timas."}],"title_beneficios":"Como Digest Plasmoral auxilia na sa\u00fade gastrointestinal do seu animal de estima\u00e7\u00e3o:","description_benefits":"Alimento complementar para c\u00e3es com nutrientes que ajudam a restaurar a estrutura e a fun\u00e7\u00e3o da barreira intestinal.\r\n\r\n&nbsp;","items_benefits":[{"imagen":3492,"title":"Auxilia na manuten\u00e7\u00e3o da imunidade da mucosa intestinal","description":"reduzindo a incid\u00eancia de diarreias.\r\n\r\n&nbsp;"},{"imagen":1237,"title":"Auxilia na restaura\u00e7\u00e3o do microbioma intestinal","description":"avorecendo uma fun\u00e7\u00e3o intestinal normal e um equil\u00edbrio microbiano\r\n\r\n&nbsp;"},{"imagen":1241,"title":"Ajuda a reduzir a gravidade das altera\u00e7\u00f5es intestinais e dist\u00farbios de sua funcionalidade","description":"contribuindo para a prote\u00e7\u00e3o celular contra danos oxidativos e mantendo a fun\u00e7\u00e3o de barreira da membrana e a permeabilidade intestinalcontribuindo para a prote\u00e7\u00e3o celular contra danos oxidativos e mantendo a fun\u00e7\u00e3o de barreira da membrana e a permeabilidade intestinal\r\n\r\n&nbsp;"}],"items_presentaciones":[{"title":"Digest Plasmoral\u00ae Para Ra\u00e7as Pequenas e M\u00e9dias","description":"Caixa com 30 envelopes em p\u00f3.\r\n\r\n&nbsp;","imagen":3586}],"description_ingredients":"","items_ingredients":[{"title":"Um complexo de prote\u00ednas plasm\u00e1ticas bioativas, minerais e vitaminas\r\n\r\n&nbsp;","description":"Auxilia na manuten\u00e7\u00e3o da imunidade normal na mucosa intestinal, reduzindo a incid\u00eancia de diarreias.\r\n\r\n&nbsp;"},{"title":"Prebi\u00f3icos FOS<sup>2,3<\/sup>\u00a0(Fructo-oligosac\u00e1ridos) y MOS<sup>4<\/sup>\u00a0(Manano-ologosac\u00e1ridos)\r\n\r\n&nbsp;","description":"S\u00e3o oligossacar\u00eddeos n\u00e3o diger\u00edveis derivados de frutose (FOS) e manose (MOS) que contribuem para a consist\u00eancia das fezes. Tamb\u00e9m s\u00e3o conhecidos por contribu\u00edrem para modular a resposta imune do animal.\r\n\r\n&nbsp;"},{"title":"Prote\u00edna de Enterococcus faecium5,6","description":"Fonte proteica derivada de probi\u00f3tico que ajuda a reequilibrar a microflora intestinal, melhorando a resposta imune.\r\n\r\n&nbsp;"},{"title":"Zinco<sup>7,8<\/sup>","description":"Mineral que reduz a gravidade de diarreias agudas e cr\u00f4nicas, protege as c\u00e9lulas contra danos oxidativos e mant\u00e9m o sistema imunol\u00f3gico normal\r\n\r\n&nbsp;"},{"title":"Selenio<sup>9,1<\/sup>","description":"Regula a funcionalidade das c\u00e9lulas respons\u00e1veis pela imunidade inata e protege as c\u00e9lulas contra danos oxidativos.\r\n\r\n&nbsp;"},{"title":"Vitamina B12","description":"Auxilia no funcionamento normal do sistema imunol\u00f3gico.\r\n\r\n&nbsp;"}],"video":"","items_Instructions_for_use":[{"title":"Em quais situa\u00e7\u00f5es seu uso \u00e9 recomendado?","description":"Digest Plasmoral \u00e9 um alimento complementar que ajuda a sa\u00fade gastrointestinal, fornecendo nutrientes de aux\u00edlio em:\r\n<ol>\r\n \t<li>Diarreas asociadas a:\r\n\u00b7 Vacina\u00e7\u00e3o\r\n\u00b7 Terapia com antibi\u00f3ticos\r\n\u00b7 Mudan\u00e7as na dieta\r\n\u00b7 Estresse<\/li>\r\n \t<li>Dist\u00farbios intestinais<\/li>\r\n \t<li>Sistema gastrointestinal sens\u00edvel ou enfraquecido.<\/li>\r\n<\/ol>"},{"title":"C\u00e3o","description":"<ul>\r\n \t<li>At\u00e9 10 kg de peso corporal: 1 envelope por dia.<\/li>\r\n \t<li>Mais de 30 kg de peso corporal: 2 envelopes por dia.<\/li>\r\n<\/ul>"},{"title":"Gato","description":"<ul>\r\n \t<li>At\u00e9 10 kg de peso corporal: 1 envelope por dia.<\/li>\r\n \t<li>Mais de 30 kg de peso corporal: 2 envelopes por dia.<\/li>\r\n<\/ul>"}],"image_banner_scientific_study_copiar":3391,"title_banner_scientific_study":"Estudo Plasmoral ","description_banner_scientific_study":"<h3 style=\"color: white;\">O que investigamos?<\/h3>\r\nFoi realizado um estudo cl\u00ednico simples, cego e controlado, envolvendo 124 c\u00e3es da ra\u00e7a Labrador Retriever. Avaliou-se o efeito da suplementa\u00e7\u00e3o com Plasmoral na fun\u00e7\u00e3o imunol\u00f3gica ao longo de um ano. Um grupo recebeu ra\u00e7\u00e3o sem suplementa\u00e7\u00e3o, enquanto o outro grupo recebeu ra\u00e7\u00e3o suplementada com Plasmoral.\r\n<h3 style=\"color: white;\">Quais foram as conclus\u00f5es do estudo?<\/h3>\r\n<ul>\r\n \t<li>Plasmoral demonstrou reduzir significativamente a incid\u00eancia de diarreias.<\/li>\r\n \t<li>Plasmoral demonstrou contribuir para o bom funcionamento do sistema imunol\u00f3gico intestinal.<\/li>\r\n \t<li>Plasmoral demonstrou contribuir para o bom estado de sa\u00fade geral dos animais.<\/li>\r\n<\/ul>\r\nQuer ver todos os detalhes do nosso estudo? Clique no bot\u00e3o para ver o estudo completo!","Scientific_study_banner":3580,"studies":[{"header_image":1261,"bibliography_image":"","title":"Estudo Plasmoral","study":3580}],"bibliografy_text":"1*Mart\u00ed-Angulo S., Garc\u00eda-L\u00f3pez N., Vi\u00f1ar\u00e1s-Otero M., Varela-Sende L. Effect of oral supplementation with plasma proteins on the immune response of puppies: a randomized, controlled trial. Clin Vet Peq Anim 2022, 42 (1): 15-24\r\n2. Swanson KS et al. Supplemental frucooligosaccharides and mannanoligosaccharides influence immune fuction, illeal and total tract nutrient digestibilities, micrbial populations and concentrations of protein catabolites in the large bowel of dogs. J Nutr (2002); 132 (5):980-989.3. Swanson KS et al. effects of supplemental frucooligosaccharides and mannanoligosaccharides on colonic microbial populations, immune function and fecal odor components in the canine. J Nutr (2002); 132:1717S-1719S\r\n4. Halas V et al. Mannanoligosaccharides in nursery pig nutrition and their potential mode of action. Animals (2012): 2:261-274\r\n5. Benyacoub J et al. Supplementatio of food with Enterococcus faecium (SF68) stimulates immune function in young dogs. J Nutr. (2003). 133 (4), 1158.\r\n6. Lappin M.R et al. Pilot study to evaluate the effect of oral supplementation of Enterococcus faecium SF 68 on cats with latent feline herpesvirus1. J Feline Med Surg. 11,650 (2009).\r\n7. Canani RB et al. Mechanisms of action of zinc in acute diarrhea. Curr Opin Gastroenterol (2011); 27 (1): 8-12.\r\n8. Skrovanek S et al. Zinc and gastrointestinal disease. World J Gastrointest Pathophysiol (2014) Nov; 15;5 (4):496-513.\r\n9. K. Karacabey et al. The effect of nutritional elements on the immune system. J Obes Wt Loss Ther (2012). 2,9.\r\n10. Joseph C Avery et al. Selenium, Selenoproteins and immunity. Nutrientes. (2018) Sep 1;10(9):1203","features":[{"image":1270,"title":"Efic\u00e1cia comprovada em estudo cl\u00ednico."},{"image":1262,"title":"Sem prote\u00ednas de Frango."},{"image":1267,"title":"Sem conservantes."},{"image":1267,"title":"Sem corantes artificiais."}],"ficha_tecnica":3587},"_links":{"self":[{"href":"https:\/\/beta.pharmadiet.com\/pt\/wp-json\/wp\/v2\/product\/3585","targetHints":{"allow":["GET"]}}],"collection":[{"href":"https:\/\/beta.pharmadiet.com\/pt\/wp-json\/wp\/v2\/product"}],"about":[{"href":"https:\/\/beta.pharmadiet.com\/pt\/wp-json\/wp\/v2\/types\/product"}],"replies":[{"embeddable":true,"href":"https:\/\/beta.pharmadiet.com\/pt\/wp-json\/wp\/v2\/comments?post=3585"}],"version-history":[{"count":12,"href":"https:\/\/beta.pharmadiet.com\/pt\/wp-json\/wp\/v2\/product\/3585\/revisions"}],"predecessor-version":[{"id":17612,"href":"https:\/\/beta.pharmadiet.com\/pt\/wp-json\/wp\/v2\/product\/3585\/revisions\/17612"}],"wp:featuredmedia":[{"embeddable":true,"href":"https:\/\/beta.pharmadiet.com\/pt\/wp-json\/wp\/v2\/media\/3586"}],"wp:attachment":[{"href":"https:\/\/beta.pharmadiet.com\/pt\/wp-json\/wp\/v2\/media?parent=3585"}],"wp:term":[{"taxonomy":"animal","embeddable":true,"href":"https:\/\/beta.pharmadiet.com\/pt\/wp-json\/wp\/v2\/animal?post=3585"},{"taxonomy":"product_brand","embeddable":true,"href":"https:\/\/beta.pharmadiet.com\/pt\/wp-json\/wp\/v2\/product_brand?post=3585"},{"taxonomy":"product_cat","embeddable":true,"href":"https:\/\/beta.pharmadiet.com\/pt\/wp-json\/wp\/v2\/product_cat?post=3585"},{"taxonomy":"product_tag","embeddable":true,"href":"https:\/\/beta.pharmadiet.com\/pt\/wp-json\/wp\/v2\/product_tag?post=3585"}],"curies":[{"name":"wp","href":"https:\/\/api.w.org\/{rel}","templated":true}]}}