{"id":3570,"date":"2025-07-31T13:13:27","date_gmt":"2025-07-31T11:13:27","guid":{"rendered":"https:\/\/beta.pharmadiet.com\/?post_type=product&#038;p=3570"},"modified":"2026-01-28T12:09:59","modified_gmt":"2026-01-28T11:09:59","slug":"dermadual","status":"publish","type":"product","link":"https:\/\/beta.pharmadiet.com\/pt\/productos\/dermadual\/","title":{"rendered":"Dermadual\u00ae"},"content":{"rendered":"<p>Dermadual\u00ae \u00e9 o alimento complementar que fornece nutrientes para:<\/p>\n<ul>\n<li>Mantener una piel sana y un pelo fuerte y brillante.<\/li>\n<li>Apresenta\u00e7\u00f5es em gel com seringa dosificadora.<\/li>\n<\/ul>\n","protected":false},"excerpt":{"rendered":"<p>Alimento complementar com nutrientes que ajudam a manter uma pele saud\u00e1vel e um pelo forte e brilhante.<\/p>\n","protected":false},"featured_media":3571,"comment_status":"open","ping_status":"closed","template":"","meta":{"_acf_changed":false,"site-sidebar-layout":"default","site-content-layout":"","ast-site-content-layout":"default","site-content-style":"default","site-sidebar-style":"default","ast-global-header-display":"","ast-banner-title-visibility":"","ast-main-header-display":"","ast-hfb-above-header-display":"","ast-hfb-below-header-display":"","ast-hfb-mobile-header-display":"","site-post-title":"","ast-breadcrumbs-content":"","ast-featured-img":"","footer-sml-layout":"","theme-transparent-header-meta":"default","adv-header-id-meta":"","stick-header-meta":"","header-above-stick-meta":"","header-main-stick-meta":"","header-below-stick-meta":"","astra-migrate-meta-layouts":"set","ast-page-background-enabled":"default","ast-page-background-meta":{"desktop":{"background-color":"var(--ast-global-color-5)","background-image":"","background-repeat":"repeat","background-position":"center center","background-size":"auto","background-attachment":"scroll","background-type":"","background-media":"","overlay-type":"","overlay-color":"","overlay-opacity":"","overlay-gradient":""},"tablet":{"background-color":"","background-image":"","background-repeat":"repeat","background-position":"center center","background-size":"auto","background-attachment":"scroll","background-type":"","background-media":"","overlay-type":"","overlay-color":"","overlay-opacity":"","overlay-gradient":""},"mobile":{"background-color":"","background-image":"","background-repeat":"repeat","background-position":"center center","background-size":"auto","background-attachment":"scroll","background-type":"","background-media":"","overlay-type":"","overlay-color":"","overlay-opacity":"","overlay-gradient":""}},"ast-content-background-meta":{"desktop":{"background-color":"var(--ast-global-color-4)","background-image":"","background-repeat":"repeat","background-position":"center center","background-size":"auto","background-attachment":"scroll","background-type":"","background-media":"","overlay-type":"","overlay-color":"","overlay-opacity":"","overlay-gradient":""},"tablet":{"background-color":"var(--ast-global-color-4)","background-image":"","background-repeat":"repeat","background-position":"center center","background-size":"auto","background-attachment":"scroll","background-type":"","background-media":"","overlay-type":"","overlay-color":"","overlay-opacity":"","overlay-gradient":""},"mobile":{"background-color":"var(--ast-global-color-4)","background-image":"","background-repeat":"repeat","background-position":"center center","background-size":"auto","background-attachment":"scroll","background-type":"","background-media":"","overlay-type":"","overlay-color":"","overlay-opacity":"","overlay-gradient":""}}},"animal":[118,117],"product_brand":[],"product_cat":[31],"product_tag":[279],"class_list":{"0":"post-3570","1":"product","2":"type-product","3":"status-publish","4":"has-post-thumbnail","6":"animal-furao","7":"animal-gato","8":"product_cat-suplementos-geis-pele-pelo-animais","9":"product_tag-plantillac","10":"desktop-align-left","11":"tablet-align-left","12":"mobile-align-left","14":"first","15":"instock","16":"shipping-taxable","17":"product-type-simple"},"acf":{"title_indications":"","description_indication":"","items_indication":[{"imagen":3573,"title":"Como cuidar do pelo dos gatos","description":"O cuidado do pelo dos gatos \u00e9 essencial para mant\u00ea-lo brilhante e prevenir problemas na pele. Existem uma s\u00e9rie de problemas que podem surgir se negligenciarmos esse aspecto.\r\n<ul>\r\n \t<li>Emaranhados e n\u00f3s: uma boa escova\u00e7\u00e3o regular previne emaranhados e n\u00f3s que podem ser desconfort\u00e1veis e, em casos graves, podem at\u00e9 exigir a ida a um profissional para serem resolvidos.<\/li>\r\n \t<li>Pele irritada e problemas cut\u00e2neos: o ac\u00famulo de pelo solto (ou pelo morto) e sujeira no pelo pode causar irrita\u00e7\u00e3o ou outros problemas. Esses podem ser coceira, vermelhid\u00e3o e, em casos extremos, infec\u00e7\u00f5es na pele.<\/li>\r\n \t<li>M\u00e1 termorregula\u00e7\u00e3o: um pelo descuidado pode dificultar a capacidade do seu gato de manter uma temperatura corporal adequada, especialmente em climas frios.<\/li>\r\n<\/ul>"},{"imagen":3574,"title":"","description":"Lembre-se de que, de acordo com o tipo de pelo, voc\u00ea precisar\u00e1 cuidar do pelo do gato de uma forma ou de outra.\r\n\r\nAs bolas de pelo e sua rela\u00e7\u00e3o com o cuidado do pelo em gatos\r\n\r\nQuando um gato se lambe, ingere pelo solto. Se o pelo morto n\u00e3o for removido por meio da escova\u00e7\u00e3o, pode se acumular no trato digestivo e formar bolas de pelo. Essas geralmente est\u00e3o associadas a dois tipos de problemas:\r\n<ul>\r\n \t<li>Problemas gastrointestinais: v\u00f4mitos, constipa\u00e7\u00e3o e, em casos graves, obstru\u00e7\u00f5es intestinais. Esses problemas podem ser dolorosos e requerer aten\u00e7\u00e3o veterin\u00e1ria.<\/li>\r\n \t<li>Mal-estar geral: as bolas de pelo podem causar mal-estar geral no gato, que pode se manifestar como letargia, perda de apetite e mudan\u00e7as em seu comportamento. Voc\u00ea tamb\u00e9m deve procurar um veterin\u00e1rio.<\/li>\r\n<\/ul>"}],"title_beneficios":"Em que os nutrientes do Dermadual\u00ae ajudam na sa\u00fade dermatol\u00f3gica dos animais de estima\u00e7\u00e3o:","description_benefits":"Dermadual\u00ae \u00e9 o alimento complementar que fornece nutrientes para:\r\n\r\n&nbsp;","items_benefits":[{"imagen":1239,"title":"","description":"Auxiliar em momentos de defici\u00eancias em nutrientes essenciais para a pele e o pelo.\r\n\r\n&nbsp;\r\n\r\n&nbsp;"},{"imagen":1244,"title":"","description":"Auxiliar na elimina\u00e7\u00e3o de bolas de pelo no trato digestivo.\r\n\r\n&nbsp;\r\n\r\n&nbsp;"}],"items_presentaciones":[{"title":"Dermadual\u00ae","description":"Frasco de 50 ml com seringa dosadora. Gel via oral.\r\n\r\n&nbsp;\r\n\r\n&nbsp;","imagen":3571}],"description_ingredients":"","items_ingredients":[{"title":"Taurina\r\n\r\n&nbsp;","description":"Amino\u00e1cido essencial em gatos.\r\n\r\n&nbsp;"},{"title":"Malta\r\n\r\n&nbsp;","description":"Nutriente que contribui para a manuten\u00e7\u00e3o do estado saud\u00e1vel do animal."},{"title":"\u00d3leo de Salm\u00e3o (Fornece \u00e1cidos graxos Omega-3)\r\n\r\n&nbsp;","description":"Fornece Omega 3. Contribuindo para a manuten\u00e7\u00e3o da pele.\r\n\r\n&nbsp;\r\n\r\n&nbsp;"},{"title":"Vitaminas B1, B2, B5 (Acido pantot\u00e9nico), B6, B12 y \u00c1cido f\u00f3lico\r\n\r\n&nbsp;","description":"Contribuem para a manuten\u00e7\u00e3o da pele em condi\u00e7\u00f5es normais.\r\n\r\n&nbsp;\r\n\r\n&nbsp;"},{"title":"Biotina\r\n\r\n&nbsp;","description":"Contribui para a manuten\u00e7\u00e3o do pelo em condi\u00e7\u00f5es normais.\r\n\r\n&nbsp;\r\n\r\n&nbsp;"},{"title":"Zinco\r\n\r\n&nbsp;\r\n\r\n&nbsp;","description":"Contribui para a manuten\u00e7\u00e3o em condi\u00e7\u00f5es normais do pelo, pele e unhas.\r\n\r\n&nbsp;\r\n\r\n&nbsp;"}],"video":"","items_Instructions_for_use":[{"title":"Generales","description":"V\u00eda Oral.\r\nAgite antes de usar.\r\nMisturar com o alimento habitual."},{"title":"Gatos com menos de 1 ano","description":"0,5 ml por dia."},{"title":"Gatos adultos","description":"1 ml por dia\r\n\r\n&nbsp;\r\n\r\n&nbsp;"},{"title":"Fur\u00e3o","description":"0,5 ml por dia.\r\n\r\n&nbsp;"}],"image_banner_scientific_study_copiar":"","title_banner_scientific_study":"","description_banner_scientific_study":"","Scientific_study_banner":"","studies":null,"bibliografy_text":"Wilhem et al. Breed-associated phenotypes in canine atopic dermatitis. Vet Dermatol.2011","features":[{"image":1262,"title":"Sem prote\u00ednas de Frango."},{"image":1267,"title":"Sem corantes."},{"image":1217,"title":"Sem a\u00e7\u00facares"}],"ficha_tecnica":3572},"_links":{"self":[{"href":"https:\/\/beta.pharmadiet.com\/pt\/wp-json\/wp\/v2\/product\/3570","targetHints":{"allow":["GET"]}}],"collection":[{"href":"https:\/\/beta.pharmadiet.com\/pt\/wp-json\/wp\/v2\/product"}],"about":[{"href":"https:\/\/beta.pharmadiet.com\/pt\/wp-json\/wp\/v2\/types\/product"}],"replies":[{"embeddable":true,"href":"https:\/\/beta.pharmadiet.com\/pt\/wp-json\/wp\/v2\/comments?post=3570"}],"version-history":[{"count":9,"href":"https:\/\/beta.pharmadiet.com\/pt\/wp-json\/wp\/v2\/product\/3570\/revisions"}],"predecessor-version":[{"id":17602,"href":"https:\/\/beta.pharmadiet.com\/pt\/wp-json\/wp\/v2\/product\/3570\/revisions\/17602"}],"wp:featuredmedia":[{"embeddable":true,"href":"https:\/\/beta.pharmadiet.com\/pt\/wp-json\/wp\/v2\/media\/3571"}],"wp:attachment":[{"href":"https:\/\/beta.pharmadiet.com\/pt\/wp-json\/wp\/v2\/media?parent=3570"}],"wp:term":[{"taxonomy":"animal","embeddable":true,"href":"https:\/\/beta.pharmadiet.com\/pt\/wp-json\/wp\/v2\/animal?post=3570"},{"taxonomy":"product_brand","embeddable":true,"href":"https:\/\/beta.pharmadiet.com\/pt\/wp-json\/wp\/v2\/product_brand?post=3570"},{"taxonomy":"product_cat","embeddable":true,"href":"https:\/\/beta.pharmadiet.com\/pt\/wp-json\/wp\/v2\/product_cat?post=3570"},{"taxonomy":"product_tag","embeddable":true,"href":"https:\/\/beta.pharmadiet.com\/pt\/wp-json\/wp\/v2\/product_tag?post=3570"}],"curies":[{"name":"wp","href":"https:\/\/api.w.org\/{rel}","templated":true}]}}