{"id":3543,"date":"2025-07-31T12:37:09","date_gmt":"2025-07-31T10:37:09","guid":{"rendered":"https:\/\/beta.pharmadiet.com\/?post_type=product&#038;p=3543"},"modified":"2026-01-28T11:28:11","modified_gmt":"2026-01-28T10:28:11","slug":"daforte","status":"publish","type":"product","link":"https:\/\/beta.pharmadiet.com\/pt\/productos\/daforte\/","title":{"rendered":"Daforte\u00ae"},"content":{"rendered":"<p>DAFORTE\u00ae ajuda a estabilizar a flora intestinal de c\u00e3es e gatos.<\/p>\n<ul>\n<li>Apresenta\u00e7\u00f5es em gel com seringa dosificadora.<\/li>\n<\/ul>\n","protected":false},"excerpt":{"rendered":"<p>Suplemento alimentar com nutrientes que ajudam a estabilizar a flora intestinal de c\u00e3es e gatos.<\/p>\n","protected":false},"featured_media":3544,"comment_status":"open","ping_status":"closed","template":"","meta":{"_acf_changed":false,"site-sidebar-layout":"default","site-content-layout":"","ast-site-content-layout":"default","site-content-style":"default","site-sidebar-style":"default","ast-global-header-display":"","ast-banner-title-visibility":"","ast-main-header-display":"","ast-hfb-above-header-display":"","ast-hfb-below-header-display":"","ast-hfb-mobile-header-display":"","site-post-title":"","ast-breadcrumbs-content":"","ast-featured-img":"","footer-sml-layout":"","theme-transparent-header-meta":"default","adv-header-id-meta":"","stick-header-meta":"","header-above-stick-meta":"","header-main-stick-meta":"","header-below-stick-meta":"","astra-migrate-meta-layouts":"set","ast-page-background-enabled":"default","ast-page-background-meta":{"desktop":{"background-color":"var(--ast-global-color-5)","background-image":"","background-repeat":"repeat","background-position":"center center","background-size":"auto","background-attachment":"scroll","background-type":"","background-media":"","overlay-type":"","overlay-color":"","overlay-opacity":"","overlay-gradient":""},"tablet":{"background-color":"","background-image":"","background-repeat":"repeat","background-position":"center center","background-size":"auto","background-attachment":"scroll","background-type":"","background-media":"","overlay-type":"","overlay-color":"","overlay-opacity":"","overlay-gradient":""},"mobile":{"background-color":"","background-image":"","background-repeat":"repeat","background-position":"center center","background-size":"auto","background-attachment":"scroll","background-type":"","background-media":"","overlay-type":"","overlay-color":"","overlay-opacity":"","overlay-gradient":""}},"ast-content-background-meta":{"desktop":{"background-color":"var(--ast-global-color-4)","background-image":"","background-repeat":"repeat","background-position":"center center","background-size":"auto","background-attachment":"scroll","background-type":"","background-media":"","overlay-type":"","overlay-color":"","overlay-opacity":"","overlay-gradient":""},"tablet":{"background-color":"var(--ast-global-color-4)","background-image":"","background-repeat":"repeat","background-position":"center center","background-size":"auto","background-attachment":"scroll","background-type":"","background-media":"","overlay-type":"","overlay-color":"","overlay-opacity":"","overlay-gradient":""},"mobile":{"background-color":"var(--ast-global-color-4)","background-image":"","background-repeat":"repeat","background-position":"center center","background-size":"auto","background-attachment":"scroll","background-type":"","background-media":"","overlay-type":"","overlay-color":"","overlay-opacity":"","overlay-gradient":""}}},"animal":[119,117],"product_brand":[],"product_cat":[24],"product_tag":[278],"class_list":{"0":"post-3543","1":"product","2":"type-product","3":"status-publish","4":"has-post-thumbnail","6":"animal-cao","7":"animal-gato","8":"product_cat-suplementos-digestao-animais","9":"product_tag-plantillab","10":"desktop-align-left","11":"tablet-align-left","12":"mobile-align-left","14":"first","15":"instock","16":"shipping-taxable","17":"product-type-simple"},"acf":{"title_indications":"","description_indication":"","items_indication":[{"imagen":3548,"title":"Diarreia em c\u00e3es e gatos: um problema a controlar.","description":"Controlar a diarreia em animais de estima\u00e7\u00e3o \u00e9 essencial para garantir a sa\u00fade gastrointestinal deles, pois pode ser um problema de sa\u00fade que leva a outros cen\u00e1rios. As tr\u00eas causas mais comuns de diarreia s\u00e3o:\r\n\r\nDiarreias agudas de origem bacteriana ou parasit\u00e1ria.\r\n\r\nDiarreias agudas de origem bacteriana ou parasit\u00e1ria.\r\n\r\nP\u00f3s-tratamento em infec\u00e7\u00f5es virais.\r\n\r\nDespu\u00e9s de recibir tratamiento para infecciones virales, los gatos y perros pueden experimentar diarrea.\r\n\r\nDiarreias causadas por antibi\u00f3ticos, estresse, mudan\u00e7as na dieta, etc."},{"imagen":3549,"title":"","description":"Estos factores, junto a otros como las intolerancias alimentarias pueden desencadenar episodios de diarrea.\r\n\r\nEpis\u00f3dios de diarreia em c\u00e3es e gatos podem levar \u00e0 desidrata\u00e7\u00e3o, perda de nutrientes essenciais, falta de apetite, desequil\u00edbrios no microbioma, inflama\u00e7\u00e3o do trato gastrointestinal, etc.\r\n\r\nAbordar efetivamente a diarreia aguda \u00e9 fundamental para prevenir complica\u00e7\u00f5es. Al\u00e9m disso, \u00e9 importante manter os animais hidratados, fornecer uma dieta adequada e buscar aconselhamento veterin\u00e1rio."}],"title_beneficios":"Como Daforte complementa a sa\u00fade gastrointestinal de seu animal de estima\u00e7\u00e3o:","description_benefits":"Devido aos seus nutrientes, ajuda a estabilizar a flora intestinal de c\u00e3es e gatos.\r\n\r\n&nbsp;","items_benefits":[{"imagen":1247,"title":"Daforte fornece nutrientes que contribuem para o funcionamento normal do trato gastrointestinal","description":"Ajuda a manter uma sa\u00fade gastrointestinal equilibrada, reduzindo a dura\u00e7\u00e3o e a gravidade dos per\u00edodos de diarreia e diminuindo a absor\u00e7\u00e3o de subst\u00e2ncias prejudiciais.\r\n\r\n&nbsp;\r\n\r\n&nbsp;"},{"imagen":1238,"title":"Apoia a sa\u00fade intestinal","description":"Restaurando a sa\u00fade intestinal ao melhorar a consist\u00eancia das fezes e regular a resposta imunol\u00f3gica, fortalecendo a barreira intestinal e mantendo a sa\u00fade digestiva em condi\u00e7\u00f5es normais.\r\n\r\n&nbsp;\r\n\r\n&nbsp;"},{"imagen":3546,"title":"Favorece o equil\u00edbrio do microbioma intestinal e o refor\u00e7o imunol\u00f3gico","description":"Ajudando a manter o equil\u00edbrio do microbioma e apoiando a resposta imunol\u00f3gica.\r\n\r\n&nbsp;\r\n\r\n&nbsp;"}],"items_presentaciones":[{"title":"Daforte\u00ae 20 ml","description":"Caixa com frasco de 20 ml com seringa dosificadora. Suspens\u00e3o oral.\r\n\r\n&nbsp;","imagen":3544},{"title":"Daforte\u00ae 50 ml","description":"Caixa com frasco de 50 ml com seringa dosificadora. Suspens\u00e3o oral.","imagen":3545}],"description_ingredients":"","items_ingredients":[{"title":"Attapulgita\r\n\r\n&nbsp;\r\n\r\n&nbsp;","description":"\u00c9 um silicato de alum\u00ednio e magn\u00e9sio hidratado cristalino que confere propriedades coloidais e adsorventes. \u00c9 um mineral com alta capacidade de adsor\u00e7\u00e3o de fluidos, toxinas e microrganismos.\r\n\r\nPrebi\u00f3icos FOS1,2 (Fructo-oligosac\u00e1ridos) y MOS3 (Levadura de cerveza (Saccharomyces cerevisae))\r\n\r\nS\u00e3o oligossacar\u00eddeos n\u00e3o diger\u00edveis derivados de frutose (FOS) e manose (MOS) que contribuem para a consist\u00eancia das fezes. Tamb\u00e9m s\u00e3o conhecidos por contribu\u00edrem para modular a resposta imune do animal.\r\n\r\n&nbsp;"},{"title":"Prebi\u00f3icos FOS<sup>1,2<\/sup>\u00a0(Fructo-oligosac\u00e1ridos) y FOS<sup>3<\/sup> (Levadura de cerveza (Saccharomyces cerevisae)","description":"<article class=\"bde-loop-item ee-post bde-dynamic-repeater-item\">\r\n<div class=\"bde-columns-206-100-1137-2-206-2 bde-columns bde-columns-206-100\">\r\n<div class=\"bde-column-206-103-1137-2-206-2 bde-column bde-column-206-103\">\r\n<div class=\"bde-rich-text-206-104-1137-2-206-2 bde-rich-text bde-rich-text-206-104 breakdance-rich-text-styles\">\r\n\r\nSon oligosac\u00e1ridos no digeribles derivados de fructosa (FOS) y de la manosa (MOS) que contribuyen a la consistencia de las heces. conocidos tambi\u00e9n por contribuir a modular la respuesta inmune del animal.\r\n\r\n<\/div>\r\n<\/div>\r\n<\/div>\r\n<\/article>"},{"title":"<div class=\"bde-column-206-101-1137-3-206-2 bde-column bde-column-206-101\">\r\n<div class=\"bde-text-206-102-1137-3-206-2 bde-text bde-text-206-102\">\r\n<div class=\"bde-column-206-101-1034-3-206-3 bde-column bde-column-206-101\">\r\n<div class=\"bde-text-206-102-1034-3-206-3 bde-text bde-text-206-102\">\r\n\r\nEnterococcus faecium FOS<sup>4,5<\/sup>\r\n\r\n<\/div>\r\n<\/div>\r\n<div class=\"bde-column-206-103-1034-3-206-3 bde-column bde-column-206-103\">\r\n<div class=\"bde-rich-text-206-104-1034-3-206-3 bde-rich-text bde-rich-text-206-104 breakdance-rich-text-styles\"><\/div>\r\n<\/div>\r\n<\/div>\r\n<\/div>","description":"<section id=\"ingredientes\" class=\"bde-section-130-152 bde-section\">\r\n<div class=\"section-container\">\r\n<div class=\"bde-repeater-element-130-221 bde-repeater-element\">\r\n<div class=\"bde-loop bde-loop-grid ee-posts bde-dynamic-repeater bde-dynamic-repeater-221 bde-dynamic-repeater-grid\"><article class=\"bde-loop-item ee-post bde-dynamic-repeater-item\">\r\n<div class=\"bde-columns-206-100-1137-3-206-2 bde-columns bde-columns-206-100\">\r\n<div class=\"bde-column-206-103-1137-3-206-2 bde-column bde-column-206-103\">\r\n<div class=\"bde-rich-text-206-104-1137-3-206-2 bde-rich-text bde-rich-text-206-104 breakdance-rich-text-styles\">\r\n\r\nProbi\u00f3tico que ajuda a reequilibrar a microflora intestinal, deslocando microrganismos patog\u00eanicos e melhorando a resposta imune.\r\n\r\n<\/div>\r\n<\/div>\r\n<\/div>\r\n<\/article><\/div>\r\n<\/div>\r\n<\/div>\r\n<\/section>"},{"title":"Cloruro pot\u00e1sico y Cloruro s\u00f3dico\r\n\r\n&nbsp;","description":"Aporte oral de pot\u00e1ssio que ajuda a evitar os poss\u00edveis efeitos adversos derivados da perda de pot\u00e1ssio durante processos diarreicos. Junto com o zinco, previne a desidrata\u00e7\u00e3o do animal.\r\n\r\n&nbsp;"},{"title":"Zinco<sup>6,7<\/sup>","description":"Mineral que ajuda a diminuir a gravidade de diarreias agudas e cr\u00f4nicas, protege as c\u00e9lulas contra danos oxidativos e mant\u00e9m o funcionamento normal do sistema imunol\u00f3gico.\r\n\r\n&nbsp;"}],"video":"","items_Instructions_for_use":[{"title":"Gato","description":"At\u00e9 5 kg de peso corporal: 2 ml por dia\r\n\r\nMais de 5 kg de peso corporal: 4 ml por dia."},{"title":"C\u00e3o","description":"At\u00e9 5 kg de peso corporal: 2 ml por dia\r\nDe 5 a 10 kg de peso corporal: 4 ml por dia.\r\nDe 10 a 15 kg de peso corporal: 8 ml por dia.\r\nMais de 20 kg de peso corporal: 10 ml al d\u00eda"},{"title":"Outras indica\u00e7\u00f5es","description":"Via oral.\r\nAgitar antes de usar.\r\nAdministrar duas vezes por dia, dividindo a dose di\u00e1ria em duas tomas.\r\nAp\u00f3s a utiliza\u00e7\u00e3o, fechar bem o frasco e lavar cuidadosamente a seringa doseadora."}],"image_banner_scientific_study_copiar":"","title_banner_scientific_study":"","description_banner_scientific_study":"","Scientific_study_banner":"","studies":null,"bibliografy_text":"1. . Swanson KS et al. Supplemental frucooligosaccharides and mannanoligosaccharides influence immune fuction, illeal and total tract nutrient digestibilities, micrbial populations and concentrations of protein catabolites in the large bowel of dogs. J Nutr (2002); 132 (5):980-989.\r\n2. Swanson KS et al. effects of supplemental frucooligosaccharides and mannanoligosaccharides on colonic microbial populations, immune function and fecal odor components in the canine. J Nutr (2002); 132:1717S-1719S\r\n3. Halas V et al. Mannanoligosaccharides in nursery pig nutrition and their potential mode of action. Animals (2012): 2:261-274\r\n4. Benyacoub J et al. Supplementatio of food with Enterococcus faecium (SF68) stimulates immune function in young dogs. J Nutr. (2003). 133 (4), 1158.\r\n5. Lappin M.R et al. Pilot study to evaluate the effect of oral supplementation of Enterococcus faecium SF 68 on cats with latent feline herpesvirus1. J Feline Med Surg. 11,650 (2009).\r\n6. Canani RB et al. Mechanisms of action of zinc in acute diarrhea. Curr Opin Gastroenterol (2011); 27 (1): 8-12.\r\n7. Skrovanek S et al. Zinc and gastrointestinal disease. World J Gastrointest Pathophysiol (2014) Nov; 15;5 (4):496-513.","features":[{"image":1262,"title":"Sem prote\u00ednas de Frango."},{"image":1267,"title":"Sem corantes."},{"image":1218,"title":"Agitar antes de usar"}],"ficha_tecnica":3550},"_links":{"self":[{"href":"https:\/\/beta.pharmadiet.com\/pt\/wp-json\/wp\/v2\/product\/3543","targetHints":{"allow":["GET"]}}],"collection":[{"href":"https:\/\/beta.pharmadiet.com\/pt\/wp-json\/wp\/v2\/product"}],"about":[{"href":"https:\/\/beta.pharmadiet.com\/pt\/wp-json\/wp\/v2\/types\/product"}],"replies":[{"embeddable":true,"href":"https:\/\/beta.pharmadiet.com\/pt\/wp-json\/wp\/v2\/comments?post=3543"}],"version-history":[{"count":8,"href":"https:\/\/beta.pharmadiet.com\/pt\/wp-json\/wp\/v2\/product\/3543\/revisions"}],"predecessor-version":[{"id":17599,"href":"https:\/\/beta.pharmadiet.com\/pt\/wp-json\/wp\/v2\/product\/3543\/revisions\/17599"}],"wp:featuredmedia":[{"embeddable":true,"href":"https:\/\/beta.pharmadiet.com\/pt\/wp-json\/wp\/v2\/media\/3544"}],"wp:attachment":[{"href":"https:\/\/beta.pharmadiet.com\/pt\/wp-json\/wp\/v2\/media?parent=3543"}],"wp:term":[{"taxonomy":"animal","embeddable":true,"href":"https:\/\/beta.pharmadiet.com\/pt\/wp-json\/wp\/v2\/animal?post=3543"},{"taxonomy":"product_brand","embeddable":true,"href":"https:\/\/beta.pharmadiet.com\/pt\/wp-json\/wp\/v2\/product_brand?post=3543"},{"taxonomy":"product_cat","embeddable":true,"href":"https:\/\/beta.pharmadiet.com\/pt\/wp-json\/wp\/v2\/product_cat?post=3543"},{"taxonomy":"product_tag","embeddable":true,"href":"https:\/\/beta.pharmadiet.com\/pt\/wp-json\/wp\/v2\/product_tag?post=3543"}],"curies":[{"name":"wp","href":"https:\/\/api.w.org\/{rel}","templated":true}]}}