{"id":3535,"date":"2025-07-31T12:35:51","date_gmt":"2025-07-31T10:35:51","guid":{"rendered":"https:\/\/beta.pharmadiet.com\/?post_type=product&#038;p=3535"},"modified":"2026-01-27T16:39:51","modified_gmt":"2026-01-27T15:39:51","slug":"cognidine","status":"publish","type":"product","link":"https:\/\/beta.pharmadiet.com\/pt\/productos\/cognidine\/","title":{"rendered":"Cognidine\u00ae"},"content":{"rendered":"<ul>\n<li>Sem prote\u00ednas de Frango.<\/li>\n<li>Sem corantes.<\/li>\n<li>Sem corantes.<\/li>\n<li>Modos de uso adequados ao peso do animal.<\/li>\n<li>Comprimido facilmente divis\u00edvel<\/li>\n<\/ul>\n","protected":false},"excerpt":{"rendered":"<p>Alimento complementar cuja combina\u00e7\u00e3o de nutrientes ajuda o sistema cognitivo normal em c\u00e3es e gatos.<\/p>\n","protected":false},"featured_media":3536,"comment_status":"open","ping_status":"closed","template":"","meta":{"_acf_changed":false,"site-sidebar-layout":"default","site-content-layout":"","ast-site-content-layout":"default","site-content-style":"default","site-sidebar-style":"default","ast-global-header-display":"","ast-banner-title-visibility":"","ast-main-header-display":"","ast-hfb-above-header-display":"","ast-hfb-below-header-display":"","ast-hfb-mobile-header-display":"","site-post-title":"","ast-breadcrumbs-content":"","ast-featured-img":"","footer-sml-layout":"","theme-transparent-header-meta":"default","adv-header-id-meta":"","stick-header-meta":"","header-above-stick-meta":"","header-main-stick-meta":"","header-below-stick-meta":"","astra-migrate-meta-layouts":"set","ast-page-background-enabled":"default","ast-page-background-meta":{"desktop":{"background-color":"var(--ast-global-color-5)","background-image":"","background-repeat":"repeat","background-position":"center center","background-size":"auto","background-attachment":"scroll","background-type":"","background-media":"","overlay-type":"","overlay-color":"","overlay-opacity":"","overlay-gradient":""},"tablet":{"background-color":"","background-image":"","background-repeat":"repeat","background-position":"center center","background-size":"auto","background-attachment":"scroll","background-type":"","background-media":"","overlay-type":"","overlay-color":"","overlay-opacity":"","overlay-gradient":""},"mobile":{"background-color":"","background-image":"","background-repeat":"repeat","background-position":"center center","background-size":"auto","background-attachment":"scroll","background-type":"","background-media":"","overlay-type":"","overlay-color":"","overlay-opacity":"","overlay-gradient":""}},"ast-content-background-meta":{"desktop":{"background-color":"var(--ast-global-color-4)","background-image":"","background-repeat":"repeat","background-position":"center center","background-size":"auto","background-attachment":"scroll","background-type":"","background-media":"","overlay-type":"","overlay-color":"","overlay-opacity":"","overlay-gradient":""},"tablet":{"background-color":"var(--ast-global-color-4)","background-image":"","background-repeat":"repeat","background-position":"center center","background-size":"auto","background-attachment":"scroll","background-type":"","background-media":"","overlay-type":"","overlay-color":"","overlay-opacity":"","overlay-gradient":""},"mobile":{"background-color":"var(--ast-global-color-4)","background-image":"","background-repeat":"repeat","background-position":"center center","background-size":"auto","background-attachment":"scroll","background-type":"","background-media":"","overlay-type":"","overlay-color":"","overlay-opacity":"","overlay-gradient":""}}},"animal":[119,117],"product_brand":[],"product_cat":[23],"product_tag":[278],"class_list":{"0":"post-3535","1":"product","2":"type-product","3":"status-publish","4":"has-post-thumbnail","6":"animal-cao","7":"animal-gato","8":"product_cat-suplementos-comportamento-animais","9":"product_tag-plantillab","10":"desktop-align-left","11":"tablet-align-left","12":"mobile-align-left","14":"first","15":"instock","16":"shipping-taxable","17":"product-type-simple"},"acf":{"title_indications":"","description_indication":"","items_indication":[{"imagen":3538,"title":"Disfun\u00e7\u00e3o cognitiva em c\u00e3es e gatos","description":"O S\u00edndrome de Disfun\u00e7\u00e3o Cognitiva em gatos e c\u00e3es (SDC) \u00e9 uma condi\u00e7\u00e3o cl\u00ednica que afeta animais de estima\u00e7\u00e3o idosos e \u00e9 caracterizada por uma s\u00e9rie de dist\u00farbios neurol\u00f3gicos que impactam negativamente suas fun\u00e7\u00f5es cognitivas, mudan\u00e7as de comportamento, intera\u00e7\u00f5es sociais e qualidade de vida.\r\n\r\nEm termos de sinais cl\u00ednicos, essas mudan\u00e7as incluem:\r\n<ul>\r\n \t<li>Altera\u00e7\u00e3o na intera\u00e7\u00e3o com seus donos ou outros animais.<\/li>\r\n \t<li>Desorienta\u00e7\u00e3o e confus\u00e3o, ansiedade e inquieta\u00e7\u00e3o.<\/li>\r\n \t<li>Dist\u00farbios no ciclo sono-vig\u00edlia, mudan\u00e7as nos padr\u00f5es de<\/li>\r\n \t<li>comportamento.<\/li>\r\n \t<li>Altera\u00e7\u00f5es nas rotinas di\u00e1rias.<\/li>\r\n \t<li>Mudan\u00e7as na fun\u00e7\u00e3o motora.<\/li>\r\n<\/ul>\r\nO SDC se tornou uma \u00e1rea de pesquisa e aten\u00e7\u00e3o veterin\u00e1ria cada vez mais importante. O diagn\u00f3stico precoce e a interven\u00e7\u00e3o adequada s\u00e3o fundamentais para abordar essa s\u00edndrome."},{"imagen":3539,"title":"Em que os nutrientes do alimento complementar Cognidine\u00ae ajudam os animais de estima\u00e7\u00e3o:","description":"El SDC Se manifiesta de diversa forma:\r\n<ul>\r\n \t<li>Cambios macrosc\u00f3picos en el cerebro: atrofia cortical, que afecta especialmente las \u00e1reas cerebrales relacionadas con la memoria y el aprendizaje, as\u00ed como al hipocampo, estructura que contribuye a la formaci\u00f3n de nuevos recuerdos.<\/li>\r\n \t<li>Cambios neuronales: como la p\u00e9rdida de c\u00e9lulas nerviosas en \u00e1reas cerebrales clave.<\/li>\r\n \t<li>Da\u00f1o oxidativo y la inflamaci\u00f3n: conduce al deterioro de prote\u00ednas, l\u00edpidos y nucle\u00f3tidos en el cerebro, lo que eventualmente resulta en la muerte de neuronas.<\/li>\r\n \t<li>Acumulaci\u00f3n de la prote\u00edna \u00df-amiloide: puede contribuir a la p\u00e9rdida neuronal y a la atrofia cerebral<\/li>\r\n<\/ul>\r\nEl SDC puede derivar tambi\u00e9n de patolog\u00edas cerebrovasculares: cambios vasculares cerebrales,gliosis y dilataci\u00f3n ventricular, dando lugar a atrofi\u00ada cerebral, agrandamiento ventricular y lesiones en los l\u00f3bulos mediales temporales."}],"title_beneficios":"Em que os nutrientes do alimento complementar Cognidine\u00ae ajudam os animais de estima\u00e7\u00e3o:","description_benefits":"Cognidine\u00ae fornece nutrientes para ajudar em:\r\n\r\n&nbsp;","items_benefits":[{"imagen":1238,"title":"","description":"Manter o sistema cognitivo de c\u00e3es e gatos idosos."}],"items_presentaciones":[{"title":"Cognidine\u00ae","description":"Embalagem com 60 comprimidos, em blister de 10 comprimidos\r\n\r\n&nbsp;","imagen":3536}],"description_ingredients":"","items_ingredients":[{"title":"Uridina<sup>1,2<\/sup>","description":"\u00c9 um nucle\u00f3tido essencial na bioss\u00edntese de fosfolip\u00eddios e glicolip\u00eddios das membranas celulares, como neur\u00f4nios."},{"title":"Pulpa de ma\u00e7\u00e3 seca","description":"Fornece polifen\u00f3is e quinonas.\r\n\r\n&nbsp;"},{"title":"Triptofano<sup>5,6<\/sup>","description":"Triptofano \u00e9 precursor do neurotransmissor serotonina, conhecido por ser essencial para a regula\u00e7\u00e3o do humor, comportamento e ansiedade."},{"title":"Biotina","description":"Contribui para o funcionamento normal do sistema nervoso e fun\u00e7\u00e3o psicol\u00f3gica normal.\r\n\r\n&nbsp;"},{"title":"Sel\u00eanio e Zinco","description":"Contribuem para a prote\u00e7\u00e3o celular contra danos oxidativos.\r\n\r\n&nbsp;"},{"title":"Harina de Krill\r\n\r\n&nbsp;","description":"Aporta Astaxantina y Omega 3.\r\n\r\n&nbsp;"}],"video":"","items_Instructions_for_use":[{"title":"Gato","description":"1 comprimido por dia.\r\n\r\n&nbsp;"},{"title":"C\u00e3o","description":"<ul>\r\n \t<li>At\u00e9 10 kg de peso: 1 comprimido por dia.<\/li>\r\n \t<li>De 10 a 20 kg de peso: 2 comprimidos por dia.<\/li>\r\n \t<li>De 20 a 30 kg de peso: 3 comprimidos por dia.<\/li>\r\n \t<li>De 30 a 40 kg de peso: 4 comprimidos por dia.<\/li>\r\n \t<li>A partir de 40 kg de peso: 5 comprimidos al d\u00eda.<\/li>\r\n<\/ul>"},{"title":"Outras indica\u00e7\u00f5es","description":"Via oral.\r\nSe preferir, misturar com o alimento habitual.\r\nPor se tratar de um suplemento alimentar, pode ser administrado de forma cont\u00ednua."}],"image_banner_scientific_study_copiar":"","title_banner_scientific_study":"","description_banner_scientific_study":"","Scientific_study_banner":"","studies":null,"bibliografy_text":"<ol>\r\n \t<li>Wattig B et al. Acceleration of nerve and muscle regeneration by administration of nucleotides\u2013electroneurophysiological and morphometrical investigations. Acta Histochem Suppl. 1992;42:333-9.<\/li>\r\n \t<li>Chen TH et al. A nucleoside-nucleotide mixture may reduce memory deterioration in old senescence-accelerated mice. . J Nutr. 2000 Dec;130(12):3085-9.<\/li>\r\n \t<li>Harris CB. Dietary pyrroloquinoline quinone (PQQ) alters indicators of inflammation and mitochondrial-related metabolism in human subjects.1. J Nutr Biochem. 2013 Dec;24(12):2076-84.<\/li>\r\n \t<li>He B. Effects of pyrroloquinoline quinine on oxidative stress- induced apoptosis of Schwann cells and its mechanism. Zhonghua Zheng Xing Wai Ke Za Zhi. 2014 Mar;30(2):111-7<\/li>\r\n \t<li>Silber BY. Effects of tryptophan loading on human cognition, mood, and sleep. Neuroscience and Biobehavioral Reviews .2010; 34: 387\u2013407.<\/li>\r\n \t<li>Jean S. DeNapoli. Effect of dietary protein content and tryptophan supplementation on dominance aggression, territorial aggression, and hyperactivity in dogs. 2000; JAVMA, Vol 217, No. 4.<\/li>\r\n \t<li>Murphy T, et al. Effects of diet on brain plasticity in animal and human Studies: mind the gap. Neural Plasticity.2014; ID 563160.<\/li>\r\n<\/ol>","features":[{"image":1262,"title":"Sem prote\u00ednas de Frango."},{"image":1267,"title":"Sem corantes."},{"image":1213,"title":"Comprimido facilmente divis\u00edvel"}],"ficha_tecnica":3553},"_links":{"self":[{"href":"https:\/\/beta.pharmadiet.com\/pt\/wp-json\/wp\/v2\/product\/3535","targetHints":{"allow":["GET"]}}],"collection":[{"href":"https:\/\/beta.pharmadiet.com\/pt\/wp-json\/wp\/v2\/product"}],"about":[{"href":"https:\/\/beta.pharmadiet.com\/pt\/wp-json\/wp\/v2\/types\/product"}],"replies":[{"embeddable":true,"href":"https:\/\/beta.pharmadiet.com\/pt\/wp-json\/wp\/v2\/comments?post=3535"}],"version-history":[{"count":13,"href":"https:\/\/beta.pharmadiet.com\/pt\/wp-json\/wp\/v2\/product\/3535\/revisions"}],"predecessor-version":[{"id":17595,"href":"https:\/\/beta.pharmadiet.com\/pt\/wp-json\/wp\/v2\/product\/3535\/revisions\/17595"}],"wp:featuredmedia":[{"embeddable":true,"href":"https:\/\/beta.pharmadiet.com\/pt\/wp-json\/wp\/v2\/media\/3536"}],"wp:attachment":[{"href":"https:\/\/beta.pharmadiet.com\/pt\/wp-json\/wp\/v2\/media?parent=3535"}],"wp:term":[{"taxonomy":"animal","embeddable":true,"href":"https:\/\/beta.pharmadiet.com\/pt\/wp-json\/wp\/v2\/animal?post=3535"},{"taxonomy":"product_brand","embeddable":true,"href":"https:\/\/beta.pharmadiet.com\/pt\/wp-json\/wp\/v2\/product_brand?post=3535"},{"taxonomy":"product_cat","embeddable":true,"href":"https:\/\/beta.pharmadiet.com\/pt\/wp-json\/wp\/v2\/product_cat?post=3535"},{"taxonomy":"product_tag","embeddable":true,"href":"https:\/\/beta.pharmadiet.com\/pt\/wp-json\/wp\/v2\/product_tag?post=3535"}],"curies":[{"name":"wp","href":"https:\/\/api.w.org\/{rel}","templated":true}]}}