{"id":3409,"date":"2025-07-31T10:24:22","date_gmt":"2025-07-31T08:24:22","guid":{"rendered":"https:\/\/beta.pharmadiet.com\/?post_type=product&#038;p=3409"},"modified":"2026-01-27T15:26:51","modified_gmt":"2026-01-27T14:26:51","slug":"calmatonine-xr","status":"publish","type":"product","link":"https:\/\/beta.pharmadiet.com\/pt\/productos\/calmatonine-xr\/","title":{"rendered":"Calmatonine\u00ae XR"},"content":{"rendered":"\t\t<div data-elementor-type=\"product-post\" data-elementor-id=\"3409\" class=\"elementor elementor-3409\" data-elementor-post-type=\"product\">\n\t\t\t\t<div class=\"elementor-element elementor-element-649c3e40 e-flex e-con-boxed e-con e-parent\" data-id=\"649c3e40\" data-element_type=\"container\">\n\t\t\t\t\t<div class=\"e-con-inner\">\n\t\t\t\t<div class=\"elementor-element elementor-element-72862092 elementor-widget elementor-widget-text-editor\" data-id=\"72862092\" data-element_type=\"widget\" data-widget_type=\"text-editor.default\">\n\t\t\t\t\t\t\t\t\t<ul><li>Nova f\u00f3rmula<\/li><li>Tecnologia BICAPA<\/li><li>Sem prote\u00ednas de Frango.<\/li><li>Sem corantes.<\/li><li>Modos de uso adequados ao peso do animal.<\/li><li>Comprimido facilmente divis\u00edvel<\/li><\/ul>\t\t\t\t\t\t\t\t<\/div>\n\t\t\t\t\t<\/div>\n\t\t\t\t<\/div>\n\t\t\t\t<\/div>\n\t\t","protected":false},"excerpt":{"rendered":"<p>Alimento complementar com nutrientes que ajudam a manter um comportamento adequado no animal de estima\u00e7\u00e3o.<\/p>\n","protected":false},"featured_media":3411,"comment_status":"open","ping_status":"closed","template":"","meta":{"_acf_changed":false,"site-sidebar-layout":"default","site-content-layout":"","ast-site-content-layout":"default","site-content-style":"default","site-sidebar-style":"default","ast-global-header-display":"","ast-banner-title-visibility":"","ast-main-header-display":"","ast-hfb-above-header-display":"","ast-hfb-below-header-display":"","ast-hfb-mobile-header-display":"","site-post-title":"","ast-breadcrumbs-content":"","ast-featured-img":"","footer-sml-layout":"","theme-transparent-header-meta":"default","adv-header-id-meta":"","stick-header-meta":"","header-above-stick-meta":"","header-main-stick-meta":"","header-below-stick-meta":"","astra-migrate-meta-layouts":"set","ast-page-background-enabled":"default","ast-page-background-meta":{"desktop":{"background-color":"var(--ast-global-color-5)","background-image":"","background-repeat":"repeat","background-position":"center center","background-size":"auto","background-attachment":"scroll","background-type":"","background-media":"","overlay-type":"","overlay-color":"","overlay-opacity":"","overlay-gradient":""},"tablet":{"background-color":"","background-image":"","background-repeat":"repeat","background-position":"center center","background-size":"auto","background-attachment":"scroll","background-type":"","background-media":"","overlay-type":"","overlay-color":"","overlay-opacity":"","overlay-gradient":""},"mobile":{"background-color":"","background-image":"","background-repeat":"repeat","background-position":"center center","background-size":"auto","background-attachment":"scroll","background-type":"","background-media":"","overlay-type":"","overlay-color":"","overlay-opacity":"","overlay-gradient":""}},"ast-content-background-meta":{"desktop":{"background-color":"var(--ast-global-color-4)","background-image":"","background-repeat":"repeat","background-position":"center center","background-size":"auto","background-attachment":"scroll","background-type":"","background-media":"","overlay-type":"","overlay-color":"","overlay-opacity":"","overlay-gradient":""},"tablet":{"background-color":"var(--ast-global-color-4)","background-image":"","background-repeat":"repeat","background-position":"center center","background-size":"auto","background-attachment":"scroll","background-type":"","background-media":"","overlay-type":"","overlay-color":"","overlay-opacity":"","overlay-gradient":""},"mobile":{"background-color":"var(--ast-global-color-4)","background-image":"","background-repeat":"repeat","background-position":"center center","background-size":"auto","background-attachment":"scroll","background-type":"","background-media":"","overlay-type":"","overlay-color":"","overlay-opacity":"","overlay-gradient":""}}},"animal":[119,118,117,150],"product_brand":[],"product_cat":[23],"product_tag":[279],"class_list":{"0":"post-3409","1":"product","2":"type-product","3":"status-publish","4":"has-post-thumbnail","6":"animal-cao","7":"animal-furao","8":"animal-gato","9":"animal-roedor","10":"product_cat-suplementos-comportamento-animais","11":"product_tag-plantillac","12":"desktop-align-left","13":"tablet-align-left","14":"mobile-align-left","16":"first","17":"instock","18":"shipping-taxable","19":"product-type-simple"},"acf":{"title_indications":"","description_indication":"","items_indication":[{"imagen":17443,"title":"Como funciona a tecnologia bicamada?","description":"<ol>\r\n \t<li>LA LIBERACI\u00d3N INMEDIATA: Libera\u00e7\u00e3o de uma quantidade inicial do produto para obter um efeito imediato.<\/li>\r\n \t<li>LA LIBERACI\u00d3N PROLONGADA: Libera\u00e7\u00e3o de forma mais lenta e sustentada, mantendo uma dura\u00e7\u00e3o de a\u00e7\u00e3o mais prolongada.<\/li>\r\n<\/ol>"},{"imagen":4962,"title":"Problemas de comportamento em c\u00e3es e gatos","description":"Se voc\u00ea perceber que seu animal de estima\u00e7\u00e3o reage de forma diferente ou age de maneira estranha, pode haver algo afetando seu bem-estar e tranquilidade. Entre as causas mais comuns relacionadas a problemas de comportamento est\u00e3o:\r\n<ul>\r\n \t<li>Doen\u00e7as ou enfermidades. Digestivas, dermatol\u00f3gicas, renais, hep\u00e1ticas... qualquer doen\u00e7a pode afetar o comportamento do seu animal.<\/li>\r\n \t<li>Cambios de entorno. Mudanzas, cambios de caja de arena o caseta, cambio de habitaci\u00f3n, un nuevo miembro en la familia\u2026 pueden afectar al estado an\u00edmico de perros y gatos.<\/li>\r\n \t<li>Nueva zona de paseo. Especialmente para perros, cuando muestran agresividad con otros perros, puede deberse a un cambio en la zona de paseo o nuevos animales que no conoce.<\/li>\r\n<\/ul>\r\nDiante de problemas comportamentais, \u00e9 melhor visitar o veterin\u00e1rio. Assim, ele poder\u00e1 descartar qualquer doen\u00e7a e propor o tratamento adequado caso fa\u00e7a um diagn\u00f3stico positivo."}],"title_beneficios":"Em que ajuda o Calmatonine\u00ae XR?","description_benefits":"Calmatonine\u00ae XR fornece nutrientes para ajudar em:\r\n\r\n&nbsp;\r\n\r\n&nbsp;","items_benefits":[{"imagen":1248,"title":"Situa\u00e7\u00f5es que perturbam o relaxamento","description":"Ru\u00eddos (fogos de artif\u00edcio, petardos, tempestades, etc.), mudan\u00e7as em seu ambiente cotidiano, mudan\u00e7a de habitat.\r\n\r\n&nbsp;\r\n\r\n&nbsp;"},{"imagen":1248,"title":"","description":"Regula\u00e7\u00e3o do sono"},{"imagen":1245,"title":"","description":"Picar por aves"}],"items_presentaciones":[{"title":"Calmatonine\u00ae XR","description":"Embalagem cl\u00ednica com 120 comprimidos bicamada, em blister de 10 comprimidos cada, e envelopes de dispensa\u00e7\u00e3o.\r\n\r\n&nbsp;","imagen":3411}],"description_ingredients":"","items_ingredients":[{"title":"Camada superior (libera\u00e7\u00e3o imediata)\r\n\r\n&nbsp;","description":""},{"title":"Prote\u00edna de leite hidrolisada (fornece alfa-casozepina)\r\n\r\n&nbsp;\r\n\r\n&nbsp;","description":"Prote\u00edna do leite com propriedades conhecidas de relaxamento.\r\n\r\n&nbsp;\r\n\r\n&nbsp;"},{"title":"Germe de arroz\r\n\r\n&nbsp;\r\n\r\n&nbsp;","description":"Fornece GABA, conhecido por contribuir para restaurar o equil\u00edbrio e manter um estado de esp\u00edrito normal.\r\n\r\n&nbsp;\r\n\r\n&nbsp;"},{"title":"Raiz de valeriana e Extrato de Passiflora incarnata\r\n\r\n&nbsp;\r\n\r\n&nbsp;","description":"Subst\u00e2ncias de origem natural conhecidas por suas propriedades relaxantes, promovem comportamentos tranquilos, sono e relaxamento muscular.\r\n\r\n&nbsp;\r\n\r\n&nbsp;"},{"title":"Camada inferior (libera\u00e7\u00e3o retardada)\r\n\r\n&nbsp;\r\n\r\n&nbsp;","description":""},{"title":"Triptofano\r\n\r\n&nbsp;\r\n\r\n&nbsp;","description":"Amino\u00e1cido essencial que ajuda a regular os n\u00edveis de serotonina, contribuindo para reduzir a agressividade, e precursor de melatonina que ajuda a regular o sono.\r\n\r\n&nbsp;\r\n\r\n&nbsp;\r\n\r\n&nbsp;"},{"title":"Vitamina B6 e Magn\u00e9sio, Niacinamida\r\n\r\n&nbsp;","description":"Ajudam a reduzir o cansa\u00e7o e a fadiga, e contribuem para o funcionamento normal do sistema nervoso.\r\n\r\n&nbsp;\r\n\r\n&nbsp;"}],"video":"","items_Instructions_for_use":[{"title":"Gato","description":"Entre \u00bd e 1 comprimido por dia.\r\n\r\n&nbsp;"},{"title":"C\u00e3o","description":"<ul>\r\n \t<li>At\u00e9 10 kg de peso: Entre \u00bd e 1 comprimido por dia.<\/li>\r\n \t<li>De 10 a 20 kg de peso: Entre 1 e 2 comprimidos por dia.<\/li>\r\n \t<li>De 20 a 30 kg de peso: Entre 1 \u00bd e 3 comprimidos por dia.<\/li>\r\n \t<li>De 30 a 40 kg de peso: Entre 2 y 4 comprimidos al d\u00eda.<\/li>\r\n \t<li>A partir de 40 kg de peso: Entre 3 e 6 comprimidos por dia.<\/li>\r\n<\/ul>"},{"title":"Fur\u00f5es e roedores:","description":"0,25 comprimido por dia.\r\n\r\n&nbsp;"},{"title":"Outras indica\u00e7\u00f5es","description":"Via oral.\r\n\r\nPara uso pontual, recomenda-se administrar 30 minutos a uma hora antes, ou pode ser administrado diariamente durante 6 semanas, de forma cont\u00ednua.\r\n\r\nRecomenda-se administrar os comprimidos inteiros ou partidos ao meio, n\u00e3o triturar.\r\n\r\nSe preferir, pode ser misturado com o alimento habitual.\r\n\r\nPor se tratar de um suplemento alimentar, pode ser administrado de forma cont\u00ednua."}],"image_banner_scientific_study_copiar":"","title_banner_scientific_study":"","description_banner_scientific_study":"","Scientific_study_banner":"","studies":null,"bibliografy_text":"","features":[{"image":1221,"title":"Tecnologia BICAPA"},{"image":1262,"title":"Sem prote\u00ednas de Frango"},{"image":1267,"title":"Sem corantes"},{"image":1213,"title":"Comprimido facilmente divis\u00edvel"}],"ficha_tecnica":3555},"_links":{"self":[{"href":"https:\/\/beta.pharmadiet.com\/pt\/wp-json\/wp\/v2\/product\/3409","targetHints":{"allow":["GET"]}}],"collection":[{"href":"https:\/\/beta.pharmadiet.com\/pt\/wp-json\/wp\/v2\/product"}],"about":[{"href":"https:\/\/beta.pharmadiet.com\/pt\/wp-json\/wp\/v2\/types\/product"}],"replies":[{"embeddable":true,"href":"https:\/\/beta.pharmadiet.com\/pt\/wp-json\/wp\/v2\/comments?post=3409"}],"version-history":[{"count":24,"href":"https:\/\/beta.pharmadiet.com\/pt\/wp-json\/wp\/v2\/product\/3409\/revisions"}],"predecessor-version":[{"id":17587,"href":"https:\/\/beta.pharmadiet.com\/pt\/wp-json\/wp\/v2\/product\/3409\/revisions\/17587"}],"wp:featuredmedia":[{"embeddable":true,"href":"https:\/\/beta.pharmadiet.com\/pt\/wp-json\/wp\/v2\/media\/3411"}],"wp:attachment":[{"href":"https:\/\/beta.pharmadiet.com\/pt\/wp-json\/wp\/v2\/media?parent=3409"}],"wp:term":[{"taxonomy":"animal","embeddable":true,"href":"https:\/\/beta.pharmadiet.com\/pt\/wp-json\/wp\/v2\/animal?post=3409"},{"taxonomy":"product_brand","embeddable":true,"href":"https:\/\/beta.pharmadiet.com\/pt\/wp-json\/wp\/v2\/product_brand?post=3409"},{"taxonomy":"product_cat","embeddable":true,"href":"https:\/\/beta.pharmadiet.com\/pt\/wp-json\/wp\/v2\/product_cat?post=3409"},{"taxonomy":"product_tag","embeddable":true,"href":"https:\/\/beta.pharmadiet.com\/pt\/wp-json\/wp\/v2\/product_tag?post=3409"}],"curies":[{"name":"wp","href":"https:\/\/api.w.org\/{rel}","templated":true}]}}