{"id":3372,"date":"2025-07-22T11:44:40","date_gmt":"2025-07-22T09:44:40","guid":{"rendered":"https:\/\/test.pharmadiet.com\/?post_type=product&#038;p=3372"},"modified":"2026-01-28T16:41:58","modified_gmt":"2026-01-28T15:41:58","slug":"hyaloral-gel","status":"publish","type":"product","link":"https:\/\/beta.pharmadiet.com\/pt\/productos\/hyaloral-gel\/","title":{"rendered":"Hyaloral\u00ae Gel"},"content":{"rendered":"<p>Alimento complementar cujos nutrientes adicionados \u00e0 dieta habitual contribuem para o correto desenvolvimento e manuten\u00e7\u00e3o das articula\u00e7\u00f5es, tend\u00f5es e ligamentos dos nossos animais de estima\u00e7\u00e3o.<\/p>\n<ul>\n<li>Evid\u00eancia cl\u00ednica comprovada em estudo pr\u00f3prio com Hyaloral\u00ae.<\/li>\n<li>Ingredientes com estudos publicados. 2<\/li>\n<li>Palatabilidade tolerada em c\u00e3es e gatos satisfatoriamente com Hyaloral\u00ae. 2,3<\/li>\n<li>Modos de uso adequados ao peso do animal.<\/li>\n<li>Apresenta\u00e7\u00f5es em gel com seringa dosificadora.<\/li>\n<\/ul>\n<p>&nbsp;<\/p>\n","protected":false},"excerpt":{"rendered":"<p>Alimento complementar cujos nutrientes adicionados \u00e0 dieta habitual contribuem para o correto desenvolvimento e manuten\u00e7\u00e3o das articula\u00e7\u00f5es, tend\u00f5es e ligamentos dos nossos animais de estima\u00e7\u00e3o.<\/p>\n","protected":false},"featured_media":3373,"comment_status":"open","ping_status":"closed","template":"","meta":{"_acf_changed":false,"site-sidebar-layout":"default","site-content-layout":"","ast-site-content-layout":"default","site-content-style":"default","site-sidebar-style":"default","ast-global-header-display":"","ast-banner-title-visibility":"","ast-main-header-display":"","ast-hfb-above-header-display":"","ast-hfb-below-header-display":"","ast-hfb-mobile-header-display":"","site-post-title":"","ast-breadcrumbs-content":"","ast-featured-img":"","footer-sml-layout":"","theme-transparent-header-meta":"default","adv-header-id-meta":"","stick-header-meta":"","header-above-stick-meta":"","header-main-stick-meta":"","header-below-stick-meta":"","astra-migrate-meta-layouts":"set","ast-page-background-enabled":"default","ast-page-background-meta":{"desktop":{"background-color":"var(--ast-global-color-5)","background-image":"","background-repeat":"repeat","background-position":"center center","background-size":"auto","background-attachment":"scroll","background-type":"","background-media":"","overlay-type":"","overlay-color":"","overlay-opacity":"","overlay-gradient":""},"tablet":{"background-color":"","background-image":"","background-repeat":"repeat","background-position":"center center","background-size":"auto","background-attachment":"scroll","background-type":"","background-media":"","overlay-type":"","overlay-color":"","overlay-opacity":"","overlay-gradient":""},"mobile":{"background-color":"","background-image":"","background-repeat":"repeat","background-position":"center center","background-size":"auto","background-attachment":"scroll","background-type":"","background-media":"","overlay-type":"","overlay-color":"","overlay-opacity":"","overlay-gradient":""}},"ast-content-background-meta":{"desktop":{"background-color":"var(--ast-global-color-4)","background-image":"","background-repeat":"repeat","background-position":"center center","background-size":"auto","background-attachment":"scroll","background-type":"","background-media":"","overlay-type":"","overlay-color":"","overlay-opacity":"","overlay-gradient":""},"tablet":{"background-color":"var(--ast-global-color-4)","background-image":"","background-repeat":"repeat","background-position":"center center","background-size":"auto","background-attachment":"scroll","background-type":"","background-media":"","overlay-type":"","overlay-color":"","overlay-opacity":"","overlay-gradient":""},"mobile":{"background-color":"var(--ast-global-color-4)","background-image":"","background-repeat":"repeat","background-position":"center center","background-size":"auto","background-attachment":"scroll","background-type":"","background-media":"","overlay-type":"","overlay-color":"","overlay-opacity":"","overlay-gradient":""}}},"animal":[119,118,117,150],"product_brand":[],"product_cat":[20],"product_tag":[277],"class_list":{"0":"post-3372","1":"product","2":"type-product","3":"status-publish","4":"has-post-thumbnail","6":"animal-cao","7":"animal-furao","8":"animal-gato","9":"animal-roedor","10":"product_cat-suplementos-articulacoes-animais","11":"product_tag-plantillaa","12":"desktop-align-left","13":"tablet-align-left","14":"mobile-align-left","16":"first","17":"instock","18":"shipping-taxable","19":"product-type-simple"},"acf":{"title_indications":"","description_indication":"","items_indication":[{"imagen":3396,"title":"Como a artrose afeta nossos c\u00e3es ou gatos?","description":"<h4>Como a artrose afeta nossos c\u00e3es ou gatos?<\/h4>\r\n&nbsp;\r\n\r\nA artrose em c\u00e3es e gatos \u00e9 uma doen\u00e7a degenerativa na qual a articula\u00e7\u00e3o afetada \u00e9 prejudicada pela inflama\u00e7\u00e3o e deteriora\u00e7\u00e3o da cartilagem articular, causando dor e dificultando o movimento, afetando a qualidade de vida dos c\u00e3es e gatos. Geralmente \u00e9 causada pelo envelhecimento, les\u00f5es ou predisposi\u00e7\u00e3o\r\n\r\n&nbsp;\r\n\r\n&nbsp;"}],"title_beneficios":"Como este alimento complementar ajuda na sa\u00fade articular do seu animal de estima\u00e7\u00e3o","description_benefits":"Este alimento complementar para gatos, c\u00e3es e outras esp\u00e9cies, fornece nutrientes para auxiliar no desenvolvimento adequado de articula\u00e7\u00f5es, tend\u00f5es, cartilagens e ligamentos e lubrifica as articula\u00e7\u00f5es.\r\n\r\n&nbsp;\r\n\r\n&nbsp;","items_benefits":[{"imagen":1268,"title":"Contribui para um desenvolvimento saud\u00e1vel","description":"Hyaloral Gel para c\u00e3es e gatos ajuda a manter a sa\u00fade das articula\u00e7\u00f5es, tend\u00f5es, cartilagens e ligamentos, especialmente importante em animais jovens em crescimento.\r\n\r\n&nbsp;\r\n\r\n&nbsp;"},{"imagen":3617,"title":"Auxilia na manuten\u00e7\u00e3o da mobilidade","description":"Lubrifica as articula\u00e7\u00f5es e a flexibilidade, reduzindo a rigidez em animais mais velhos.\r\n\r\n&nbsp;\r\n\r\n&nbsp;"},{"imagen":1269,"title":"Manuten\u00e7\u00e3o da sa\u00fade articular","description":"Ajuda a manter a sa\u00fade articular ao longo do tempo, ajudando a prevenir ou retardar problemas articulares.\r\n\r\n&nbsp;\r\n\r\n&nbsp;"},{"imagen":1272,"title":"Contribuye a mantener una vida activa","description":"Facilita uma vida ativa, para que seus animais de estima\u00e7\u00e3o desfrutem de atividades f\u00edsicas como brincar, correr e pular com mais conforto, o que contribui para seu bem-estar f\u00edsico e emocional.\r\n\r\n&nbsp;\r\n\r\n&nbsp;"}],"items_presentaciones":[{"title":"Hyaloral\u00ae Gel","description":"Caixa com frasco de 50 ml com seringa dosadora. Gel via oral.\r\n\r\n&nbsp;","imagen":1175}],"description_ingredients":"","items_ingredients":[{"title":"\u00c1cido Hialur\u00f3nico<sup>4,5,6,7,8<\/sup>","description":"Principal componente do l\u00edquido sinovial das articula\u00e7\u00f5es, com propriedades viscoel\u00e1sticas e lubrificantes. Sua ingest\u00e3o oral ajuda a facilitar o movimento articular devido \u00e0 sua viscosidade, protege a cartilagem contra o desgaste, reduz a inflama\u00e7\u00e3o e favorece a nutri\u00e7\u00e3o da cartilagem.\r\n\r\nO \u00c1cido Hialur\u00f3nico proporciona viscoelasticidade ao l\u00edquido sinovial e \u00e9 respons\u00e1vel pela lubrifica\u00e7\u00e3o da membrana sinovial e da cartilagem articular. A ingest\u00e3o oral tem se mostrado eficaz na osteoartrite em c\u00e3es.\r\n\r\n&nbsp;"},{"title":"Colag\u00e9nio enzimaticamente hidrolisado\r\n\r\n&nbsp;","description":"Componente majorit\u00e1rio e base estrutural da cartilagem hialina das articula\u00e7\u00f5es, principal tecido afetado em processos de degenera\u00e7\u00e3o articular. O col\u00e1geno \u00e9 conhecido por manter a integridade da cartilagem e sua fun\u00e7\u00e3o \u00e9 proporcionar flexibilidade, elasticidade e suporte. A administra\u00e7\u00e3o na forma hidrolisada permite uma maior absor\u00e7\u00e3o, distribui\u00e7\u00e3o e acumula\u00e7\u00e3o na cartilagem articular.\r\n\r\n&nbsp;"},{"title":"Glucosamina\r\n\r\n&nbsp;\r\n\r\n&nbsp;","description":"Amino a\u00e7\u00facar componente da cartilagem articular, substrato e estimulador da s\u00edntese de condroitina e \u00e1cido hialur\u00f4nico, protege a cartilagem hialina do desgaste e favorece a nutri\u00e7\u00e3o da cartilagem.\r\n\r\n&nbsp;\r\n\r\n&nbsp;"},{"title":"Sulfato de Condroitina","description":"Principal glicosaminoglicano da matriz extracelular da cartilagem. Nutriente que contribui para a forma\u00e7\u00e3o de diferentes componentes da cartilagem, ajuda a diminuir a destrui\u00e7\u00e3o da cartilagem e reduz a inflama\u00e7\u00e3o, diminuindo a a\u00e7\u00e3o de mol\u00e9culas pr\u00f3-inflamat\u00f3rias.\r\n\r\n&nbsp;"},{"title":"Gamma Orizanol<sup>9,10,11<\/sup>","description":"Subst\u00e2ncia de origem natural, proveniente do farelo de arroz, que apresenta uma potente a\u00e7\u00e3o antioxidante, auxilia na elimina\u00e7\u00e3o de radicais livres e reduz a inflama\u00e7\u00e3o.\r\n\r\nA combina\u00e7\u00e3o de sulfato de condroitina, glucosamina e antioxidantes na dieta melhora o estado das articula\u00e7\u00f5es e \u00e9 eficaz no tratamento de c\u00e3es com osteoartrite.\r\n\r\nFoi demonstrado que a glucosamina e a condroitina melhoram a fun\u00e7\u00e3o articular e podem ser respons\u00e1veis pela melhoria da dor \u00e0 manipula\u00e7\u00e3o, claudica\u00e7\u00e3o e amplitude de movimento."}],"video":"","items_Instructions_for_use":[{"title":"Gatos","description":"V\u00eda oral\r\n<ul>\r\n \t<li>Para gatitos: 1,5 ml por dia.<\/li>\r\n \t<li>Para gatos adultos: 3 ml por dia.<\/li>\r\n<\/ul>"},{"title":"C\u00e3es","description":"<ul>\r\n \t<li>At\u00e9 5 kg de peso corporal: 1,5 ml por dia.<\/li>\r\n \t<li>De 5 a 10 kg de peso corporal: 3 ml por dia<\/li>\r\n<\/ul>"},{"title":"Fur\u00f5es e roedores","description":"<ul>\r\n \t<li>0,5 ml por kg de peso corporal por dia.<\/li>\r\n<\/ul>"},{"title":"Outras indica\u00e7\u00f5es","description":"Agite antes de usar.\r\n\r\nRecomenda-se misturar o Hyaloral\u00ae Gel:\r\n<ul>\r\n \t<li>Na dieta di\u00e1ria de gatinhos e filhotes a partir de 3 meses de idade, por um m\u00ednimo de 6 meses.<\/li>\r\n \t<li>Na dieta di\u00e1ria de animais adultos por um m\u00ednimo de 3 meses.<\/li>\r\n<\/ul>\r\nPor ser um alimento complementar, pode ser usado continuamente."}],"image_banner_scientific_study_copiar":3391,"title_banner_scientific_study":"Estudo Hyaloral FOPG ","description_banner_scientific_study":"<h3><span style=\"color: #ffffff;\">O que investigamos?<\/span><\/h3>\r\nEstudamos como nosso produto Hyaloral, um alimento complementar que combina \u00e1cido hialur\u00f4nico e col\u00e1geno hidrolisado, pode prevenir a displasia do cotovelo em c\u00e3es.\r\n<h3><span style=\"color: #ffffff;\">Quais foram as conclus\u00f5es do estudo?<\/span><\/h3>\r\n<ul>\r\n \t<li>O grupo suplementado com o alimento complementar Hyaloral experimentou uma redu\u00e7\u00e3o significativa na ocorr\u00eancia de displasia articular, com 95% de probabilidade de sucesso.<\/li>\r\n \t<li>Al\u00e9m disso, nosso produto mostrou ser eficaz para aliviar os sintomas da displasia articular.<\/li>\r\n<\/ul>\r\nVoc\u00ea quer ver todos os detalhes do nosso estudo? Clique no bot\u00e3o para ver o estudo completo!","Scientific_study_banner":3393,"studies":[{"header_image":"","bibliography_image":1261,"title":"Estudo Hyaloral FOPG","study":3393}],"bibliografy_text":"<ol>\r\n \t<li>Efficacy of an oral hyaluronate and collagen supplement as a preventive treatment of elbow dysplasia. Sim\u00f3n Mart\u00ed-Angulo, N\u00faria Garc\u00eda-L\u00f3pez, Ana D\u00edaz-Ramos. J. Vet. Sci. (2014), 15(4), 569-574.<\/li>\r\n \t<li>Estudio palatabilidad gatos<\/li>\r\n \t<li>\u00a0Estudio palatabilidad perros<\/li>\r\n \t<li>Alves JC, Dos Santos AMMP, Jorge P, Lavrador CFTVB, Carreira LM. Effect of a single intra-articular high molecular weight hyaluronan in a naturally occurring canine osteoarthritis model: a randomized controlled trial. J Orthop Surg Res. 2021 May 3;16(1):290. doi: 10.1186\/s13018-021-02423-4. PMID: 33941219; PMCID: PMC8091761.<\/li>\r\n \t<li>Alves et al. Effect of an oral joint suplement when compared to another products in the management of hip osteoarthritis in working dogs. Topics in Compan An Med 32 (2017) 126-129.<\/li>\r\n \t<li>Bergin et al. Oral hyaluronan gel reduces post-operative tarsocrural effusion in the yearling Thoroghbred. Equine Vet J, 2006 38 (4): 375-378.<\/li>\r\n \t<li>Carmona et al. Efectos bioqu\u00edmicos y Cl\u00ednicos del hialuronato oral en Caballos andaluces j\u00f3venes con osteocondrosis tarsocrural. Arch Med Vet, 2009, 41, 139-14<\/li>\r\n \t<li>Martello, E., Bigliati, M., Adami, R., Biasibetti, E., Bisanzio, D., Meineri, G., &amp; Bruni, N. (2022). Efficacy of a dietary supplement in dogs with osteoarthritis: A randomized placebo-controlled, double-blind clinical trial. PloS one, 17(2), e0263971.\u00a0<a href=\"https:\/\/doi.org\/10.1371\/journal.pone.0263971\">https:\/\/doi.org\/10.1371\/journal.pone.0263971<\/a><\/li>\r\n \t<li>Minatel et al. Antioxidant activity of \u01b3-Oryzanol: a complex network of interactions.\u00a0 Int J Mol Sci, 2016, 17, 1107.<\/li>\r\n \t<li>Parrado et al. Prevention of brain protein and l\u00edpid oxidation elicited by a water-soluble oryzanol enzymatic extract derived from rice bran. Eur J Nutr, 2003, 42: 307-314.<\/li>\r\n \t<li>Shin et al. \u01b3-Oryzanol supresses COX-2 expression by inhibiting reactive oxygen species-mediated Erk \u00bd and Egr-1 signaling in LPS-stimulated RAW264.7 macrophages. Biochem biophysic Research Communications, 2017, 491, 486-492.<\/li>\r\n<\/ol>","features":[{"image":1270,"title":"Efic\u00e1cia comprovada em estudo cl\u00ednico."},{"image":1271,"title":"\u00cdndice de aceita\u00e7\u00e3o de 89% em c\u00e3es e gatos."},{"image":1262,"title":"Sem prote\u00ednas de Frango."},{"image":1267,"title":"Sem corantes."}],"ficha_tecnica":3610},"_links":{"self":[{"href":"https:\/\/beta.pharmadiet.com\/pt\/wp-json\/wp\/v2\/product\/3372","targetHints":{"allow":["GET"]}}],"collection":[{"href":"https:\/\/beta.pharmadiet.com\/pt\/wp-json\/wp\/v2\/product"}],"about":[{"href":"https:\/\/beta.pharmadiet.com\/pt\/wp-json\/wp\/v2\/types\/product"}],"replies":[{"embeddable":true,"href":"https:\/\/beta.pharmadiet.com\/pt\/wp-json\/wp\/v2\/comments?post=3372"}],"version-history":[{"count":18,"href":"https:\/\/beta.pharmadiet.com\/pt\/wp-json\/wp\/v2\/product\/3372\/revisions"}],"predecessor-version":[{"id":17626,"href":"https:\/\/beta.pharmadiet.com\/pt\/wp-json\/wp\/v2\/product\/3372\/revisions\/17626"}],"wp:featuredmedia":[{"embeddable":true,"href":"https:\/\/beta.pharmadiet.com\/pt\/wp-json\/wp\/v2\/media\/3373"}],"wp:attachment":[{"href":"https:\/\/beta.pharmadiet.com\/pt\/wp-json\/wp\/v2\/media?parent=3372"}],"wp:term":[{"taxonomy":"animal","embeddable":true,"href":"https:\/\/beta.pharmadiet.com\/pt\/wp-json\/wp\/v2\/animal?post=3372"},{"taxonomy":"product_brand","embeddable":true,"href":"https:\/\/beta.pharmadiet.com\/pt\/wp-json\/wp\/v2\/product_brand?post=3372"},{"taxonomy":"product_cat","embeddable":true,"href":"https:\/\/beta.pharmadiet.com\/pt\/wp-json\/wp\/v2\/product_cat?post=3372"},{"taxonomy":"product_tag","embeddable":true,"href":"https:\/\/beta.pharmadiet.com\/pt\/wp-json\/wp\/v2\/product_tag?post=3372"}],"curies":[{"name":"wp","href":"https:\/\/api.w.org\/{rel}","templated":true}]}}