{"id":273,"date":"2025-05-22T12:12:16","date_gmt":"2025-05-22T10:12:16","guid":{"rendered":"http:\/\/pharmadiet01.test\/?post_type=product&#038;p=273"},"modified":"2026-01-27T15:28:24","modified_gmt":"2026-01-27T14:28:24","slug":"aloevet","status":"publish","type":"product","link":"https:\/\/beta.pharmadiet.com\/pt\/productos\/aloevet\/","title":{"rendered":"Aloevet\u00ae"},"content":{"rendered":"\t\t<div data-elementor-type=\"product-post\" data-elementor-id=\"273\" class=\"elementor elementor-273\" data-elementor-post-type=\"product\">\n\t\t\t\t<div class=\"elementor-element elementor-element-671a7042 e-flex e-con-boxed e-con e-parent\" data-id=\"671a7042\" data-element_type=\"container\">\n\t\t\t\t\t<div class=\"e-con-inner\">\n\t\t\t\t<div class=\"elementor-element elementor-element-34b18b82 elementor-widget elementor-widget-text-editor\" data-id=\"34b18b82\" data-element_type=\"widget\" data-widget_type=\"text-editor.default\">\n\t\t\t\t\t\t\t\t\t<p>Gel de uso t\u00f3pico, hidratante, indicado para a prote\u00e7\u00e3o de pequenas les\u00f5es na pele, em extremidades e \u00e1reas especialmente sens\u00edveis como almofadas plantares, cotovelos, trufa e focinho.<\/p><ul><li>Gel de uso t\u00f3pico.<\/li><li>Frasco com dosador.<\/li><\/ul>\t\t\t\t\t\t\t\t<\/div>\n\t\t\t\t\t<\/div>\n\t\t\t\t<\/div>\n\t\t\t\t<\/div>\n\t\t","protected":false},"excerpt":{"rendered":"<p>Gel de uso t\u00f3pico, hidratante, indicado para a prote\u00e7\u00e3o de pequenas les\u00f5es na pele, em extremidades e \u00e1reas especialmente sens\u00edveis como almofadas plantares, cotovelos, trufa e focinho.<\/p>\n","protected":false},"featured_media":274,"comment_status":"open","ping_status":"closed","template":"","meta":{"_acf_changed":false,"site-sidebar-layout":"default","site-content-layout":"","ast-site-content-layout":"default","site-content-style":"default","site-sidebar-style":"default","ast-global-header-display":"","ast-banner-title-visibility":"","ast-main-header-display":"","ast-hfb-above-header-display":"","ast-hfb-below-header-display":"","ast-hfb-mobile-header-display":"","site-post-title":"","ast-breadcrumbs-content":"","ast-featured-img":"","footer-sml-layout":"","theme-transparent-header-meta":"default","adv-header-id-meta":"","stick-header-meta":"","header-above-stick-meta":"","header-main-stick-meta":"","header-below-stick-meta":"","astra-migrate-meta-layouts":"set","ast-page-background-enabled":"default","ast-page-background-meta":{"desktop":{"background-color":"var(--ast-global-color-5)","background-image":"","background-repeat":"repeat","background-position":"center center","background-size":"auto","background-attachment":"scroll","background-type":"","background-media":"","overlay-type":"","overlay-color":"","overlay-opacity":"","overlay-gradient":""},"tablet":{"background-color":"","background-image":"","background-repeat":"repeat","background-position":"center center","background-size":"auto","background-attachment":"scroll","background-type":"","background-media":"","overlay-type":"","overlay-color":"","overlay-opacity":"","overlay-gradient":""},"mobile":{"background-color":"","background-image":"","background-repeat":"repeat","background-position":"center center","background-size":"auto","background-attachment":"scroll","background-type":"","background-media":"","overlay-type":"","overlay-color":"","overlay-opacity":"","overlay-gradient":""}},"ast-content-background-meta":{"desktop":{"background-color":"var(--ast-global-color-4)","background-image":"","background-repeat":"repeat","background-position":"center center","background-size":"auto","background-attachment":"scroll","background-type":"","background-media":"","overlay-type":"","overlay-color":"","overlay-opacity":"","overlay-gradient":""},"tablet":{"background-color":"var(--ast-global-color-4)","background-image":"","background-repeat":"repeat","background-position":"center center","background-size":"auto","background-attachment":"scroll","background-type":"","background-media":"","overlay-type":"","overlay-color":"","overlay-opacity":"","overlay-gradient":""},"mobile":{"background-color":"var(--ast-global-color-4)","background-image":"","background-repeat":"repeat","background-position":"center center","background-size":"auto","background-attachment":"scroll","background-type":"","background-media":"","overlay-type":"","overlay-color":"","overlay-opacity":"","overlay-gradient":""}}},"animal":[223,119,149,118,117,120,150],"product_brand":[],"product_cat":[31],"product_tag":[279],"class_list":{"0":"post-273","1":"product","2":"type-product","3":"status-publish","4":"has-post-thumbnail","6":"animal-ave","7":"animal-cao","8":"animal-coelho","9":"animal-furao","10":"animal-gato","11":"animal-reptil","12":"animal-roedor","13":"product_cat-suplementos-geis-pele-pelo-animais","14":"product_tag-plantillac","15":"desktop-align-left","16":"tablet-align-left","17":"mobile-align-left","19":"first","20":"instock","21":"shipping-taxable","22":"product-type-simple"},"acf":{"title_indications":"","description_indication":"","items_indication":[{"imagen":4013,"title":"Les\u00f5es na pele de c\u00e3es e gatos: almofadas, cotovelos, trufa e focinho","description":"Pequenas les\u00f5es em extremidades e \u00e1reas especialmente sens\u00edveis s\u00e3o preocupa\u00e7\u00f5es em animais de estima\u00e7\u00e3o como c\u00e3es e gatos. Essas \u00e1reas incluem almofadas plantares, cotovelo, trufa e focinho. Por qu\u00ea? Porque s\u00e3o \u00e1reas que est\u00e3o constantemente expostas ao ambiente externo quando os animais se movem, podendo causar problemas na pele de c\u00e3es e gatos de diferentes gravidades.\r\n\r\nAlmofadas Plantares:\r\n\r\nS\u00e3o as almofadas de pele grossa nas patas de c\u00e3es e gatos. Podem sofrer pequenas les\u00f5es devido a v\u00e1rias raz\u00f5es, como caminhar em superf\u00edcies abrasivas ou afiadas, queimaduras de calor ou frio e objetos estranhos incrustados. Se voc\u00ea acha que pode haver um problema, verifique as patas do seu animal de estima\u00e7\u00e3o em busca de feridas na pele, abras\u00f5es, queimaduras ou inflama\u00e7\u00e3o. Seu animal de estima\u00e7\u00e3o pode mancar ou lamber excessivamente as patas se estiverem com dor."},{"imagen":4014,"title":"","description":"Cotovelo:\r\n\r\nS\u00e3o pequenas articula\u00e7\u00f5es nos cotovelos das patas dianteiras, podem sofrer les\u00f5es devido \u00e0 fric\u00e7\u00e3o constante com superf\u00edcies duras ou rugosas, podendo causar um problema dermatol\u00f3gico. Procure incha\u00e7o, vermelhid\u00e3o ou calos nos cotovelos do seu animal de estima\u00e7\u00e3o. Eles podem lamber (lambedura excessiva) ou morder a \u00e1rea afetada.\r\n\r\nTrufa e Focinho:\r\n\r\nPodem ser sens\u00edveis e propensos a les\u00f5es devido \u00e0 exposi\u00e7\u00e3o ao ar livre e poss\u00edveis alergias. Se voc\u00ea notar algo incomum, como ressecamento, descama\u00e7\u00e3o, vermelhid\u00e3o ou feridas, deve consultar um veterin\u00e1rio. Tamb\u00e9m preste aten\u00e7\u00e3o se eles espirram ou esfregam o nariz constantemente.\r\n\r\n\u00c9 essencial estar atento aos sinais de les\u00f5es nessas \u00e1reas sens\u00edveis. Em caso de necessidade, o tratamento adequado ser\u00e1 feito atrav\u00e9s do cuidado do seu veterin\u00e1rio de confian\u00e7a."}],"title_beneficios":"Como Aloevet\u00ae ajuda na sa\u00fade d\u00e9rmica dos animais de estima\u00e7\u00e3o:","description_benefits":"Aloevet \u00e9 recomendado para\r\n\r\n&nbsp;","items_benefits":[{"imagen":3481,"title":"","description":"Ajudar a manter a pele hidratada"},{"imagen":3485,"title":"","description":"Ajuda na manuten\u00e7\u00e3o do bom estado da pele"},{"imagen":3492,"title":"Contribui para proteger contra pequenas les\u00f5es","description":"Tanto em extremidades e \u00e1reas especialmente sens\u00edveis como almofadas plantares, cotovelo, trufa e focinho.\r\n\r\n&nbsp;"}],"items_presentaciones":[{"title":"Aloevet\u00ae","description":"Estojo com frasco dosador de 50 ml.\r\n\r\nGel de uso t\u00f3pico.","imagen":274}],"description_ingredients":"","items_ingredients":[{"title":"Gel de Aloe Vera, Extrato de Centella asi\u00e1tica, Hialuronato de s\u00f3dio\r\n\r\n&nbsp;","description":"Ajudam a hidratar e proteger contra pequenas les\u00f5es na pele."},{"title":"Col\u00e1geno hidrolisado\r\n\r\n&nbsp;","description":"Auxilia na manuten\u00e7\u00e3o do bom estado da pele.\r\n\r\n&nbsp;"},{"title":"Vitaminas A e E\r\n\r\n&nbsp;","description":"Vitaminas com atividade antioxidante que contribuem para a sa\u00fade da pele.\r\n\r\n&nbsp;"}],"video":"","items_Instructions_for_use":[{"title":"Generales","description":"Uso t\u00f3pico.\r\n\r\nO dispositivo possui um fecho de seguran\u00e7a que voc\u00ea pode observar marcado na parte superior como OFF e ON. Antes de aplicar o produto, certifique-se de que o dispositivo est\u00e1 aberto, girando levemente a parte superior para a direita.\r\n\r\nAplique uma pequena quantidade de GEL ALOEVET\u00ae na \u00e1rea afetada da pele e espalhe uniformemente. Aplique de duas a tr\u00eas vezes ao dia.\r\n\r\nAp\u00f3s a aplica\u00e7\u00e3o, gire levemente a parte superior do dispositivo para a esquerda para garantir que esteja fechado, evitando a poss\u00edvel sa\u00edda do produto."}],"image_banner_scientific_study_copiar":"","title_banner_scientific_study":"","description_banner_scientific_study":"","Scientific_study_banner":"","studies":null,"bibliografy_text":"","features":[{"image":3481,"title":"Hidrata\u00e7\u00e3o"},{"image":1219,"title":"Gel n\u00e3o pegajoso"},{"image":1220,"title":"N\u00e3o necessita de refrigera\u00e7\u00e3o"}],"ficha_tecnica":3557},"_links":{"self":[{"href":"https:\/\/beta.pharmadiet.com\/pt\/wp-json\/wp\/v2\/product\/273","targetHints":{"allow":["GET"]}}],"collection":[{"href":"https:\/\/beta.pharmadiet.com\/pt\/wp-json\/wp\/v2\/product"}],"about":[{"href":"https:\/\/beta.pharmadiet.com\/pt\/wp-json\/wp\/v2\/types\/product"}],"replies":[{"embeddable":true,"href":"https:\/\/beta.pharmadiet.com\/pt\/wp-json\/wp\/v2\/comments?post=273"}],"version-history":[{"count":30,"href":"https:\/\/beta.pharmadiet.com\/pt\/wp-json\/wp\/v2\/product\/273\/revisions"}],"predecessor-version":[{"id":17591,"href":"https:\/\/beta.pharmadiet.com\/pt\/wp-json\/wp\/v2\/product\/273\/revisions\/17591"}],"wp:featuredmedia":[{"embeddable":true,"href":"https:\/\/beta.pharmadiet.com\/pt\/wp-json\/wp\/v2\/media\/274"}],"wp:attachment":[{"href":"https:\/\/beta.pharmadiet.com\/pt\/wp-json\/wp\/v2\/media?parent=273"}],"wp:term":[{"taxonomy":"animal","embeddable":true,"href":"https:\/\/beta.pharmadiet.com\/pt\/wp-json\/wp\/v2\/animal?post=273"},{"taxonomy":"product_brand","embeddable":true,"href":"https:\/\/beta.pharmadiet.com\/pt\/wp-json\/wp\/v2\/product_brand?post=273"},{"taxonomy":"product_cat","embeddable":true,"href":"https:\/\/beta.pharmadiet.com\/pt\/wp-json\/wp\/v2\/product_cat?post=273"},{"taxonomy":"product_tag","embeddable":true,"href":"https:\/\/beta.pharmadiet.com\/pt\/wp-json\/wp\/v2\/product_tag?post=273"}],"curies":[{"name":"wp","href":"https:\/\/api.w.org\/{rel}","templated":true}]}}