{"id":3751,"date":"2025-08-05T16:59:09","date_gmt":"2025-08-05T14:59:09","guid":{"rendered":"https:\/\/beta.pharmadiet.com\/?post_type=product&#038;p=3751"},"modified":"2026-01-26T10:07:14","modified_gmt":"2026-01-26T09:07:14","slug":"vetgastril-plus-comprimes","status":"publish","type":"product","link":"https:\/\/beta.pharmadiet.com\/fr\/productos\/vetgastril-plus-comprimes\/","title":{"rendered":"Vetgastril Plus\u00ae Comprim\u00e9s"},"content":{"rendered":"<p>Aliment compl\u00e9mentaire, en comprim\u00e9s facilement divisibles.<\/p>\n","protected":false},"excerpt":{"rendered":"<p>Aliment compl\u00e9mentaire, qui, gr\u00e2ce \u00e0 ses nutriments, aide en cas de d\u00e9s\u00e9quilibres gastriques, favorisant une bonne digestion.<\/p>\n","protected":false},"featured_media":3752,"comment_status":"open","ping_status":"closed","template":"","meta":{"_acf_changed":false,"site-sidebar-layout":"default","site-content-layout":"","ast-site-content-layout":"default","site-content-style":"default","site-sidebar-style":"default","ast-global-header-display":"","ast-banner-title-visibility":"","ast-main-header-display":"","ast-hfb-above-header-display":"","ast-hfb-below-header-display":"","ast-hfb-mobile-header-display":"","site-post-title":"","ast-breadcrumbs-content":"","ast-featured-img":"","footer-sml-layout":"","theme-transparent-header-meta":"default","adv-header-id-meta":"","stick-header-meta":"","header-above-stick-meta":"","header-main-stick-meta":"","header-below-stick-meta":"","astra-migrate-meta-layouts":"set","ast-page-background-enabled":"default","ast-page-background-meta":{"desktop":{"background-color":"var(--ast-global-color-5)","background-image":"","background-repeat":"repeat","background-position":"center center","background-size":"auto","background-attachment":"scroll","background-type":"","background-media":"","overlay-type":"","overlay-color":"","overlay-opacity":"","overlay-gradient":""},"tablet":{"background-color":"","background-image":"","background-repeat":"repeat","background-position":"center center","background-size":"auto","background-attachment":"scroll","background-type":"","background-media":"","overlay-type":"","overlay-color":"","overlay-opacity":"","overlay-gradient":""},"mobile":{"background-color":"","background-image":"","background-repeat":"repeat","background-position":"center center","background-size":"auto","background-attachment":"scroll","background-type":"","background-media":"","overlay-type":"","overlay-color":"","overlay-opacity":"","overlay-gradient":""}},"ast-content-background-meta":{"desktop":{"background-color":"var(--ast-global-color-4)","background-image":"","background-repeat":"repeat","background-position":"center center","background-size":"auto","background-attachment":"scroll","background-type":"","background-media":"","overlay-type":"","overlay-color":"","overlay-opacity":"","overlay-gradient":""},"tablet":{"background-color":"var(--ast-global-color-4)","background-image":"","background-repeat":"repeat","background-position":"center center","background-size":"auto","background-attachment":"scroll","background-type":"","background-media":"","overlay-type":"","overlay-color":"","overlay-opacity":"","overlay-gradient":""},"mobile":{"background-color":"var(--ast-global-color-4)","background-image":"","background-repeat":"repeat","background-position":"center center","background-size":"auto","background-attachment":"scroll","background-type":"","background-media":"","overlay-type":"","overlay-color":"","overlay-opacity":"","overlay-gradient":""}}},"animal":[119],"product_brand":[],"product_cat":[24],"product_tag":[278],"class_list":{"0":"post-3751","1":"product","2":"type-product","3":"status-publish","4":"has-post-thumbnail","6":"animal-chien","7":"product_cat-sante-digestive-animaux","8":"product_tag-plantillab","9":"desktop-align-left","10":"tablet-align-left","11":"mobile-align-left","13":"first","14":"instock","15":"shipping-taxable","16":"product-type-simple"},"acf":{"title_indications":"\u00c9quilibre gastro-intestinal chez les chats et les chiens","description_indication":"Le syst\u00e8me gastro-intestinal joue un r\u00f4le vital dans la sant\u00e9 des animaux, et les d\u00e9s\u00e9quilibres gastro-intestinaux peuvent avoir des cons\u00e9quences importantes :","items_indication":[{"imagen":3747,"title":"Dommages \u00e0 la barri\u00e8re muqueuse","description":"Ces d\u00e9s\u00e9quilibres affaiblissent la barri\u00e8re protectrice de la muqueuse gastrique, permettant aux sucs gastriques d'exercer des effets nocifs directement sur les surfaces internes de l'estomac et d'autres organes, comme l'intestin gr\u00eale.\r\n\r\n&nbsp;"},{"imagen":3748,"title":"Complications dans la digestion et l'absorption des nutriments","description":"L'alt\u00e9ration de la barri\u00e8re muqueuse peut interf\u00e9rer avec la digestion et l'absorption ad\u00e9quates des nutriments, se manifestant par des sympt\u00f4mes tels que des vomissements, de la diarrh\u00e9e, des douleurs abdominales, une perte d'app\u00e9tit, etc.\r\n\r\n&nbsp;"},{"imagen":3749,"title":"Inconfort et douleur","description":"En plus des probl\u00e8mes digestifs, ces d\u00e9s\u00e9quilibres peuvent causer de l'inconfort et de la douleur chez les chiens et les chats. Cela se traduit par des sympt\u00f4mes tels qu'une salivation excessive, un l\u00e9chage constant des l\u00e8vres et un rejet des aliments (perte d'app\u00e9tit et m\u00eame d\u00e9shydratation).\r\n\r\nDes soins v\u00e9t\u00e9rinaires sont essentiels pour aborder ces d\u00e9s\u00e9quilibres et garantir le bien-\u00eatre gastro-intestinal de vos animaux.\r\n\r\n&nbsp;"}],"title_beneficios":"En quoi Vetgastril Plus aide-t-il \u00e0 la sant\u00e9 gastro-intestinale de votre animal de compagnie ?","description_benefits":"","items_benefits":[{"imagen":1236,"title":"Protection de la muqueuse gastrique et \u0153sophagienne","description":"Vetgastril Plus fournit des nutriments qui renforcent et prot\u00e8gent la muqueuse gastrique et \u0153sophagienne, la premi\u00e8re barri\u00e8re contre les organismes \u00e9trangers et les bact\u00e9ries externes. En contribuant \u00e0 maintenir la sant\u00e9 de ces surfaces, il aide \u00e0 garantir un fonctionnement digestif optimal, ce qui se traduit par une digestion et une absorption ad\u00e9quates des nutriments.\r\n\r\n&nbsp;\r\n\r\n&nbsp;"},{"imagen":1239,"title":"Digestion et absorption optimales","description":"Favorise la digestion et l'absorption des nutriments, pr\u00e9venant ainsi des probl\u00e8mes tels que les vomissements, la diarrh\u00e9e et les saignements dans les selles.\r\n\r\n&nbsp;\r\n\r\n&nbsp;"},{"imagen":1241,"title":"Soutien en cas d'affections gastro-intestinales","description":"Vetgastril Plus, gr\u00e2ce \u00e0 ses nutriments, est un soutien dans les situations o\u00f9 les animaux de compagnie peuvent \u00e9prouver des troubles gastro-intestinaux tels que des diarrh\u00e9es et des vomissements.\r\n\r\n&nbsp;"}],"items_presentaciones":[{"title":"Vetgastril\u00ae Plus Comprim\u00e9s","description":"<div class=\"bde-column-199-104-17424-1-199-2 bde-column bde-column-199-104\">\r\n<div class=\"bde-rich-text-199-116-17424-1-199-2 bde-rich-text bde-rich-text-199-116 breakdance-rich-text-styles\">\r\n<div class=\"bde-column-199-104-981-1-199-2 bde-column bde-column-199-104\">\r\n<div class=\"bde-rich-text-199-116-981-1-199-2 bde-rich-text bde-rich-text-199-116 breakdance-rich-text-styles\">\r\n<div class=\"bde-column-199-104-963-1-199-2 bde-column bde-column-199-104\">\r\n<div class=\"bde-rich-text-199-116-963-1-199-2 bde-rich-text bde-rich-text-199-116 breakdance-rich-text-styles\">\r\n<div class=\"bde-column-199-104-1050-1-199-2 bde-column bde-column-199-104\">\r\n<div class=\"bde-rich-text-199-116-1050-1-199-2 bde-rich-text bde-rich-text-199-116 breakdance-rich-text-styles\">\r\n<div class=\"bde-column-199-104-1000-1-199-2 bde-column bde-column-199-104\">\r\n<div class=\"bde-rich-text-199-116-1000-1-199-2 bde-rich-text bde-rich-text-199-116 breakdance-rich-text-styles\">\r\n<div class=\"bde-column-199-104-1085-1-199-2 bde-column bde-column-199-104\">\r\n<div class=\"bde-rich-text-199-116-1085-1-199-2 bde-rich-text bde-rich-text-199-116 breakdance-rich-text-styles\">\r\n<div class=\"bde-column-199-104-1091-1-199-2 bde-column bde-column-199-104\">\r\n<div class=\"bde-rich-text-199-116-1091-1-199-2 bde-rich-text bde-rich-text-199-116 breakdance-rich-text-styles\">\r\n<div class=\"bde-column-199-104-1124-1-199-2 bde-column bde-column-199-104\">\r\n<div class=\"bde-rich-text-199-116-1124-1-199-2 bde-rich-text bde-rich-text-199-116 breakdance-rich-text-styles\">\r\n<div class=\"bde-column-199-104-1100-1-199-2 bde-column bde-column-199-104\">\r\n<div class=\"bde-rich-text-199-116-1100-1-199-2 bde-rich-text bde-rich-text-199-116 breakdance-rich-text-styles\">\r\n<div class=\"bde-column-199-104-1107-1-199-2 bde-column bde-column-199-104\">\r\n<div class=\"bde-rich-text-199-116-1107-1-199-2 bde-rich-text bde-rich-text-199-116 breakdance-rich-text-styles\">\r\n<div class=\"bde-column-199-104-1113-1-199-2 bde-column bde-column-199-104\">\r\n<div class=\"bde-rich-text-199-116-1113-1-199-2 bde-rich-text bde-rich-text-199-116 breakdance-rich-text-styles\">\r\n<div class=\"bde-column-199-104-1057-1-199-2 bde-column bde-column-199-104\">\r\n<div class=\"bde-rich-text-199-116-1057-1-199-2 bde-rich-text bde-rich-text-199-116 breakdance-rich-text-styles\">\r\n<div class=\"bde-column-199-104-959-1-199-2 bde-column bde-column-199-104\">\r\n<div class=\"bde-rich-text-199-116-959-1-199-2 bde-rich-text bde-rich-text-199-116 breakdance-rich-text-styles\">\r\n<div class=\"bde-column-199-104-1116-1-199-2 bde-column bde-column-199-104\">\r\n<div class=\"bde-rich-text-199-116-1116-1-199-2 bde-rich-text bde-rich-text-199-116 breakdance-rich-text-styles\">\r\n<div class=\"bde-column-199-104-1018-1-199-2 bde-column bde-column-199-104\">\r\n<div class=\"bde-rich-text-199-116-1018-1-199-2 bde-rich-text bde-rich-text-199-116 breakdance-rich-text-styles\">\r\n<div class=\"bde-column-199-104-1025-1-199-2 bde-column bde-column-199-104\">\r\n<div class=\"bde-rich-text-199-116-1025-1-199-2 bde-rich-text bde-rich-text-199-116 breakdance-rich-text-styles\">\r\n<div class=\"bde-column-199-104-1006-1-199-2 bde-column bde-column-199-104\">\r\n<div class=\"bde-rich-text-199-116-1006-1-199-2 bde-rich-text bde-rich-text-199-116 breakdance-rich-text-styles\">\r\n<div class=\"bde-column-199-104-15435-1-199-2 bde-column bde-column-199-104\">\r\n<div class=\"bde-rich-text-199-116-15435-1-199-2 bde-rich-text bde-rich-text-199-116 breakdance-rich-text-styles\">\r\n<div class=\"bde-column-199-104-1064-1-199-2 bde-column bde-column-199-104\">\r\n<div class=\"bde-rich-text-199-116-1064-1-199-2 bde-rich-text bde-rich-text-199-116 breakdance-rich-text-styles\">\r\n\r\nEmballage contenant 48 comprim\u00e9s, sachets et prospectus.\r\n\r\n<\/div>\r\n<\/div>\r\n<\/div>\r\n<\/div>\r\n<\/div>\r\n<\/div>\r\n<\/div>\r\n<\/div>\r\n<div class=\"bde-column-199-105-1025-1-199-2 bde-column bde-column-199-105\">\r\n<div class=\"bde-image-199-108-1025-1-199-2 bde-image bde-image-199-108\">\r\n<figure class=\"breakdance-image breakdance-image--1027\">\r\n<div class=\"breakdance-image-container\"><\/div><\/figure>\r\n<\/div>\r\n<\/div>\r\n<\/div>\r\n<\/div>\r\n<div class=\"bde-column-199-105-1018-1-199-2 bde-column bde-column-199-105\">\r\n<div class=\"bde-image-199-108-1018-1-199-2 bde-image bde-image-199-108\">\r\n<figure class=\"breakdance-image breakdance-image--1021\">\r\n<div class=\"breakdance-image-container\"><\/div><\/figure>\r\n<\/div>\r\n<\/div>\r\n<\/div>\r\n<\/div>\r\n<div class=\"bde-column-199-105-1116-1-199-2 bde-column bde-column-199-105\">\r\n<div class=\"bde-image-199-108-1116-1-199-2 bde-image bde-image-199-108\">\r\n<figure class=\"breakdance-image breakdance-image--1119\">\r\n<div class=\"breakdance-image-container\"><\/div><\/figure>\r\n<\/div>\r\n<\/div>\r\n<\/div>\r\n<\/div>\r\n<div class=\"bde-column-199-105-959-1-199-2 bde-column bde-column-199-105\">\r\n<div class=\"bde-image-199-108-959-1-199-2 bde-image bde-image-199-108\">\r\n<figure class=\"breakdance-image breakdance-image--960\">\r\n<div class=\"breakdance-image-container\"><\/div><\/figure>\r\n<\/div>\r\n<\/div>\r\n<\/div>\r\n<\/div>\r\n<\/div>\r\n<\/div>\r\n<div class=\"bde-column-199-105-1113-1-199-2 bde-column bde-column-199-105\">\r\n<div class=\"bde-image-199-108-1113-1-199-2 bde-image bde-image-199-108\">\r\n<figure class=\"breakdance-image breakdance-image--15580\">\r\n<div class=\"breakdance-image-container\"><\/div><\/figure>\r\n<\/div>\r\n<\/div>\r\n<\/div>\r\n<\/div>\r\n<div class=\"bde-column-199-105-1107-1-199-2 bde-column bde-column-199-105\">\r\n<div class=\"bde-image-199-108-1107-1-199-2 bde-image bde-image-199-108\">\r\n<figure class=\"breakdance-image breakdance-image--15578\">\r\n<div class=\"breakdance-image-container\"><\/div><\/figure>\r\n<\/div>\r\n<\/div>\r\n<\/div>\r\n<\/div>\r\n<div class=\"bde-column-199-105-1100-1-199-2 bde-column bde-column-199-105\">\r\n<div class=\"bde-image-199-108-1100-1-199-2 bde-image bde-image-199-108\">\r\n<figure class=\"breakdance-image breakdance-image--1102\">\r\n<div class=\"breakdance-image-container\"><\/div><\/figure>\r\n<\/div>\r\n<\/div>\r\n<\/div>\r\n<\/div>\r\n<div class=\"bde-column-199-105-1124-1-199-2 bde-column bde-column-199-105\">\r\n<div class=\"bde-image-199-108-1124-1-199-2 bde-image bde-image-199-108\">\r\n<figure class=\"breakdance-image breakdance-image--1125\">\r\n<div class=\"breakdance-image-container\"><\/div><\/figure>\r\n<\/div>\r\n<\/div>\r\n<\/div>\r\n<\/div>\r\n<div class=\"bde-column-199-105-1091-1-199-2 bde-column bde-column-199-105\">\r\n<div class=\"bde-image-199-108-1091-1-199-2 bde-image bde-image-199-108\">\r\n<figure class=\"breakdance-image breakdance-image--1093\">\r\n<div class=\"breakdance-image-container\"><\/div><\/figure>\r\n<\/div>\r\n<\/div>\r\n<\/div>\r\n<\/div>\r\n<\/div>\r\n<\/div>\r\n<div class=\"bde-column-199-105-1000-1-199-2 bde-column bde-column-199-105\">\r\n<div class=\"bde-image-199-108-1000-1-199-2 bde-image bde-image-199-108\">\r\n<figure class=\"breakdance-image breakdance-image--1001\">\r\n<div class=\"breakdance-image-container\"><\/div><\/figure>\r\n<\/div>\r\n<\/div>\r\n<\/div>\r\n<\/div>\r\n<div class=\"bde-column-199-105-1050-1-199-2 bde-column bde-column-199-105\">\r\n<div class=\"bde-image-199-108-1050-1-199-2 bde-image bde-image-199-108\">\r\n<figure class=\"breakdance-image breakdance-image--1053\">\r\n<div class=\"breakdance-image-container\"><\/div><\/figure>\r\n<\/div>\r\n<\/div>\r\n<\/div>\r\n<\/div>\r\n<div class=\"bde-column-199-105-963-1-199-2 bde-column bde-column-199-105\">\r\n<div class=\"bde-image-199-108-963-1-199-2 bde-image bde-image-199-108\">\r\n<figure class=\"breakdance-image breakdance-image--977\">\r\n<div class=\"breakdance-image-container\"><\/div><\/figure>\r\n<\/div>\r\n<\/div>\r\n<\/div>\r\n<\/div>\r\n<div class=\"bde-column-199-105-981-1-199-2 bde-column bde-column-199-105\">\r\n<div class=\"bde-image-199-108-981-1-199-2 bde-image bde-image-199-108\">\r\n<figure class=\"breakdance-image breakdance-image--982\">\r\n<div class=\"breakdance-image-container\"><\/div><\/figure>\r\n<\/div>\r\n<\/div>\r\n<\/div>\r\n<\/div>","imagen":3754}],"description_ingredients":"","items_ingredients":[{"title":"K\u00e9ratine hydrolys\u00e9e\r\n\r\n&nbsp;","description":"La k\u00e9ratine hydrolys\u00e9e est une prot\u00e9ine structurelle, fibreuse, insoluble dans l'eau, pr\u00e9sente dans les cellules \u00e9pith\u00e9liales qui tapissent les surfaces internes et externes du corps. Elle forme une couche de barri\u00e8re compacte apr\u00e8s le recouvrement de la plaie, ce qui peut arr\u00eater le saignement et \u00e9viter les dommages aux cellules \u00e9pith\u00e9liales.\r\n\r\nAvec l'alginates de sodium , ils aident \u00e0 prot\u00e9ger la muqueuse gastrique en formant une barri\u00e8re physique g\u00e9n\u00e9r\u00e9e par une r\u00e9action de l'alginates \u00e0 un pH acide de l'estomac\r\n\r\n&nbsp;"},{"title":"Alginate de sodium\r\n\r\n&nbsp;","description":"Aide \u00e0 prot\u00e9ger la muqueuse gastrique avec la k\u00e9ratine hydrolys\u00e9e.\r\n\r\n&nbsp;"},{"title":"Feuilles s\u00e9ch\u00e9es d'Aloe barbadensis<sup>1,2<\/sup>","description":"Connues pour leurs propri\u00e9t\u00e9s antioxydantes et cicatrisantes des cellules, elles aident \u00e0 faciliter la cicatrisation des plaies en r\u00e9gulant les prot\u00e9ases (m\u00e9talloprot\u00e9ases de la matrice), modulant la production de collag\u00e8ne, la migration et la prolif\u00e9ration cellulaire. Contribue \u00e0 r\u00e9duire l'inflammation.\r\n\r\n&nbsp;"},{"title":"Zinc<sup>,3,4<\/sup>","description":"Le zinc est l'un des oligo-\u00e9l\u00e9ments les plus importants pour la sant\u00e9 animale. Il remplit plus de 300 fonctions biologiques et a des effets sur de multiples syst\u00e8mes, y compris le tractus gastro-intestinal. Le zinc n'est pas stock\u00e9 dans l'organisme, donc son niveau est d\u00e9termin\u00e9 par l'\u00e9quilibre entre l'apport alimentaire, l'absorption et les pertes. Contribue \u00e0 la protection des cellules contre les dommages oxydatifs.\r\n\r\n&nbsp;"},{"title":"Acide Hyaluronique<sup>5<\/sup>","description":"Il poss\u00e8de des propri\u00e9t\u00e9s visco\u00e9lastiques, lubrifiantes et hydratantes qui fournissent un environnement ad\u00e9quat pour les cellules \u00e9pith\u00e9liales, contribuant, avec le sulfate de chondro\u00eftine, \u00e0 leur r\u00e9cup\u00e9ration\r\n\r\n&nbsp;\r\n\r\n&nbsp;"},{"title":"Sulfate de chondro\u00eftine\r\n\r\n&nbsp;","description":"Substance naturellement pr\u00e9sente dans l'organisme pour aider en cas de d\u00e9s\u00e9quilibres gastro-intestinaux.\r\n\r\n&nbsp;"}],"video":"","items_Instructions_for_use":[{"title":"","description":"Voie orale.\r\n\r\nPrendre 1 \u00e0 2 heures avant le repas habituel. Si d\u00e9sir\u00e9, r\u00e9partir en deux prises toutes les 12 heures.\r\n\r\nLes animaux doivent avoir un acc\u00e8s permanent \u00e0 l'eau."},{"title":"Chien","description":"1 comprim\u00e9\/20 kg de poids corporel par jour.\r\n\r\n\u00c0 partir de 40 kg de poids corporel, 2 comprim\u00e9s par jour."}],"image_banner_scientific_study_copiar":"","title_banner_scientific_study":"","description_banner_scientific_study":"","Scientific_study_banner":"","studies":null,"bibliografy_text":"1.https:\/\/pubmed.ncbi.nlm.nih.gov\/28874080\/\r\n2.https:\/\/www.researchgate.net\/publication\/325253109_Treatment_and_Replenishment_of_GI_Tract_with_Combined_Regimen_Therapy_CRT_of_Allopathic_PPIs_and_Ayurvedic_Aloe_Vera_Medicine_in_Peptic_Ulcer_Disease_to_Counteract_Relapse\r\n3.Canani RB et al. Mechanisms of action of zinc in acute diarrhea. Curr Opin Gastroenterol;27(1):8\u201012 (2011).\r\n4.Skrovanek S et al. Zinc and gastrointestinal disease. World J Gastrointest Pathophysiol; 5(4):496\u2010513. 22 de enero de 2024, 16:18 22 de enero de 2024, 16:29\r\n5.https:\/\/www.ncbi.nlm.nih.gov\/pmc\/articles\/PMC7955710\/","features":[{"image":1212,"title":"Nouvelle composition"},{"image":1213,"title":"Comprimidos f\u00e1cilmente divisible"}],"ficha_tecnica":3753},"_links":{"self":[{"href":"https:\/\/beta.pharmadiet.com\/fr\/wp-json\/wp\/v2\/product\/3751","targetHints":{"allow":["GET"]}}],"collection":[{"href":"https:\/\/beta.pharmadiet.com\/fr\/wp-json\/wp\/v2\/product"}],"about":[{"href":"https:\/\/beta.pharmadiet.com\/fr\/wp-json\/wp\/v2\/types\/product"}],"replies":[{"embeddable":true,"href":"https:\/\/beta.pharmadiet.com\/fr\/wp-json\/wp\/v2\/comments?post=3751"}],"version-history":[{"count":12,"href":"https:\/\/beta.pharmadiet.com\/fr\/wp-json\/wp\/v2\/product\/3751\/revisions"}],"predecessor-version":[{"id":17607,"href":"https:\/\/beta.pharmadiet.com\/fr\/wp-json\/wp\/v2\/product\/3751\/revisions\/17607"}],"wp:featuredmedia":[{"embeddable":true,"href":"https:\/\/beta.pharmadiet.com\/fr\/wp-json\/wp\/v2\/media\/3752"}],"wp:attachment":[{"href":"https:\/\/beta.pharmadiet.com\/fr\/wp-json\/wp\/v2\/media?parent=3751"}],"wp:term":[{"taxonomy":"animal","embeddable":true,"href":"https:\/\/beta.pharmadiet.com\/fr\/wp-json\/wp\/v2\/animal?post=3751"},{"taxonomy":"product_brand","embeddable":true,"href":"https:\/\/beta.pharmadiet.com\/fr\/wp-json\/wp\/v2\/product_brand?post=3751"},{"taxonomy":"product_cat","embeddable":true,"href":"https:\/\/beta.pharmadiet.com\/fr\/wp-json\/wp\/v2\/product_cat?post=3751"},{"taxonomy":"product_tag","embeddable":true,"href":"https:\/\/beta.pharmadiet.com\/fr\/wp-json\/wp\/v2\/product_tag?post=3751"}],"curies":[{"name":"wp","href":"https:\/\/api.w.org\/{rel}","templated":true}]}}