{"id":3725,"date":"2025-08-05T16:09:41","date_gmt":"2025-08-05T14:09:41","guid":{"rendered":"https:\/\/beta.pharmadiet.com\/?post_type=product&#038;p=3725"},"modified":"2026-01-26T09:44:51","modified_gmt":"2026-01-26T08:44:51","slug":"oxispeed-gel","status":"publish","type":"product","link":"https:\/\/beta.pharmadiet.com\/fr\/productos\/oxispeed-gel\/","title":{"rendered":"Oxispeed\u00ae Gel"},"content":{"rendered":"<ul>\n<li>Pas de prot\u00e9ines de poulet<\/li>\n<li>Sans conservateurs<\/li>\n<li>Mode d&#8217;emploi adapt\u00e9 au poids de l&rsquo;animal<\/li>\n<li>Agiter avant utilisation.<\/li>\n<li>Comprend une seringue doseuse.<\/li>\n<\/ul>\n","protected":false},"excerpt":{"rendered":"<p>Compl\u00e9ment alimentaire \u00e0 base de nutriments qui contribuent \u00e0 am\u00e9liorer le tonus vital et l&rsquo;\u00e9nergie de l&rsquo;animal.<\/p>\n","protected":false},"featured_media":3727,"comment_status":"open","ping_status":"closed","template":"","meta":{"_acf_changed":false,"site-sidebar-layout":"default","site-content-layout":"","ast-site-content-layout":"default","site-content-style":"default","site-sidebar-style":"default","ast-global-header-display":"","ast-banner-title-visibility":"","ast-main-header-display":"","ast-hfb-above-header-display":"","ast-hfb-below-header-display":"","ast-hfb-mobile-header-display":"","site-post-title":"","ast-breadcrumbs-content":"","ast-featured-img":"","footer-sml-layout":"","theme-transparent-header-meta":"default","adv-header-id-meta":"","stick-header-meta":"","header-above-stick-meta":"","header-main-stick-meta":"","header-below-stick-meta":"","astra-migrate-meta-layouts":"set","ast-page-background-enabled":"default","ast-page-background-meta":{"desktop":{"background-color":"var(--ast-global-color-5)","background-image":"","background-repeat":"repeat","background-position":"center center","background-size":"auto","background-attachment":"scroll","background-type":"","background-media":"","overlay-type":"","overlay-color":"","overlay-opacity":"","overlay-gradient":""},"tablet":{"background-color":"","background-image":"","background-repeat":"repeat","background-position":"center center","background-size":"auto","background-attachment":"scroll","background-type":"","background-media":"","overlay-type":"","overlay-color":"","overlay-opacity":"","overlay-gradient":""},"mobile":{"background-color":"","background-image":"","background-repeat":"repeat","background-position":"center center","background-size":"auto","background-attachment":"scroll","background-type":"","background-media":"","overlay-type":"","overlay-color":"","overlay-opacity":"","overlay-gradient":""}},"ast-content-background-meta":{"desktop":{"background-color":"var(--ast-global-color-4)","background-image":"","background-repeat":"repeat","background-position":"center center","background-size":"auto","background-attachment":"scroll","background-type":"","background-media":"","overlay-type":"","overlay-color":"","overlay-opacity":"","overlay-gradient":""},"tablet":{"background-color":"var(--ast-global-color-4)","background-image":"","background-repeat":"repeat","background-position":"center center","background-size":"auto","background-attachment":"scroll","background-type":"","background-media":"","overlay-type":"","overlay-color":"","overlay-opacity":"","overlay-gradient":""},"mobile":{"background-color":"var(--ast-global-color-4)","background-image":"","background-repeat":"repeat","background-position":"center center","background-size":"auto","background-attachment":"scroll","background-type":"","background-media":"","overlay-type":"","overlay-color":"","overlay-opacity":"","overlay-gradient":""}}},"animal":[117,119,118],"product_brand":[],"product_cat":[22],"product_tag":[279],"class_list":{"0":"post-3725","1":"product","2":"type-product","3":"status-publish","4":"has-post-thumbnail","6":"animal-chat","7":"animal-chien","8":"animal-furet","9":"product_cat-sante-energetique-animaux","10":"product_tag-plantillac","11":"desktop-align-left","12":"tablet-align-left","13":"mobile-align-left","15":"first","16":"instock","17":"shipping-taxable","18":"product-type-simple"},"acf":{"title_indications":"","description_indication":"","items_indication":[{"imagen":"","title":"Qu'est-ce que l'oxydation et le vieillissement cellulaire impliquent chez les chiens ?","description":"L'oxydation et le vieillissement cellulaire chez les chiens sont des processus biologiques \u00e9troitement li\u00e9s qui ont un impact sur la sant\u00e9 et le bien-\u00eatre.\r\n\r\n&nbsp;"},{"imagen":3728,"title":"Les cons\u00e9quences de l'oxydation et du vieillissement cellulaire chez les chiens et les chats","description":"<ul>\r\n \t<li>Maladies chroniques : L\u2019accumulation de dommages oxydatifs au fil du temps peut augmenter le risque de d\u00e9velopper des probl\u00e8mes de sant\u00e9 susceptibles de devenir chroniques, tels que l\u2019arthrite, les troubles cardiaques, le diab\u00e8te et le cancer.<\/li>\r\n \t<li>D\u00e9t\u00e9rioration cognitive : L\u2019oxydation cellulaire peut \u00e9galement \u00eatre li\u00e9e au d\u00e9clin cognitif. Les radicaux libres peuvent endommager les cellules c\u00e9r\u00e9brales et contribuer \u00e0 la perte des fonctions cognitives, telles que la m\u00e9moire et la prise de d\u00e9cision, ainsi qu\u2019\u00e0 des changements de comportement.<\/li>\r\n<\/ul>"},{"imagen":3729,"title":"","description":"<ul>\r\n \t<li>R\u00e9duction de la fonction immunitaire : Le stress oxydatif peut affaiblir le syst\u00e8me immunitaire de l\u2019animal, le rendant plus vuln\u00e9rable aux infections et aux maladies.<\/li>\r\n \t<li>Probl\u00e8mes de peau et de pelage : L\u2019oxydation cellulaire contribue \u00e0 des probl\u00e8mes tels que la peau s\u00e8che, la chute excessive des poils et le vieillissement pr\u00e9matur\u00e9 de la peau.<\/li>\r\n<\/ul>\r\nPour att\u00e9nuer les effets sur les chiens et favoriser un vieillissement sain, il est important de prendre des mesures pr\u00e9ventives. C'est pourquoi nous recommandons de consulter r\u00e9guli\u00e8rement un v\u00e9t\u00e9rinaire. Les examens p\u00e9riodiques sont essentiels pour d\u00e9tecter les probl\u00e8mes de sant\u00e9 \u00e0 un stade pr\u00e9coce et fournir le traitement appropri\u00e9."}],"title_beneficios":"En quoi le compl\u00e9ment alimentaire Oxispeed\u00ae Gel aide-t-il les chiens ?","description_benefits":"<div class=\"bde-div-130-136 bde-div\">\r\n<div class=\"bde-rich-text-130-138 bde-rich-text breakdance-rich-text-styles\">\r\n<div class=\"bde-div-130-136 bde-div\">\r\n<div class=\"bde-rich-text-130-138 bde-rich-text breakdance-rich-text-styles\">\r\n\r\nOxispeed\u00ae Gel fournit des nutriments qui aident :\r\n\r\n<\/div>\r\n<\/div>\r\n<\/div>\r\n<\/div>\r\n<div class=\"bde-repeater-element-130-139 bde-repeater-element\">\r\n<div class=\"bde-loop bde-loop-list ee-posts bde-dynamic-repeater bde-dynamic-repeater-139 bde-dynamic-repeater-list\"><article class=\"bde-loop-item ee-post bde-dynamic-repeater-item\">\r\n<div class=\"bde-columns-170-104-959-1-170-1 bde-columns bde-columns-170-104\">\r\n<div class=\"bde-column-170-105-959-1-170-1 bde-column bde-column-170-105\">\r\n<div class=\"bde-image-170-100-959-1-170-1 bde-image bde-image-170-100\">\r\n<figure class=\"breakdance-image breakdance-image--15040\">\r\n<div class=\"breakdance-image-container\">\r\n\r\n&nbsp;\r\n\r\n<\/div><\/figure>\r\n<\/div>\r\n<\/div>\r\n<\/div>\r\n<\/article><\/div>\r\n<\/div>","items_benefits":[{"imagen":1237,"title":"Am\u00e9liorer le tonus vital","description":"\u00c0 am\u00e9liorer le tonus vital en fournissant plus d'\u00e9nergie et en r\u00e9duisant la fatigue.\r\n\r\n&nbsp;\r\n\r\n&nbsp;"},{"imagen":1239,"title":"","description":"En cas de d\u00e9ficiences nutritionnelles"}],"items_presentaciones":[{"title":"Oxispeed\u00ae Gel","description":"Bo\u00eete de 50 ml avec seringue doseuse.\r\n\r\n&nbsp;","imagen":3727}],"description_ingredients":"<div class=\"bde-rich-text-130-203 bde-rich-text breakdance-rich-text-styles\">\r\n\r\n&nbsp;\r\n\r\n<\/div>\r\n<div class=\"bde-fancy-divider-130-154 bde-fancy-divider\">\r\n<div class=\"bde-fancy-divider__wrapper\"><\/div>\r\n<\/div>","items_ingredients":[{"title":"Gel\u00e9e royale\r\n\r\n&nbsp;","description":"Connu pour ses propri\u00e9t\u00e9s \u00e9nerg\u00e9tiques."},{"title":"Huile de saumon\r\n\r\n&nbsp;\r\n\r\n&nbsp;","description":"Apporte des acides gras om\u00e9ga 3 (EPA+DHA).\r\n\r\n&nbsp;"},{"title":"B\u00eata-carot\u00e8ne\r\n\r\n&nbsp;\r\n\r\n&nbsp;","description":""},{"title":"Vitamines du groupe B (B1, B2, acide pantoth\u00e9nique et B6)\r\n\r\n&nbsp;","description":"Contribuent au m\u00e9tabolisme \u00e9nerg\u00e9tique normalContribuent au m\u00e9tabolisme \u00e9nerg\u00e9tique normal.\r\n\r\n&nbsp;"},{"title":"Acide folique\r\n\r\n&nbsp;\r\n\r\n&nbsp;","description":"Aide \u00e0 r\u00e9duire la fatigue.\r\n\r\n&nbsp;"},{"title":"Germe de riz\r\n\r\n&nbsp;","description":"Apporte des octacosanoles.\r\n\r\n&nbsp;\r\n\r\n&nbsp;"},{"title":"Pulpe de tomate\r\n\r\n&nbsp;","description":"Apporte des lycop\u00e8nes.\r\n\r\n&nbsp;"},{"title":"Yucca schidigera\r\n\r\n&nbsp;","description":"Apporte des saponines.\r\n\r\n&nbsp;"},{"title":"Biotine\r\n\r\n&nbsp;\r\n\r\n&nbsp;","description":"Contribue au maintien de la peau et des poils dans des conditions normales.\r\n\r\n&nbsp;\r\n\r\n&nbsp;"},{"title":"Vitamine E et s\u00e9l\u00e9nium\r\n\r\n&nbsp;\r\n\r\n&nbsp;","description":"Contribuent \u00e0 la protection des cellules contre les dommages oxydatifs.\r\n\r\n&nbsp;\r\n\r\n&nbsp;"},{"title":"Taurine\r\n\r\n&nbsp;\r\n\r\n&nbsp;","description":"Acide amin\u00e9 essentiel chez les chats.\r\n\r\n&nbsp;"}],"video":"","items_Instructions_for_use":[{"title":"Chat","description":"0,5 ml\/jour.\r\n\r\n&nbsp;"},{"title":"Chats adultes","description":"1 ml\/jour.\r\n\r\n&nbsp;"},{"title":"Chien","description":"<ul>\r\n \t<li>De 5 kg de poids corporel : 0,5 ml par jour.<\/li>\r\n \t<li>De 5 \u00e0 10 kg de poids corporel : 1 ml par jour.<\/li>\r\n \t<li>De 10 \u00e0 15 kg de poids corporel : 1,5 ml par jour.<\/li>\r\n \t<li>De 15 \u00e0 20 kg de poids corporel : 2 ml par jour.<\/li>\r\n \t<li>De 20-25 kg de peso corporal: 2,5 ml par jour.<\/li>\r\n \t<li>De 25 \u00e0 30 kg de poids corporel : 3 ml par jour.<\/li>\r\n \t<li>De 30 \u00e0 35 kg de poids corporel : 3,5 ml par jour.<\/li>\r\n \t<li>Chiens de plus de 35 kg de poids corporel : 4 ml par jour.<\/li>\r\n<\/ul>"},{"title":"Furet","description":"<article class=\"bde-loop-item ee-post bde-dynamic-repeater-item\">\r\n<div class=\"bde-columns-206-100-1025-4-206-4 bde-columns bde-columns-206-100\">\r\n<div class=\"bde-column-206-103-1025-4-206-4 bde-column bde-column-206-103\">\r\n<div class=\"bde-rich-text-206-104-1025-4-206-4 bde-rich-text bde-rich-text-206-104 breakdance-rich-text-styles\">\r\n\r\n0,2 ml\/jour.\r\n\r\n&nbsp;\r\n\r\n<\/div>\r\n<\/div>\r\n<\/div>\r\n<\/article><article class=\"bde-loop-item ee-post bde-dynamic-repeater-item\">\r\n<div class=\"bde-columns-206-100-1025-5-206-4 bde-columns bde-columns-206-100\">\r\n<div class=\"bde-column-206-101-1025-5-206-4 bde-column bde-column-206-101\"><\/div>\r\n<\/div>\r\n<\/article>"},{"title":"Autres indications","description":"Par voie orale.\r\nM\u00e9langer avec l'aliment habituel.\r\nComme il s'agit d'un compl\u00e9ment alimentaire, il peut \u00eatre pris de mani\u00e8re continue."}],"image_banner_scientific_study_copiar":"","title_banner_scientific_study":"","description_banner_scientific_study":"","Scientific_study_banner":"","studies":null,"bibliografy_text":"","features":[{"image":1262,"title":"Pas de prot\u00e9ines de poulet"},{"image":1267,"title":"Sans colorants"},{"image":1218,"title":"Agiter avant usage."}],"ficha_tecnica":3726},"_links":{"self":[{"href":"https:\/\/beta.pharmadiet.com\/fr\/wp-json\/wp\/v2\/product\/3725","targetHints":{"allow":["GET"]}}],"collection":[{"href":"https:\/\/beta.pharmadiet.com\/fr\/wp-json\/wp\/v2\/product"}],"about":[{"href":"https:\/\/beta.pharmadiet.com\/fr\/wp-json\/wp\/v2\/types\/product"}],"replies":[{"embeddable":true,"href":"https:\/\/beta.pharmadiet.com\/fr\/wp-json\/wp\/v2\/comments?post=3725"}],"version-history":[{"count":10,"href":"https:\/\/beta.pharmadiet.com\/fr\/wp-json\/wp\/v2\/product\/3725\/revisions"}],"predecessor-version":[{"id":17601,"href":"https:\/\/beta.pharmadiet.com\/fr\/wp-json\/wp\/v2\/product\/3725\/revisions\/17601"}],"wp:featuredmedia":[{"embeddable":true,"href":"https:\/\/beta.pharmadiet.com\/fr\/wp-json\/wp\/v2\/media\/3727"}],"wp:attachment":[{"href":"https:\/\/beta.pharmadiet.com\/fr\/wp-json\/wp\/v2\/media?parent=3725"}],"wp:term":[{"taxonomy":"animal","embeddable":true,"href":"https:\/\/beta.pharmadiet.com\/fr\/wp-json\/wp\/v2\/animal?post=3725"},{"taxonomy":"product_brand","embeddable":true,"href":"https:\/\/beta.pharmadiet.com\/fr\/wp-json\/wp\/v2\/product_brand?post=3725"},{"taxonomy":"product_cat","embeddable":true,"href":"https:\/\/beta.pharmadiet.com\/fr\/wp-json\/wp\/v2\/product_cat?post=3725"},{"taxonomy":"product_tag","embeddable":true,"href":"https:\/\/beta.pharmadiet.com\/fr\/wp-json\/wp\/v2\/product_tag?post=3725"}],"curies":[{"name":"wp","href":"https:\/\/api.w.org\/{rel}","templated":true}]}}