{"id":3704,"date":"2025-08-04T17:01:12","date_gmt":"2025-08-04T15:01:12","guid":{"rendered":"https:\/\/beta.pharmadiet.com\/?post_type=product&#038;p=3704"},"modified":"2026-01-26T09:30:38","modified_gmt":"2026-01-26T08:30:38","slug":"oscan","status":"publish","type":"product","link":"https:\/\/beta.pharmadiet.com\/fr\/productos\/oscan\/","title":{"rendered":"Oscan\u00ae"},"content":{"rendered":"<p>OSCAN\u00ae fournit des nutriments qui aident \u00e0 la croissance rapide des os et des cartilages articulaires.<\/p>\n<ul>\n<li>Comprim\u00e9s facilement divisibles<\/li>\n<li>Pas de prot\u00e9ines de poulet<\/li>\n<li>Sans conservateurs<\/li>\n<li>Sans sucres<\/li>\n<li>Sans colorants<\/li>\n<\/ul>\n","protected":false},"excerpt":{"rendered":"<p>Aliment compl\u00e9mentaire contenant des nutriments qui contribuent au maintien et au d\u00e9veloppement du tissu osseux et du cartilage.<\/p>\n","protected":false},"featured_media":3705,"comment_status":"open","ping_status":"closed","template":"","meta":{"_acf_changed":false,"site-sidebar-layout":"default","site-content-layout":"","ast-site-content-layout":"default","site-content-style":"default","site-sidebar-style":"default","ast-global-header-display":"","ast-banner-title-visibility":"","ast-main-header-display":"","ast-hfb-above-header-display":"","ast-hfb-below-header-display":"","ast-hfb-mobile-header-display":"","site-post-title":"","ast-breadcrumbs-content":"","ast-featured-img":"","footer-sml-layout":"","theme-transparent-header-meta":"default","adv-header-id-meta":"","stick-header-meta":"","header-above-stick-meta":"","header-main-stick-meta":"","header-below-stick-meta":"","astra-migrate-meta-layouts":"set","ast-page-background-enabled":"default","ast-page-background-meta":{"desktop":{"background-color":"var(--ast-global-color-5)","background-image":"","background-repeat":"repeat","background-position":"center center","background-size":"auto","background-attachment":"scroll","background-type":"","background-media":"","overlay-type":"","overlay-color":"","overlay-opacity":"","overlay-gradient":""},"tablet":{"background-color":"","background-image":"","background-repeat":"repeat","background-position":"center center","background-size":"auto","background-attachment":"scroll","background-type":"","background-media":"","overlay-type":"","overlay-color":"","overlay-opacity":"","overlay-gradient":""},"mobile":{"background-color":"","background-image":"","background-repeat":"repeat","background-position":"center center","background-size":"auto","background-attachment":"scroll","background-type":"","background-media":"","overlay-type":"","overlay-color":"","overlay-opacity":"","overlay-gradient":""}},"ast-content-background-meta":{"desktop":{"background-color":"var(--ast-global-color-4)","background-image":"","background-repeat":"repeat","background-position":"center center","background-size":"auto","background-attachment":"scroll","background-type":"","background-media":"","overlay-type":"","overlay-color":"","overlay-opacity":"","overlay-gradient":""},"tablet":{"background-color":"var(--ast-global-color-4)","background-image":"","background-repeat":"repeat","background-position":"center center","background-size":"auto","background-attachment":"scroll","background-type":"","background-media":"","overlay-type":"","overlay-color":"","overlay-opacity":"","overlay-gradient":""},"mobile":{"background-color":"var(--ast-global-color-4)","background-image":"","background-repeat":"repeat","background-position":"center center","background-size":"auto","background-attachment":"scroll","background-type":"","background-media":"","overlay-type":"","overlay-color":"","overlay-opacity":"","overlay-gradient":""}}},"animal":[117,119],"product_brand":[],"product_cat":[20],"product_tag":[278],"class_list":{"0":"post-3704","1":"product","2":"type-product","3":"status-publish","4":"has-post-thumbnail","6":"animal-chat","7":"animal-chien","8":"product_cat-sante-articulaire-animaux","9":"product_tag-plantillab","10":"desktop-align-left","11":"tablet-align-left","12":"mobile-align-left","14":"first","15":"instock","16":"shipping-taxable","17":"product-type-simple"},"acf":{"title_indications":"","description_indication":"","items_indication":[{"imagen":"","title":"Croissance saine des chiots : L'importance des soins osseux","description":"La phase de croissance rapide chez les chiots est cruciale pour leur d\u00e9veloppement osseux.\r\n\r\n&nbsp;\r\n\r\n&nbsp;"},{"imagen":3396,"title":"","description":"La n\u00e9gliger peut entra\u00eener des probl\u00e8mes tels que:\r\n\r\nRachitisme: Cette condition se d\u00e9veloppe lorsque les os ne peuvent pas se min\u00e9raliser correctement en raison de d\u00e9ficiences en min\u00e9raux essentiels tels que le calcium et le phosphore. Par cons\u00e9quent, la croissance osseuse est affect\u00e9e, ce qui peut entra\u00eener des d\u00e9formations osseuses, des affections articulaires d\u00e9g\u00e9n\u00e9ratives et un risque accru de fractures.\r\n\r\nDouleur et limitations: Cela n'affecte pas seulement la qualit\u00e9 de vie du chien ou du chat, mais peut \u00e9galement interf\u00e9rer avec sa capacit\u00e9 \u00e0 effectuer des activit\u00e9s normales et \u00e0 profiter de son environnement.\r\n\r\nD\u00e9veloppement osseux incomplet: La croissance anormale des os et du cartilage chez les chiots peut entra\u00eener une structure osseuse sous-d\u00e9velopp\u00e9e ou malform\u00e9e. Ces anomalies peuvent avoir des implications \u00e0 long terme sur leur sant\u00e9 et leur bien-\u00eatre g\u00e9n\u00e9ral.\r\n\r\nVuln\u00e9rabilit\u00e9 accrue aux blessures:Les chiots avec des os et du cartilage faibles sont plus susceptibles aux blessures, surtout lors d'activit\u00e9s physiques intenses ou de jeux vigoureux. Ces blessures peuvent avoir des cons\u00e9quences \u00e0 long terme sur leur sant\u00e9 et leur mobilit\u00e9."},{"imagen":3391,"title":"","description":"En r\u00e9sum\u00e9, des soins osseux ad\u00e9quats pendant la phase de croissance rapide chez les chiots sont essentiels pour garantir un d\u00e9veloppement sain et pr\u00e9venir les probl\u00e8mes futurs. Consulter votre v\u00e9t\u00e9rinaire de confiance est crucial pour concevoir un r\u00e9gime alimentaire et un plan d'exercice adapt\u00e9s aux besoins sp\u00e9cifiques de votre chiot.\r\n\r\n&nbsp;"}],"title_beneficios":"En quoi ce compl\u00e9ment alimentaire aide-t-il \u00e0 la sant\u00e9 articulaire de votre animal","description_benefits":"Il fournit des nutriments pour aider au d\u00e9veloppement des os en croissance rapide et du cartilage articulaire.\r\n\r\n&nbsp;","items_benefits":[{"imagen":1238,"title":"Aide \u00e0 maintenir une croissance osseuse saine","description":"Contribue au d\u00e9veloppement normal des structures osseuses et cartilagineuses chez les chiots pendant les phases de croissance rapide, favorisant une croissance appropri\u00e9e.\r\n\r\n&nbsp;\r\n\r\n&nbsp;"}],"items_presentaciones":[{"title":"OSCAN\u00ae","description":"Bo\u00eete de 60 comprim\u00e9s, en blister. Blister de 10 comprim\u00e9s, facilement divisibles, pour faciliter la prise. Voie orale.\r\n\r\n&nbsp;","imagen":3705}],"description_ingredients":"","items_ingredients":[{"title":"Collag\u00e8ne hydrolys\u00e9 enzymatiquement\r\n\r\n&nbsp;","description":"Le composant principal et la base structurelle du cartilage hyalin des articulations, principal tissu affect\u00e9 dans les processus de d\u00e9g\u00e9n\u00e9rescence articulaire. Le collag\u00e8ne est connu pour maintenir l'int\u00e9grit\u00e9 du cartilage et sa fonction est de fournir flexibilit\u00e9, \u00e9lasticit\u00e9 et support. L'administration sous forme hydrolys\u00e9e permet une meilleure absorption, distribution et accumulation dans le cartilage articulaire.\r\n\r\nLe collag\u00e8ne hydrolys\u00e9 est couramment utilis\u00e9 en compl\u00e9ment chez les patients atteints d'ost\u00e9oarthrite et d'autres types de douleurs articulaires. De nombreuses \u00e9tudes ont montr\u00e9 que le traitement quotidien des chiens arthrosiques avec du collag\u00e8ne seul ou en association avec de la glucosamine et de la chondro\u00eftine soulageait consid\u00e9rablement la douleur associ\u00e9e \u00e0 l'arthrose.\r\n\r\nHydrolyzed collagen is commonly used in supplementing patients with Osteoarthritis and other types of joint pain. Numerous studies have shown that daily treatment of arthritic dogs with collagen alone or in combination with glucosamine and chondroitin notably relieved pain associated with arthritis."},{"title":"Calcium<sup>1,2<\/sup>","description":"Min\u00e9ral qui contribue au maintien des os dans des conditions normales.\r\n\r\nLe calcium et la vitamine D sont des nutriments essentiels qui jouent un r\u00f4le cl\u00e9 dans le d\u00e9veloppement et la sant\u00e9 du squelette. L'os est le principal r\u00e9servoir de calcium et son m\u00e9tabolisme est complexe et interagit avec celui de la vitamine D."},{"title":"Vitamine D<sup>1,2<\/sup>","description":"Nutriment qui contribue \u00e0 l'absorption et \u00e0 l'utilisation normale du calcium et du phosphore et contribue au processus de division cellulaire.\r\n\r\nLa vitamine D joue un r\u00f4le cl\u00e9 dans la remod\u00e9lisation et la croissance osseuses en activant les ost\u00e9oblastes et les ost\u00e9oclastes.\r\n\r\nIl existe deux formes de vitamine D, le chol\u00e9calcif\u00e9rol ou vitamine D3, synth\u00e9tis\u00e9 dans la peau de plusieurs mammif\u00e8res apr\u00e8s exposition au soleil, et l'ergocalcif\u00e9rol ou vitamine D2.\r\n\r\nLes chiens et les chats, contrairement aux autres esp\u00e8ces de mammif\u00e8res, sont incapables de synth\u00e9tiser la vitamine D cutan\u00e9ment par exposition au soleil.\r\n\r\nUn apport alimentaire insuffisant ou d\u00e9s\u00e9quilibr\u00e9 de ces nutriments peut avoir de multiples cons\u00e9quences n\u00e9gatives pour la sant\u00e9.\r\n\r\nLa carence en vitamine D peut provoquer une hypocalc\u00e9mie et une hypophosphat\u00e9mie et, par cons\u00e9quent, peut entra\u00eener des maladies osseuses caract\u00e9ris\u00e9es par une min\u00e9ralisation osseuse d\u00e9ficiente associ\u00e9e au rachitisme ou \u00e0 l'ost\u00e9omalacie."},{"title":"Acide folique<sup>3<\/sup>","description":"Nutriment de la famille des vitamines B, contribue au processus de division cellulaire et aide \u00e0 r\u00e9duire la fatigue.\r\n\r\n&nbsp;"},{"title":"Vitamine C<sup>4<\/sup>","description":"Gr\u00e2ce \u00e0 son pouvoir antioxydant, elle contribue \u00e0 prot\u00e9ger les cellules contre les dommages oxydatifs. De plus, elle contribue \u00e0 la formation normale de collag\u00e8ne pour le fonctionnement normal des os, du cartilage et des articulations."}],"video":"","items_Instructions_for_use":[{"title":"Chien","description":"Voie orale\r\n<ul>\r\n \t<li>Jusqu'\u00e0 10 kg de poids corporel : 1 comprim\u00e9 par jour.<\/li>\r\n \t<li>De 10 \u00e0 20 kg de poids corporel : 2 comprim\u00e9s par jour.<\/li>\r\n \t<li>De 20 \u00e0 30 kg de poids corporel : 3 comprim\u00e9s par jour.<\/li>\r\n \t<li>\u00c0 partir de 30 kg de poids corporel : 4 comprim\u00e9s par jour.<\/li>\r\n<\/ul>"},{"title":"Chat","description":"Voie orale.\r\n\r\n\u00bd comprim\u00e9 par jour."}],"image_banner_scientific_study_copiar":"","title_banner_scientific_study":"","description_banner_scientific_study":"","Scientific_study_banner":"","studies":null,"bibliografy_text":"1. Jonathan Stockman, DVMa , Cecilia Villaverde, BVSc, PhDb , Ronald Jan Corbee, DVM, PhDc, Calcium, Phosphorus, and Vitamin D in Dogs and Cats, Beyond the Bones, Vet Clin Small Anim 51 (2021) 623\u2013634;\r\n2. Hesta, M., Ottermans, C., Krammer-Lukas, S., Zentek, J., Hellweg, P., Buyse, J. and Janssens, G.P.J. (2009), The effect of vitamin C supplementation in healthy dogs on antioxidative capacity and immune parameters. Journal of Animal Physiology and Animal Nutrition, 93: 26-34.\r\n3. EFSA NDA Panel (EFSA Panel on Dietetic Products, Nutrition and Allergies) , 2014. Scientific Opinion on Dietary Reference Values for folate. EFSA Journal 2014;12(11):3893, 59\u2009pp. 10.2903\/j.efsa.2014.3893\r\n4. Boyera N, Galey I, Bernard BA. Effect of vitamin C and its derivatives on collagen synthesis and cross-linking by normal human fibroblasts. Int J Cosmet Sci. 1998 Jun;20(3):151-8. doi: 10.1046\/j.1467-2494.1998.171747.x. PMID: 18505499.","features":[{"image":1262,"title":"Pas de prot\u00e9ines de poulet"},{"image":1267,"title":"Sans conservateurs"},{"image":1213,"title":"Comprim\u00e9s facilement divisibles"},{"image":1217,"title":"Sans sucres"},{"image":1267,"title":"Sans colorants"}],"ficha_tecnica":3709},"_links":{"self":[{"href":"https:\/\/beta.pharmadiet.com\/fr\/wp-json\/wp\/v2\/product\/3704","targetHints":{"allow":["GET"]}}],"collection":[{"href":"https:\/\/beta.pharmadiet.com\/fr\/wp-json\/wp\/v2\/product"}],"about":[{"href":"https:\/\/beta.pharmadiet.com\/fr\/wp-json\/wp\/v2\/types\/product"}],"replies":[{"embeddable":true,"href":"https:\/\/beta.pharmadiet.com\/fr\/wp-json\/wp\/v2\/comments?post=3704"}],"version-history":[{"count":15,"href":"https:\/\/beta.pharmadiet.com\/fr\/wp-json\/wp\/v2\/product\/3704\/revisions"}],"predecessor-version":[{"id":17600,"href":"https:\/\/beta.pharmadiet.com\/fr\/wp-json\/wp\/v2\/product\/3704\/revisions\/17600"}],"wp:featuredmedia":[{"embeddable":true,"href":"https:\/\/beta.pharmadiet.com\/fr\/wp-json\/wp\/v2\/media\/3705"}],"wp:attachment":[{"href":"https:\/\/beta.pharmadiet.com\/fr\/wp-json\/wp\/v2\/media?parent=3704"}],"wp:term":[{"taxonomy":"animal","embeddable":true,"href":"https:\/\/beta.pharmadiet.com\/fr\/wp-json\/wp\/v2\/animal?post=3704"},{"taxonomy":"product_brand","embeddable":true,"href":"https:\/\/beta.pharmadiet.com\/fr\/wp-json\/wp\/v2\/product_brand?post=3704"},{"taxonomy":"product_cat","embeddable":true,"href":"https:\/\/beta.pharmadiet.com\/fr\/wp-json\/wp\/v2\/product_cat?post=3704"},{"taxonomy":"product_tag","embeddable":true,"href":"https:\/\/beta.pharmadiet.com\/fr\/wp-json\/wp\/v2\/product_tag?post=3704"}],"curies":[{"name":"wp","href":"https:\/\/api.w.org\/{rel}","templated":true}]}}