{"id":3699,"date":"2025-08-04T16:55:20","date_gmt":"2025-08-04T14:55:20","guid":{"rendered":"https:\/\/beta.pharmadiet.com\/?post_type=product&#038;p=3699"},"modified":"2025-12-23T10:49:33","modified_gmt":"2025-12-23T09:49:33","slug":"lysinviral-plus","status":"publish","type":"product","link":"https:\/\/beta.pharmadiet.com\/fr\/productos\/lysinviral-plus\/","title":{"rendered":"Lysinviral plus\u00ae"},"content":{"rendered":"<ul>\n<li>Agiter avant usage.<\/li>\n<li>Pas de prot\u00e9ines de poulet<\/li>\n<li>Sans colorants<\/li>\n<\/ul>\n","protected":false},"excerpt":{"rendered":"<p>Aliment compl\u00e9mentaire avec des nutriments qui contribuent \u00e0 stabiliser la flore intestinale des chats.<\/p>\n","protected":false},"featured_media":3688,"comment_status":"open","ping_status":"closed","template":"","meta":{"_acf_changed":false,"site-sidebar-layout":"default","site-content-layout":"","ast-site-content-layout":"default","site-content-style":"default","site-sidebar-style":"default","ast-global-header-display":"","ast-banner-title-visibility":"","ast-main-header-display":"","ast-hfb-above-header-display":"","ast-hfb-below-header-display":"","ast-hfb-mobile-header-display":"","site-post-title":"","ast-breadcrumbs-content":"","ast-featured-img":"","footer-sml-layout":"","theme-transparent-header-meta":"default","adv-header-id-meta":"","stick-header-meta":"","header-above-stick-meta":"","header-main-stick-meta":"","header-below-stick-meta":"","astra-migrate-meta-layouts":"set","ast-page-background-enabled":"default","ast-page-background-meta":{"desktop":{"background-color":"var(--ast-global-color-5)","background-image":"","background-repeat":"repeat","background-position":"center center","background-size":"auto","background-attachment":"scroll","background-type":"","background-media":"","overlay-type":"","overlay-color":"","overlay-opacity":"","overlay-gradient":""},"tablet":{"background-color":"","background-image":"","background-repeat":"repeat","background-position":"center center","background-size":"auto","background-attachment":"scroll","background-type":"","background-media":"","overlay-type":"","overlay-color":"","overlay-opacity":"","overlay-gradient":""},"mobile":{"background-color":"","background-image":"","background-repeat":"repeat","background-position":"center center","background-size":"auto","background-attachment":"scroll","background-type":"","background-media":"","overlay-type":"","overlay-color":"","overlay-opacity":"","overlay-gradient":""}},"ast-content-background-meta":{"desktop":{"background-color":"var(--ast-global-color-4)","background-image":"","background-repeat":"repeat","background-position":"center center","background-size":"auto","background-attachment":"scroll","background-type":"","background-media":"","overlay-type":"","overlay-color":"","overlay-opacity":"","overlay-gradient":""},"tablet":{"background-color":"var(--ast-global-color-4)","background-image":"","background-repeat":"repeat","background-position":"center center","background-size":"auto","background-attachment":"scroll","background-type":"","background-media":"","overlay-type":"","overlay-color":"","overlay-opacity":"","overlay-gradient":""},"mobile":{"background-color":"var(--ast-global-color-4)","background-image":"","background-repeat":"repeat","background-position":"center center","background-size":"auto","background-attachment":"scroll","background-type":"","background-media":"","overlay-type":"","overlay-color":"","overlay-opacity":"","overlay-gradient":""}}},"animal":[117],"product_brand":[],"product_cat":[25],"product_tag":[279],"class_list":{"0":"post-3699","1":"product","2":"type-product","3":"status-publish","4":"has-post-thumbnail","6":"animal-chat","7":"product_cat-sante-defenses-animaux","8":"product_tag-plantillac","9":"desktop-align-left","10":"tablet-align-left","11":"mobile-align-left","13":"first","14":"instock","15":"shipping-taxable","16":"product-type-simple"},"acf":{"title_indications":"Sur le virus de l'herp\u00e8s f\u00e9lin (HVF-1)","description_indication":"Le virus de l'herp\u00e8svirus f\u00e9lin de type 1 est une infection virale qui affecte les chats du monde entier, \u00e9tant l'une des principales causes d'infections respiratoires chez les chats domestiques. Il est \u00e9galement connu sous le nom de virus de la rhinotrach\u00e9ite f\u00e9line, car il provoque des sympt\u00f4mes respiratoires chez les f\u00e9lins.\r\n\r\n&nbsp;\r\n\r\n&nbsp;","items_indication":[{"imagen":3691,"title":"Sympt\u00f4mes du virus de l'herp\u00e8s f\u00e9lin","description":"Les chats infect\u00e9s par le HVF-1 peuvent pr\u00e9senter une s\u00e9rie de signes cliniques principalement li\u00e9s aux voies respiratoires sup\u00e9rieures.\r\n<ul>\r\n \t<li>\u00c9ternuements et toux.<\/li>\r\n \t<li>\u00c9coulement nasal et oculaire.<\/li>\r\n \t<li>Fi\u00e8vre.<\/li>\r\n \t<li>L\u00e9thargie.<\/li>\r\n \t<li>Dans les cas les plus graves, l'infection peut entra\u00eener des ulc\u00e8res dans la bouche et des difficult\u00e9s respiratoires.<\/li>\r\n<\/ul>"},{"imagen":3690,"title":"Transmission","description":"Il est important de souligner que les chats peuvent porter le virus toute leur vie, et les \u00e9pisodes de r\u00e9activation de la maladie respiratoire sont fr\u00e9quents, surtout dans des situations de stress.\r\n\r\nLe HVF-1 se propage principalement par contact direct entre les chats infect\u00e9s (toilettage mutuel ou inhalation de particules virales dans l'environnement). Il est \u00e9galement transmissible de la m\u00e8re aux petits.\r\n\r\nRappelez-vous que devant tout sympt\u00f4me ou comportement \u00e9trange, vous devez consulter votre v\u00e9t\u00e9rinaire pour qu'il r\u00e9alise le diagnostic et le traitement appropri\u00e9."}],"title_beneficios":"En quoi les nutriments de Lysinviral Plus\u00ae aident-ils \u00e0 la sant\u00e9 et aux d\u00e9fenses des chats ?","description_benefits":"Lysinviral Plus\u00ae est un compl\u00e9ment alimentaire qui fournit des nutriments pour :\r\n\r\n&nbsp;\r\n\r\n&nbsp;","items_benefits":[{"imagen":3492,"title":"","description":"Contribuer \u00e0 stabiliser la flore intestinale."}],"items_presentaciones":[{"title":"Lysinviral Plus\u00ae","description":"Flacon de 50 ml avec seringue doseuse.\r\n\r\n&nbsp;","imagen":3688}],"description_ingredients":"","items_ingredients":[{"title":"L-Lysine\r\n\r\n&nbsp;\r\n\r\n&nbsp;","description":"An amino acid known for its antiviral properties.\r\n\r\n&nbsp;"},{"title":"Huile de poisson (EPA et DHA)\r\n\r\n&nbsp;\r\n\r\n&nbsp;","description":"Apporte des Om\u00e9ga 3.\r\n\r\n&nbsp;\r\n\r\n&nbsp;"},{"title":"Son de avoine\r\n\r\n&nbsp;\r\n\r\n&nbsp;","description":"Apporte des b\u00eata-glucanes.\r\n\r\n&nbsp;\r\n\r\n&nbsp;"},{"title":"Enterococcus faecium\r\n\r\n&nbsp;\r\n\r\n&nbsp;","description":"Aide \u00e0 r\u00e9\u00e9quilibrer la microflore intestinale en \u00e9liminant les micro-organismes pathog\u00e8nes, contribuant ainsi \u00e0 la r\u00e9ponse immunitaire sp\u00e9cifique et non sp\u00e9cifique normales.\r\n\r\n&nbsp;\r\n\r\n&nbsp;"},{"title":"Taurine\r\n\r\n&nbsp;\r\n\r\n&nbsp;","description":"Nutriment essentiel pour les chats.\r\n\r\n&nbsp;\r\n\r\n&nbsp;"}],"video":"","items_Instructions_for_use":[{"title":" Chatons (moins de 6 mois)","description":"1-2 ml\/jour\r\n\r\n&nbsp;"},{"title":"Chats adultes (plus de 6 mois)","description":"2-4 ml\/jour\r\n\r\n&nbsp;\r\n\r\n&nbsp;"},{"title":"Autres indications","description":"Voie orale.\r\n\r\nAgiter le flacon avant usage.\r\n\r\nPrendre directement ou bien m\u00e9lang\u00e9 avec la nourriture habituelle.\r\n\r\nIl est recommand\u00e9 de l'utiliser pendant 2 \u00e0 3 semaines."}],"image_banner_scientific_study_copiar":"","title_banner_scientific_study":"","description_banner_scientific_study":"","Scientific_study_banner":"","studies":null,"bibliografy_text":"","features":[{"image":1262,"title":"Pas de prot\u00e9ines de poulet"},{"image":1218,"title":"Agiter avant usage."},{"image":1267,"title":"Sans colorants"}],"ficha_tecnica":3689},"_links":{"self":[{"href":"https:\/\/beta.pharmadiet.com\/fr\/wp-json\/wp\/v2\/product\/3699","targetHints":{"allow":["GET"]}}],"collection":[{"href":"https:\/\/beta.pharmadiet.com\/fr\/wp-json\/wp\/v2\/product"}],"about":[{"href":"https:\/\/beta.pharmadiet.com\/fr\/wp-json\/wp\/v2\/types\/product"}],"replies":[{"embeddable":true,"href":"https:\/\/beta.pharmadiet.com\/fr\/wp-json\/wp\/v2\/comments?post=3699"}],"version-history":[{"count":12,"href":"https:\/\/beta.pharmadiet.com\/fr\/wp-json\/wp\/v2\/product\/3699\/revisions"}],"predecessor-version":[{"id":17595,"href":"https:\/\/beta.pharmadiet.com\/fr\/wp-json\/wp\/v2\/product\/3699\/revisions\/17595"}],"wp:featuredmedia":[{"embeddable":true,"href":"https:\/\/beta.pharmadiet.com\/fr\/wp-json\/wp\/v2\/media\/3688"}],"wp:attachment":[{"href":"https:\/\/beta.pharmadiet.com\/fr\/wp-json\/wp\/v2\/media?parent=3699"}],"wp:term":[{"taxonomy":"animal","embeddable":true,"href":"https:\/\/beta.pharmadiet.com\/fr\/wp-json\/wp\/v2\/animal?post=3699"},{"taxonomy":"product_brand","embeddable":true,"href":"https:\/\/beta.pharmadiet.com\/fr\/wp-json\/wp\/v2\/product_brand?post=3699"},{"taxonomy":"product_cat","embeddable":true,"href":"https:\/\/beta.pharmadiet.com\/fr\/wp-json\/wp\/v2\/product_cat?post=3699"},{"taxonomy":"product_tag","embeddable":true,"href":"https:\/\/beta.pharmadiet.com\/fr\/wp-json\/wp\/v2\/product_tag?post=3699"}],"curies":[{"name":"wp","href":"https:\/\/api.w.org\/{rel}","templated":true}]}}