{"id":3681,"date":"2025-08-04T16:29:54","date_gmt":"2025-08-04T14:29:54","guid":{"rendered":"https:\/\/beta.pharmadiet.com\/?post_type=product&#038;p=3681"},"modified":"2025-12-23T09:59:54","modified_gmt":"2025-12-23T08:59:54","slug":"lagrinet-neo","status":"publish","type":"product","link":"https:\/\/beta.pharmadiet.com\/fr\/productos\/lagrinet-neo\/","title":{"rendered":"Lagrinet\u00ae Neo"},"content":{"rendered":"<p>Solution hydratante. Produit pour l&rsquo;hygi\u00e8ne et le soin oculaire.<\/p>\n<ul>\n<li>Solution st\u00e9rile<\/li>\n<li>3 mois d&rsquo;utilisation apr\u00e8s ouverture<\/li>\n<li>Syst\u00e8me multidose OSD<\/li>\n<li>Utilisation continue<\/li>\n<\/ul>\n","protected":false},"excerpt":{"rendered":"<p>Solution hydratante. Produit pour l&rsquo;hygi\u00e8ne et le soin oculaire.<\/p>\n<p>&nbsp;<\/p>\n","protected":false},"featured_media":3682,"comment_status":"open","ping_status":"closed","template":"","meta":{"_acf_changed":false,"site-sidebar-layout":"default","site-content-layout":"","ast-site-content-layout":"default","site-content-style":"default","site-sidebar-style":"default","ast-global-header-display":"","ast-banner-title-visibility":"","ast-main-header-display":"","ast-hfb-above-header-display":"","ast-hfb-below-header-display":"","ast-hfb-mobile-header-display":"","site-post-title":"","ast-breadcrumbs-content":"","ast-featured-img":"","footer-sml-layout":"","theme-transparent-header-meta":"default","adv-header-id-meta":"","stick-header-meta":"","header-above-stick-meta":"","header-main-stick-meta":"","header-below-stick-meta":"","astra-migrate-meta-layouts":"set","ast-page-background-enabled":"default","ast-page-background-meta":{"desktop":{"background-color":"var(--ast-global-color-5)","background-image":"","background-repeat":"repeat","background-position":"center center","background-size":"auto","background-attachment":"scroll","background-type":"","background-media":"","overlay-type":"","overlay-color":"","overlay-opacity":"","overlay-gradient":""},"tablet":{"background-color":"","background-image":"","background-repeat":"repeat","background-position":"center center","background-size":"auto","background-attachment":"scroll","background-type":"","background-media":"","overlay-type":"","overlay-color":"","overlay-opacity":"","overlay-gradient":""},"mobile":{"background-color":"","background-image":"","background-repeat":"repeat","background-position":"center center","background-size":"auto","background-attachment":"scroll","background-type":"","background-media":"","overlay-type":"","overlay-color":"","overlay-opacity":"","overlay-gradient":""}},"ast-content-background-meta":{"desktop":{"background-color":"var(--ast-global-color-4)","background-image":"","background-repeat":"repeat","background-position":"center center","background-size":"auto","background-attachment":"scroll","background-type":"","background-media":"","overlay-type":"","overlay-color":"","overlay-opacity":"","overlay-gradient":""},"tablet":{"background-color":"var(--ast-global-color-4)","background-image":"","background-repeat":"repeat","background-position":"center center","background-size":"auto","background-attachment":"scroll","background-type":"","background-media":"","overlay-type":"","overlay-color":"","overlay-opacity":"","overlay-gradient":""},"mobile":{"background-color":"var(--ast-global-color-4)","background-image":"","background-repeat":"repeat","background-position":"center center","background-size":"auto","background-attachment":"scroll","background-type":"","background-media":"","overlay-type":"","overlay-color":"","overlay-opacity":"","overlay-gradient":""}}},"animal":[117,151,119,118,149,223,120,150],"product_brand":[],"product_cat":[30],"product_tag":[279],"class_list":{"0":"post-3681","1":"product","2":"type-product","3":"status-publish","4":"has-post-thumbnail","6":"animal-chat","7":"animal-cheval","8":"animal-chien","9":"animal-furet","10":"animal-lapin","11":"animal-oiseau","12":"animal-reptile","13":"animal-rongeur","14":"product_cat-sante-oculaire-animaux","15":"product_tag-plantillac","16":"desktop-align-left","17":"tablet-align-left","18":"mobile-align-left","20":"first","21":"instock","22":"shipping-taxable","23":"product-type-simple"},"acf":{"title_indications":"","description_indication":"","items_indication":[{"imagen":"","title":"Yeux secs chez les chiens et autres animaux de compagnie : Probl\u00e8mes et Soins","description":"L'hyposecr\u00e9tion lacrymale est un terme m\u00e9dical qui fait r\u00e9f\u00e9rence \u00e0 un probl\u00e8me dans lequel les yeux d'un chien ou d'un chat ne produisent pas suffisamment de larmes. Les larmes sont des liquides sp\u00e9ciaux qui maintiennent les yeux humides et en bonne sant\u00e9. Elles sont essentielles pour la sant\u00e9 oculaire et le confort de nos animaux de compagnie.\r\n\r\n&nbsp;\r\n\r\n&nbsp;"},{"imagen":3684,"title":"Probl\u00e8mes associ\u00e9s aux yeux secs chez les chiens, les chats et autres animaux","description":"Lorsqu'un chien ou un chat souffre d'hyposecr\u00e9tion lacrymale (syndrome de l'\u0153il sec), plusieurs probl\u00e8mes peuvent survenir :\r\n\r\nYeux secs et irrit\u00e9s: Le manque de larmes peut rendre les yeux secs et inconfortables. Cela peut entra\u00eener des d\u00e9mangeaisons, des br\u00fblures et des yeux rouges.\r\n\r\nPlus grande susceptibilit\u00e9 aux infections :Les larmes ne maintiennent pas seulement les yeux humides, mais elles aident \u00e9galement \u00e0 les prot\u00e9ger contre les infections oculaires.\r\n\r\nVision floue : Le manque de larmes peut rendre difficile pour votre animal de voir clairement.\r\n\r\n&nbsp;"},{"imagen":3685,"title":"","description":"<strong>Damage to the ocular surface<\/strong>: Over time, lacrimal hyposecretion can damage the eye's surface, which can be painful and lead to more serious problems.\r\n\r\nIf you notice that your dog or cat has red, dry, or irritated eyes, it is important to take them to the veterinarian. The veterinarian can perform an eye exam and recommend the appropriate treatment, which may include saline solution, artificial tears, or medications to help keep your pet's eyes healthy and comfortable.\r\n\r\nDommages \u00e0 la surface oculaire :Avec le temps, l'hyposecr\u00e9tion lacrymale peut endommager la surface de l'\u0153il, ce qui peut \u00eatre douloureux et entra\u00eener des probl\u00e8mes plus graves.\r\n\r\nSi vous remarquez que votre chien ou votre chat a les yeux rouges, secs ou irrit\u00e9s, il est important de l'emmener chez le v\u00e9t\u00e9rinaire. Le v\u00e9t\u00e9rinaire peut effectuer un examen oculaire et recommander le traitement appropri\u00e9, qui pourrait inclure du s\u00e9rum physiologique, des larmes artificielles ou des m\u00e9dicaments pour aider \u00e0 maintenir les yeux de votre animal en bonne sant\u00e9 et confortables."}],"title_beneficios":"Comment Lacgrinet\u00ae Neo aide \u00e0 la sant\u00e9 oculaire de vos animaux de compagnie :","description_benefits":"Lagrinet\u00ae Neo est une solution lubrifiante et hydratante qui agit comme une larme artificielle. En aidant \u00e0 :\r\n\r\n&nbsp;","items_benefits":[{"imagen":1242,"title":"Maintenir l'int\u00e9grit\u00e9 de la surface conjonctivale","description":"Gr\u00e2ce \u00e0 son action filmog\u00e8ne et \u00e0 son absence de conservateurs, elle \u00e9vite les effets nocifs sur l'\u00e9pith\u00e9lium corn\u00e9en, permettant une fr\u00e9quence d'application plus \u00e9lev\u00e9e et am\u00e9liorant ainsi les r\u00e9sultats \u00e0 long terme.\r\n\r\n&nbsp;"},{"imagen":3481,"title":"Maintenir l'hydratation et la lubrification oculaire","description":"Gr\u00e2ce \u00e0 sa solution lubrifiante et hydratante qui agit comme une larme artificielle.\r\n\r\n&nbsp;"},{"imagen":3492,"title":"Prot\u00e9ger la surface de l'\u0153il","description":"Contre les irritations caus\u00e9es par les corps \u00e9trangers ou le contact avec des allerg\u00e8nes.\r\n\r\n&nbsp;"}],"items_presentaciones":[{"title":"Lagrinet\u00ae Neo","description":"Flacon multidose OSD de 10 ml de solution st\u00e9rile hypoosmolaire. Gr\u00e2ce \u00e0 son doseur OSD, la st\u00e9rilit\u00e9 est maintenue et la contamination du produit \u00e0 l'int\u00e9rieur du flacon est \u00e9vit\u00e9e.\r\n\r\n&nbsp;\r\n\r\n&nbsp;","imagen":3682}],"description_ingredients":"","items_ingredients":[{"title":"Acide hyaluronique\r\n\r\n&nbsp;","description":"C'est un glycosaminoglycane visco\u00e9lastique qui, gr\u00e2ce \u00e0 sa grande capacit\u00e9 de r\u00e9tention d'eau, contraste la s\u00e9cheresse oculaire en fournissant une hydratation et une lubrification durables \u00e0 la surface de la conjonctive et \u00e0 l'\u00e9pith\u00e9lium corn\u00e9en, permettant une meilleure adh\u00e9sion du film lacrymal. De plus, il exerce une action filmog\u00e8ne protectrice contre les corps \u00e9trangers, tels que la poussi\u00e8re et la salet\u00e9 du sol, ainsi que contre le contact avec les allerg\u00e8nes.\r\n\r\n&nbsp;"},{"title":"Eau distill\u00e9e d'aloe vera\r\n\r\n&nbsp;\r\n\r\n&nbsp;","description":"Connue pour ses propri\u00e9t\u00e9s hydratantes, \u00e9mollientes et cicatrisantes des petites plaies.\r\n\r\n&nbsp;\r\n\r\n&nbsp;"},{"title":"Eau distill\u00e9e de Centella asiatica\r\n\r\n&nbsp;\r\n\r\n&nbsp;","description":"Aide \u00e0 favoriser la gu\u00e9rison des plaies de l'\u00e9pith\u00e9lium corn\u00e9en.\r\n\r\n&nbsp;\r\n\r\n&nbsp;"}],"video":"","items_Instructions_for_use":[{"title":"G\u00e9n\u00e9ral","description":"Usage externe.\r\nOuvrir le flacon et appliquer 1 goutte sur la surface de chaque \u0153il en pressant le flacon.*\r\nUne fois ouvert, peut \u00eatre utilis\u00e9 jusqu'\u00e0 3 mois gr\u00e2ce au syst\u00e8me multidose OSD.\r\n\u00c9vitez le contact de l'applicateur avec toute surface.\r\nUtilisation continue.\r\nPeut \u00eatre utilis\u00e9 aussi souvent que n\u00e9cessaire car il ne contient pas de conservateurs.\r\n\r\n&nbsp;"}],"image_banner_scientific_study_copiar":"","title_banner_scientific_study":"","description_banner_scientific_study":"","Scientific_study_banner":"","studies":null,"bibliografy_text":"","features":null,"ficha_tecnica":3683},"_links":{"self":[{"href":"https:\/\/beta.pharmadiet.com\/fr\/wp-json\/wp\/v2\/product\/3681","targetHints":{"allow":["GET"]}}],"collection":[{"href":"https:\/\/beta.pharmadiet.com\/fr\/wp-json\/wp\/v2\/product"}],"about":[{"href":"https:\/\/beta.pharmadiet.com\/fr\/wp-json\/wp\/v2\/types\/product"}],"replies":[{"embeddable":true,"href":"https:\/\/beta.pharmadiet.com\/fr\/wp-json\/wp\/v2\/comments?post=3681"}],"version-history":[{"count":11,"href":"https:\/\/beta.pharmadiet.com\/fr\/wp-json\/wp\/v2\/product\/3681\/revisions"}],"predecessor-version":[{"id":17592,"href":"https:\/\/beta.pharmadiet.com\/fr\/wp-json\/wp\/v2\/product\/3681\/revisions\/17592"}],"wp:featuredmedia":[{"embeddable":true,"href":"https:\/\/beta.pharmadiet.com\/fr\/wp-json\/wp\/v2\/media\/3682"}],"wp:attachment":[{"href":"https:\/\/beta.pharmadiet.com\/fr\/wp-json\/wp\/v2\/media?parent=3681"}],"wp:term":[{"taxonomy":"animal","embeddable":true,"href":"https:\/\/beta.pharmadiet.com\/fr\/wp-json\/wp\/v2\/animal?post=3681"},{"taxonomy":"product_brand","embeddable":true,"href":"https:\/\/beta.pharmadiet.com\/fr\/wp-json\/wp\/v2\/product_brand?post=3681"},{"taxonomy":"product_cat","embeddable":true,"href":"https:\/\/beta.pharmadiet.com\/fr\/wp-json\/wp\/v2\/product_cat?post=3681"},{"taxonomy":"product_tag","embeddable":true,"href":"https:\/\/beta.pharmadiet.com\/fr\/wp-json\/wp\/v2\/product_tag?post=3681"}],"curies":[{"name":"wp","href":"https:\/\/api.w.org\/{rel}","templated":true}]}}