{"id":3674,"date":"2025-08-04T16:23:00","date_gmt":"2025-08-04T14:23:00","guid":{"rendered":"https:\/\/beta.pharmadiet.com\/?post_type=product&#038;p=3674"},"modified":"2025-12-15T17:35:26","modified_gmt":"2025-12-15T16:35:26","slug":"lactadiet-chien","status":"publish","type":"product","link":"https:\/\/beta.pharmadiet.com\/fr\/productos\/lactadiet-chien\/","title":{"rendered":"Lactadiet\u00ae  Chien avec Colostrum"},"content":{"rendered":"<p>Lactadiet\u00ae Chiens avec Colostrum fournit des nutriments d&rsquo;aide pour :<\/p>\n<ul>\n<li>Le d\u00e9veloppement des chatons nouveau-n\u00e9s orphelins, incapables de t\u00e9ter ou avec d&rsquo;autres probl\u00e8mes d&rsquo;allaitement.<\/li>\n<li>Le d\u00e9veloppement des tissus c\u00e9r\u00e9braux et visuels.<\/li>\n<li>Soutenir le syst\u00e8me immunitaire.<\/li>\n<\/ul>\n","protected":false},"excerpt":{"rendered":"<p>Aliment compl\u00e9mentaire lact\u00e9 enrichi en nutriments favorisant le d\u00e9veloppement des chiots et des rongeurs nouveau-n\u00e9s jusqu&rsquo;au sevrage.<\/p>\n","protected":false},"featured_media":3675,"comment_status":"open","ping_status":"closed","template":"","meta":{"_acf_changed":false,"site-sidebar-layout":"default","site-content-layout":"","ast-site-content-layout":"default","site-content-style":"default","site-sidebar-style":"default","ast-global-header-display":"","ast-banner-title-visibility":"","ast-main-header-display":"","ast-hfb-above-header-display":"","ast-hfb-below-header-display":"","ast-hfb-mobile-header-display":"","site-post-title":"","ast-breadcrumbs-content":"","ast-featured-img":"","footer-sml-layout":"","theme-transparent-header-meta":"default","adv-header-id-meta":"","stick-header-meta":"","header-above-stick-meta":"","header-main-stick-meta":"","header-below-stick-meta":"","astra-migrate-meta-layouts":"set","ast-page-background-enabled":"default","ast-page-background-meta":{"desktop":{"background-color":"var(--ast-global-color-5)","background-image":"","background-repeat":"repeat","background-position":"center center","background-size":"auto","background-attachment":"scroll","background-type":"","background-media":"","overlay-type":"","overlay-color":"","overlay-opacity":"","overlay-gradient":""},"tablet":{"background-color":"","background-image":"","background-repeat":"repeat","background-position":"center center","background-size":"auto","background-attachment":"scroll","background-type":"","background-media":"","overlay-type":"","overlay-color":"","overlay-opacity":"","overlay-gradient":""},"mobile":{"background-color":"","background-image":"","background-repeat":"repeat","background-position":"center center","background-size":"auto","background-attachment":"scroll","background-type":"","background-media":"","overlay-type":"","overlay-color":"","overlay-opacity":"","overlay-gradient":""}},"ast-content-background-meta":{"desktop":{"background-color":"var(--ast-global-color-4)","background-image":"","background-repeat":"repeat","background-position":"center center","background-size":"auto","background-attachment":"scroll","background-type":"","background-media":"","overlay-type":"","overlay-color":"","overlay-opacity":"","overlay-gradient":""},"tablet":{"background-color":"var(--ast-global-color-4)","background-image":"","background-repeat":"repeat","background-position":"center center","background-size":"auto","background-attachment":"scroll","background-type":"","background-media":"","overlay-type":"","overlay-color":"","overlay-opacity":"","overlay-gradient":""},"mobile":{"background-color":"var(--ast-global-color-4)","background-image":"","background-repeat":"repeat","background-position":"center center","background-size":"auto","background-attachment":"scroll","background-type":"","background-media":"","overlay-type":"","overlay-color":"","overlay-opacity":"","overlay-gradient":""}}},"animal":[119,150],"product_brand":[],"product_cat":[233],"product_tag":[279],"class_list":{"0":"post-3674","1":"product","2":"type-product","3":"status-publish","4":"has-post-thumbnail","6":"animal-chien","7":"animal-rongeur","8":"product_cat-laits-maternises-animaux","9":"product_tag-plantillac","10":"desktop-align-left","11":"tablet-align-left","12":"mobile-align-left","14":"first","15":"instock","16":"shipping-taxable","17":"product-type-simple"},"acf":{"title_indications":"","description_indication":"","items_indication":[{"imagen":"","title":"Soins et risques chez les chiots nouveau-n\u00e9s","description":"Les chiots nouveau-n\u00e9s ou \u00e2g\u00e9s de quelques semaines peuvent voir leur d\u00e9veloppement correct compromis s'ils ne b\u00e9n\u00e9ficient pas de conditions et d'alimentation appropri\u00e9es, en particulier s'ils manquent de lait maternel.Les chiots nouveau-n\u00e9s ou \u00e2g\u00e9s de quelques semaines peuvent voir leur d\u00e9veloppement correct compromis s'ils ne b\u00e9n\u00e9ficient pas de conditions et d'alimentation appropri\u00e9es, en particulier s'ils manquent de lait maternel.\r\n\r\nParmi les probl\u00e8mes les plus courants figurent la malnutrition, la d\u00e9shydratation et une immunit\u00e9 compromise. Le lait maternel fournit des nutriments et une immunit\u00e9 passive (anticorps maternels), prot\u00e9geant le nouveau-n\u00e9 contre les infections et les maladies.\r\n\r\n&nbsp;"},{"imagen":3678,"title":"Certains soins recommand\u00e9s pour un chiot nouveau-n\u00e9, en particulier s'il est priv\u00e9 de sa m\u00e8re, sont les suivants :","description":"Alimentation correcte. Avec des nutriments essentiels qui contribuent \u00e0 un d\u00e9veloppement et une croissance harmonieux.\r\n\r\nNettoyage comme le ferait sa m\u00e8re. Nettoyer \u00e0 l\u2019aide d\u2019un chiffon humide, en frottant l\u2019abdomen en exer\u00e7ant une l\u00e9g\u00e8re pression en direction de l\u2019anus (ce qui stimule la digestion)."},{"imagen":3679,"title":"","description":"Fournir une source de chaleur et veiller \u00e0 ce que la literie soit toujours s\u00e8che.\r\n\r\nEncourager le mouvement, mais rappelez-vous qu'ils ne devraient pas sortir \u00e0 l'ext\u00e9rieur sans leur vaccination compl\u00e8te."}],"title_beneficios":"En quoi Lactadiet Chiens avec Colostrum aide-t-il au d\u00e9veloppement des petits ?","description_benefits":"","items_benefits":[{"imagen":1251,"title":"Le d\u00e9veloppement des chiots nouveau-n\u00e9s","description":"Pour les chiots orphelins, incapables de t\u00e9ter ou ayant des probl\u00e8mes d'allaitement. Lactadiet chiens avec colostrum fournit des nutriments adapt\u00e9s pour un d\u00e9veloppement correct.\r\n\r\n&nbsp;\r\n\r\n&nbsp;"},{"imagen":1237,"title":"Le d\u00e9veloppement normal des tissus c\u00e9r\u00e9braux et visuels","description":"chez les chiots nouveau-n\u00e9s ou \u00e2g\u00e9s de quelques mois seulement.\r\n\r\n&nbsp;\r\n\r\n&nbsp;"},{"imagen":1238,"title":"","description":"Le soutien d'un syst\u00e8me immunitaire normal"}],"items_presentaciones":[{"title":"Lactadiet\u00ae Chien avec Colostrum","description":"Bo\u00eete de 300 g avec 40 sachets de 7,5 g chacun (comprend un biberon et 3 t\u00e9tines de taille adapt\u00e9e pour le b\u00e9b\u00e9).\r\n\r\n&nbsp;\r\n\r\n&nbsp;","imagen":3675},{"title":"","description":"Bo\u00eete de 1 005 g avec 134 sachets de 7,5 g chacun (comprend un biberon et 3 t\u00e9tines de taille adapt\u00e9e pour le b\u00e9b\u00e9).\r\n\r\n&nbsp;\r\n\r\n&nbsp;","imagen":3677}],"description_ingredients":"","items_ingredients":[{"title":"Min\u00e9raux\r\n\r\n&nbsp;\r\n\r\n&nbsp;","description":"Calcium, phosphore, magn\u00e9sium, potassium, chlore, mangan\u00e8se, zinc, cuivre, fer, s\u00e9l\u00e9nium et iode. Parmi de nombreuses fonctions, ils contribuent au bon d\u00e9veloppement du petit.\r\n\r\n&nbsp;\r\n\r\n&nbsp;"},{"title":"Vitamines hydrosolubles et liposolubles\r\n\r\n&nbsp;\r\n\r\n&nbsp;","description":"Vitamine A et vitamines du groupe B : niacine (B3), thiamine (B1), riboflavine (B2), chlorure de choline), acide pantoth\u00e9nique, pyridoxine (B6), biotine), acide folique et cyanocobalamine (B12), vitamine C, vitamine D3,) vitamine E, vitamine K. Elles contribuent au bon d\u00e9veloppement au stade initial de croissance de l'animal.\r\n\r\n&nbsp;\r\n\r\n&nbsp;"},{"title":"Acides gras\r\n\r\n&nbsp;","description":"Acide linol\u00e9ique (Om\u00e9ga 6), Acide alpha-linol\u00e9nique, EPA + DHA (Om\u00e9ga 3). Contribuent au bon d\u00e9veloppement des diff\u00e9rents organes corporels.\r\n\r\n&nbsp;\r\n\r\n&nbsp;"},{"title":"Colostrum","description":"C'est une source \u00e9lev\u00e9e de prot\u00e9ines et d'autres nutriments ayant un r\u00f4le essentiel dans le d\u00e9veloppement du syst\u00e8me immunitaire du chiot.\r\n\r\n&nbsp;"}],"video":"","items_Instructions_for_use":[{"title":"G\u00e9n\u00e9ral","description":"Voie orale.\r\n\r\n1. Chauffer de l'eau \u00e0 une temp\u00e9rature d'environ 40 \u00b0C.\r\n2. Verser dans le biberon puis ajouter 1 sachet de lait maternis\u00e9 en poudre pour chaque 30 ml d'eau.\r\n3. Agiter jusqu'\u00e0 obtenir un m\u00e9lange homog\u00e8ne.\r\n4. Servir dans l'heure suivant la pr\u00e9paration.\r\n5. Une fois reconstitu\u00e9, conserver au r\u00e9frig\u00e9rateur.\r\n6. Agiter avant utilisation."},{"title":"Chien et rongeur","description":"Le nombre de prises par jour et la quantit\u00e9 quotidienne de lait maternis\u00e9 varient en fonction de l'\u00e2ge et du poids de chaque petit * Tableau indicatif du volume de lait n\u00e9cessaire pour un bon d\u00e9veloppement du petit :\r\n\r\n&nbsp;\r\n\r\n<img src=\"https:\/\/beta.pharmadiet.com\/fr\/wp-content\/uploads\/2025\/11\/Instrucciones-lactadiet-perros.png\" \/>\r\n\r\n*A partir de 45 jours d'\u00e2ge et jusqu'\u00e0 la fin du sevrage, le nombre de prises par jour et la quantit\u00e9 de lait maternis\u00e9 seront \u00e9tablis selon les besoins."}],"image_banner_scientific_study_copiar":"","title_banner_scientific_study":"","description_banner_scientific_study":"","Scientific_study_banner":"","studies":null,"bibliografy_text":"","features":[{"image":1262,"title":"Pas de prot\u00e9ines de poulet"},{"image":1222,"title":"Comprend un biberon avec 3 t\u00e9tines"},{"image":1267,"title":"Sans conservateurs"}],"ficha_tecnica":3676},"_links":{"self":[{"href":"https:\/\/beta.pharmadiet.com\/fr\/wp-json\/wp\/v2\/product\/3674","targetHints":{"allow":["GET"]}}],"collection":[{"href":"https:\/\/beta.pharmadiet.com\/fr\/wp-json\/wp\/v2\/product"}],"about":[{"href":"https:\/\/beta.pharmadiet.com\/fr\/wp-json\/wp\/v2\/types\/product"}],"replies":[{"embeddable":true,"href":"https:\/\/beta.pharmadiet.com\/fr\/wp-json\/wp\/v2\/comments?post=3674"}],"version-history":[{"count":11,"href":"https:\/\/beta.pharmadiet.com\/fr\/wp-json\/wp\/v2\/product\/3674\/revisions"}],"predecessor-version":[{"id":17590,"href":"https:\/\/beta.pharmadiet.com\/fr\/wp-json\/wp\/v2\/product\/3674\/revisions\/17590"}],"wp:featuredmedia":[{"embeddable":true,"href":"https:\/\/beta.pharmadiet.com\/fr\/wp-json\/wp\/v2\/media\/3675"}],"wp:attachment":[{"href":"https:\/\/beta.pharmadiet.com\/fr\/wp-json\/wp\/v2\/media?parent=3674"}],"wp:term":[{"taxonomy":"animal","embeddable":true,"href":"https:\/\/beta.pharmadiet.com\/fr\/wp-json\/wp\/v2\/animal?post=3674"},{"taxonomy":"product_brand","embeddable":true,"href":"https:\/\/beta.pharmadiet.com\/fr\/wp-json\/wp\/v2\/product_brand?post=3674"},{"taxonomy":"product_cat","embeddable":true,"href":"https:\/\/beta.pharmadiet.com\/fr\/wp-json\/wp\/v2\/product_cat?post=3674"},{"taxonomy":"product_tag","embeddable":true,"href":"https:\/\/beta.pharmadiet.com\/fr\/wp-json\/wp\/v2\/product_tag?post=3674"}],"curies":[{"name":"wp","href":"https:\/\/api.w.org\/{rel}","templated":true}]}}