{"id":3656,"date":"2025-07-31T17:07:38","date_gmt":"2025-07-31T15:07:38","guid":{"rendered":"https:\/\/beta.pharmadiet.com\/?post_type=product&#038;p=3656"},"modified":"2025-12-15T17:15:47","modified_gmt":"2025-12-15T16:15:47","slug":"lactadiet-chats","status":"publish","type":"product","link":"https:\/\/beta.pharmadiet.com\/fr\/productos\/lactadiet-chats\/","title":{"rendered":"Lactadiet\u00ae Chats avec Colostrum"},"content":{"rendered":"<p>Lactadiet\u00ae Chats avec Colostrum fournit des nutriments d&rsquo;aide pour :<\/p>\n<ul>\n<li>Le d\u00e9veloppement des chatons nouveau-n\u00e9s orphelins, incapables de t\u00e9ter ou avec d&rsquo;autres probl\u00e8mes d&rsquo;allaitement.<\/li>\n<li>Le d\u00e9veloppement des tissus c\u00e9r\u00e9braux et visuels chez les chatons nouveau-n\u00e9s ou de quelques semaines seulement.<\/li>\n<li>Le soutien au syst\u00e8me immunitaire.<\/li>\n<\/ul>\n","protected":false},"excerpt":{"rendered":"<p>Aliment compl\u00e9mentaire lact\u00e9 enrichi en nutriments qui contribuent au d\u00e9veloppement du petit du sevrage au sevrage. Avec Colostrum. Indiqu\u00e9 pour les chats et les furets.<\/p>\n","protected":false},"featured_media":3657,"comment_status":"open","ping_status":"closed","template":"","meta":{"_acf_changed":false,"site-sidebar-layout":"default","site-content-layout":"","ast-site-content-layout":"default","site-content-style":"default","site-sidebar-style":"default","ast-global-header-display":"","ast-banner-title-visibility":"","ast-main-header-display":"","ast-hfb-above-header-display":"","ast-hfb-below-header-display":"","ast-hfb-mobile-header-display":"","site-post-title":"","ast-breadcrumbs-content":"","ast-featured-img":"","footer-sml-layout":"","theme-transparent-header-meta":"default","adv-header-id-meta":"","stick-header-meta":"","header-above-stick-meta":"","header-main-stick-meta":"","header-below-stick-meta":"","astra-migrate-meta-layouts":"set","ast-page-background-enabled":"default","ast-page-background-meta":{"desktop":{"background-color":"var(--ast-global-color-5)","background-image":"","background-repeat":"repeat","background-position":"center center","background-size":"auto","background-attachment":"scroll","background-type":"","background-media":"","overlay-type":"","overlay-color":"","overlay-opacity":"","overlay-gradient":""},"tablet":{"background-color":"","background-image":"","background-repeat":"repeat","background-position":"center center","background-size":"auto","background-attachment":"scroll","background-type":"","background-media":"","overlay-type":"","overlay-color":"","overlay-opacity":"","overlay-gradient":""},"mobile":{"background-color":"","background-image":"","background-repeat":"repeat","background-position":"center center","background-size":"auto","background-attachment":"scroll","background-type":"","background-media":"","overlay-type":"","overlay-color":"","overlay-opacity":"","overlay-gradient":""}},"ast-content-background-meta":{"desktop":{"background-color":"var(--ast-global-color-4)","background-image":"","background-repeat":"repeat","background-position":"center center","background-size":"auto","background-attachment":"scroll","background-type":"","background-media":"","overlay-type":"","overlay-color":"","overlay-opacity":"","overlay-gradient":""},"tablet":{"background-color":"var(--ast-global-color-4)","background-image":"","background-repeat":"repeat","background-position":"center center","background-size":"auto","background-attachment":"scroll","background-type":"","background-media":"","overlay-type":"","overlay-color":"","overlay-opacity":"","overlay-gradient":""},"mobile":{"background-color":"var(--ast-global-color-4)","background-image":"","background-repeat":"repeat","background-position":"center center","background-size":"auto","background-attachment":"scroll","background-type":"","background-media":"","overlay-type":"","overlay-color":"","overlay-opacity":"","overlay-gradient":""}}},"animal":[117,118],"product_brand":[],"product_cat":[233],"product_tag":[279],"class_list":{"0":"post-3656","1":"product","2":"type-product","3":"status-publish","4":"has-post-thumbnail","6":"animal-chat","7":"animal-furet","8":"product_cat-laits-maternises-animaux","9":"product_tag-plantillac","10":"desktop-align-left","11":"tablet-align-left","12":"mobile-align-left","14":"first","15":"instock","16":"shipping-taxable","17":"product-type-simple"},"acf":{"title_indications":"Comment prendre soin d'un chaton nouveau-n\u00e9 : probl\u00e8mes d'allaitement et plus encore","description_indication":"Les chatons nouveau-n\u00e9s orphelins ou ayant des difficult\u00e9s \u00e0 t\u00e9ter et \u00e0 allaiter peuvent rencontrer des probl\u00e8mes qui compromettent leur sant\u00e9, leur qualit\u00e9 de vie et leur survie.\r\n\r\nParmi les probl\u00e8mes les plus urgents auxquels est confront\u00e9 un petit nouveau-n\u00e9 ou \u00e2g\u00e9 de quelques jours seulement :","items_indication":[{"imagen":3663,"title":"Malnutrition","description":"Le manque de nutriments essentiels obtenus naturellement du lait maternel.\r\n\r\n&nbsp;\r\n\r\n&nbsp;"},{"imagen":3662,"title":"D\u00e9shydratation","description":"Le manque d'allaitement peut entra\u00eener une d\u00e9shydratation chez les chats et les furets nourris au lait maternel.\r\n\r\n&nbsp;\r\n\r\n&nbsp;"},{"imagen":3664,"title":"Immunit\u00e9 compromise","description":"Le lait maternel fournit \u00e9galement une immunit\u00e9 passive \u00e0 travers les anticorps maternels. Sans cette protection naturelle, ils sont plus susceptibles aux infections et aux maladies.\r\n\r\n&nbsp;\r\n\r\n&nbsp;"},{"imagen":3665,"title":"Probl\u00e8mes de d\u00e9veloppement","description":"Le manque d'une alimentation ad\u00e9quate pendant les premi\u00e8res semaines de vie peut affecter n\u00e9gativement le d\u00e9veloppement physique et cognitif des petits.\r\n\r\n&nbsp;"}],"title_beneficios":"En quoi Lactadiet Chats avec Colostrum aide-t-il au d\u00e9veloppement des petits ?","description_benefits":"Compl\u00e9ment alimentaire lact\u00e9 pour les chatons et les furets nouveau-n\u00e9s avec des nutriments qui aident \u00e0 :\r\n\r\n&nbsp;\r\n\r\n&nbsp;","items_benefits":[{"imagen":1251,"title":"Le d\u00e9veloppement des chatons nouveau-n\u00e9s","description":"Lactadiet est une source de nutriments adapt\u00e9s au d\u00e9veloppement et \u00e0 la croissance des chatons.\r\n\r\n&nbsp;\r\n\r\n&nbsp;"},{"imagen":1238,"title":"La croissance normale des tissus c\u00e9r\u00e9braux et visuels","description":"Ses min\u00e9raux, acides gras et vitamines contribuent au d\u00e9veloppement normal des cellules de l'animal.\r\n\r\n&nbsp;\r\n\r\n&nbsp;"}],"items_presentaciones":[{"title":"Lactadiet\u00ae Chats avec Colostrum","description":"<div class=\"bde-column-199-104-17424-1-199-2 bde-column bde-column-199-104\">\r\n<div class=\"bde-rich-text-199-116-17424-1-199-2 bde-rich-text bde-rich-text-199-116 breakdance-rich-text-styles\">\r\n<div class=\"bde-column-199-104-981-1-199-2 bde-column bde-column-199-104\">\r\n<div class=\"bde-rich-text-199-116-981-1-199-2 bde-rich-text bde-rich-text-199-116 breakdance-rich-text-styles\">\r\n<div class=\"bde-column-199-104-963-1-199-2 bde-column bde-column-199-104\">\r\n<div class=\"bde-rich-text-199-116-963-1-199-2 bde-rich-text bde-rich-text-199-116 breakdance-rich-text-styles\">\r\n<div class=\"bde-column-199-104-1050-1-199-2 bde-column bde-column-199-104\">\r\n<div class=\"bde-rich-text-199-116-1050-1-199-2 bde-rich-text bde-rich-text-199-116 breakdance-rich-text-styles\">\r\n<div class=\"bde-column-199-104-1000-1-199-2 bde-column bde-column-199-104\">\r\n<div class=\"bde-rich-text-199-116-1000-1-199-2 bde-rich-text bde-rich-text-199-116 breakdance-rich-text-styles\">\r\n<div class=\"bde-column-199-104-1085-1-199-2 bde-column bde-column-199-104\">\r\n<div class=\"bde-rich-text-199-116-1085-1-199-2 bde-rich-text bde-rich-text-199-116 breakdance-rich-text-styles\">\r\n<div class=\"bde-column-199-104-1091-1-199-2 bde-column bde-column-199-104\">\r\n<div class=\"bde-rich-text-199-116-1091-1-199-2 bde-rich-text bde-rich-text-199-116 breakdance-rich-text-styles\">\r\n<div class=\"bde-column-199-104-1124-1-199-2 bde-column bde-column-199-104\">\r\n<div class=\"bde-rich-text-199-116-1124-1-199-2 bde-rich-text bde-rich-text-199-116 breakdance-rich-text-styles\">\r\n<div class=\"bde-column-199-104-1100-1-199-2 bde-column bde-column-199-104\">\r\n<div class=\"bde-rich-text-199-116-1100-1-199-2 bde-rich-text bde-rich-text-199-116 breakdance-rich-text-styles\">\r\n\r\nBo\u00eete de 300 g contenant 40 sachets de 7,5 g chacun (inclut un biberon et 2 t\u00e9tines de taille adapt\u00e9e pour le chaton).\r\n\r\n&nbsp;\r\n\r\n&nbsp;\r\n\r\n<\/div>\r\n<\/div>\r\n<div class=\"bde-column-199-105-1100-1-199-2 bde-column bde-column-199-105\">\r\n<div class=\"bde-image-199-108-1100-1-199-2 bde-image bde-image-199-108\">\r\n<figure class=\"breakdance-image breakdance-image--1102\">\r\n<div class=\"breakdance-image-container\"><\/div><\/figure>\r\n<\/div>\r\n<\/div>\r\n<\/div>\r\n<\/div>\r\n<div class=\"bde-column-199-105-1124-1-199-2 bde-column bde-column-199-105\">\r\n<div class=\"bde-image-199-108-1124-1-199-2 bde-image bde-image-199-108\">\r\n<figure class=\"breakdance-image breakdance-image--1125\">\r\n<div class=\"breakdance-image-container\"><\/div><\/figure>\r\n<\/div>\r\n<\/div>\r\n<\/div>\r\n<\/div>\r\n<div class=\"bde-column-199-105-1091-1-199-2 bde-column bde-column-199-105\">\r\n<div class=\"bde-image-199-108-1091-1-199-2 bde-image bde-image-199-108\">\r\n<figure class=\"breakdance-image breakdance-image--1093\">\r\n<div class=\"breakdance-image-container\"><\/div><\/figure>\r\n<\/div>\r\n<\/div>\r\n<\/div>\r\n<\/div>\r\n<\/div>\r\n<\/div>\r\n<div class=\"bde-column-199-105-1000-1-199-2 bde-column bde-column-199-105\">\r\n<div class=\"bde-image-199-108-1000-1-199-2 bde-image bde-image-199-108\">\r\n<figure class=\"breakdance-image breakdance-image--1001\">\r\n<div class=\"breakdance-image-container\"><\/div><\/figure>\r\n<\/div>\r\n<\/div>\r\n<\/div>\r\n<\/div>\r\n<div class=\"bde-column-199-105-1050-1-199-2 bde-column bde-column-199-105\">\r\n<div class=\"bde-image-199-108-1050-1-199-2 bde-image bde-image-199-108\">\r\n<figure class=\"breakdance-image breakdance-image--1053\">\r\n<div class=\"breakdance-image-container\"><\/div><\/figure>\r\n<\/div>\r\n<\/div>\r\n<\/div>\r\n<\/div>\r\n<div class=\"bde-column-199-105-963-1-199-2 bde-column bde-column-199-105\">\r\n<div class=\"bde-image-199-108-963-1-199-2 bde-image bde-image-199-108\">\r\n<figure class=\"breakdance-image breakdance-image--977\">\r\n<div class=\"breakdance-image-container\"><\/div><\/figure>\r\n<\/div>\r\n<\/div>\r\n<\/div>\r\n<\/div>\r\n<div class=\"bde-column-199-105-981-1-199-2 bde-column bde-column-199-105\">\r\n<div class=\"bde-image-199-108-981-1-199-2 bde-image bde-image-199-108\">\r\n<figure class=\"breakdance-image breakdance-image--982\">\r\n<div class=\"breakdance-image-container\"><\/div><\/figure>\r\n<\/div>\r\n<\/div>\r\n<\/div>\r\n<\/div>","imagen":3657},{"title":"","description":"<div class=\"bde-column-199-104-1100-2-199-2 bde-column bde-column-199-104\">\r\n<div class=\"bde-rich-text-199-116-1100-2-199-2 bde-rich-text bde-rich-text-199-116 breakdance-rich-text-styles\">\r\n\r\nBo\u00eete de 1 005 g contenant 134 sachets de 7,5 g chacun (inclut un biberon et 2 t\u00e9tines de taille adapt\u00e9e pour le chaton).\r\n\r\n&nbsp;\r\n\r\n&nbsp;\r\n\r\n<\/div>\r\n<\/div>\r\n<div class=\"bde-column-199-105-1100-2-199-2 bde-column bde-column-199-105\">\r\n<div class=\"bde-image-199-108-1100-2-199-2 bde-image bde-image-199-108\">\r\n<figure class=\"breakdance-image breakdance-image--1101\">\r\n<div class=\"breakdance-image-container\"><\/div><\/figure>\r\n<\/div>\r\n<\/div>","imagen":3661}],"description_ingredients":"<div class=\"bde-rich-text-130-203 bde-rich-text breakdance-rich-text-styles\">\r\n\r\n&nbsp;\r\n\r\n<\/div>\r\n<div class=\"bde-fancy-divider-130-154 bde-fancy-divider\">\r\n<div class=\"bde-fancy-divider__wrapper\"><\/div>\r\n<\/div>","items_ingredients":[{"title":"<div class=\"bde-column-206-101-17424-1-206-3 bde-column bde-column-206-101\">\r\n<div class=\"bde-text-206-102-17424-1-206-3 bde-text bde-text-206-102\">\r\n<div class=\"bde-column-206-101-1050-1-206-3 bde-column bde-column-206-101\">\r\n<div class=\"bde-text-206-102-1050-1-206-3 bde-text bde-text-206-102\">\r\n<div class=\"bde-column-206-101-1000-1-206-3 bde-column bde-column-206-101\">\r\n<div class=\"bde-text-206-102-1000-1-206-3 bde-text bde-text-206-102\">\r\n<div class=\"bde-column-206-101-1085-1-206-3 bde-column bde-column-206-101\">\r\n<div class=\"bde-text-206-102-1085-1-206-3 bde-text bde-text-206-102\">\r\n<div class=\"bde-column-206-101-1091-1-206-3 bde-column bde-column-206-101\">\r\n<div class=\"bde-text-206-102-1091-1-206-3 bde-text bde-text-206-102\">\r\n<div class=\"bde-column-206-101-1124-1-206-3 bde-column bde-column-206-101\">\r\n<div class=\"bde-text-206-102-1124-1-206-3 bde-text bde-text-206-102\">\r\n<div class=\"bde-column-206-101-1100-1-206-3 bde-column bde-column-206-101\">\r\n<div class=\"bde-text-206-102-1100-1-206-3 bde-text bde-text-206-102\">\r\n\r\nMin\u00e9raux\r\n\r\n&nbsp;\r\n\r\n<\/div>\r\n<\/div>\r\n<div class=\"bde-column-206-103-1100-1-206-3 bde-column bde-column-206-103\">\r\n<div class=\"bde-rich-text-206-104-1100-1-206-3 bde-rich-text bde-rich-text-206-104 breakdance-rich-text-styles\"><\/div>\r\n<\/div>\r\n<\/div>\r\n<\/div>\r\n<div class=\"bde-column-206-103-1124-1-206-3 bde-column bde-column-206-103\">\r\n<div class=\"bde-rich-text-206-104-1124-1-206-3 bde-rich-text bde-rich-text-206-104 breakdance-rich-text-styles\"><\/div>\r\n<\/div>\r\n<\/div>\r\n<\/div>\r\n<\/div>\r\n<\/div>\r\n<div class=\"bde-column-206-103-1085-1-206-3 bde-column bde-column-206-103\">\r\n<div class=\"bde-rich-text-206-104-1085-1-206-3 bde-rich-text bde-rich-text-206-104 breakdance-rich-text-styles\"><\/div>\r\n<\/div>\r\n<\/div>\r\n<\/div>\r\n<div class=\"bde-column-206-103-1000-1-206-3 bde-column bde-column-206-103\">\r\n<div class=\"bde-rich-text-206-104-1000-1-206-3 bde-rich-text bde-rich-text-206-104 breakdance-rich-text-styles\">\r\n<p class=\"p1\"><\/p>\r\n\r\n<\/div>\r\n<\/div>\r\n<\/div>\r\n<\/div>\r\n<\/div>\r\n<\/div>","description":"<article class=\"bde-loop-item ee-post bde-dynamic-repeater-item\">\r\n<div class=\"bde-columns-206-100-1085-1-206-3 bde-columns bde-columns-206-100\">\r\n<div class=\"bde-column-206-103-1085-1-206-3 bde-column bde-column-206-103\">\r\n<div class=\"bde-rich-text-206-104-1085-1-206-3 bde-rich-text bde-rich-text-206-104 breakdance-rich-text-styles\"><article class=\"bde-loop-item ee-post bde-dynamic-repeater-item\">\r\n<div class=\"bde-columns-206-100-1100-1-206-3 bde-columns bde-columns-206-100\">\r\n<div class=\"bde-column-206-103-1100-1-206-3 bde-column bde-column-206-103\">\r\n<div class=\"bde-rich-text-206-104-1100-1-206-3 bde-rich-text bde-rich-text-206-104 breakdance-rich-text-styles\">\r\n\r\nCalcium, phosphore, magn\u00e9sium, potassium, chlore, mangan\u00e8se, zinc, cuivre, fer, s\u00e9l\u00e9nium et iode. Parmi de nombreuses fonctions, ils contribuent au bon d\u00e9veloppement du petit.\r\n\r\n&nbsp;\r\n\r\n<\/div>\r\n<\/div>\r\n<\/div>\r\n<\/article><article class=\"bde-loop-item ee-post bde-dynamic-repeater-item\">\r\n<div class=\"bde-columns-206-100-1100-2-206-3 bde-columns bde-columns-206-100\">\r\n<div class=\"bde-column-206-101-1100-2-206-3 bde-column bde-column-206-101\">\r\n<div class=\"bde-text-206-102-1100-2-206-3 bde-text bde-text-206-102\"><\/div>\r\n<\/div>\r\n<\/div>\r\n<\/article><\/div>\r\n<\/div>\r\n<\/div>\r\n<\/article>"},{"title":"<div class=\"bde-column-206-101-17424-2-206-3 bde-column bde-column-206-101\">\r\n<div class=\"bde-text-206-102-17424-2-206-3 bde-text bde-text-206-102\">\r\n<div class=\"bde-column-206-101-1050-2-206-3 bde-column bde-column-206-101\">\r\n<div class=\"bde-text-206-102-1050-2-206-3 bde-text bde-text-206-102\">\r\n<div class=\"bde-column-206-101-1000-2-206-3 bde-column bde-column-206-101\">\r\n<div class=\"bde-text-206-102-1000-2-206-3 bde-text bde-text-206-102\">\r\n<div class=\"bde-column-206-101-1085-2-206-3 bde-column bde-column-206-101\">\r\n<div class=\"bde-text-206-102-1085-2-206-3 bde-text bde-text-206-102\">\r\n<div class=\"bde-column-206-101-1124-2-206-2 bde-column bde-column-206-101\">\r\n<div class=\"bde-text-206-102-1124-2-206-2 bde-text bde-text-206-102\">\r\n<div class=\"bde-column-206-101-1100-2-206-3 bde-column bde-column-206-101\">\r\n<div class=\"bde-text-206-102-1100-2-206-3 bde-text bde-text-206-102\">\r\n\r\nVitamines hydrosolubles et liposolubles\r\n\r\n&nbsp;\r\n\r\n&nbsp;\r\n\r\n<\/div>\r\n<\/div>\r\n<div class=\"bde-column-206-103-1100-2-206-3 bde-column bde-column-206-103\">\r\n<div class=\"bde-rich-text-206-104-1100-2-206-3 bde-rich-text bde-rich-text-206-104 breakdance-rich-text-styles\"><\/div>\r\n<\/div>\r\n<\/div>\r\n<\/div>\r\n<div class=\"bde-column-206-103-1124-2-206-2 bde-column bde-column-206-103\">\r\n<div class=\"bde-rich-text-206-104-1124-2-206-2 bde-rich-text bde-rich-text-206-104 breakdance-rich-text-styles\"><\/div>\r\n<\/div>\r\n<\/div>\r\n<\/div>\r\n<div class=\"bde-column-206-103-1085-2-206-3 bde-column bde-column-206-103\">\r\n<div class=\"bde-rich-text-206-104-1085-2-206-3 bde-rich-text bde-rich-text-206-104 breakdance-rich-text-styles\"><\/div>\r\n<\/div>\r\n<\/div>\r\n<\/div>\r\n<\/div>\r\n<\/div>\r\n<\/div>\r\n<\/div>","description":"<article class=\"bde-loop-item ee-post bde-dynamic-repeater-item\">\r\n<div class=\"bde-columns-206-100-1085-2-206-3 bde-columns bde-columns-206-100\">\r\n<div class=\"bde-column-206-103-1085-2-206-3 bde-column bde-column-206-103\">\r\n<div class=\"bde-rich-text-206-104-1085-2-206-3 bde-rich-text bde-rich-text-206-104 breakdance-rich-text-styles\"><article class=\"bde-loop-item ee-post bde-dynamic-repeater-item\">\r\n<div class=\"bde-columns-206-100-1100-2-206-3 bde-columns bde-columns-206-100\">\r\n<div class=\"bde-column-206-103-1100-2-206-3 bde-column bde-column-206-103\">\r\n<div class=\"bde-rich-text-206-104-1100-2-206-3 bde-rich-text bde-rich-text-206-104 breakdance-rich-text-styles\">\r\n\r\nVitamine A et vitamines du groupe B : niacine (B3), thiamine (B1), riboflavine (B2), chlorure de choline), acide pantoth\u00e9nique, pyridoxine (B6), biotine), acide folique et cyanocobalamine (B12), vitamine C, vitamine D3,) vitamine E, vitamine K. qui contribuent au bon d\u00e9veloppement aux premiers stades de croissance de l'animal.\r\n\r\n&nbsp;\r\n\r\n<\/div>\r\n<\/div>\r\n<\/div>\r\n<\/article><article class=\"bde-loop-item ee-post bde-dynamic-repeater-item\">\r\n<div class=\"bde-columns-206-100-1100-3-206-2 bde-columns bde-columns-206-100\">\r\n<div class=\"bde-column-206-101-1100-3-206-2 bde-column bde-column-206-101\">\r\n<div class=\"bde-text-206-102-1100-3-206-2 bde-text bde-text-206-102\"><\/div>\r\n<\/div>\r\n<\/div>\r\n<\/article><\/div>\r\n<\/div>\r\n<\/div>\r\n<\/article><article class=\"bde-loop-item ee-post bde-dynamic-repeater-item\">\r\n<div class=\"bde-columns-206-100-1085-3-206-3 bde-columns bde-columns-206-100\">\r\n<div class=\"bde-column-206-101-1085-3-206-3 bde-column bde-column-206-101\">\r\n<div class=\"bde-text-206-102-1085-3-206-3 bde-text bde-text-206-102\"><article class=\"bde-loop-item ee-post bde-dynamic-repeater-item\">\r\n<div class=\"bde-columns-206-100-1124-3-206-2 bde-columns bde-columns-206-100\">\r\n<div class=\"bde-column-206-101-1124-3-206-2 bde-column bde-column-206-101\">\r\n<div class=\"bde-text-206-102-1124-3-206-2 bde-text bde-text-206-102\"><\/div>\r\n<\/div>\r\n<\/div>\r\n<\/article><\/div>\r\n<\/div>\r\n<\/div>\r\n<\/article>"},{"title":"<div class=\"bde-column-206-101-17424-3-206-3 bde-column bde-column-206-101\">\r\n<div class=\"bde-text-206-102-17424-3-206-3 bde-text bde-text-206-102\">\r\n<div class=\"bde-column-206-101-1050-3-206-3 bde-column bde-column-206-101\">\r\n<div class=\"bde-text-206-102-1050-3-206-3 bde-text bde-text-206-102\">\r\n<div class=\"bde-column-206-101-1000-3-206-2 bde-column bde-column-206-101\">\r\n<div class=\"bde-text-206-102-1000-3-206-2 bde-text bde-text-206-102\">\r\n<div class=\"bde-column-206-101-1085-3-206-3 bde-column bde-column-206-101\">\r\n<div class=\"bde-text-206-102-1085-3-206-3 bde-text bde-text-206-102\">\r\n<div class=\"bde-column-206-101-1124-3-206-2 bde-column bde-column-206-101\">\r\n<div class=\"bde-text-206-102-1124-3-206-2 bde-text bde-text-206-102\">\r\n<div class=\"bde-column-206-101-1100-3-206-2 bde-column bde-column-206-101\">\r\n<div class=\"bde-text-206-102-1100-3-206-2 bde-text bde-text-206-102\">\r\n\r\nAcides gras\r\n\r\n&nbsp;\r\n\r\n<\/div>\r\n<\/div>\r\n<div class=\"bde-column-206-103-1100-3-206-2 bde-column bde-column-206-103\">\r\n<div class=\"bde-rich-text-206-104-1100-3-206-2 bde-rich-text bde-rich-text-206-104 breakdance-rich-text-styles\"><\/div>\r\n<\/div>\r\n<\/div>\r\n<\/div>\r\n<div class=\"bde-column-206-103-1124-3-206-2 bde-column bde-column-206-103\">\r\n<div class=\"bde-rich-text-206-104-1124-3-206-2 bde-rich-text bde-rich-text-206-104 breakdance-rich-text-styles\"><\/div>\r\n<\/div>\r\n<\/div>\r\n<\/div>\r\n<div class=\"bde-column-206-103-1085-3-206-3 bde-column bde-column-206-103\">\r\n<div class=\"bde-rich-text-206-104-1085-3-206-3 bde-rich-text bde-rich-text-206-104 breakdance-rich-text-styles\"><\/div>\r\n<\/div>\r\n<\/div>\r\n<\/div>\r\n<\/div>\r\n<\/div>\r\n<\/div>\r\n<\/div>","description":"<article class=\"bde-loop-item ee-post bde-dynamic-repeater-item\">\r\n<div class=\"bde-columns-206-100-1085-3-206-3 bde-columns bde-columns-206-100\">\r\n<div class=\"bde-column-206-103-1085-3-206-3 bde-column bde-column-206-103\">\r\n<div class=\"bde-rich-text-206-104-1085-3-206-3 bde-rich-text bde-rich-text-206-104 breakdance-rich-text-styles\"><article class=\"bde-loop-item ee-post bde-dynamic-repeater-item\">\r\n<div class=\"bde-columns-206-100-1100-3-206-2 bde-columns bde-columns-206-100\">\r\n<div class=\"bde-column-206-103-1100-3-206-2 bde-column bde-column-206-103\">\r\n<div class=\"bde-rich-text-206-104-1100-3-206-2 bde-rich-text bde-rich-text-206-104 breakdance-rich-text-styles\">\r\n\r\nAcide linol\u00e9ique (Om\u00e9ga 6), Acide alpha-linol\u00e9nique, EPA + DHA (Om\u00e9ga 3). Contribuent au bon d\u00e9veloppement des diff\u00e9rents organes corporels.\r\n\r\n&nbsp;\r\n\r\n<\/div>\r\n<\/div>\r\n<\/div>\r\n<\/article><article class=\"bde-loop-item ee-post bde-dynamic-repeater-item\">\r\n<div class=\"bde-columns-206-100-1100-4-206-2 bde-columns bde-columns-206-100\">\r\n<div class=\"bde-column-206-101-1100-4-206-2 bde-column bde-column-206-101\">\r\n<div class=\"bde-text-206-102-1100-4-206-2 bde-text bde-text-206-102\"><\/div>\r\n<\/div>\r\n<\/div>\r\n<\/article><\/div>\r\n<\/div>\r\n<\/div>\r\n<\/article><article class=\"bde-loop-item ee-post bde-dynamic-repeater-item\">\r\n<div class=\"bde-columns-206-100-1085-4-206-2 bde-columns bde-columns-206-100\">\r\n<div class=\"bde-column-206-101-1085-4-206-2 bde-column bde-column-206-101\">\r\n<div class=\"bde-text-206-102-1085-4-206-2 bde-text bde-text-206-102\"><section class=\"bde-section-130-146 bde-section\">\r\n<div class=\"section-container\"><\/div>\r\n<\/section><\/div>\r\n<\/div>\r\n<\/div>\r\n<\/article>"},{"title":"<div class=\"bde-column-206-101-1100-4-206-2 bde-column bde-column-206-101\">\r\n<div class=\"bde-text-206-102-1100-4-206-2 bde-text bde-text-206-102\">\r\n\r\nTaurine\r\n\r\n&nbsp;\r\n\r\n<\/div>\r\n<\/div>","description":"Connu pour \u00eatre un acide amin\u00e9 essentiel notamment chez les chats, il peut contribuer au bon fonctionnement du syst\u00e8me m\u00e9tabolique de l'animal.\r\n\r\n&nbsp;\r\n\r\n&nbsp;"},{"title":"Colostrum\r\n\r\n&nbsp;\r\n\r\n&nbsp;","description":"C'est une source \u00e9lev\u00e9e de prot\u00e9ines et d'autres nutriments ayant un r\u00f4le essentiel dans le d\u00e9veloppement du syst\u00e8me immunitaire du chiot.\r\n\r\n&nbsp;\r\n\r\n&nbsp;"}],"video":"","items_Instructions_for_use":[{"title":"G\u00e9n\u00e9ral","description":"Voie orale.\r\n<ol>\r\n \t<li>Chauffer de l'eau \u00e0 une temp\u00e9rature d'environ 40 \u00b0C.<\/li>\r\n \t<li>Verser dans le biberon puis ajouter 1 sachet de lait maternis\u00e9 en poudre pour chaque 30 ml d'eau.<\/li>\r\n \t<li>Agiter jusqu'\u00e0 obtenir un m\u00e9lange homog\u00e8ne.<\/li>\r\n \t<li>Servir dans l'heure suivant la pr\u00e9paration.<\/li>\r\n \t<li>Une fois reconstitu\u00e9, conserver au r\u00e9frig\u00e9rateur.<\/li>\r\n \t<li>Agiter avant utilisation.<\/li>\r\n<\/ol>"},{"title":"Chats et furets","description":"Le nombre de prises par jour et la quantit\u00e9 quotidienne de lait maternis\u00e9 varient en fonction de l'\u00e2ge et du poids de chaque petit * Tableau indicatif du volume de lait n\u00e9cessaire pour un bon d\u00e9veloppement du petit :\r\n\r\n&nbsp;\r\n\r\n&nbsp;\r\n\r\n<img src=\"https:\/\/beta.pharmadiet.com\/fr\/wp-content\/uploads\/2025\/07\/Intruciones-lactadiet.png\" \/>\r\n\r\n*\u00c0 partir de 45 jours d\u2019\u00e2ge et jusqu\u2019\u00e0 la fin du sevrage, le nombre de repas quotidiens ainsi que la quantit\u00e9 de lait maternis\u00e9 doivent \u00eatre ajust\u00e9s en fonction des besoins."}],"image_banner_scientific_study_copiar":"","title_banner_scientific_study":"","description_banner_scientific_study":"","Scientific_study_banner":"","studies":null,"bibliografy_text":"","features":[{"image":1262,"title":"Pas de prot\u00e9ines de poulet"},{"image":1225,"title":"Contient un biberon avec 2 t\u00e9tines."},{"image":1267,"title":" Sans conservateurs"}],"ficha_tecnica":3660},"_links":{"self":[{"href":"https:\/\/beta.pharmadiet.com\/fr\/wp-json\/wp\/v2\/product\/3656","targetHints":{"allow":["GET"]}}],"collection":[{"href":"https:\/\/beta.pharmadiet.com\/fr\/wp-json\/wp\/v2\/product"}],"about":[{"href":"https:\/\/beta.pharmadiet.com\/fr\/wp-json\/wp\/v2\/types\/product"}],"replies":[{"embeddable":true,"href":"https:\/\/beta.pharmadiet.com\/fr\/wp-json\/wp\/v2\/comments?post=3656"}],"version-history":[{"count":10,"href":"https:\/\/beta.pharmadiet.com\/fr\/wp-json\/wp\/v2\/product\/3656\/revisions"}],"predecessor-version":[{"id":17587,"href":"https:\/\/beta.pharmadiet.com\/fr\/wp-json\/wp\/v2\/product\/3656\/revisions\/17587"}],"wp:featuredmedia":[{"embeddable":true,"href":"https:\/\/beta.pharmadiet.com\/fr\/wp-json\/wp\/v2\/media\/3657"}],"wp:attachment":[{"href":"https:\/\/beta.pharmadiet.com\/fr\/wp-json\/wp\/v2\/media?parent=3656"}],"wp:term":[{"taxonomy":"animal","embeddable":true,"href":"https:\/\/beta.pharmadiet.com\/fr\/wp-json\/wp\/v2\/animal?post=3656"},{"taxonomy":"product_brand","embeddable":true,"href":"https:\/\/beta.pharmadiet.com\/fr\/wp-json\/wp\/v2\/product_brand?post=3656"},{"taxonomy":"product_cat","embeddable":true,"href":"https:\/\/beta.pharmadiet.com\/fr\/wp-json\/wp\/v2\/product_cat?post=3656"},{"taxonomy":"product_tag","embeddable":true,"href":"https:\/\/beta.pharmadiet.com\/fr\/wp-json\/wp\/v2\/product_tag?post=3656"}],"curies":[{"name":"wp","href":"https:\/\/api.w.org\/{rel}","templated":true}]}}