{"id":3650,"date":"2025-07-31T16:59:07","date_gmt":"2025-07-31T14:59:07","guid":{"rendered":"https:\/\/beta.pharmadiet.com\/?post_type=product&#038;p=3650"},"modified":"2025-12-15T17:08:32","modified_gmt":"2025-12-15T16:08:32","slug":"lacristal-neo","status":"publish","type":"product","link":"https:\/\/beta.pharmadiet.com\/fr\/productos\/lacristal-neo\/","title":{"rendered":"Lacristal\u00ae Neo"},"content":{"rendered":"<p>Lacristal\u00ae Neo est une solution oculaire. Sa formule \u00e9quilibr\u00e9e nettoie la zone oculaire sans provoquer d\u2019irritation, tout en la prot\u00e9geant de l\u2019action nocive des contaminants externes.<\/p>\n<ul>\n<li>Solution st\u00e9rile<\/li>\n<li>3 mois d&rsquo;utilisation apr\u00e8s ouverture<\/li>\n<li>Syst\u00e8me multidose OSD<\/li>\n<li>Utilisation continue<\/li>\n<\/ul>\n","protected":false},"excerpt":{"rendered":"<p>Ocular Solution. Its balanced formula cleanses the ocular area without causing irritation, protecting it from the harmful action of external contaminants.<\/p>\n<p>&nbsp;<\/p>\n","protected":false},"featured_media":3651,"comment_status":"open","ping_status":"closed","template":"","meta":{"_acf_changed":false,"site-sidebar-layout":"default","site-content-layout":"","ast-site-content-layout":"default","site-content-style":"default","site-sidebar-style":"default","ast-global-header-display":"","ast-banner-title-visibility":"","ast-main-header-display":"","ast-hfb-above-header-display":"","ast-hfb-below-header-display":"","ast-hfb-mobile-header-display":"","site-post-title":"","ast-breadcrumbs-content":"","ast-featured-img":"","footer-sml-layout":"","theme-transparent-header-meta":"default","adv-header-id-meta":"","stick-header-meta":"","header-above-stick-meta":"","header-main-stick-meta":"","header-below-stick-meta":"","astra-migrate-meta-layouts":"set","ast-page-background-enabled":"default","ast-page-background-meta":{"desktop":{"background-color":"var(--ast-global-color-5)","background-image":"","background-repeat":"repeat","background-position":"center center","background-size":"auto","background-attachment":"scroll","background-type":"","background-media":"","overlay-type":"","overlay-color":"","overlay-opacity":"","overlay-gradient":""},"tablet":{"background-color":"","background-image":"","background-repeat":"repeat","background-position":"center center","background-size":"auto","background-attachment":"scroll","background-type":"","background-media":"","overlay-type":"","overlay-color":"","overlay-opacity":"","overlay-gradient":""},"mobile":{"background-color":"","background-image":"","background-repeat":"repeat","background-position":"center center","background-size":"auto","background-attachment":"scroll","background-type":"","background-media":"","overlay-type":"","overlay-color":"","overlay-opacity":"","overlay-gradient":""}},"ast-content-background-meta":{"desktop":{"background-color":"var(--ast-global-color-4)","background-image":"","background-repeat":"repeat","background-position":"center center","background-size":"auto","background-attachment":"scroll","background-type":"","background-media":"","overlay-type":"","overlay-color":"","overlay-opacity":"","overlay-gradient":""},"tablet":{"background-color":"var(--ast-global-color-4)","background-image":"","background-repeat":"repeat","background-position":"center center","background-size":"auto","background-attachment":"scroll","background-type":"","background-media":"","overlay-type":"","overlay-color":"","overlay-opacity":"","overlay-gradient":""},"mobile":{"background-color":"var(--ast-global-color-4)","background-image":"","background-repeat":"repeat","background-position":"center center","background-size":"auto","background-attachment":"scroll","background-type":"","background-media":"","overlay-type":"","overlay-color":"","overlay-opacity":"","overlay-gradient":""}}},"animal":[117,119,150],"product_brand":[],"product_cat":[30],"product_tag":[279],"class_list":{"0":"post-3650","1":"product","2":"type-product","3":"status-publish","4":"has-post-thumbnail","6":"animal-chat","7":"animal-chien","8":"animal-rongeur","9":"product_cat-sante-oculaire-animaux","10":"product_tag-plantillac","11":"desktop-align-left","12":"tablet-align-left","13":"mobile-align-left","15":"first","16":"instock","17":"shipping-taxable","18":"product-type-simple"},"acf":{"title_indications":"Les cataractes chez les chiens et les chats : Ce que vous devez savoir","description_indication":"Les cataractes sont une opacification partielle ou totale du cristallin de l'\u0153il, entra\u00eenant une perte de vision. Il s'agit d'une affection oculaire courante chez les chiens et les chats, et peut affecter leur qualit\u00e9 de vie.\r\n\r\n&nbsp;","items_indication":[{"imagen":3653,"title":"Causes des cataractes chez les chiens et les chats","description":"Vieillissement : l'\u00e2ge est la cause la plus courante, les cataractes s\u00e9niles \u00e9tant courantes chez les chiens et les chats plus \u00e2g\u00e9s.\r\n\r\nH\u00e9r\u00e9dit\u00e9 : Certaines races sont pr\u00e9dispos\u00e9es g\u00e9n\u00e9tiquement \u00e0 d\u00e9velopper des cataractes (ce que l'on appelle les cataractes h\u00e9r\u00e9ditaires), telles que le Yorkshire Terrier ou le Bichon Maltais. Certains naissent m\u00eame avec en raison de facteurs g\u00e9n\u00e9tiques.\r\n\r\nBlessures ou traumatismes : Un coup \u00e0 l'\u0153il ou une l\u00e9sion oculaire affectent le cristallin, ce qui peut provoquer des cataractes.\r\n\r\nMaladies sous-jacentes :Certaines maladies, comme le diab\u00e8te, peuvent augmenter le risque de cataractes."},{"imagen":3654,"title":"Sympt\u00f4mes des cataractes chez les chiens et les chats :","description":"Les effets des cataractes sur la qualit\u00e9 de vie des animaux de compagnie peuvent inclure :\r\n<ul>\r\n \t<li>Opacit\u00e9 de l'\u0153il.<\/li>\r\n \t<li>Changements dans l'apparence de l'\u0153il, comme une couleur blanch\u00e2tre ou gris\u00e2tre.<\/li>\r\n \t<li>Perte de vision, notamment une difficult\u00e9 \u00e0 voir dans des conditions de faible luminosit\u00e9.<\/li>\r\n \t<li>Changements de comportement, comme heurter des objets ou avoir du mal \u00e0 trouver des jouets ou de la nourriture.<\/li>\r\n \t<li>Clignotements fr\u00e9quents ou augmentation de la production de larmes.<\/li>\r\n<\/ul>\r\nSi vous soup\u00e7onnez que votre animal de compagnie d\u00e9veloppe des cataractes, n'h\u00e9sitez pas \u00e0 consulter un v\u00e9t\u00e9rinaire ophtalmologiste pour obtenir un diagnostic pr\u00e9cis et discuter des options de traitement disponibles."}],"title_beneficios":"Comment Lacristal\u00ae Neo aide \u00e0 la sant\u00e9 oculaire de vos animaux de compagnie :","description_benefits":"Solution ophtalmique.\r\n\r\nAide \u00e0 :\r\n\r\n&nbsp;\r\n\r\n&nbsp;","items_benefits":[{"imagen":1250,"title":"La pr\u00e9vention des processus oxydatifs","description":"Qui peuvent entra\u00eener des alt\u00e9rations des structures oculaires telles que le cristallin.\r\n\r\n&nbsp;\r\n\r\n&nbsp;"},{"imagen":1242,"title":"Le maintien et le nettoyage oculaire","description":"Gr\u00e2ce \u00e0 sa formule \u00e9quilibr\u00e9e nettoie la zone oculaire sans provoquer d'irritation.\r\n\r\n&nbsp;\r\n\r\n&nbsp;"},{"imagen":3492,"title":"Prot\u00e9ger la surface de l'\u0153il","description":"Contre l'action nocive des contaminants externes\r\n\r\n&nbsp;\r\n\r\n&nbsp;"}],"items_presentaciones":[{"title":"Lacristal\u00ae Neo","description":"Flacon multidose OSD de 10 ml de solution st\u00e9rile hypoosmolaire. Gr\u00e2ce \u00e0 son doseur OSD, la st\u00e9rilit\u00e9 est maintenue et la contamination du produit \u00e0 l'int\u00e9rieur du flacon est \u00e9vit\u00e9e, \u00e9liminant ainsi le besoin de conservateurs dans la formulation.\r\n\r\n&nbsp;","imagen":3651}],"description_ingredients":"Ocular solution with a balanced formula that cleans the eye area without causing irritation, protecting it from the harmful effects of external contaminants.\r\n\r\n&nbsp;","items_ingredients":[{"title":"N-ac\u00e9tyl-carnosine (NAC)\r\n\r\n&nbsp;\r\n\r\n&nbsp;","description":"Connu pour ses propri\u00e9t\u00e9s antioxydantes qui prot\u00e8gent les lipides des membranes et les prot\u00e9ines des structures oculaires telles que le cristallin.\r\n\r\n&nbsp;"},{"title":"Extrait de Vaccinium myrtillus\r\n\r\n&nbsp;\r\n\r\n&nbsp;","description":"Connu pour ses propri\u00e9t\u00e9s antioxydantes et vasoprotectrices.\r\n\r\n&nbsp;"},{"title":"Sulfate de chondro\u00eftine\r\n\r\n&nbsp;\r\n\r\n&nbsp;","description":"Apporte des propri\u00e9t\u00e9s visco\u00e9lastiques et hydratantes \u00e0 la solution.\r\n\r\n&nbsp;\r\n\r\n&nbsp;"}],"video":"","items_Instructions_for_use":[{"title":"G\u00e9n\u00e9ral","description":"Usage externe.\r\n\r\nOuvrir le flacon et appliquer 1 goutte sur la surface de chaque \u0153il en pressant le flacon.*\r\n\r\nUne fois ouvert, peut \u00eatre utilis\u00e9 jusqu'\u00e0 3 mois gr\u00e2ce au syst\u00e8me multidose OSD.\r\n\r\n\u00c9vitez le contact de l'applicateur avec toute surface.\r\n\r\nUtilisation continue.\r\n\r\nPeut \u00eatre utilis\u00e9 aussi souvent que n\u00e9cessaire car il ne contient pas de conservateurs."}],"image_banner_scientific_study_copiar":"","title_banner_scientific_study":"","description_banner_scientific_study":"","Scientific_study_banner":"","studies":null,"bibliografy_text":"","features":[{"image":1226,"title":"Solution st\u00e9rile"},{"image":1215,"title":"3 mois d'utilisation apr\u00e8s ouverture"},{"image":1267,"title":"Sans conservateurs"}],"ficha_tecnica":3652},"_links":{"self":[{"href":"https:\/\/beta.pharmadiet.com\/fr\/wp-json\/wp\/v2\/product\/3650","targetHints":{"allow":["GET"]}}],"collection":[{"href":"https:\/\/beta.pharmadiet.com\/fr\/wp-json\/wp\/v2\/product"}],"about":[{"href":"https:\/\/beta.pharmadiet.com\/fr\/wp-json\/wp\/v2\/types\/product"}],"replies":[{"embeddable":true,"href":"https:\/\/beta.pharmadiet.com\/fr\/wp-json\/wp\/v2\/comments?post=3650"}],"version-history":[{"count":12,"href":"https:\/\/beta.pharmadiet.com\/fr\/wp-json\/wp\/v2\/product\/3650\/revisions"}],"predecessor-version":[{"id":17584,"href":"https:\/\/beta.pharmadiet.com\/fr\/wp-json\/wp\/v2\/product\/3650\/revisions\/17584"}],"wp:featuredmedia":[{"embeddable":true,"href":"https:\/\/beta.pharmadiet.com\/fr\/wp-json\/wp\/v2\/media\/3651"}],"wp:attachment":[{"href":"https:\/\/beta.pharmadiet.com\/fr\/wp-json\/wp\/v2\/media?parent=3650"}],"wp:term":[{"taxonomy":"animal","embeddable":true,"href":"https:\/\/beta.pharmadiet.com\/fr\/wp-json\/wp\/v2\/animal?post=3650"},{"taxonomy":"product_brand","embeddable":true,"href":"https:\/\/beta.pharmadiet.com\/fr\/wp-json\/wp\/v2\/product_brand?post=3650"},{"taxonomy":"product_cat","embeddable":true,"href":"https:\/\/beta.pharmadiet.com\/fr\/wp-json\/wp\/v2\/product_cat?post=3650"},{"taxonomy":"product_tag","embeddable":true,"href":"https:\/\/beta.pharmadiet.com\/fr\/wp-json\/wp\/v2\/product_tag?post=3650"}],"curies":[{"name":"wp","href":"https:\/\/api.w.org\/{rel}","templated":true}]}}