{"id":3643,"date":"2025-07-31T16:49:17","date_gmt":"2025-07-31T14:49:17","guid":{"rendered":"https:\/\/beta.pharmadiet.com\/?post_type=product&#038;p=3643"},"modified":"2025-12-15T15:46:56","modified_gmt":"2025-12-15T14:46:56","slug":"ircvet-gel","status":"publish","type":"product","link":"https:\/\/beta.pharmadiet.com\/fr\/productos\/ircvet-gel\/","title":{"rendered":"Ircvet\u00ae Gel"},"content":{"rendered":"<div class=\"bde-rich-text-130-110 bde-rich-text bde-wooproductexcerpt breakdance-woocommerce breakdance-rich-text-styles\">\n<p>Ircvet\u00ae Gel aide au fonctionnement normal du syst\u00e8me r\u00e9nal chez les chats, les chiens, les furets et les rongeurs.<\/p>\n<ul>\n<li>Nouvelle composition.<\/li>\n<li>Mode d&#8217;emploi adapt\u00e9 au poids de l&rsquo;animal<\/li>\n<li>Pr\u00e9sentations en gel avec seringue doseuse<\/li>\n<\/ul>\n<\/div>\n","protected":false},"excerpt":{"rendered":"<p>Nouvelle composition.<\/p>\n<p>Aliment compl\u00e9mentaire sous forme de gel \u00e0 base de nutriments qui contribuent au fonctionnement normal du syst\u00e8me r\u00e9nal chez les chats, les chiens, les furets et les rongeurs.<\/p>\n","protected":false},"featured_media":3645,"comment_status":"open","ping_status":"closed","template":"","meta":{"_acf_changed":false,"site-sidebar-layout":"default","site-content-layout":"","ast-site-content-layout":"default","site-content-style":"default","site-sidebar-style":"default","ast-global-header-display":"","ast-banner-title-visibility":"","ast-main-header-display":"","ast-hfb-above-header-display":"","ast-hfb-below-header-display":"","ast-hfb-mobile-header-display":"","site-post-title":"","ast-breadcrumbs-content":"","ast-featured-img":"","footer-sml-layout":"","theme-transparent-header-meta":"default","adv-header-id-meta":"","stick-header-meta":"","header-above-stick-meta":"","header-main-stick-meta":"","header-below-stick-meta":"","astra-migrate-meta-layouts":"set","ast-page-background-enabled":"default","ast-page-background-meta":{"desktop":{"background-color":"var(--ast-global-color-5)","background-image":"","background-repeat":"repeat","background-position":"center center","background-size":"auto","background-attachment":"scroll","background-type":"","background-media":"","overlay-type":"","overlay-color":"","overlay-opacity":"","overlay-gradient":""},"tablet":{"background-color":"","background-image":"","background-repeat":"repeat","background-position":"center center","background-size":"auto","background-attachment":"scroll","background-type":"","background-media":"","overlay-type":"","overlay-color":"","overlay-opacity":"","overlay-gradient":""},"mobile":{"background-color":"","background-image":"","background-repeat":"repeat","background-position":"center center","background-size":"auto","background-attachment":"scroll","background-type":"","background-media":"","overlay-type":"","overlay-color":"","overlay-opacity":"","overlay-gradient":""}},"ast-content-background-meta":{"desktop":{"background-color":"var(--ast-global-color-4)","background-image":"","background-repeat":"repeat","background-position":"center center","background-size":"auto","background-attachment":"scroll","background-type":"","background-media":"","overlay-type":"","overlay-color":"","overlay-opacity":"","overlay-gradient":""},"tablet":{"background-color":"var(--ast-global-color-4)","background-image":"","background-repeat":"repeat","background-position":"center center","background-size":"auto","background-attachment":"scroll","background-type":"","background-media":"","overlay-type":"","overlay-color":"","overlay-opacity":"","overlay-gradient":""},"mobile":{"background-color":"var(--ast-global-color-4)","background-image":"","background-repeat":"repeat","background-position":"center center","background-size":"auto","background-attachment":"scroll","background-type":"","background-media":"","overlay-type":"","overlay-color":"","overlay-opacity":"","overlay-gradient":""}}},"animal":[117,119,118,120],"product_brand":[],"product_cat":[27],"product_tag":[279],"class_list":{"0":"post-3643","1":"product","2":"type-product","3":"status-publish","4":"has-post-thumbnail","6":"animal-chat","7":"animal-chien","8":"animal-furet","9":"animal-reptile","10":"product_cat-sante-renale-urinaire-animaux","11":"product_tag-plantillac","12":"desktop-align-left","13":"tablet-align-left","14":"mobile-align-left","16":"first","17":"instock","18":"shipping-taxable","19":"product-type-simple"},"acf":{"title_indications":"","description_indication":"","items_indication":[{"imagen":3647,"title":"Probl\u00e8mes r\u00e9naux chez les chats et les chiens : n\u00e9phropathie chronique","description":"Les reins jouent un r\u00f4le crucial dans l'\u00e9limination des d\u00e9chets du corps et dans l'\u00e9quilibre de l'eau et des \u00e9lectrolytes. Lorsque les reins ne fonctionnent pas correctement en raison d'une insuffisance r\u00e9nale chronique, cela peut entra\u00eener des probl\u00e8mes tels qu'une augmentation de la soif et de la miction, une perte d'app\u00e9tit, de la faiblesse et d'autres sympt\u00f4mes.\r\n\r\nLes n\u00e9phropathies chroniques sont des maladies r\u00e9nales de longue dur\u00e9e et progressives qui sont assez courantes chez les petits animaux pr\u00e9sentant une insuffisance r\u00e9nale ou un risque de d\u00e9faillance r\u00e9nale. Ces affections peuvent se d\u00e9velopper lentement au fil du temps et, \u00e0 mesure qu'elles progressent, elles peuvent gravement affecter la fonction r\u00e9nale et la sant\u00e9 g\u00e9n\u00e9rale de l'animal.\r\n\r\n&nbsp;"},{"imagen":3648,"title":"","description":"Cette maladie r\u00e9nale chronique chez les chats et les chiens \u00e2g\u00e9s est particuli\u00e8rement pr\u00e9occupante, car elle constitue l'une des principales causes de mortalit\u00e9 chez eux.\r\n\r\nLe d\u00e9pistage pr\u00e9coce d'une n\u00e9phropathie chronique chez les petits animaux est fondamental pour une gestion efficace et pour \u00e9viter qu'elle n'impacte trop leur qualit\u00e9 de vie. Les v\u00e9t\u00e9rinaires utilisent g\u00e9n\u00e9ralement des analyses sanguines et urinaires pour \u00e9valuer la fonction r\u00e9nale et diagnostiquer la maladie \u00e0 ses d\u00e9buts. Une fois diagnostiqu\u00e9e, le traitement peut inclure des changements dans l'alimentation, une augmentation de la consommation d'eau, des m\u00e9dicaments pour contr\u00f4ler les sympt\u00f4mes et un suivi r\u00e9gulier pour \u00e9valuer la progression de la maladie."}],"title_beneficios":"En quoi IRCVET Gel peut-il aider ?","description_benefits":"En quoi IRCVET Gel peut-il aider ?\r\n\r\n&nbsp;\r\n\r\n&nbsp;","items_benefits":[{"imagen":1238,"title":"Maintenir un fonctionnement normal du syst\u00e8me r\u00e9nal","description":"Les nutriments d'IRCVET pour chiens et chats aident \u00e0 pr\u00e9server l'int\u00e9grit\u00e9 et la fonction cellulaire, telles que les cellules r\u00e9nales.\r\n\r\n&nbsp;\r\n\r\n&nbsp;"},{"imagen":1240,"title":"Maintenir une vie active","description":"Contribue \u00e0 am\u00e9liorer la qualit\u00e9 de vie des animaux de compagnie atteints de probl\u00e8mes r\u00e9naux, leur permettant de se sentir plus \u00e0 l'aise et \u00e9nergiques.\r\n\r\n&nbsp;\r\n\r\n&nbsp;"},{"imagen":1236,"title":"Contribuer \u00e0 la protection des cellules","description":"Contribue \u00e0 prot\u00e9ger les cellules r\u00e9nales.\r\n\r\n&nbsp;\r\n\r\n&nbsp;"}],"items_presentaciones":[{"title":"IRCVET\u00ae Gel","description":"Bo\u00eete avec flacon de 50 ml avec seringue doseuse et prospectus.\r\n\r\n&nbsp;","imagen":3644}],"description_ingredients":"","items_ingredients":[{"title":"Ac\u00e9tate de calcium et carbonate de calcium\r\n\r\n&nbsp;","description":"Nutriments qui, par leur activit\u00e9 ch\u00e9latrice du phosphore, aident \u00e0 r\u00e9duire la quantit\u00e9 de phosphore dans l'alimentation animale.\r\n\r\n&nbsp;\r\n\r\n&nbsp;"},{"title":"Feuilles de Vitis Vinifera\r\n\r\n&nbsp;","description":"Pour leur apport en resv\u00e9ratrol, un polyph\u00e9nol pr\u00e9sent dans de nombreux aliments, en particulier dans le raisin. Connu pour ses propri\u00e9t\u00e9s antioxydantes.\r\n\r\n&nbsp;"},{"title":"Potassium\r\n\r\n&nbsp;","description":"\u00c9l\u00e9ment contribuant au maintien d'une tension art\u00e9rielle normale.\r\n\r\n&nbsp;"},{"title":"Extrait d'artichaut\r\n\r\n&nbsp;","description":"Connu pour ses propri\u00e9t\u00e9s h\u00e9patoprotectrices.\r\n\r\n&nbsp;"},{"title":"Huile de saumon (acides gras polyinsatur\u00e9s Om\u00e9ga 3)\r\n\r\n&nbsp;","description":"Riche en Om\u00e9ga 3, connus pour contribuer au maintien d'une fonction r\u00e9nale normale.\r\n\r\n&nbsp;\r\n\r\n&nbsp;"},{"title":"Taurine\r\n\r\n&nbsp;\r\n\r\n&nbsp;","description":"Connue pour \u00eatre un acide amin\u00e9 essentiel notamment chez les chats, elle peut contribuer au bon fonctionnement du syst\u00e8me m\u00e9tabolique de l'animal.\r\n\r\n&nbsp;\r\n\r\n&nbsp;"},{"title":"Acide folique et vitamines B6 et B12\r\n\r\n&nbsp;","description":"Contribuent au fonctionnement normal du syst\u00e8me immunitaire. Et \u00e0 r\u00e9duire la fatigue.\r\n\r\n&nbsp;"}],"video":"","items_Instructions_for_use":[{"title":"G\u00e9n\u00e9ral","description":"Voie orale.\r\n\r\nAgiter avant utilisation.\r\n\r\nM\u00e9langer avec l'aliment habituel.\r\n\r\nLes animaux doivent avoir un acc\u00e8s permanent \u00e0 l'eau.\r\n\r\nIl est recommand\u00e9 de faire un suivi apr\u00e8s 6 mois d'utilisation."},{"title":"Chien","description":"<ul>\r\n \t<li>Pour chaque tranche de 5 kg de poids corporel : prendre 1 ml par jour.<\/li>\r\n \t<li>\u00c0 partir de 35 kg de poids corporel : 8 ml par jour.\r\n\r\n&nbsp;<\/li>\r\n<\/ul>"},{"title":"Chat","description":"<ul>\r\n \t<li>Jusqu'\u00e0 5 kg de poids corporel: 1 ml par jour.<\/li>\r\n \t<li>\u00c0 partir de 5 kg de poids corporel : 2 ml par jour.<\/li>\r\n<\/ul>"},{"title":"Furet","description":"<ul>\r\n \t<li>0,2 ml\/kg de poids corporel par jour.\r\n\r\n&nbsp;<\/li>\r\n<\/ul>\r\n&nbsp;"},{"title":"Rongeur","description":"0,2 ml\/kg de poids corporel par jour.\r\n\r\n&nbsp;"}],"image_banner_scientific_study_copiar":"","title_banner_scientific_study":"","description_banner_scientific_study":"","Scientific_study_banner":"","studies":null,"bibliografy_text":"","features":[{"image":1212,"title":"Nouvelle composition."},{"image":1262,"title":"Pas de prot\u00e9ines de poulet"},{"image":1267,"title":"Sans colorants"},{"image":1218,"title":"Agiter avant usage."}],"ficha_tecnica":3646},"_links":{"self":[{"href":"https:\/\/beta.pharmadiet.com\/fr\/wp-json\/wp\/v2\/product\/3643","targetHints":{"allow":["GET"]}}],"collection":[{"href":"https:\/\/beta.pharmadiet.com\/fr\/wp-json\/wp\/v2\/product"}],"about":[{"href":"https:\/\/beta.pharmadiet.com\/fr\/wp-json\/wp\/v2\/types\/product"}],"replies":[{"embeddable":true,"href":"https:\/\/beta.pharmadiet.com\/fr\/wp-json\/wp\/v2\/comments?post=3643"}],"version-history":[{"count":10,"href":"https:\/\/beta.pharmadiet.com\/fr\/wp-json\/wp\/v2\/product\/3643\/revisions"}],"predecessor-version":[{"id":17581,"href":"https:\/\/beta.pharmadiet.com\/fr\/wp-json\/wp\/v2\/product\/3643\/revisions\/17581"}],"wp:featuredmedia":[{"embeddable":true,"href":"https:\/\/beta.pharmadiet.com\/fr\/wp-json\/wp\/v2\/media\/3645"}],"wp:attachment":[{"href":"https:\/\/beta.pharmadiet.com\/fr\/wp-json\/wp\/v2\/media?parent=3643"}],"wp:term":[{"taxonomy":"animal","embeddable":true,"href":"https:\/\/beta.pharmadiet.com\/fr\/wp-json\/wp\/v2\/animal?post=3643"},{"taxonomy":"product_brand","embeddable":true,"href":"https:\/\/beta.pharmadiet.com\/fr\/wp-json\/wp\/v2\/product_brand?post=3643"},{"taxonomy":"product_cat","embeddable":true,"href":"https:\/\/beta.pharmadiet.com\/fr\/wp-json\/wp\/v2\/product_cat?post=3643"},{"taxonomy":"product_tag","embeddable":true,"href":"https:\/\/beta.pharmadiet.com\/fr\/wp-json\/wp\/v2\/product_tag?post=3643"}],"curies":[{"name":"wp","href":"https:\/\/api.w.org\/{rel}","templated":true}]}}