{"id":3638,"date":"2025-07-31T16:37:58","date_gmt":"2025-07-31T14:37:58","guid":{"rendered":"https:\/\/beta.pharmadiet.com\/?post_type=product&#038;p=3638"},"modified":"2025-12-15T17:03:42","modified_gmt":"2025-12-15T16:03:42","slug":"ircvet-comprimes","status":"publish","type":"product","link":"https:\/\/beta.pharmadiet.com\/fr\/productos\/ircvet-comprimes\/","title":{"rendered":"Ircvet\u00ae Comprim\u00e9s"},"content":{"rendered":"<p>Aliment compl\u00e9mentaire \u00e0 base de nutriments qui aident au fonctionnement normal du syst\u00e8me r\u00e9nal des chiens et des chats.<\/p>\n<ul>\n<li>Mode d&#8217;emploi adapt\u00e9 au poids de l&rsquo;animal.<\/li>\n<li>Comprim\u00e9s facilement divisibles<\/li>\n<\/ul>\n","protected":false},"excerpt":{"rendered":"<p>Aliment compl\u00e9mentaire \u00e0 base de nutriments qui aident au fonctionnement normal du syst\u00e8me r\u00e9nal des chiens et des chats.<\/p>\n<p>&nbsp;<\/p>\n","protected":false},"featured_media":3639,"comment_status":"open","ping_status":"closed","template":"","meta":{"_acf_changed":false,"site-sidebar-layout":"default","site-content-layout":"","ast-site-content-layout":"default","site-content-style":"default","site-sidebar-style":"default","ast-global-header-display":"","ast-banner-title-visibility":"","ast-main-header-display":"","ast-hfb-above-header-display":"","ast-hfb-below-header-display":"","ast-hfb-mobile-header-display":"","site-post-title":"","ast-breadcrumbs-content":"","ast-featured-img":"","footer-sml-layout":"","theme-transparent-header-meta":"default","adv-header-id-meta":"","stick-header-meta":"","header-above-stick-meta":"","header-main-stick-meta":"","header-below-stick-meta":"","astra-migrate-meta-layouts":"set","ast-page-background-enabled":"default","ast-page-background-meta":{"desktop":{"background-color":"var(--ast-global-color-5)","background-image":"","background-repeat":"repeat","background-position":"center center","background-size":"auto","background-attachment":"scroll","background-type":"","background-media":"","overlay-type":"","overlay-color":"","overlay-opacity":"","overlay-gradient":""},"tablet":{"background-color":"","background-image":"","background-repeat":"repeat","background-position":"center center","background-size":"auto","background-attachment":"scroll","background-type":"","background-media":"","overlay-type":"","overlay-color":"","overlay-opacity":"","overlay-gradient":""},"mobile":{"background-color":"","background-image":"","background-repeat":"repeat","background-position":"center center","background-size":"auto","background-attachment":"scroll","background-type":"","background-media":"","overlay-type":"","overlay-color":"","overlay-opacity":"","overlay-gradient":""}},"ast-content-background-meta":{"desktop":{"background-color":"var(--ast-global-color-4)","background-image":"","background-repeat":"repeat","background-position":"center center","background-size":"auto","background-attachment":"scroll","background-type":"","background-media":"","overlay-type":"","overlay-color":"","overlay-opacity":"","overlay-gradient":""},"tablet":{"background-color":"var(--ast-global-color-4)","background-image":"","background-repeat":"repeat","background-position":"center center","background-size":"auto","background-attachment":"scroll","background-type":"","background-media":"","overlay-type":"","overlay-color":"","overlay-opacity":"","overlay-gradient":""},"mobile":{"background-color":"var(--ast-global-color-4)","background-image":"","background-repeat":"repeat","background-position":"center center","background-size":"auto","background-attachment":"scroll","background-type":"","background-media":"","overlay-type":"","overlay-color":"","overlay-opacity":"","overlay-gradient":""}}},"animal":[117,119],"product_brand":[],"product_cat":[27],"product_tag":[278],"class_list":{"0":"post-3638","1":"product","2":"type-product","3":"status-publish","4":"has-post-thumbnail","6":"animal-chat","7":"animal-chien","8":"product_cat-sante-renale-urinaire-animaux","9":"product_tag-plantillab","10":"desktop-align-left","11":"tablet-align-left","12":"mobile-align-left","14":"first","15":"instock","16":"shipping-taxable","17":"product-type-simple"},"acf":{"title_indications":"","description_indication":"","items_indication":[{"imagen":"","title":"Insuffisance R\u00e9nale Chronique (IRC) chez les Animaux de Compagnie : Sympt\u00f4mes et Facteurs Associ\u00e9s","description":"L'insuffisance r\u00e9nale chronique est une affection qui affecte les reins des chiens et des chats \u00e0 mesure qu'ils vieillissent, entra\u00eenant un dysfonctionnement et affectant leur qualit\u00e9 de vie. Certains des sympt\u00f4mes courants observ\u00e9s chez les animaux affect\u00e9s comprennent :"},{"imagen":3641,"title":"Certains des sympt\u00f4mes courants observ\u00e9s chez les animaux affect\u00e9s comprennent :","description":"<ul>\r\n \t<li>Augmentation de la soif et de la miction : En raison de la diminution de la capacit\u00e9 des reins \u00e0 concentrer l'urine, les animaux peuvent boire plus d'eau que d'habitude et uriner plus fr\u00e9quemment.<\/li>\r\n \t<li>Perte d'app\u00e9tit et de poids.<\/li>\r\n \t<li>Vomissements et diarrh\u00e9e : L'inflammation et l'accumulation de toxines peuvent entra\u00eener des probl\u00e8mes gastro-intestinaux tels que des vomissements et de la diarrh\u00e9e.<\/li>\r\n \t<li>L\u00e9thargie et faiblesse : Les reins affect\u00e9s peuvent ne pas filtrer correctement les toxines, cr\u00e9ant des calculs r\u00e9naux, ce qui peut entra\u00eener de la fatigue et de la faiblesse.<\/li>\r\n \t<li>Mauvaise qualit\u00e9 du pelage : Le manque de filtration ad\u00e9quate peut affecter la sant\u00e9 de la peau et du pelage, entra\u00eenant un pelage terne et sans \u00e9clat.<\/li>\r\n \t<li>Mauvaise haleine : L'accumulation de substances toxiques dans le corps peut causer une mauvaise haleine.<\/li>\r\n<\/ul>\r\nSi vous observez l'un de ces sympt\u00f4mes d'insuffisance r\u00e9nale chez votre animal, il est crucial de consulter un v\u00e9t\u00e9rinaire pour un diagnostic et un traitement appropri\u00e9s. La d\u00e9tection pr\u00e9coce et la gestion appropri\u00e9e, qui peuvent inclure des mesures pour r\u00e9duire le stress oxydatif et un r\u00e9gime alimentaire sp\u00e9cial, sont essentielles pour \u00e9loigner les probl\u00e8mes r\u00e9naux chez les chiens, les chats et autres animaux de compagnie."}],"title_beneficios":"En quoi IRCVET Comprim\u00e9s peut-il aider ?","description_benefits":"Aliment compl\u00e9mentaire avec des nutriments qui aident \u00e0 :\r\n\r\n&nbsp;\r\n\r\n&nbsp;","items_benefits":[{"imagen":1238,"title":"Maintenir un fonctionnement normal du syst\u00e8me r\u00e9nal","description":"Les nutriments d'IRCVET pour chiens et chats aident \u00e0 pr\u00e9server l'int\u00e9grit\u00e9 et la fonction cellulaire, telles que les cellules r\u00e9nales.\r\n\r\n&nbsp;\r\n\r\n&nbsp;"},{"imagen":1240,"title":"Maintenir une vie active","description":"Contribue \u00e0 am\u00e9liorer la qualit\u00e9 de vie des animaux de compagnie atteints de probl\u00e8mes r\u00e9naux, leur permettant de se sentir plus \u00e0 l'aise et \u00e9nergiques.\r\n\r\n&nbsp;\r\n\r\n&nbsp;"},{"imagen":1236,"title":"Contribuer \u00e0 la protection des cellules","description":"Contribue \u00e0 prot\u00e9ger les cellules r\u00e9nales.\r\n\r\n&nbsp;\r\n\r\n&nbsp;"}],"items_presentaciones":[{"title":"Ircvet\u00ae Comprim\u00e9s","description":"Bo\u00eete contenant 60 comprim\u00e9s et prospectus.\r\n\r\n&nbsp;","imagen":3639}],"description_ingredients":"","items_ingredients":[{"title":"Ac\u00e9tate de calcium\r\n\r\n&nbsp;","description":"Nutriment qui, par son activit\u00e9 ch\u00e9latante du phosphore, aide \u00e0 r\u00e9duire la quantit\u00e9 de phosphore dans l'alimentation des animaux.\r\n\r\n&nbsp;"},{"title":"Feuilles de Vitis Vinifera\r\n\r\n&nbsp;","description":"Pour leur apport en resv\u00e9ratrol, polyph\u00e9nol pr\u00e9sent dans de nombreux aliments, en particulier le raisin. Connu pour ses propri\u00e9t\u00e9s antioxydantes.\r\n\r\n&nbsp;"},{"title":"Extrait d'artichaut\r\n\r\n&nbsp;","description":"Aporta cinarina Conocida por sus propiedades hepaprotectoras.\r\n\r\n&nbsp;"},{"title":"Acide folique et vitamines B6 et B12\r\n\r\n&nbsp;","description":"Contribuent au fonctionnement normal du syst\u00e8me immunitaire. Aident \u00e0 r\u00e9duire la fatigue.\r\n\r\n&nbsp;"}],"video":"","items_Instructions_for_use":[{"title":"G\u00e9n\u00e9ral","description":"Voie orale.\r\n\r\n\u00c0 prendre avec la nourriture. Si vous le pr\u00e9f\u00e9rez, vous pouvez le diviser et le m\u00e9langer avec la nourriture habituelle.\r\n\r\nLes animaux doivent avoir un acc\u00e8s permanent \u00e0 l'eau.\r\n\r\nIl est recommand\u00e9 de faire un suivi apr\u00e8s 6 mois d'utilisation."},{"title":"Chien","description":"<ul>\r\n \t<li>Jusqu'\u00e0 10 kg de poids corporel : \u00bd comprim\u00e9 par jour.<\/li>\r\n \t<li>De 10 \u00e0 20 kg de poids corporel : 1 comprim\u00e9 par jour.<\/li>\r\n \t<li>De 20 \u00e0 30 kg de poids corporel : 1\u00bd comprim\u00e9 par jour.<\/li>\r\n \t<li>\u00c0 partir de 30 kg de poids corporel: 2 comprim\u00e9s par jour.<\/li>\r\n<\/ul>"},{"title":"Chat","description":"<ul>\r\n \t<li>\u00bd comprim\u00e9 par jour.<\/li>\r\n<\/ul>\r\n&nbsp;"}],"image_banner_scientific_study_copiar":"","title_banner_scientific_study":"","description_banner_scientific_study":"","Scientific_study_banner":"","studies":null,"bibliografy_text":"1. Biswanath Dinda, Subhajit Dinda, Saikat DasSharma, Rajarshi Banik, Ankita Chakraborty, Manikarna Dinda, Therapeutic potentials of baicalin and its aglycone, baicalein against inflammatory disorders, European Journal of Medicinal Chemistry, Volume 131, 2017, Pages 68-80, ISSN 0223-5234, https:\/\/doi.org\/10.1016\/j.ejmech.2017.03.004.\r\n2. Reichling J, Schmo\u00a8 kel H, Fitzi J, Bucher S, Saller R. Dietary support with Boswellia resin in canine\r\ninflammatory joint and spinal disease. Schweizer Archiv fur Tierheilkunde. 2004; 146(2):71\u20139. https:\/\/doi.org\/10.1024\/0036-7281.146.2.71 PMID: 14994484\r\n3. Del Grossi Moura M, Lopes LC, Biavatti MW. Oral herbal medicines marketed in Brazil for the treatment of osteoarthritis: A systematic review and meta-analysis. Phytotherapy Research. 2017; 31(11):1676\u201385. https:\/\/doi.org\/10.1002\/ptr.5910 PMID: 28872719","features":[{"image":1262,"title":"Pas de prot\u00e9ines de poulet"},{"image":1267,"title":"Sans colorants"},{"image":1213,"title":"Comprim\u00e9s facilement divisibles"}],"ficha_tecnica":3640},"_links":{"self":[{"href":"https:\/\/beta.pharmadiet.com\/fr\/wp-json\/wp\/v2\/product\/3638","targetHints":{"allow":["GET"]}}],"collection":[{"href":"https:\/\/beta.pharmadiet.com\/fr\/wp-json\/wp\/v2\/product"}],"about":[{"href":"https:\/\/beta.pharmadiet.com\/fr\/wp-json\/wp\/v2\/types\/product"}],"replies":[{"embeddable":true,"href":"https:\/\/beta.pharmadiet.com\/fr\/wp-json\/wp\/v2\/comments?post=3638"}],"version-history":[{"count":13,"href":"https:\/\/beta.pharmadiet.com\/fr\/wp-json\/wp\/v2\/product\/3638\/revisions"}],"predecessor-version":[{"id":17582,"href":"https:\/\/beta.pharmadiet.com\/fr\/wp-json\/wp\/v2\/product\/3638\/revisions\/17582"}],"wp:featuredmedia":[{"embeddable":true,"href":"https:\/\/beta.pharmadiet.com\/fr\/wp-json\/wp\/v2\/media\/3639"}],"wp:attachment":[{"href":"https:\/\/beta.pharmadiet.com\/fr\/wp-json\/wp\/v2\/media?parent=3638"}],"wp:term":[{"taxonomy":"animal","embeddable":true,"href":"https:\/\/beta.pharmadiet.com\/fr\/wp-json\/wp\/v2\/animal?post=3638"},{"taxonomy":"product_brand","embeddable":true,"href":"https:\/\/beta.pharmadiet.com\/fr\/wp-json\/wp\/v2\/product_brand?post=3638"},{"taxonomy":"product_cat","embeddable":true,"href":"https:\/\/beta.pharmadiet.com\/fr\/wp-json\/wp\/v2\/product_cat?post=3638"},{"taxonomy":"product_tag","embeddable":true,"href":"https:\/\/beta.pharmadiet.com\/fr\/wp-json\/wp\/v2\/product_tag?post=3638"}],"curies":[{"name":"wp","href":"https:\/\/api.w.org\/{rel}","templated":true}]}}