{"id":3633,"date":"2025-07-31T16:28:10","date_gmt":"2025-07-31T14:28:10","guid":{"rendered":"https:\/\/beta.pharmadiet.com\/?post_type=product&#038;p=3633"},"modified":"2025-12-15T15:28:58","modified_gmt":"2025-12-15T14:28:58","slug":"inflavet","status":"publish","type":"product","link":"https:\/\/beta.pharmadiet.com\/fr\/productos\/inflavet\/","title":{"rendered":"Inflavet\u00ae"},"content":{"rendered":"<p>Aliment compl\u00e9mentaire avec des nutriments qui contribuent au bien-\u00eatre des articulations.<\/p>\n<ul>\n<li>Comprim\u00e9s facilement divisibles<\/li>\n<li>Pas de prot\u00e9ines de poulet<\/li>\n<li>Sans conservateurs<\/li>\n<li>Sans colorants<\/li>\n<\/ul>\n","protected":false},"excerpt":{"rendered":"<p>Aliment compl\u00e9mentaire avec des nutriments qui contribuent au bien-\u00eatre des articulations.<\/p>\n<p>&nbsp;<\/p>\n<p>&nbsp;<\/p>\n","protected":false},"featured_media":3634,"comment_status":"open","ping_status":"closed","template":"","meta":{"_acf_changed":false,"site-sidebar-layout":"default","site-content-layout":"","ast-site-content-layout":"default","site-content-style":"default","site-sidebar-style":"default","ast-global-header-display":"","ast-banner-title-visibility":"","ast-main-header-display":"","ast-hfb-above-header-display":"","ast-hfb-below-header-display":"","ast-hfb-mobile-header-display":"","site-post-title":"","ast-breadcrumbs-content":"","ast-featured-img":"","footer-sml-layout":"","theme-transparent-header-meta":"default","adv-header-id-meta":"","stick-header-meta":"","header-above-stick-meta":"","header-main-stick-meta":"","header-below-stick-meta":"","astra-migrate-meta-layouts":"set","ast-page-background-enabled":"default","ast-page-background-meta":{"desktop":{"background-color":"var(--ast-global-color-5)","background-image":"","background-repeat":"repeat","background-position":"center center","background-size":"auto","background-attachment":"scroll","background-type":"","background-media":"","overlay-type":"","overlay-color":"","overlay-opacity":"","overlay-gradient":""},"tablet":{"background-color":"","background-image":"","background-repeat":"repeat","background-position":"center center","background-size":"auto","background-attachment":"scroll","background-type":"","background-media":"","overlay-type":"","overlay-color":"","overlay-opacity":"","overlay-gradient":""},"mobile":{"background-color":"","background-image":"","background-repeat":"repeat","background-position":"center center","background-size":"auto","background-attachment":"scroll","background-type":"","background-media":"","overlay-type":"","overlay-color":"","overlay-opacity":"","overlay-gradient":""}},"ast-content-background-meta":{"desktop":{"background-color":"var(--ast-global-color-4)","background-image":"","background-repeat":"repeat","background-position":"center center","background-size":"auto","background-attachment":"scroll","background-type":"","background-media":"","overlay-type":"","overlay-color":"","overlay-opacity":"","overlay-gradient":""},"tablet":{"background-color":"var(--ast-global-color-4)","background-image":"","background-repeat":"repeat","background-position":"center center","background-size":"auto","background-attachment":"scroll","background-type":"","background-media":"","overlay-type":"","overlay-color":"","overlay-opacity":"","overlay-gradient":""},"mobile":{"background-color":"var(--ast-global-color-4)","background-image":"","background-repeat":"repeat","background-position":"center center","background-size":"auto","background-attachment":"scroll","background-type":"","background-media":"","overlay-type":"","overlay-color":"","overlay-opacity":"","overlay-gradient":""}}},"animal":[117,119],"product_brand":[],"product_cat":[20],"product_tag":[278],"class_list":{"0":"post-3633","1":"product","2":"type-product","3":"status-publish","4":"has-post-thumbnail","6":"animal-chat","7":"animal-chien","8":"product_cat-sante-articulaire-animaux","9":"product_tag-plantillab","10":"desktop-align-left","11":"tablet-align-left","12":"mobile-align-left","14":"first","15":"instock","16":"shipping-taxable","17":"product-type-simple"},"acf":{"title_indications":"","description_indication":"","items_indication":[{"imagen":"","title":"Quels sont les processus inflammatoires chroniques?","description":"Les processus inflammatoires chroniques chez les chiens et les chats sont une pr\u00e9occupation courante pour les propri\u00e9taires d'animaux de compagnie. Ils peuvent \u00eatre caus\u00e9s par diverses raisons, telles que des maladies auto-immunes, des l\u00e9sions chroniques ou des probl\u00e8mes gastro-intestinaux, et peuvent avoir un impact n\u00e9gatif sur la sant\u00e9 des animaux de compagnie. Les sympt\u00f4mes les plus courants comprennent la douleur, le gonflement, etc.\r\n\r\n&nbsp;\r\n\r\n&nbsp;"},{"imagen":3635,"title":"","description":"Certaines des pathologies inflammatoires chroniques les plus courantes chez les chiens et les chats incluent:\r\n<ul>\r\n \t<li>Arthrite rhumato\u00efde: Inflammation chronique des articulations, pouvant causer de la douleur et limiter la mobilit\u00e9 de la zone affect\u00e9e.<\/li>\r\n \t<li>Maladie inflammatoire intestinale:inflammation chronique du tractus gastro-intestinal, pouvant entra\u00eener des probl\u00e8mes gastro-intestinaux.<\/li>\r\n \t<li>Dermatite atopique: affection cutan\u00e9e provoquant une inflammation de la peau et des d\u00e9mangeaisons constantes.<\/li>\r\n<\/ul>"},{"imagen":3636,"title":"","description":"Le diagnostic et la gestion de ces pathologies inflammatoires chroniques sont essentiels pour garantir le bien-\u00eatre des animaux de compagnie. Une consultation r\u00e9guli\u00e8re avec un v\u00e9t\u00e9rinaire est fondamentale pour \u00e9valuer la sant\u00e9 des animaux de compagnie et traiter tout signe d'inflammation chronique \u00e0 temps.\r\n\r\n&nbsp;\r\n\r\n&nbsp;"}],"title_beneficios":"Inflavet, \u00e0 quoi \u00e7a sert : en quoi ce compl\u00e9ment alimentaire aide-t-il \u00e0 la sant\u00e9 articulaire de votre animal?","description_benefits":"Ce compl\u00e9ment alimentaire fournit des nutriments d'aide \u00e0:\r\n\r\n&nbsp;\r\n\r\n&nbsp;","items_benefits":[{"imagen":1237,"title":"Favoriser une r\u00e9cup\u00e9ration rapide","description":"Gr\u00e2ce aux propri\u00e9t\u00e9s associ\u00e9es \u00e0 ses nutriments, ce suppl\u00e9ment pour chats et chiens aide l'animal \u00e0 maintenir sa qualit\u00e9 de vie.\r\n\r\n&nbsp;\r\n\r\n&nbsp;"}],"items_presentaciones":[{"title":"INFLAVET\u00ae","description":"Bo\u00eete de 60 comprim\u00e9s, en blister. Blister de 10 comprim\u00e9s, facilement divisibles, pour faciliter la prise. Voie orale.\r\n\r\n&nbsp;\r\n\r\n&nbsp;","imagen":3634}],"description_ingredients":"","items_ingredients":[{"title":"Racine s\u00e9ch\u00e9e de Scutellaria baicalensis<sup>1<\/sup>","description":"Plante de la famille de la menthe, couramment utilis\u00e9e en m\u00e9decine traditionnelle chinoise. Le principal composant de cette plante est la baicaline (acide 7-glucuronique, 5,6-dihydroxy-flavone), un flavono\u00efde que l'on trouve principalement dans les racines et qui poss\u00e8de des propri\u00e9t\u00e9s antioxydantes et anti-inflammatoires bien connues.\r\n\r\n&nbsp;"},{"title":"Feuilles de Vitis Vinifera","description":"Pour leur apport en resv\u00e9ratrol, connu pour ses propri\u00e9t\u00e9s antioxydantes, contribue \u00e0 r\u00e9duire la pr\u00e9sence de substances impliqu\u00e9es dans les processus inflammatoires. Favorise \u00e9galement la circulation sanguine correcte.\r\n\r\n&nbsp;\r\n\r\n&nbsp;"},{"title":"Extrait de Boswellia serrata<sup>2,3<\/sup>","description":"Plante traditionnellement utilis\u00e9e pour ses propri\u00e9t\u00e9s antirhumatismales et anti-inflammatoires. Gr\u00e2ce \u00e0 sa teneur principalement en acides boswelliques, des nutriments connus pour leurs propri\u00e9t\u00e9s antioxydantes, elle aide \u00e0 r\u00e9duire la progression de l'inflammation.\r\n\r\n&nbsp;\r\n\r\n&nbsp;"}],"video":"","items_Instructions_for_use":[{"title":"Chien","description":"Voie orale.\r\n<ul>\r\n \t<li>Jusqu'\u00e0 10 kg de poids corporel : \u00bd comprim\u00e9 par jour.<\/li>\r\n \t<li>De 10 \u00e0 20 kg de poids corporel : 1 comprim\u00e9 par jour.<\/li>\r\n \t<li>De 20 \u00e0 30 kg de poids corporel : 1 et \u00bd comprim\u00e9s par jour.<\/li>\r\n \t<li>\u00c0 partir de 30 kg de poids corporel : 2 comprim\u00e9s par jour.<\/li>\r\n<\/ul>\r\nSi vous pr\u00e9f\u00e9rez, m\u00e9langez avec l'aliment habituel. Excellente tol\u00e9rance digestive."},{"title":"Chat","description":"Voie orale.\r\n<ul>\r\n \t<li>\u00bd comprim\u00e9 par jour.<\/li>\r\n<\/ul>\r\nSi vous pr\u00e9f\u00e9rez, m\u00e9langez avec l'aliment habituel. Excellente tol\u00e9rance digestive."}],"image_banner_scientific_study_copiar":"","title_banner_scientific_study":"","description_banner_scientific_study":"","Scientific_study_banner":"","studies":null,"bibliografy_text":"1. Biswanath Dinda, Subhajit Dinda, Saikat DasSharma, Rajarshi Banik, Ankita Chakraborty, Manikarna Dinda, Therapeutic potentials of baicalin and its aglycone, baicalein against inflammatory disorders, European Journal of Medicinal Chemistry, Volume 131, 2017, Pages 68-80, ISSN 0223-5234, https:\/\/doi.org\/10.1016\/j.ejmech.2017.03.004.\r\n2. Reichling J, Schmo\u00a8 kel H, Fitzi J, Bucher S, Saller R. Dietary support with Boswellia resin in canine\r\ninflammatory joint and spinal disease. Schweizer Archiv fur Tierheilkunde. 2004; 146(2):71\u20139. https:\/\/doi.org\/10.1024\/0036-7281.146.2.71 PMID: 14994484\r\n3. Del Grossi Moura M, Lopes LC, Biavatti MW. Oral herbal medicines marketed in Brazil for the treatment of osteoarthritis: A systematic review and meta-analysis. Phytotherapy Research. 2017; 31(11):1676\u201385. https:\/\/doi.org\/10.1002\/ptr.5910 PMID: 28872719","features":[{"image":1262,"title":"Pas de prot\u00e9ines de poulet"},{"image":1267,"title":"Sans conservateurs"},{"image":1213,"title":"Comprim\u00e9s facilement divisibles"}],"ficha_tecnica":3634},"_links":{"self":[{"href":"https:\/\/beta.pharmadiet.com\/fr\/wp-json\/wp\/v2\/product\/3633","targetHints":{"allow":["GET"]}}],"collection":[{"href":"https:\/\/beta.pharmadiet.com\/fr\/wp-json\/wp\/v2\/product"}],"about":[{"href":"https:\/\/beta.pharmadiet.com\/fr\/wp-json\/wp\/v2\/types\/product"}],"replies":[{"embeddable":true,"href":"https:\/\/beta.pharmadiet.com\/fr\/wp-json\/wp\/v2\/comments?post=3633"}],"version-history":[{"count":13,"href":"https:\/\/beta.pharmadiet.com\/fr\/wp-json\/wp\/v2\/product\/3633\/revisions"}],"predecessor-version":[{"id":17580,"href":"https:\/\/beta.pharmadiet.com\/fr\/wp-json\/wp\/v2\/product\/3633\/revisions\/17580"}],"wp:featuredmedia":[{"embeddable":true,"href":"https:\/\/beta.pharmadiet.com\/fr\/wp-json\/wp\/v2\/media\/3634"}],"wp:attachment":[{"href":"https:\/\/beta.pharmadiet.com\/fr\/wp-json\/wp\/v2\/media?parent=3633"}],"wp:term":[{"taxonomy":"animal","embeddable":true,"href":"https:\/\/beta.pharmadiet.com\/fr\/wp-json\/wp\/v2\/animal?post=3633"},{"taxonomy":"product_brand","embeddable":true,"href":"https:\/\/beta.pharmadiet.com\/fr\/wp-json\/wp\/v2\/product_brand?post=3633"},{"taxonomy":"product_cat","embeddable":true,"href":"https:\/\/beta.pharmadiet.com\/fr\/wp-json\/wp\/v2\/product_cat?post=3633"},{"taxonomy":"product_tag","embeddable":true,"href":"https:\/\/beta.pharmadiet.com\/fr\/wp-json\/wp\/v2\/product_tag?post=3633"}],"curies":[{"name":"wp","href":"https:\/\/api.w.org\/{rel}","templated":true}]}}