{"id":3625,"date":"2025-07-31T16:05:35","date_gmt":"2025-07-31T14:05:35","guid":{"rendered":"https:\/\/beta.pharmadiet.com\/?post_type=product&#038;p=3625"},"modified":"2025-12-15T15:02:56","modified_gmt":"2025-12-15T14:02:56","slug":"immmunity-plasmoral","status":"publish","type":"product","link":"https:\/\/beta.pharmadiet.com\/fr\/productos\/immmunity-plasmoral\/","title":{"rendered":"Immunity Plasmoral\u00ae"},"content":{"rendered":"<ul>\n<li>Ingr\u00e9dients avec \u00e9tudes publi\u00e9es<\/li>\n<li>Mode d&#8217;emploi adapt\u00e9 au poids de l&rsquo;animal<\/li>\n<li>Comprim\u00e9s facilement divisibles<\/li>\n<\/ul>\n","protected":false},"excerpt":{"rendered":"<p>Compl\u00e9ment alimentaire avec une composition innovante \u00e0 base d&rsquo;un complexe de prot\u00e9ines plasmatiques bioactives d&rsquo;origine plasmatique et d&rsquo;autres nutriments qui aident au fonctionnement normal du syst\u00e8me immunitaire, notamment dans les situations d&rsquo;immunosuppression acquise, de processus infectieux, de stress, de malnutrition, favorisant la r\u00e9ponse immunitaire normale de l&rsquo;animal.<\/p>\n<p>&nbsp;<\/p>\n","protected":false},"featured_media":3628,"comment_status":"open","ping_status":"closed","template":"","meta":{"_acf_changed":false,"site-sidebar-layout":"default","site-content-layout":"","ast-site-content-layout":"default","site-content-style":"default","site-sidebar-style":"default","ast-global-header-display":"","ast-banner-title-visibility":"","ast-main-header-display":"","ast-hfb-above-header-display":"","ast-hfb-below-header-display":"","ast-hfb-mobile-header-display":"","site-post-title":"","ast-breadcrumbs-content":"","ast-featured-img":"","footer-sml-layout":"","theme-transparent-header-meta":"default","adv-header-id-meta":"","stick-header-meta":"","header-above-stick-meta":"","header-main-stick-meta":"","header-below-stick-meta":"","astra-migrate-meta-layouts":"set","ast-page-background-enabled":"default","ast-page-background-meta":{"desktop":{"background-color":"var(--ast-global-color-5)","background-image":"","background-repeat":"repeat","background-position":"center center","background-size":"auto","background-attachment":"scroll","background-type":"","background-media":"","overlay-type":"","overlay-color":"","overlay-opacity":"","overlay-gradient":""},"tablet":{"background-color":"","background-image":"","background-repeat":"repeat","background-position":"center center","background-size":"auto","background-attachment":"scroll","background-type":"","background-media":"","overlay-type":"","overlay-color":"","overlay-opacity":"","overlay-gradient":""},"mobile":{"background-color":"","background-image":"","background-repeat":"repeat","background-position":"center center","background-size":"auto","background-attachment":"scroll","background-type":"","background-media":"","overlay-type":"","overlay-color":"","overlay-opacity":"","overlay-gradient":""}},"ast-content-background-meta":{"desktop":{"background-color":"var(--ast-global-color-4)","background-image":"","background-repeat":"repeat","background-position":"center center","background-size":"auto","background-attachment":"scroll","background-type":"","background-media":"","overlay-type":"","overlay-color":"","overlay-opacity":"","overlay-gradient":""},"tablet":{"background-color":"var(--ast-global-color-4)","background-image":"","background-repeat":"repeat","background-position":"center center","background-size":"auto","background-attachment":"scroll","background-type":"","background-media":"","overlay-type":"","overlay-color":"","overlay-opacity":"","overlay-gradient":""},"mobile":{"background-color":"var(--ast-global-color-4)","background-image":"","background-repeat":"repeat","background-position":"center center","background-size":"auto","background-attachment":"scroll","background-type":"","background-media":"","overlay-type":"","overlay-color":"","overlay-opacity":"","overlay-gradient":""}}},"animal":[117,119],"product_brand":[],"product_cat":[25],"product_tag":[277],"class_list":{"0":"post-3625","1":"product","2":"type-product","3":"status-publish","4":"has-post-thumbnail","6":"animal-chat","7":"animal-chien","8":"product_cat-sante-defenses-animaux","9":"product_tag-plantillaa","10":"desktop-align-left","11":"tablet-align-left","12":"mobile-align-left","14":"first","15":"instock","16":"shipping-taxable","17":"product-type-simple"},"acf":{"title_indications":"Vaccination des chiots : ce qu'il faut savoir","description_indication":"Le plan de vaccination de chaque chiot est unique en fonction de sa race et de ses besoins. Le v\u00e9t\u00e9rinaire \u00e9tablira une approche individualis\u00e9e garantissant une protection ad\u00e9quate sans exposer inutilement le chiot \u00e0 des vaccins non n\u00e9cessaires.\r\n\r\n&nbsp;\r\n\r\n&nbsp;","items_indication":[{"imagen":3629,"title":"P\u00e9riode de pr\u00e9-vaccination chez les chiens","description":"Avant d'administrer les vaccins, il est essentiel de s'assurer que le chiot est en bonne sant\u00e9. Cela inclut une \u00e9valuation de son \u00e9tat nutritionnel et s'assurer qu'il est exempt de parasites ou d'autres corps \u00e9trangers.\r\n<h3>Pendant la p\u00e9riode de vaccination chez les chiens<\/h3>\r\n&nbsp;\r\n\r\nLes vaccins peuvent entra\u00eener des effets secondaires l\u00e9gers tels que la fi\u00e8vre, la fatigue ou la somnolence. Dans ces cas, il est recommand\u00e9 de consulter votre v\u00e9t\u00e9rinaire pour pr\u00e9venir d'\u00e9ventuelles r\u00e9actions allergiques.\r\n\r\nL'immunit\u00e9 se d\u00e9veloppe progressivement tout au long du calendrier de vaccination. Il est essentiel d'adapter le plan en fonction des besoins changeants du chiot, offrant une protection efficace sans surcharger le syst\u00e8me immunitaire."},{"imagen":3630,"title":"Apr\u00e8s avoir termin\u00e9 le calendrier de vaccinations pour chiens","description":"Une fois le calendrier de vaccination de votre chien termin\u00e9, poursuivez les examens v\u00e9t\u00e9rinaires annuels, maintenez \u00e0 jour les vaccins de rappel, d\u00e9parasitez r\u00e9guli\u00e8rement et assurez-vous de surveiller sa sant\u00e9 g\u00e9n\u00e9rale avec le v\u00e9t\u00e9rinaire pour pr\u00e9venir les maladies et garantir son bien-\u00eatre \u00e0 long terme.\r\n\r\n&nbsp;\r\n\r\n&nbsp;"}],"title_beneficios":"En quoi Immunity Plasmoral aide-t-il \u00e0 maintenir la sant\u00e9 de votre animal de compagnie ?","description_benefits":"Compl\u00e9ment alimentaire avec des nutriments qui aident \u00e0 :\r\n\r\n&nbsp;\r\n\r\n&nbsp;","items_benefits":[{"imagen":1236,"title":"Maintenir l'immunit\u00e9 de la muqueuse intestinale","description":"Contribue \u00e0 r\u00e9duire l'incidence de diarrh\u00e9es associ\u00e9es \u00e0 la vaccination, et aide en cas d'ent\u00e9ropathies et d'inflammation intestinale.\r\n\r\n&nbsp;\r\n\r\n&nbsp;"},{"imagen":1241,"title":"","description":"Aide \u00e0 Prot\u00e9ger contre les infections."},{"imagen":1235,"title":"Am\u00e9liorer la symptomatologie associ\u00e9e aux p\u00e9riodes de vaccinationperiods","description":"Aide \u00e0 \u00e9quilibrer les processus physiologiques du stress.\r\n\r\n&nbsp;\r\n\r\n&nbsp;"},{"imagen":3492,"title":"Favoriser le fonctionnement normal du syst\u00e8me immunitaire face \u00e0 l'immunosuppression acquise","description":"Par l'utilisation prolong\u00e9e de m\u00e9dicaments potentiellement immunosuppresseurs.\r\n\r\n&nbsp;\r\n\r\n&nbsp;"}],"items_presentaciones":[{"title":"Immunity Plasmoral\u00ae","description":"60 tablets pack, in blister packs. Blister of 10 easily divisible tablets.\r\n\r\n&nbsp;","imagen":3628}],"description_ingredients":"","items_ingredients":[{"title":"A complex of bioactive plasma proteins, minerals, and vitamins\r\n\r\n&nbsp;","description":"Helps maintain normal immunity at the level of the intestinal mucosa, contributing to reducing the incidence of vaccination-associated diarrhea.\r\n\r\n&nbsp;"},{"title":"Oat bran\r\n\r\n&nbsp;","description":"Provides beta-glucans that contribute to protecting against infections.\r\n\r\n&nbsp;"},{"title":"Dry extract of Scutellaria baicalensis\r\n\r\n&nbsp;","description":"Provides Baicalin known for its antioxidant properties.\r\n\r\n&nbsp;"},{"title":"Ginseng\r\n\r\n&nbsp;","description":"<article class=\"bde-loop-item ee-post bde-dynamic-repeater-item\">\r\n<div class=\"bde-columns-206-100-981-4-206-2 bde-columns bde-columns-206-100\">\r\n<div class=\"bde-column-206-103-981-4-206-2 bde-column bde-column-206-103\">\r\n<div class=\"bde-rich-text-206-104-981-4-206-2 bde-rich-text bde-rich-text-206-104 breakdance-rich-text-styles\">\r\n\r\nBalances physiological stress processes.\r\n\r\nProvides ginsenosides, contributing to balancing physiological stress processes.\r\n\r\n&nbsp;\r\n\r\n<\/div>\r\n<\/div>\r\n<\/div>\r\n<\/article><article class=\"bde-loop-item ee-post bde-dynamic-repeater-item\">\r\n<div class=\"bde-columns-206-100-981-5-206-2 bde-columns bde-columns-206-100\">\r\n<div class=\"bde-column-206-101-981-5-206-2 bde-column bde-column-206-101\">\r\n<div class=\"bde-text-206-102-981-5-206-2 bde-text bde-text-206-102\"><\/div>\r\n<\/div>\r\n<\/div>\r\n<\/article>"},{"title":"Selenium\r\n\r\n&nbsp;","description":"Contribute to the normal functioning of the immune system.\r\n\r\n&nbsp;"},{"title":"Vitamins B6, B12\r\n\r\n&nbsp;","description":"Contribute to the normal functioning of the immune system.\r\n\r\n&nbsp;"},{"title":"Biotin\r\n\r\n&nbsp;","description":"Contributes to the maintenance of mucous membranes, skin, and coat under normal conditions.\r\n\r\n&nbsp;"}],"video":"","items_Instructions_for_use":[{"title":"Chien","description":"<ul>\r\n \t<li>Por cada 10kg de peso corporal: 1 comprimido al d\u00eda.<\/li>\r\n \t<li>\u00c0 partir de 40 kg de poids corporel : 4 comprim\u00e9s par jour.<\/li>\r\n<\/ul>"},{"title":"Chat","description":"<ul>\r\n \t<li>\u00bd comprim\u00e9 par jour<\/li>\r\n<\/ul>\r\n&nbsp;\r\n\r\n&nbsp;"},{"title":"Autres indications","description":"Voie orale.\r\n\r\n&nbsp;\r\n\r\n&nbsp;"}],"image_banner_scientific_study_copiar":"","title_banner_scientific_study":"\u00c9tude scientifique Plasmoral","description_banner_scientific_study":"<h3 style=\"color: white;\">Qu'avons-nous \u00e9tudi\u00e9<\/h3>\r\nUne \u00e9tude clinique simple en aveugle a \u00e9t\u00e9 r\u00e9alis\u00e9e avec 124 chiens Labrador Retriever. L'effet de la suppl\u00e9mentation en Plasmoral sur la fonction immunitaire a \u00e9t\u00e9 \u00e9valu\u00e9 pendant un an. Le groupe t\u00e9moin a re\u00e7u une alimentation sans suppl\u00e9mentation et l'autre groupe une alimentation avec suppl\u00e9mentation \u00e0 base de Plasmoral.\r\n<h3 style=\"color: white;\">Quelles ont \u00e9t\u00e9 les conclusions de l'\u00e9tude ?<\/h3>\r\n<ul>\r\n \t<li>Plasmoral\u00ae a d\u00e9montr\u00e9 r\u00e9duire la m\u00e9dication concomitante.<\/li>\r\n \t<li>Plasmoral\u00ae a contribu\u00e9 au bon \u00e9tat de sant\u00e9 g\u00e9n\u00e9ral des animaux.<\/li>\r\n \t<li>Plasmoral\u00ae a significativement r\u00e9duit la fr\u00e9quence des diarrh\u00e9es.<\/li>\r\n<\/ul>\r\nVous voulez voir tous les d\u00e9tails de notre \u00e9tude ? Cliquez sur le bouton pour voir l'\u00e9tude compl\u00e8te !","Scientific_study_banner":3627,"studies":[{"header_image":"","bibliography_image":1261,"title":"\u00c9tude scientifique Plasmoral","study":3627}],"bibliografy_text":"1.Mart\u00ed-Angulo S., Garc\u00eda-L\u00f3pez N., Vi\u00f1ar\u00e1s-Otero M., Varela-Sende L. Effect of oral supplementation with plasma proteins on the immune response of puppies: a randomized, controlled trial. Clin Vet Peq Anim 2022, 42 (1): 15-24\r\n\r\n2. Vetvicka V, Fernandez-Botran R. \u03b2-Glucan and parasites. Helminthologia. 2018; 55(3):177-184\r\n\r\n3.Ratan Z, Youn S, Kwak Y, Hac C, Haidere M, Kim J et al. Adaptogenic effects of Panax ginseng on modulation of immune functions. Journal of Ginseng Research. 2021; 45(1):32-40","features":[{"image":1270,"title":"Proven effectiveness in clinical study"},{"image":1267,"title":"No artificial colorings"},{"image":1262,"title":"Chicken protein-free"},{"image":1267,"title":"Without preservatives."},{"image":1213,"title":"Easily divisible tablet"}],"ficha_tecnica":3626},"_links":{"self":[{"href":"https:\/\/beta.pharmadiet.com\/fr\/wp-json\/wp\/v2\/product\/3625","targetHints":{"allow":["GET"]}}],"collection":[{"href":"https:\/\/beta.pharmadiet.com\/fr\/wp-json\/wp\/v2\/product"}],"about":[{"href":"https:\/\/beta.pharmadiet.com\/fr\/wp-json\/wp\/v2\/types\/product"}],"replies":[{"embeddable":true,"href":"https:\/\/beta.pharmadiet.com\/fr\/wp-json\/wp\/v2\/comments?post=3625"}],"version-history":[{"count":13,"href":"https:\/\/beta.pharmadiet.com\/fr\/wp-json\/wp\/v2\/product\/3625\/revisions"}],"predecessor-version":[{"id":17578,"href":"https:\/\/beta.pharmadiet.com\/fr\/wp-json\/wp\/v2\/product\/3625\/revisions\/17578"}],"wp:featuredmedia":[{"embeddable":true,"href":"https:\/\/beta.pharmadiet.com\/fr\/wp-json\/wp\/v2\/media\/3628"}],"wp:attachment":[{"href":"https:\/\/beta.pharmadiet.com\/fr\/wp-json\/wp\/v2\/media?parent=3625"}],"wp:term":[{"taxonomy":"animal","embeddable":true,"href":"https:\/\/beta.pharmadiet.com\/fr\/wp-json\/wp\/v2\/animal?post=3625"},{"taxonomy":"product_brand","embeddable":true,"href":"https:\/\/beta.pharmadiet.com\/fr\/wp-json\/wp\/v2\/product_brand?post=3625"},{"taxonomy":"product_cat","embeddable":true,"href":"https:\/\/beta.pharmadiet.com\/fr\/wp-json\/wp\/v2\/product_cat?post=3625"},{"taxonomy":"product_tag","embeddable":true,"href":"https:\/\/beta.pharmadiet.com\/fr\/wp-json\/wp\/v2\/product_tag?post=3625"}],"curies":[{"name":"wp","href":"https:\/\/api.w.org\/{rel}","templated":true}]}}