{"id":3602,"date":"2025-07-31T15:01:16","date_gmt":"2025-07-31T13:01:16","guid":{"rendered":"https:\/\/beta.pharmadiet.com\/?post_type=product&#038;p=3602"},"modified":"2025-12-11T15:41:34","modified_gmt":"2025-12-11T14:41:34","slug":"hepatosil-plus-petites","status":"publish","type":"product","link":"https:\/\/beta.pharmadiet.com\/fr\/productos\/hepatosil-plus-petites\/","title":{"rendered":"Hepatosil PLUS\u00ae Races Petites"},"content":{"rendered":"<p>Compl\u00e9ment alimentaire apportant des nutriments qui aident les cellules h\u00e9patiques chez les races de chiens et de chats de petite taille<\/p>\n<p>&nbsp;<\/p>\n","protected":false},"excerpt":{"rendered":"<p><strong>Nouvelle composition.<\/strong><\/p>\n<p>Compl\u00e9ment alimentaire apportant des nutriments qui aident les cellules h\u00e9patiques chez les races de chiens et de chats de petite taille<\/p>\n","protected":false},"featured_media":3603,"comment_status":"open","ping_status":"closed","template":"","meta":{"_acf_changed":false,"site-sidebar-layout":"default","site-content-layout":"","ast-site-content-layout":"default","site-content-style":"default","site-sidebar-style":"default","ast-global-header-display":"","ast-banner-title-visibility":"","ast-main-header-display":"","ast-hfb-above-header-display":"","ast-hfb-below-header-display":"","ast-hfb-mobile-header-display":"","site-post-title":"","ast-breadcrumbs-content":"","ast-featured-img":"","footer-sml-layout":"","theme-transparent-header-meta":"default","adv-header-id-meta":"","stick-header-meta":"","header-above-stick-meta":"","header-main-stick-meta":"","header-below-stick-meta":"","astra-migrate-meta-layouts":"set","ast-page-background-enabled":"default","ast-page-background-meta":{"desktop":{"background-color":"var(--ast-global-color-5)","background-image":"","background-repeat":"repeat","background-position":"center center","background-size":"auto","background-attachment":"scroll","background-type":"","background-media":"","overlay-type":"","overlay-color":"","overlay-opacity":"","overlay-gradient":""},"tablet":{"background-color":"","background-image":"","background-repeat":"repeat","background-position":"center center","background-size":"auto","background-attachment":"scroll","background-type":"","background-media":"","overlay-type":"","overlay-color":"","overlay-opacity":"","overlay-gradient":""},"mobile":{"background-color":"","background-image":"","background-repeat":"repeat","background-position":"center center","background-size":"auto","background-attachment":"scroll","background-type":"","background-media":"","overlay-type":"","overlay-color":"","overlay-opacity":"","overlay-gradient":""}},"ast-content-background-meta":{"desktop":{"background-color":"var(--ast-global-color-4)","background-image":"","background-repeat":"repeat","background-position":"center center","background-size":"auto","background-attachment":"scroll","background-type":"","background-media":"","overlay-type":"","overlay-color":"","overlay-opacity":"","overlay-gradient":""},"tablet":{"background-color":"var(--ast-global-color-4)","background-image":"","background-repeat":"repeat","background-position":"center center","background-size":"auto","background-attachment":"scroll","background-type":"","background-media":"","overlay-type":"","overlay-color":"","overlay-opacity":"","overlay-gradient":""},"mobile":{"background-color":"var(--ast-global-color-4)","background-image":"","background-repeat":"repeat","background-position":"center center","background-size":"auto","background-attachment":"scroll","background-type":"","background-media":"","overlay-type":"","overlay-color":"","overlay-opacity":"","overlay-gradient":""}}},"animal":[117,119],"product_brand":[],"product_cat":[26],"product_tag":[279],"class_list":{"0":"post-3602","1":"product","2":"type-product","3":"status-publish","4":"has-post-thumbnail","6":"animal-chat","7":"animal-chien","8":"product_cat-supplements-internal-health-animals","9":"product_tag-plantillac","10":"desktop-align-left","11":"tablet-align-left","12":"mobile-align-left","14":"first","15":"instock","16":"shipping-taxable","17":"product-type-simple"},"acf":{"title_indications":"","description_indication":"","items_indication":[{"imagen":"","title":"Probl\u00e8mes h\u00e9patiques chez les chats et les chiens : comprendre et aborder les risques","description":"Les maladies h\u00e9patiques affectent les chats et les chiens, il est important de les comprendre pour leur fournir les meilleurs soins possibles.\r\n\r\nFonction critique du foie :\r\n\r\nLe foie joue un r\u00f4le essentiel dans la digestion, le m\u00e9tabolisme et l'\u00e9limination des toxines dans le corps de nos animaux de compagnie."},{"imagen":3607,"title":"Maladies h\u00e9patiques courantes :","description":"L'h\u00e9patite:caus\u00e9e par des infections, des toxines et des facteurs g\u00e9n\u00e9tiques, peut entra\u00eener des probl\u00e8mes graves au foie.\r\n\r\nSympt\u00f4mes r\u00e9v\u00e9lateurs:\r\n\r\nLa perte d'app\u00e9tit, la l\u00e9thargie, les vomissements et les changements de couleur de la peau ou des yeux peuvent \u00eatre des signes pr\u00e9curseurs de maladie h\u00e9patique.\r\n\r\nImportance de la d\u00e9tection pr\u00e9coce:\r\n\r\nLa d\u00e9tection pr\u00e9coce est essentielle pour un traitement efficace. Si vous observez des signes pr\u00e9occupants, n'h\u00e9sitez pas \u00e0 consulter un v\u00e9t\u00e9rinaire."},{"imagen":3599,"title":"Pr\u00e9vention et soins continus","description":"Emp\u00eacher l'acc\u00e8s aux substances toxiques, maintenir une alimentation saine et effectuer des examens v\u00e9t\u00e9rinaires r\u00e9guliers sont des pratiques cl\u00e9s pour maintenir la sant\u00e9 h\u00e9patique de vos animaux de compagnie.\r\n\r\nEn r\u00e9sum\u00e9, les maladies du foie sont une pr\u00e9occupation r\u00e9elle chez les chats et les chiens. Comprendre les risques, \u00eatre attentif aux sympt\u00f4mes et rechercher des soins v\u00e9t\u00e9rinaires lorsque cela est n\u00e9cessaire sont des \u00e9tapes essentielles pour garantir que nos animaux de compagnie vivent des vies longues et saines.\r\n\r\n&nbsp;"}],"title_beneficios":"En quoi Hepatosil Plus Races Petites peut-il aider ?","description_benefits":"","items_benefits":[{"imagen":1238,"title":"Aide \u00e0 la fonction interne normale","description":"Le compl\u00e9ment alimentaire Hepatosil Plus fournit des nutriments ayant une action antioxydante connue, qui aident \u00e0 pr\u00e9server l'int\u00e9grit\u00e9 et la fonctionnalit\u00e9 de l'organisme.\r\n\r\n&nbsp;\r\n\r\n&nbsp;"},{"imagen":1239,"title":"Soutient la synth\u00e8se des nutriments","description":"Des nutriments tels que le zinc et l'acide folique aident \u00e0 la synth\u00e8se des prot\u00e9ines et des acides amin\u00e9s, contribuant \u00e0 une meilleure assimilation des min\u00e9raux et des nutriments par l'organisme.\r\n\r\n&nbsp;\r\n\r\n&nbsp;"},{"imagen":1249,"title":"Contribue \u00e0 l'\u00e9limination des toxines","description":"Le foie est crucial pour d\u00e9toxifier l'organisme. Les nutriments du compl\u00e9ment alimentaire Hepatosil Plus aident \u00e0 \u00e9liminer les toxines et \u00e0 maintenir une fonction interne normale.\r\n\r\n&nbsp;\r\n\r\n&nbsp;"}],"items_presentaciones":[{"title":"Hepatosil PLUS\u00ae Races Petites","description":"Bo\u00eete de 30 comprim\u00e9s avec prospectus.\r\n\r\n&nbsp;","imagen":3606}],"description_ingredients":"","items_ingredients":[{"title":"<div class=\"bde-column-206-101-1143-1-206-3 bde-column bde-column-206-101\">\r\n<div class=\"bde-text-206-102-1143-1-206-3 bde-text bde-text-206-102\">\r\n<div class=\"bde-column-206-101-1071-1-206-3 bde-column bde-column-206-101\">\r\n<div class=\"bde-text-206-102-1071-1-206-3 bde-text bde-text-206-102\">\r\n\r\nLevure de bi\u00e8re (Saccharomyces cerevisae)\r\n\r\n&nbsp;\r\n\r\n&nbsp;\r\n\r\n<\/div>\r\n<\/div>\r\n<div class=\"bde-column-206-103-1071-1-206-3 bde-column bde-column-206-103\">\r\n<div class=\"bde-rich-text-206-104-1071-1-206-3 bde-rich-text bde-rich-text-206-104 breakdance-rich-text-styles\"><\/div>\r\n<\/div>\r\n<\/div>\r\n<\/div>","description":"Source de nutriments aux propri\u00e9t\u00e9s antioxydantes\r\n\r\n&nbsp;\r\n\r\n&nbsp;"},{"title":"<div class=\"bde-column-206-101-1143-2-206-3 bde-column bde-column-206-101\">\r\n<div class=\"bde-text-206-102-1143-2-206-3 bde-text bde-text-206-102\">\r\n<div class=\"bde-column-206-101-1071-2-206-3 bde-column bde-column-206-101\">\r\n<div class=\"bde-text-206-102-1071-2-206-3 bde-text bde-text-206-102\">\r\n\r\nVitamines B1 et B12\r\n\r\n&nbsp;\r\n\r\n&nbsp;\r\n\r\n<\/div>\r\n<\/div>\r\n<\/div>\r\n<\/div>","description":"Contribuent au m\u00e9tabolisme \u00e9nerg\u00e9tique normal\r\n\r\n&nbsp;"},{"title":"<div class=\"bde-column-206-101-1143-3-206-2 bde-column bde-column-206-101\">\r\n<div class=\"bde-text-206-102-1143-3-206-2 bde-text bde-text-206-102\">\r\n<div class=\"bde-column-206-101-1071-3-206-2 bde-column bde-column-206-101\">\r\n<div class=\"bde-text-206-102-1071-3-206-2 bde-text bde-text-206-102\">\r\n<div class=\"bde-column-206-101-1079-3-206-3 bde-column bde-column-206-101\">\r\n<div class=\"bde-text-206-102-1079-3-206-3 bde-text bde-text-206-102\">\r\n\r\nGraine de chardon-Marie\r\n\r\n&nbsp;\r\n\r\n&nbsp;\r\n\r\n<\/div>\r\n<\/div>\r\n<div class=\"bde-column-206-103-1079-3-206-3 bde-column bde-column-206-103\">\r\n<div class=\"bde-rich-text-206-104-1079-3-206-3 bde-rich-text bde-rich-text-206-104 breakdance-rich-text-styles\"><\/div>\r\n<\/div>\r\n<\/div>\r\n<\/div>\r\n<\/div>\r\n<\/div>","description":"Connue pour son activit\u00e9 h\u00e9patoprotectrice, contribue \u00e0 la fonction h\u00e9patique normale.\r\n\r\n&nbsp;"},{"title":"<div class=\"bde-column-206-101-1143-4-206-2 bde-column bde-column-206-101\">\r\n<div class=\"bde-text-206-102-1143-4-206-2 bde-text bde-text-206-102\">\r\n\r\nZinc\r\n\r\n<\/div>\r\n<\/div>","description":"Contribue \u00e0 la protection des cellules contre les dommages oxydatifs, \u00e0 la synth\u00e8se prot\u00e9ique normale, au m\u00e9tabolisme normal des acides gras, des glucides, des macronutriments et au fonctionnement normal du syst\u00e8me immunitaire."},{"title":"<div class=\"bde-column-206-101-1143-5-206-2 bde-column bde-column-206-101\">\r\n<div class=\"bde-text-206-102-1143-5-206-2 bde-text bde-text-206-102\">\r\n<div class=\"bde-column-206-101-1071-5-206-2 bde-column bde-column-206-101\">\r\n<div class=\"bde-text-206-102-1071-5-206-2 bde-text bde-text-206-102\">\r\n\r\nVitamine E\r\n\r\n<\/div>\r\n<\/div>\r\n<div class=\"bde-column-206-103-1071-5-206-2 bde-column bde-column-206-103\">\r\n<div class=\"bde-rich-text-206-104-1071-5-206-2 bde-rich-text bde-rich-text-206-104 breakdance-rich-text-styles\"><\/div>\r\n<\/div>\r\n<\/div>\r\n<\/div>","description":"Associ\u00e9e au s\u00e9l\u00e9nium, elle contribue \u00e0 la protection des cellules contre les dommages oxydatifs.\r\n\r\n&nbsp;"},{"title":"<div class=\"bde-column-206-101-1071-6-206-2 bde-column bde-column-206-101\">\r\n<div class=\"bde-text-206-102-1071-6-206-2 bde-text bde-text-206-102\">\r\n\r\nAcide folique\r\n\r\n&nbsp;\r\n\r\n<\/div>\r\n<\/div>\r\n<div class=\"bde-column-206-103-1071-6-206-2 bde-column bde-column-206-103\">\r\n<div class=\"bde-rich-text-206-104-1071-6-206-2 bde-rich-text bde-rich-text-206-104 breakdance-rich-text-styles\"><\/div>\r\n<\/div>","description":"Contribue \u00e0 la synth\u00e8se normale des acides amin\u00e9s, au fonctionnement normal du syst\u00e8me immunitaire. Aide \u00e0 r\u00e9duire la fatigue. Contribue au processus de division cellulaire.\r\n\r\n&nbsp;"},{"title":"<div class=\"bde-column-206-101-1071-7-206-2 bde-column bde-column-206-101\">\r\n<div class=\"bde-text-206-102-1071-7-206-2 bde-text bde-text-206-102\">\r\n\r\nS\u00e9l\u00e9nium\r\n\r\n&nbsp;\r\n\r\n<\/div>\r\n<\/div>\r\n<div class=\"bde-column-206-103-1071-7-206-2 bde-column bde-column-206-103\">\r\n<div class=\"bde-rich-text-206-104-1071-7-206-2 bde-rich-text bde-rich-text-206-104 breakdance-rich-text-styles\"><\/div>\r\n<\/div>","description":"Contribue au fonctionnement normal du syst\u00e8me immunitaire et, associ\u00e9 \u00e0 la vitamine E, contribue \u00e0 la protection des cellules contre les dommages oxydatifs.\r\n\r\n&nbsp;"}],"video":"","items_Instructions_for_use":[{"title":"","description":"Voie orale.\r\n\r\nM\u00e9langer le contenu du sachet avec la nourriture habituelle.\r\n\r\nLes animaux doivent avoir un acc\u00e8s permanent \u00e0 l'eau.\r\n\r\nIl est recommand\u00e9 de faire un suivi apr\u00e8s 6 mois d'utilisation.\r\n\r\n&nbsp;"},{"title":"Chat","description":"Jusqu'\u00e0 7 kg de poids corporel : 1 comprim\u00e9 par jour.\r\n\r\n&nbsp;\r\n\r\n&nbsp;"},{"title":"Chien","description":"<section id=\"instrucciones\" class=\"bde-section-130-158 bde-section\">Jusqu'\u00e0 7 kg de poids corporel : 1 comprim\u00e9 par jour.\r\n\r\n&nbsp;\r\n\r\n<\/section>"}],"image_banner_scientific_study_copiar":"","title_banner_scientific_study":"","description_banner_scientific_study":"","Scientific_study_banner":"","studies":null,"bibliografy_text":"1. . Swanson KS et al. Supplemental frucooligosaccharides and mannanoligosaccharides influence immune fuction, illeal and total tract nutrient digestibilities, micrbial populations and concentrations of protein catabolites in the large bowel of dogs. J Nutr (2002); 132 (5):980-989.\r\n2. Swanson KS et al. effects of supplemental frucooligosaccharides and mannanoligosaccharides on colonic microbial populations, immune function and fecal odor components in the canine. J Nutr (2002); 132:1717S-1719S\r\n3. Halas V et al. Mannanoligosaccharides in nursery pig nutrition and their potential mode of action. Animals (2012): 2:261-274\r\n4. Benyacoub J et al. Supplementatio of food with Enterococcus faecium (SF68) stimulates immune function in young dogs. J Nutr. (2003). 133 (4), 1158.\r\n5. Lappin M.R et al. Pilot study to evaluate the effect of oral supplementation of Enterococcus faecium SF 68 on cats with latent feline herpesvirus1. J Feline Med Surg. 11,650 (2009).\r\n6. Canani RB et al. Mechanisms of action of zinc in acute diarrhea. Curr Opin Gastroenterol (2011); 27 (1): 8-12.\r\n7. Skrovanek S et al. Zinc and gastrointestinal disease. World J Gastrointest Pathophysiol (2014) Nov; 15;5 (4):496-513.","features":[{"image":1262,"title":"Pas de prot\u00e9ines de poulet"},{"image":1267,"title":"Sans conservateurs"},{"image":1213,"title":"Comprim\u00e9s facilement divisibles"}],"ficha_tecnica":3604},"_links":{"self":[{"href":"https:\/\/beta.pharmadiet.com\/fr\/wp-json\/wp\/v2\/product\/3602","targetHints":{"allow":["GET"]}}],"collection":[{"href":"https:\/\/beta.pharmadiet.com\/fr\/wp-json\/wp\/v2\/product"}],"about":[{"href":"https:\/\/beta.pharmadiet.com\/fr\/wp-json\/wp\/v2\/types\/product"}],"replies":[{"embeddable":true,"href":"https:\/\/beta.pharmadiet.com\/fr\/wp-json\/wp\/v2\/comments?post=3602"}],"version-history":[{"count":14,"href":"https:\/\/beta.pharmadiet.com\/fr\/wp-json\/wp\/v2\/product\/3602\/revisions"}],"predecessor-version":[{"id":17568,"href":"https:\/\/beta.pharmadiet.com\/fr\/wp-json\/wp\/v2\/product\/3602\/revisions\/17568"}],"wp:featuredmedia":[{"embeddable":true,"href":"https:\/\/beta.pharmadiet.com\/fr\/wp-json\/wp\/v2\/media\/3603"}],"wp:attachment":[{"href":"https:\/\/beta.pharmadiet.com\/fr\/wp-json\/wp\/v2\/media?parent=3602"}],"wp:term":[{"taxonomy":"animal","embeddable":true,"href":"https:\/\/beta.pharmadiet.com\/fr\/wp-json\/wp\/v2\/animal?post=3602"},{"taxonomy":"product_brand","embeddable":true,"href":"https:\/\/beta.pharmadiet.com\/fr\/wp-json\/wp\/v2\/product_brand?post=3602"},{"taxonomy":"product_cat","embeddable":true,"href":"https:\/\/beta.pharmadiet.com\/fr\/wp-json\/wp\/v2\/product_cat?post=3602"},{"taxonomy":"product_tag","embeddable":true,"href":"https:\/\/beta.pharmadiet.com\/fr\/wp-json\/wp\/v2\/product_tag?post=3602"}],"curies":[{"name":"wp","href":"https:\/\/api.w.org\/{rel}","templated":true}]}}