{"id":3596,"date":"2025-07-31T14:55:11","date_gmt":"2025-07-31T12:55:11","guid":{"rendered":"https:\/\/beta.pharmadiet.com\/?post_type=product&#038;p=3596"},"modified":"2025-12-11T15:31:30","modified_gmt":"2025-12-11T14:31:30","slug":"hepatosil-plus-moyennes","status":"publish","type":"product","link":"https:\/\/beta.pharmadiet.com\/fr\/productos\/hepatosil-plus-moyennes\/","title":{"rendered":"Hepatosil PLUS\u00ae Races Moyennes"},"content":{"rendered":"<p>Compl\u00e9ment alimentaire fournissant des nutriments qui contribuent au maintien de la fonction interne, sp\u00e9cialement formul\u00e9 pour les races de chiens de taille moyenne.<\/p>\n","protected":false},"excerpt":{"rendered":"<p><strong>Nouvelle composition.<\/strong><\/p>\n<p>Compl\u00e9ment alimentaire fournissant des nutriments qui contribuent au maintien de la fonction interne, sp\u00e9cialement formul\u00e9 pour les races de chiens de taille moyenne<\/p>\n","protected":false},"featured_media":3597,"comment_status":"open","ping_status":"closed","template":"","meta":{"_acf_changed":false,"site-sidebar-layout":"default","site-content-layout":"","ast-site-content-layout":"default","site-content-style":"default","site-sidebar-style":"default","ast-global-header-display":"","ast-banner-title-visibility":"","ast-main-header-display":"","ast-hfb-above-header-display":"","ast-hfb-below-header-display":"","ast-hfb-mobile-header-display":"","site-post-title":"","ast-breadcrumbs-content":"","ast-featured-img":"","footer-sml-layout":"","theme-transparent-header-meta":"default","adv-header-id-meta":"","stick-header-meta":"","header-above-stick-meta":"","header-main-stick-meta":"","header-below-stick-meta":"","astra-migrate-meta-layouts":"set","ast-page-background-enabled":"default","ast-page-background-meta":{"desktop":{"background-color":"var(--ast-global-color-5)","background-image":"","background-repeat":"repeat","background-position":"center center","background-size":"auto","background-attachment":"scroll","background-type":"","background-media":"","overlay-type":"","overlay-color":"","overlay-opacity":"","overlay-gradient":""},"tablet":{"background-color":"","background-image":"","background-repeat":"repeat","background-position":"center center","background-size":"auto","background-attachment":"scroll","background-type":"","background-media":"","overlay-type":"","overlay-color":"","overlay-opacity":"","overlay-gradient":""},"mobile":{"background-color":"","background-image":"","background-repeat":"repeat","background-position":"center center","background-size":"auto","background-attachment":"scroll","background-type":"","background-media":"","overlay-type":"","overlay-color":"","overlay-opacity":"","overlay-gradient":""}},"ast-content-background-meta":{"desktop":{"background-color":"var(--ast-global-color-4)","background-image":"","background-repeat":"repeat","background-position":"center center","background-size":"auto","background-attachment":"scroll","background-type":"","background-media":"","overlay-type":"","overlay-color":"","overlay-opacity":"","overlay-gradient":""},"tablet":{"background-color":"var(--ast-global-color-4)","background-image":"","background-repeat":"repeat","background-position":"center center","background-size":"auto","background-attachment":"scroll","background-type":"","background-media":"","overlay-type":"","overlay-color":"","overlay-opacity":"","overlay-gradient":""},"mobile":{"background-color":"var(--ast-global-color-4)","background-image":"","background-repeat":"repeat","background-position":"center center","background-size":"auto","background-attachment":"scroll","background-type":"","background-media":"","overlay-type":"","overlay-color":"","overlay-opacity":"","overlay-gradient":""}}},"animal":[119],"product_brand":[],"product_cat":[26],"product_tag":[279],"class_list":{"0":"post-3596","1":"product","2":"type-product","3":"status-publish","4":"has-post-thumbnail","6":"animal-chien","7":"product_cat-supplements-internal-health-animals","8":"product_tag-plantillac","9":"desktop-align-left","10":"tablet-align-left","11":"mobile-align-left","13":"first","14":"instock","15":"shipping-taxable","16":"product-type-simple"},"acf":{"title_indications":"","description_indication":"","items_indication":[{"imagen":"","title":"H\u00e9patite chez les Chiens : Un D\u00e9fi pour la Sant\u00e9 H\u00e9patique Canine","description":"L'h\u00e9patite, une inflammation du foie, peut affecter les chiens quelle que soit leur \u00e2ge ou leur race. Cet organe vital remplit de nombreuses fonctions essentielles, notamment l'\u00e9limination des toxines, la synth\u00e8se des prot\u00e9ines, la production de bile et l'absorption des nutriments, mettant ainsi en p\u00e9ril le bien-\u00eatre de l'animal.\r\n\r\n&nbsp;"},{"imagen":3600,"title":"Types d'H\u00e9patite Canine :","description":"<strong>H\u00e9patite Courante:<\/strong> Cette forme d'h\u00e9patite est souvent d\u00e9clench\u00e9e par l'ingestion de substances toxiques ou de m\u00e9dicaments qui peuvent avoir des effets secondaires n\u00e9fastes sur le foie.\r\n\r\n<strong>H\u00e9patite Auto-Immune :<\/strong> Dans ce cas, l'h\u00e9patite est caus\u00e9e par une r\u00e9action du syst\u00e8me immunitaire du chien contre ses propres cellules h\u00e9patiques, ce qui peut entra\u00eener des dommages graves au foie.\r\n\r\n<strong>H\u00e9patite Infectieuse :<\/strong> Provoqu\u00e9e par l'ad\u00e9novirus CAV-1, cette forme d'h\u00e9patite est hautement contagieuse. Elle se transmet par les s\u00e9cr\u00e9tions nasales et la salive ou par ingestion d'aliments ou d'eau contamin\u00e9s par des excr\u00e9ments ou de l'urine d'animaux infect\u00e9s.\r\n\r\n<strong>Sympt\u00f4mes de l'H\u00e9patite chez les Chiens :<\/strong>\r\n\r\nLes sympt\u00f4mes de l'h\u00e9patite canine peuvent varier, mais incluent g\u00e9n\u00e9ralement:\r\n<ul>\r\n \t<li>Perte d'app\u00e9tit<\/li>\r\n \t<li>L\u00e9thargie<\/li>\r\n \t<li>Vomissements<\/li>\r\n \t<li>Ict\u00e8re (coloration jaun\u00e2tre des muqueuses et de la peau)<\/li>\r\n \t<li>Douleur abdominale<\/li>\r\n \t<li>Augmentation de la soif et de la miction<\/li>\r\n \t<li>Probl\u00e8mes gastro-intestinaux comme la diarrh\u00e9e<\/li>\r\n<\/ul>"},{"imagen":3599,"title":"Importance de la Pr\u00e9vention et du Traitement :","description":"\u00c9tant donn\u00e9 que l'h\u00e9patite peut mettre la vie de votre chien en danger, la pr\u00e9vention et le traitement appropri\u00e9s sont cruciaux. Gardez votre animal \u00e9loign\u00e9 des substances toxiques et assurez-vous qu'il est \u00e0 jour avec ses vaccins pour pr\u00e9venir l'h\u00e9patite infectieuse. Si vous soup\u00e7onnez que votre chien pourrait avoir une h\u00e9patite, consultez imm\u00e9diatement un v\u00e9t\u00e9rinaire. Plus t\u00f4t elle sera diagnostiqu\u00e9e et trait\u00e9e, meilleures seront les chances de gu\u00e9rison et de vie saine pour votre compagnon canin.\r\n\r\nL'h\u00e9patite chez les chiens est un s\u00e9rieux d\u00e9fi de sant\u00e9, mais avec des soins, une pr\u00e9vention et un traitement appropri\u00e9s, vous pouvez aider \u00e0 prot\u00e9ger la sant\u00e9 h\u00e9patique de votre chien."}],"title_beneficios":"En quoi Hepatosil Plus Races Moyennes peut-il aider ?","description_benefits":"Ce compl\u00e9ment alimentaire pour chiens, seniors ou de tout \u00e2ge :\r\n\r\n&nbsp;\r\n\r\n&nbsp;","items_benefits":[{"imagen":1238,"title":"Aide \u00e0 la fonction interne normale :","description":"Le compl\u00e9ment alimentaire Hepatosil Plus fournit des nutriments ayant une action antioxydante connue, qui aident \u00e0 pr\u00e9server l'int\u00e9grit\u00e9 et la fonctionnalit\u00e9 de l'organisme.\r\n\r\n&nbsp;\r\n\r\n&nbsp;"},{"imagen":1239,"title":"Soutient la synth\u00e8se des nutriments","description":"Des nutriments tels que le zinc et l'acide folique aident \u00e0 la synth\u00e8se des prot\u00e9ines et des acides amin\u00e9s, contribuant \u00e0 une meilleure assimilation des min\u00e9raux et des nutriments par l'organisme.\r\n\r\n&nbsp;\r\n\r\n&nbsp;"},{"imagen":1249,"title":"Contribue \u00e0 l'\u00e9limination des toxines","description":"Le foie est crucial pour d\u00e9toxifier l'organisme. Les nutriments du compl\u00e9ment alimentaire Hepatosil Plus aident \u00e0 \u00e9liminer les toxines et \u00e0 maintenir une fonction interne normale.\r\n\r\n&nbsp;\r\n\r\n&nbsp;"}],"items_presentaciones":[{"title":"Hepatosil Plus\u00ae Races Moyennes","description":"Bo\u00eete de 30 comprim\u00e9s avec prospectus.\r\n\r\n&nbsp;","imagen":3597}],"description_ingredients":"","items_ingredients":[{"title":"Levure de bi\u00e8re (Saccharomyces cerevisae)\r\n\r\n&nbsp;","description":"Source de nutriments aux propri\u00e9t\u00e9s antioxydantes\r\n\r\n&nbsp;"},{"title":"Vitamines B1 et B12","description":"Contribuent au m\u00e9tabolisme \u00e9nerg\u00e9tique normalContribuent au m\u00e9tabolisme \u00e9nerg\u00e9tique normal.\r\n\r\n&nbsp;"},{"title":"Graine de chardon-Marie\r\n\r\n&nbsp;\r\n\r\n&nbsp;","description":"Gr\u00e2ce \u00e0 sa teneur en silybine, connue pour son activit\u00e9 h\u00e9patoprotectrice, contribue \u00e0 la fonction h\u00e9patique normale.\r\n\r\n&nbsp;\r\n\r\n&nbsp;"},{"title":"Zinc","description":"Contribue \u00e0 la protection des cellules contre les dommages oxydatifs, \u00e0 la synth\u00e8se prot\u00e9ique normale, au m\u00e9tabolisme normal des acides gras, des glucides, des macronutriments et au fonctionnement normal du syst\u00e8me immunitaire.\r\n\r\n&nbsp;"},{"title":"Vitamine E\r\n\r\n&nbsp;\r\n\r\n&nbsp;","description":"Associ\u00e9e au s\u00e9l\u00e9nium, elle contribue \u00e0 la protection des cellules contre les dommages oxydatifs.\r\n\r\n&nbsp;"},{"title":"Acide folique\r\n\r\n&nbsp;","description":"Contribue \u00e0 la synth\u00e8se normale des acides amin\u00e9s, au fonctionnement normal du syst\u00e8me immunitaire. Aide \u00e0 r\u00e9duire la fatigue. Contribue au processus de division cellulaire.\r\n\r\n&nbsp;"},{"title":"S\u00e9l\u00e9nium\r\n\r\n&nbsp;","description":"Contribue au fonctionnement normal du syst\u00e8me immunitaire et, associ\u00e9 \u00e0 la vitamine E, contribue \u00e0 la protection des cellules contre les dommages oxydatifs.\r\n\r\n&nbsp;\r\n\r\n&nbsp;"}],"video":"","items_Instructions_for_use":[{"title":"","description":"Voie orale.\r\n\r\nIl est recommand\u00e9 de le m\u00e9langer avec la nourriture habituelle.\r\n\r\nLes animaux doivent avoir un acc\u00e8s permanent \u00e0 l'eau.\r\n\r\nIl est recommand\u00e9 de faire un suivi apr\u00e8s 6 mois d'utilisation.s\r\n\r\n&nbsp;"},{"title":"Chien","description":"<ul>\r\n \t<li>De 7 kg \u00e0 10 kg de poids corporel : \u00bd comprim\u00e9 par jour.<\/li>\r\n \t<li>De 10 kg \u00e0 15 kg de poids corporel : \u00be comprim\u00e9 par jour.<\/li>\r\n \t<li>De 15 kg \u00e0 20 kg de poids corporel : 1 comprim\u00e9 par jour.<\/li>\r\n<\/ul>"}],"image_banner_scientific_study_copiar":"","title_banner_scientific_study":"","description_banner_scientific_study":"","Scientific_study_banner":"","studies":null,"bibliografy_text":"1. . Swanson KS et al. Supplemental frucooligosaccharides and mannanoligosaccharides influence immune fuction, illeal and total tract nutrient digestibilities, micrbial populations and concentrations of protein catabolites in the large bowel of dogs. J Nutr (2002); 132 (5):980-989.\r\n2. Swanson KS et al. effects of supplemental frucooligosaccharides and mannanoligosaccharides on colonic microbial populations, immune function and fecal odor components in the canine. J Nutr (2002); 132:1717S-1719S\r\n3. Halas V et al. Mannanoligosaccharides in nursery pig nutrition and their potential mode of action. Animals (2012): 2:261-274\r\n4. Benyacoub J et al. Supplementatio of food with Enterococcus faecium (SF68) stimulates immune function in young dogs. J Nutr. (2003). 133 (4), 1158.\r\n5. Lappin M.R et al. Pilot study to evaluate the effect of oral supplementation of Enterococcus faecium SF 68 on cats with latent feline herpesvirus1. J Feline Med Surg. 11,650 (2009).\r\n6. Canani RB et al. Mechanisms of action of zinc in acute diarrhea. Curr Opin Gastroenterol (2011); 27 (1): 8-12.\r\n7. Skrovanek S et al. Zinc and gastrointestinal disease. World J Gastrointest Pathophysiol (2014) Nov; 15;5 (4):496-513.","features":[{"image":1262,"title":"Pas de prot\u00e9ines de poulet"},{"image":1267,"title":"Sans conservateurs"},{"image":1213,"title":"Comprim\u00e9s facilement divisibles"}],"ficha_tecnica":3598},"_links":{"self":[{"href":"https:\/\/beta.pharmadiet.com\/fr\/wp-json\/wp\/v2\/product\/3596","targetHints":{"allow":["GET"]}}],"collection":[{"href":"https:\/\/beta.pharmadiet.com\/fr\/wp-json\/wp\/v2\/product"}],"about":[{"href":"https:\/\/beta.pharmadiet.com\/fr\/wp-json\/wp\/v2\/types\/product"}],"replies":[{"embeddable":true,"href":"https:\/\/beta.pharmadiet.com\/fr\/wp-json\/wp\/v2\/comments?post=3596"}],"version-history":[{"count":12,"href":"https:\/\/beta.pharmadiet.com\/fr\/wp-json\/wp\/v2\/product\/3596\/revisions"}],"predecessor-version":[{"id":17567,"href":"https:\/\/beta.pharmadiet.com\/fr\/wp-json\/wp\/v2\/product\/3596\/revisions\/17567"}],"wp:featuredmedia":[{"embeddable":true,"href":"https:\/\/beta.pharmadiet.com\/fr\/wp-json\/wp\/v2\/media\/3597"}],"wp:attachment":[{"href":"https:\/\/beta.pharmadiet.com\/fr\/wp-json\/wp\/v2\/media?parent=3596"}],"wp:term":[{"taxonomy":"animal","embeddable":true,"href":"https:\/\/beta.pharmadiet.com\/fr\/wp-json\/wp\/v2\/animal?post=3596"},{"taxonomy":"product_brand","embeddable":true,"href":"https:\/\/beta.pharmadiet.com\/fr\/wp-json\/wp\/v2\/product_brand?post=3596"},{"taxonomy":"product_cat","embeddable":true,"href":"https:\/\/beta.pharmadiet.com\/fr\/wp-json\/wp\/v2\/product_cat?post=3596"},{"taxonomy":"product_tag","embeddable":true,"href":"https:\/\/beta.pharmadiet.com\/fr\/wp-json\/wp\/v2\/product_tag?post=3596"}],"curies":[{"name":"wp","href":"https:\/\/api.w.org\/{rel}","templated":true}]}}