{"id":3585,"date":"2025-07-31T13:35:11","date_gmt":"2025-07-31T11:35:11","guid":{"rendered":"https:\/\/beta.pharmadiet.com\/?post_type=product&#038;p=3585"},"modified":"2025-12-10T12:25:18","modified_gmt":"2025-12-10T11:25:18","slug":"digest-plasmoral-petites","status":"publish","type":"product","link":"https:\/\/beta.pharmadiet.com\/fr\/productos\/digest-plasmoral-petites\/","title":{"rendered":"Digest Plasmoral\u00ae Petites et Moyennes Races"},"content":{"rendered":"<p>Compl\u00e9ment alimentaire \u00e0 base de nutriments d&rsquo;origine plasmatique et d&rsquo;autres nutriments, qui aide en cas de d\u00e9s\u00e9quilibres intestinaux prolong\u00e9s. Format pour races moyennes et petites.<\/p>\n<ul>\n<li>Ingr\u00e9dients avec \u00e9tudes publi\u00e9es<\/li>\n<li>Mode d&#8217;emploi adapt\u00e9 au poids de l&rsquo;animal<\/li>\n<\/ul>\n","protected":false},"excerpt":{"rendered":"<p>Compl\u00e9ment alimentaire \u00e0 base de nutriments d&rsquo;origine plasmatique et d&rsquo;autres nutriments, qui aide en cas de d\u00e9s\u00e9quilibres intestinaux prolong\u00e9s. Format pour races moyennes et petites.<\/p>\n<p>&nbsp;<\/p>\n","protected":false},"featured_media":3586,"comment_status":"open","ping_status":"closed","template":"","meta":{"_acf_changed":false,"site-sidebar-layout":"default","site-content-layout":"","ast-site-content-layout":"default","site-content-style":"default","site-sidebar-style":"default","ast-global-header-display":"","ast-banner-title-visibility":"","ast-main-header-display":"","ast-hfb-above-header-display":"","ast-hfb-below-header-display":"","ast-hfb-mobile-header-display":"","site-post-title":"","ast-breadcrumbs-content":"","ast-featured-img":"","footer-sml-layout":"","theme-transparent-header-meta":"default","adv-header-id-meta":"","stick-header-meta":"","header-above-stick-meta":"","header-main-stick-meta":"","header-below-stick-meta":"","astra-migrate-meta-layouts":"set","ast-page-background-enabled":"default","ast-page-background-meta":{"desktop":{"background-color":"var(--ast-global-color-5)","background-image":"","background-repeat":"repeat","background-position":"center center","background-size":"auto","background-attachment":"scroll","background-type":"","background-media":"","overlay-type":"","overlay-color":"","overlay-opacity":"","overlay-gradient":""},"tablet":{"background-color":"","background-image":"","background-repeat":"repeat","background-position":"center center","background-size":"auto","background-attachment":"scroll","background-type":"","background-media":"","overlay-type":"","overlay-color":"","overlay-opacity":"","overlay-gradient":""},"mobile":{"background-color":"","background-image":"","background-repeat":"repeat","background-position":"center center","background-size":"auto","background-attachment":"scroll","background-type":"","background-media":"","overlay-type":"","overlay-color":"","overlay-opacity":"","overlay-gradient":""}},"ast-content-background-meta":{"desktop":{"background-color":"var(--ast-global-color-4)","background-image":"","background-repeat":"repeat","background-position":"center center","background-size":"auto","background-attachment":"scroll","background-type":"","background-media":"","overlay-type":"","overlay-color":"","overlay-opacity":"","overlay-gradient":""},"tablet":{"background-color":"var(--ast-global-color-4)","background-image":"","background-repeat":"repeat","background-position":"center center","background-size":"auto","background-attachment":"scroll","background-type":"","background-media":"","overlay-type":"","overlay-color":"","overlay-opacity":"","overlay-gradient":""},"mobile":{"background-color":"var(--ast-global-color-4)","background-image":"","background-repeat":"repeat","background-position":"center center","background-size":"auto","background-attachment":"scroll","background-type":"","background-media":"","overlay-type":"","overlay-color":"","overlay-opacity":"","overlay-gradient":""}}},"animal":[117,119],"product_brand":[],"product_cat":[24],"product_tag":[277],"class_list":{"0":"post-3585","1":"product","2":"type-product","3":"status-publish","4":"has-post-thumbnail","6":"animal-chat","7":"animal-chien","8":"product_cat-sante-digestive-animaux","9":"product_tag-plantillaa","10":"desktop-align-left","11":"tablet-align-left","12":"mobile-align-left","14":"first","15":"instock","16":"shipping-taxable","17":"product-type-simple"},"acf":{"title_indications":"","description_indication":"","items_indication":[{"imagen":3588,"title":"Protection contre l'infection intestinale chez les chiens et les chats","description":"Un composant actif et essentiel pour nous prot\u00e9ger contre les corps \u00e9trangers et les agents externes de notre syst\u00e8me digestif est la muqueuse intestinale. Sa fonction principale est d'emp\u00eacher les bact\u00e9ries et autres organismes de devenir syst\u00e9miques et de causer des probl\u00e8mes dans le tractus gastro-intestinal et l'organisme.\r\n\r\nParmi les infections intestinales les plus courantes chez les chiens et les chats, celles qui affectent l'intestin gr\u00eale comprennent :\r\n<ul>\r\n \t<li>La gastro-ent\u00e9rite : chez les chiens et les chats, c'est une inflammation de l'estomac et de l'intestin gr\u00eale caus\u00e9e par des virus ou des substances nocives. Elle provoque de la diarrh\u00e9e, des vomissements, du sang dans les selles en petite quantit\u00e9, une perte d'app\u00e9tit, etc.<\/li>\r\n \t<li>La diarrh\u00e9e : peut \u00eatre un sympt\u00f4me ou un trouble gastro-intestinal en soi. Elle peut s'accompagner d'un risque de d\u00e9shydratation, de fatigue, de perte d'app\u00e9tit, etc.<\/li>\r\n<\/ul>\r\nIl est important d'apporter un changement dans l'alimentation, toujours recommand\u00e9 par un v\u00e9t\u00e9rinaire, pour faire face \u00e0 ces affections et r\u00e9tablir la qualit\u00e9 de vie de l'animal.\r\n\r\nEn r\u00e9sum\u00e9, la pr\u00e9servation de la barri\u00e8re intestinale est fondamentale pour la sant\u00e9 digestive et g\u00e9n\u00e9rale des chiens et des chats. L'identification et la prise en charge des menaces pesant sur cette barri\u00e8re sont essentielles pour pr\u00e9venir les probl\u00e8mes et les pathologies li\u00e9s au tractus gastro-intestinal. Des soins v\u00e9t\u00e9rinaires appropri\u00e9s et une alimentation \u00e9quilibr\u00e9e sont des \u00e9tapes importantes pour maintenir cette barri\u00e8re protectrice en parfait \u00e9tat."}],"title_beneficios":"En quoi Digest Plasmoral contribue-t-il \u00e0 la sant\u00e9 gastro-intestinale de votre animal de compagnie","description_benefits":"Compl\u00e9ment alimentaire pour chiens avec des nutriments qui aident \u00e0 r\u00e9tablir la structure et la fonction de la barri\u00e8re intestinale.\r\n\r\n&nbsp;","items_benefits":[{"imagen":1241,"title":"Aider \u00e0 maintenir l'immunit\u00e9 de la muqueuse intestinale :","description":"Contribue \u00e0 r\u00e9duire l'incidence des diarrh\u00e9es.\r\n\r\n&nbsp;"},{"imagen":1237,"title":"Aider \u00e0 r\u00e9tablir le microbiome intestinal de votre animal de compagnie :","description":"Gr\u00e2ce \u00e0 sa teneur en pr\u00e9biotiques (FOS et MOS) et en prot\u00e9ines probiotiques (Enterococcus faecium), il favorise une fonction intestinale normale et un \u00e9quilibre microbien chez les chiens."},{"imagen":1241,"title":"Aider \u00e0 r\u00e9duire la s\u00e9v\u00e9rit\u00e9 des troubles intestinaux et des dysfonctionnements :","description":"Gr\u00e2ce \u00e0 sa teneur en micronutriments essentiels (zinc et s\u00e9l\u00e9nium) et en vitamines (vitamine B12) qui contribuent \u00e0 la protection des cellules contre les dommages oxydatifs, il aide \u00e0 maintenir la fonction barri\u00e8re de la membrane et la perm\u00e9abilit\u00e9 intestinale."}],"items_presentaciones":[{"title":"Digest Plasmoral\u00ae Petites et Moyennes Races","description":"Bo\u00eete de 30 sachets en poudre.\r\n\r\n&nbsp;\r\n\r\n&nbsp;","imagen":3586}],"description_ingredients":"","items_ingredients":[{"title":"Un complexe de prot\u00e9ines plasmatiques bioactives, de min\u00e9raux et de vitamines\r\n\r\n&nbsp;","description":"Aide \u00e0 maintenir l'immunit\u00e9 normale au niveau de la muqueuse intestinale, contribuant \u00e0 r\u00e9duire l'incidence des diarrh\u00e9es.\r\n\r\n&nbsp;"},{"title":"Pr\u00e9biotiques FOS<sup>2,3<\/sup> (fructo-oligosaccharides) et MOS<sup>4<\/sup> (manno-oligosaccharides)\r\n\r\n&nbsp;","description":"They are non-digestible oligosaccharides derived from fructose (FOS) and mannose (MOS) that contribute to the consistency of the stools. They are also known to contribute to modulating the animal's immune response.These non-digestible oligosaccharides derived from fructose (FOS) and mannose (MOS) contribute to stool consistency. Also known to help modulate the animal's immune response.\r\n\r\n&nbsp;"},{"title":"Protein from Enterococcus faecium<sup>5,6<\/sup>","description":"Protein source derived from probiotics that help rebalance the intestinal microflora by displacing pathogenic microorganisms and improving immune response.\r\n\r\n&nbsp;"},{"title":"Zinc<sup>7,8<\/sup>","description":"Mineral that helps reduce the severity of acute and chronic diarrhea, protects cells from oxidative damage, and supports normal immune system function.\r\n\r\n&nbsp;"},{"title":"Selenium<sup>9,1<\/sup>","description":"Helps regulate the functionality of cells responsible for innate immunity. Contributes to normal immune system function and protects cells from oxidative damage.\r\n\r\n&nbsp;"},{"title":"Vitamin B12","description":"Supports normal immune system function.\r\n\r\n&nbsp;"}],"video":"","items_Instructions_for_use":[{"title":"Dans quelles situations son utilisation est-elle recommand\u00e9e ?","description":"Digest Plasmoral est un compl\u00e9ment alimentaire qui aide \u00e0 la sant\u00e9 gastro-intestinale, en apportant des nutriments d'aide dans:\r\n<ol>\r\n \t<li><strong>Diarrh\u00e9es associ\u00e9es \u00e0:<\/strong>\r\n\u00b7 Vaccination\r\n\u00b7 Th\u00e9rapie antibiotique\r\n\u00b7 Changements alimentaires\r\n\u00b7 Stress<\/li>\r\n \t<li><strong>Troubles intestinaux<\/strong><\/li>\r\n \t<li><strong>Sensibilit\u00e9 ou affaiblissement du syst\u00e8me gastro-intestinal.<\/strong><\/li>\r\n<\/ol>"},{"title":"Chien","description":"<ul>\r\n \t<li><strong>De 20 kg \u00e0 30 kg de poids corporel:<\/strong> sachet par jour<\/li>\r\n \t<li><strong>\u00c0 partir de 30 kg de poids corporel:<\/strong> 2 sachets par jour<\/li>\r\n<\/ul>"},{"title":"Chat","description":"<ul>\r\n \t<li><strong>Jusqu'\u00e0 10 kg de poids corporel :<\/strong> sachet par jour<\/li>\r\n \t<li><strong>De 10 \u00e0 20 kg de poids corporel :<\/strong> 2 sachets par jour<\/li>\r\n<\/ul>"}],"image_banner_scientific_study_copiar":3391,"title_banner_scientific_study":"\u00c9tude scientifique Plasmoral","description_banner_scientific_study":"<h3 style=\"color: white;\">Qu'avons-nous \u00e9tudi\u00e9<\/h3>\r\nUne \u00e9tude clinique simple en aveugle a \u00e9t\u00e9 r\u00e9alis\u00e9e avec 124 chiens Labrador Retriever. L'effet de la suppl\u00e9mentation en Plasmoral sur la fonction immunitaire a \u00e9t\u00e9 \u00e9valu\u00e9 pendant un an. Le groupe t\u00e9moin a re\u00e7u une alimentation sans suppl\u00e9mentation et l'autre groupe une alimentation avec suppl\u00e9mentation \u00e0 base de Plasmoral.\r\n<h3 style=\"color: white;\">\u00bfCu\u00e1les fueron las conclusiones del estudio?<\/h3>\r\n<ul>\r\n \t<li>Plasmoral a significativement r\u00e9duit l'incidence des diarrh\u00e9es.<\/li>\r\n \t<li>Plasmoral a contribu\u00e9 au bon fonctionnement du syst\u00e8me immunitaire intestinal.<\/li>\r\n \t<li>Plasmoral a contribu\u00e9 au bon \u00e9tat de sant\u00e9 g\u00e9n\u00e9ral des animaux.<\/li>\r\n<\/ul>\r\nVoulez-vous voir tous les d\u00e9tails de notre \u00e9tude ? Cliquez sur le bouton pour voir l'\u00e9tude compl\u00e8te !","Scientific_study_banner":3580,"studies":[{"header_image":1261,"bibliography_image":"","title":"Plasmoral Study","study":3580}],"bibliografy_text":"1*Mart\u00ed-Angulo S., Garc\u00eda-L\u00f3pez N., Vi\u00f1ar\u00e1s-Otero M., Varela-Sende L. Effect of oral supplementation with plasma proteins on the immune response of puppies: a randomized, controlled trial. Clin Vet Peq Anim 2022, 42 (1): 15-24\r\n2. Swanson KS et al. Supplemental frucooligosaccharides and mannanoligosaccharides influence immune fuction, illeal and total tract nutrient digestibilities, micrbial populations and concentrations of protein catabolites in the large bowel of dogs. J Nutr (2002); 132 (5):980-989.3. Swanson KS et al. effects of supplemental frucooligosaccharides and mannanoligosaccharides on colonic microbial populations, immune function and fecal odor components in the canine. J Nutr (2002); 132:1717S-1719S\r\n4. Halas V et al. Mannanoligosaccharides in nursery pig nutrition and their potential mode of action. Animals (2012): 2:261-274\r\n5. Benyacoub J et al. Supplementatio of food with Enterococcus faecium (SF68) stimulates immune function in young dogs. J Nutr. (2003). 133 (4), 1158.\r\n6. Lappin M.R et al. Pilot study to evaluate the effect of oral supplementation of Enterococcus faecium SF 68 on cats with latent feline herpesvirus1. J Feline Med Surg. 11,650 (2009).\r\n7. Canani RB et al. Mechanisms of action of zinc in acute diarrhea. Curr Opin Gastroenterol (2011); 27 (1): 8-12.\r\n8. Skrovanek S et al. Zinc and gastrointestinal disease. World J Gastrointest Pathophysiol (2014) Nov; 15;5 (4):496-513.\r\n9. K. Karacabey et al. The effect of nutritional elements on the immune system. J Obes Wt Loss Ther (2012). 2,9.\r\n10. Joseph C Avery et al. Selenium, Selenoproteins and immunity. Nutrientes. (2018) Sep 1;10(9):1203","features":[{"image":1270,"title":"Efficacit\u00e9 d\u00e9montr\u00e9e dans une \u00e9tude clinique*1"},{"image":1262,"title":"Pas de prot\u00e9ines de poulet"},{"image":1267,"title":"Sans conservateurs"},{"image":1267,"title":"Sans colorants"}],"ficha_tecnica":3587},"_links":{"self":[{"href":"https:\/\/beta.pharmadiet.com\/fr\/wp-json\/wp\/v2\/product\/3585","targetHints":{"allow":["GET"]}}],"collection":[{"href":"https:\/\/beta.pharmadiet.com\/fr\/wp-json\/wp\/v2\/product"}],"about":[{"href":"https:\/\/beta.pharmadiet.com\/fr\/wp-json\/wp\/v2\/types\/product"}],"replies":[{"embeddable":true,"href":"https:\/\/beta.pharmadiet.com\/fr\/wp-json\/wp\/v2\/comments?post=3585"}],"version-history":[{"count":11,"href":"https:\/\/beta.pharmadiet.com\/fr\/wp-json\/wp\/v2\/product\/3585\/revisions"}],"predecessor-version":[{"id":17561,"href":"https:\/\/beta.pharmadiet.com\/fr\/wp-json\/wp\/v2\/product\/3585\/revisions\/17561"}],"wp:featuredmedia":[{"embeddable":true,"href":"https:\/\/beta.pharmadiet.com\/fr\/wp-json\/wp\/v2\/media\/3586"}],"wp:attachment":[{"href":"https:\/\/beta.pharmadiet.com\/fr\/wp-json\/wp\/v2\/media?parent=3585"}],"wp:term":[{"taxonomy":"animal","embeddable":true,"href":"https:\/\/beta.pharmadiet.com\/fr\/wp-json\/wp\/v2\/animal?post=3585"},{"taxonomy":"product_brand","embeddable":true,"href":"https:\/\/beta.pharmadiet.com\/fr\/wp-json\/wp\/v2\/product_brand?post=3585"},{"taxonomy":"product_cat","embeddable":true,"href":"https:\/\/beta.pharmadiet.com\/fr\/wp-json\/wp\/v2\/product_cat?post=3585"},{"taxonomy":"product_tag","embeddable":true,"href":"https:\/\/beta.pharmadiet.com\/fr\/wp-json\/wp\/v2\/product_tag?post=3585"}],"curies":[{"name":"wp","href":"https:\/\/api.w.org\/{rel}","templated":true}]}}