{"id":3577,"date":"2025-07-31T13:24:44","date_gmt":"2025-07-31T11:24:44","guid":{"rendered":"https:\/\/beta.pharmadiet.com\/?post_type=product&#038;p=3577"},"modified":"2025-12-10T12:11:20","modified_gmt":"2025-12-10T11:11:20","slug":"digest-plasmoral-grandes","status":"publish","type":"product","link":"https:\/\/beta.pharmadiet.com\/fr\/productos\/digest-plasmoral-grandes\/","title":{"rendered":"Digest Plasmoral\u00ae Grandes et G\u00e9antes Races"},"content":{"rendered":"<p>Aliment compl\u00e9mentaire avec une formule innovante \u00e0 base de nutriments d&rsquo;origine plasmatique et d&rsquo;autres nutriments, qui aident \u00e0 corriger les d\u00e9s\u00e9quilibres intestinaux prolong\u00e9s dans le temps. Format pour races grandes et g\u00e9antes.<\/p>\n<ul>\n<li>Ingr\u00e9dients avec \u00e9tudes publi\u00e9es<span style=\"font-size: 12px; vertical-align: super;\">1<\/span><\/li>\n<li>Modes d&#8217;emploi adapt\u00e9s au poids de l&rsquo;animal<\/li>\n<\/ul>\n","protected":false},"excerpt":{"rendered":"<p>Aliment compl\u00e9mentaire \u00e0 base de nutriments d&rsquo;origine plasmatique et d&rsquo;autres nutriments, qui aident en cas de d\u00e9s\u00e9quilibres intestinaux prolong\u00e9s chez les chiens de grandes et tr\u00e8s grandes races.<\/p>\n<p>&nbsp;<\/p>\n","protected":false},"featured_media":3578,"comment_status":"open","ping_status":"closed","template":"","meta":{"_acf_changed":false,"site-sidebar-layout":"default","site-content-layout":"","ast-site-content-layout":"default","site-content-style":"default","site-sidebar-style":"default","ast-global-header-display":"","ast-banner-title-visibility":"","ast-main-header-display":"","ast-hfb-above-header-display":"","ast-hfb-below-header-display":"","ast-hfb-mobile-header-display":"","site-post-title":"","ast-breadcrumbs-content":"","ast-featured-img":"","footer-sml-layout":"","theme-transparent-header-meta":"default","adv-header-id-meta":"","stick-header-meta":"","header-above-stick-meta":"","header-main-stick-meta":"","header-below-stick-meta":"","astra-migrate-meta-layouts":"set","ast-page-background-enabled":"default","ast-page-background-meta":{"desktop":{"background-color":"var(--ast-global-color-5)","background-image":"","background-repeat":"repeat","background-position":"center center","background-size":"auto","background-attachment":"scroll","background-type":"","background-media":"","overlay-type":"","overlay-color":"","overlay-opacity":"","overlay-gradient":""},"tablet":{"background-color":"","background-image":"","background-repeat":"repeat","background-position":"center center","background-size":"auto","background-attachment":"scroll","background-type":"","background-media":"","overlay-type":"","overlay-color":"","overlay-opacity":"","overlay-gradient":""},"mobile":{"background-color":"","background-image":"","background-repeat":"repeat","background-position":"center center","background-size":"auto","background-attachment":"scroll","background-type":"","background-media":"","overlay-type":"","overlay-color":"","overlay-opacity":"","overlay-gradient":""}},"ast-content-background-meta":{"desktop":{"background-color":"var(--ast-global-color-4)","background-image":"","background-repeat":"repeat","background-position":"center center","background-size":"auto","background-attachment":"scroll","background-type":"","background-media":"","overlay-type":"","overlay-color":"","overlay-opacity":"","overlay-gradient":""},"tablet":{"background-color":"var(--ast-global-color-4)","background-image":"","background-repeat":"repeat","background-position":"center center","background-size":"auto","background-attachment":"scroll","background-type":"","background-media":"","overlay-type":"","overlay-color":"","overlay-opacity":"","overlay-gradient":""},"mobile":{"background-color":"var(--ast-global-color-4)","background-image":"","background-repeat":"repeat","background-position":"center center","background-size":"auto","background-attachment":"scroll","background-type":"","background-media":"","overlay-type":"","overlay-color":"","overlay-opacity":"","overlay-gradient":""}}},"animal":[119],"product_brand":[],"product_cat":[24],"product_tag":[277],"class_list":{"0":"post-3577","1":"product","2":"type-product","3":"status-publish","4":"has-post-thumbnail","6":"animal-chien","7":"product_cat-sante-digestive-animaux","8":"product_tag-plantillaa","9":"desktop-align-left","10":"tablet-align-left","11":"mobile-align-left","13":"first","14":"instock","15":"shipping-taxable","16":"product-type-simple"},"acf":{"title_indications":"","description_indication":"","items_indication":[{"imagen":3581,"title":"Protection de l'intestin chez les chiens","description":"La couche muqueuse de l'intestin n'est pas simplement une structure passive ; c'est un composant actif et essentiel dans la protection de l'organisme. Sa fonction principale est d'emp\u00eacher les bact\u00e9ries ou d'autres substances \u00e9trang\u00e8res entrant dans le syst\u00e8me digestif de devenir syst\u00e9miques et de causer des dommages \u00e0 la sant\u00e9.\r\n\r\nCependant, cette d\u00e9fense vitale peut \u00eatre compromise par plusieurs facteurs. Certaines causes des troubles digestifs peuvent inclure la pr\u00e9sence de bact\u00e9ries pathog\u00e8nes, une alimentation inad\u00e9quate, des allergies alimentaires, des traumatismes, des m\u00e9dicaments et diff\u00e9rentes maladies."},{"imagen":3582,"title":"","description":"Lorsque la barri\u00e8re intestinale est compromise, des probl\u00e8mes de sant\u00e9 peuvent survenir chez les animaux de compagnie, allant de l'inconfort digestif \u00e0 des affections graves. Ces derni\u00e8res incluent :\r\n\r\n<strong>Une vuln\u00e9rabilit\u00e9 accrue aux infections :<\/strong> L'invasion de pathog\u00e8nes peut conduire \u00e0 des infections gastro-intestinales, provoquant des sympt\u00f4mes tels que des vomissements, des diarrh\u00e9es et un malaise g\u00e9n\u00e9ral.\r\n\r\n<strong>Des probl\u00e8mes d'absorption nutritionnelle :<\/strong> La muqueuse endommag\u00e9e peut affecter l'absorption ad\u00e9quate des nutriments, ce qui peut entra\u00eener des carences nutritionnelles.\r\n\r\n<strong>Une inflammation chronique :<\/strong> L'irritation continue de l'intestin peut d\u00e9clencher une inflammation chronique, qui \u00e0 son tour peut contribuer \u00e0 des troubles gastro-intestinaux \u00e0 long terme."}],"title_beneficios":"En quoi Digest Plasmoral contribue-t-il \u00e0 la sant\u00e9 gastro-intestinale de votre animal de compagnie","description_benefits":"Compl\u00e9ment alimentaire pour chiens avec des nutriments qui aident \u00e0 r\u00e9tablir la structure et la fonction de la barri\u00e8re intestinale.\r\n\r\n&nbsp;\r\n\r\n&nbsp;","items_benefits":[{"imagen":3492,"title":"Aider \u00e0 maintenir l'immunit\u00e9 de la muqueuse intestinale :","description":"Contribue \u00e0 r\u00e9duire l'incidence des diarrh\u00e9es.\r\n\r\n&nbsp;\r\n\r\n&nbsp;"},{"imagen":1237,"title":"Aider \u00e0 r\u00e9tablir le microbiome intestinal de votre animal de compagnie :","description":"Gr\u00e2ce \u00e0 sa teneur en pr\u00e9biotiques (FOS et MOS) et en prot\u00e9ines probiotiques (Enterococcus faecium), il favorise une fonction intestinale normale et un \u00e9quilibre microbien chez les chiens.Enterococcus faecium favorecen una funci\u00f3n intestinal normal, y un equilibrio microbiano en perros.\r\n\r\n&nbsp;\r\n\r\n&nbsp;"},{"imagen":1241,"title":"Aider \u00e0 r\u00e9duire la s\u00e9v\u00e9rit\u00e9 des troubles intestinaux et des dysfonctionnements :","description":"Gr\u00e2ce \u00e0 sa teneur en micronutriments essentiels (zinc et s\u00e9l\u00e9nium) et en vitamines (vitamine B12) qui contribuent \u00e0 la protection des cellules contre les dommages oxydatifs, il aide \u00e0 maintenir la fonction barri\u00e8re de la membrane et la perm\u00e9abilit\u00e9 intestinale.\r\n\r\n&nbsp;"}],"items_presentaciones":[{"title":"Digest Plasmoral\u00ae Grandes et G\u00e9antes Races","description":"Bo\u00eete de 30 sachets en poudre.\r\n\r\n&nbsp;\r\n\r\n&nbsp;","imagen":3578}],"description_ingredients":"","items_ingredients":[{"title":"Un complexe de prot\u00e9ines plasmatiques bioactives, de min\u00e9raux et de vitamines\r\n\r\n&nbsp;","description":"Aide \u00e0 maintenir l'immunit\u00e9 normale au niveau de la muqueuse intestinale, contribuant \u00e0 r\u00e9duire l'incidence des diarrh\u00e9es.\r\n\r\n&nbsp;"},{"title":"Pr\u00e9biotiques FOS<sup>2,3<\/sup> (fructo-oligosaccharides) et MOS<sup>4<\/sup> (manno-oligosaccharides)\r\n\r\n&nbsp;","description":"Ce sont des oligosaccharides non digestibles d\u00e9riv\u00e9s du fructose (FOS) et du mannose (MOS) qui contribuent \u00e0 la consistance des selles. Ils sont \u00e9galement connus pour contribuer \u00e0 moduler la r\u00e9ponse immunitaire de l'animal.\r\n\r\n&nbsp;\r\n\r\n&nbsp;"},{"title":"Prot\u00e9ine d'Enterococcus faecium<sup>5,6<\/sup>","description":"Source prot\u00e9ique d\u00e9riv\u00e9e du probiotique qui aide \u00e0 r\u00e9\u00e9quilibrer la microflore intestinale en \u00e9liminant les micro-organismes pathog\u00e8nes et en am\u00e9liorant la r\u00e9ponse immunitaire.\r\n\r\n&nbsp;"},{"title":"Zinc<sup>7,8<\/sup>","description":"Min\u00e9ral qui aide \u00e0 r\u00e9duire la gravit\u00e9 des diarrh\u00e9es aigu\u00ebs et chroniques, prot\u00e8ge les cellules contre les dommages oxydatifs et assure le fonctionnement normal du syst\u00e8me immunitaire\r\n\r\n&nbsp;"},{"title":"Selenium<sup>9,10<\/sup>","description":"Aide \u00e0 r\u00e9guler la fonction des cellules responsables de l'immunit\u00e9 inn\u00e9e, contribue au fonctionnement normal du syst\u00e8me immunitaire et \u00e0 la protection des cellules contre les dommages oxydatifs.\r\n\r\n&nbsp;"},{"title":"Vitamine B12","description":"Contribue au fonctionnement normal du syst\u00e8me immunitaire.\r\n\r\n&nbsp;"}],"video":"","items_Instructions_for_use":[{"title":"Dans quelles situations son utilisation est-elle recommand\u00e9e ?","description":"Digest Plasmoral est un compl\u00e9ment alimentaire qui aide \u00e0 la sant\u00e9 gastro-intestinale, en apportant des nutriments d'aide dans:\r\n<ol>\r\n \t<li><strong>Diarrh\u00e9es associ\u00e9es \u00e0:<\/strong>\r\n\u00b7 Vaccination\r\n\u00b7 Th\u00e9rapie antibiotique\r\n\u00b7 Changements alimentaires\r\n\u00b7 Stress<\/li>\r\n \t<li><strong>Troubles intestinaux<\/strong><\/li>\r\n \t<li><strong>Sensibilit\u00e9 ou affaiblissement du syst\u00e8me gastro-intestinal.<\/strong><\/li>\r\n<\/ol>"},{"title":"Chien","description":"<ul>\r\n \t<li><strong>De 20 kg \u00e0 30 kg de poids corporel:<\/strong> sachet par jour<\/li>\r\n \t<li><strong>\u00c0 partir de 30 kg de poids corporel:<\/strong> 2 sachets par jour<\/li>\r\n<\/ul>"}],"image_banner_scientific_study_copiar":3391,"title_banner_scientific_study":"\u00c9tude scientifique Plasmoral","description_banner_scientific_study":"<h3 style=\"color: white;\">Qu'avons-nous \u00e9tudi\u00e9<\/h3>\r\nUne \u00e9tude clinique simple en aveugle a \u00e9t\u00e9 r\u00e9alis\u00e9e avec 124 chiens Labrador Retriever. L'effet de la suppl\u00e9mentation en Plasmoral sur la fonction immunitaire a \u00e9t\u00e9 \u00e9valu\u00e9 pendant un an. Le groupe t\u00e9moin a re\u00e7u une alimentation sans suppl\u00e9mentation et l'autre groupe une alimentation avec suppl\u00e9mentation \u00e0 base de Plasmoral.\r\n<h3 style=\"color: white;\">\u00bfCu\u00e1les fueron las conclusiones del estudio?<\/h3>\r\n<ul>\r\n \t<li>Plasmoral a significativement r\u00e9duit l'incidence des diarrh\u00e9es.<\/li>\r\n \t<li>Plasmoral a contribu\u00e9 au bon fonctionnement du syst\u00e8me immunitaire intestinal.<\/li>\r\n \t<li>Plasmoral a contribu\u00e9 au bon \u00e9tat de sant\u00e9 g\u00e9n\u00e9ral des animaux.<\/li>\r\n<\/ul>\r\nVoulez-vous voir tous les d\u00e9tails de notre \u00e9tude ? Cliquez sur le bouton pour voir l'\u00e9tude compl\u00e8te !","Scientific_study_banner":3580,"studies":[{"header_image":1261,"bibliography_image":"","title":"\u00c9tude scientifique Plasmoral","study":3580}],"bibliografy_text":"1*Mart\u00ed-Angulo S., Garc\u00eda-L\u00f3pez N., Vi\u00f1ar\u00e1s-Otero M., Varela-Sende L. Effect of oral supplementation with plasma proteins on the immune response of puppies: a randomized, controlled trial. Clin Vet Peq Anim 2022, 42 (1): 15-24\r\n2. Swanson KS et al. Supplemental frucooligosaccharides and mannanoligosaccharides influence immune fuction, illeal and total tract nutrient digestibilities, micrbial populations and concentrations of protein catabolites in the large bowel of dogs. J Nutr (2002); 132 (5):980-989.\r\n3. Swanson KS et al. effects of supplemental frucooligosaccharides and mannanoligosaccharides on colonic microbial populations, immune function and fecal odor components in the canine. J Nutr (2002); 132:1717S-1719S\r\n4. Halas V et al. Mannanoligosaccharides in nursery pig nutrition and their potential mode of action. Animals (2012): 2:261-274\r\n5. Benyacoub J et al. Supplementatio of food with Enterococcus faecium (SF68) stimulates immune function in young dogs. J Nutr. (2003). 133 (4), 1158.\r\n6. Lappin M.R et al. Pilot study to evaluate the effect of oral supplementation of Enterococcus faecium SF 68 on cats with latent feline herpesvirus1. J Feline Med Surg. 11,650 (2009).\r\n7. Canani RB et al. Mechanisms of action of zinc in acute diarrhea. Curr Opin Gastroenterol (2011); 27 (1): 8-12.\r\n8. Skrovanek S et al. Zinc and gastrointestinal disease. World J Gastrointest Pathophysiol (2014) Nov; 15;5 (4):496-513.\r\n9. K. Karacabey et al. The effect of nutritional elements on the immune system. J Obes Wt Loss Ther (2012). 2,9.\r\n10. Joseph C Avery et al. Selenium, Selenoproteins and immunity. Nutrientes. (2018) Sep 1;10(9):1203","features":[{"image":1270,"title":"Efficacit\u00e9 d\u00e9montr\u00e9e dans une \u00e9tude clinique*1"},{"image":1262,"title":"Pas de prot\u00e9ines de poulet"},{"image":1267,"title":"Sans conservateurs"},{"image":1267,"title":"Sans colorants"}],"ficha_tecnica":3579},"_links":{"self":[{"href":"https:\/\/beta.pharmadiet.com\/fr\/wp-json\/wp\/v2\/product\/3577","targetHints":{"allow":["GET"]}}],"collection":[{"href":"https:\/\/beta.pharmadiet.com\/fr\/wp-json\/wp\/v2\/product"}],"about":[{"href":"https:\/\/beta.pharmadiet.com\/fr\/wp-json\/wp\/v2\/types\/product"}],"replies":[{"embeddable":true,"href":"https:\/\/beta.pharmadiet.com\/fr\/wp-json\/wp\/v2\/comments?post=3577"}],"version-history":[{"count":16,"href":"https:\/\/beta.pharmadiet.com\/fr\/wp-json\/wp\/v2\/product\/3577\/revisions"}],"predecessor-version":[{"id":17560,"href":"https:\/\/beta.pharmadiet.com\/fr\/wp-json\/wp\/v2\/product\/3577\/revisions\/17560"}],"wp:featuredmedia":[{"embeddable":true,"href":"https:\/\/beta.pharmadiet.com\/fr\/wp-json\/wp\/v2\/media\/3578"}],"wp:attachment":[{"href":"https:\/\/beta.pharmadiet.com\/fr\/wp-json\/wp\/v2\/media?parent=3577"}],"wp:term":[{"taxonomy":"animal","embeddable":true,"href":"https:\/\/beta.pharmadiet.com\/fr\/wp-json\/wp\/v2\/animal?post=3577"},{"taxonomy":"product_brand","embeddable":true,"href":"https:\/\/beta.pharmadiet.com\/fr\/wp-json\/wp\/v2\/product_brand?post=3577"},{"taxonomy":"product_cat","embeddable":true,"href":"https:\/\/beta.pharmadiet.com\/fr\/wp-json\/wp\/v2\/product_cat?post=3577"},{"taxonomy":"product_tag","embeddable":true,"href":"https:\/\/beta.pharmadiet.com\/fr\/wp-json\/wp\/v2\/product_tag?post=3577"}],"curies":[{"name":"wp","href":"https:\/\/api.w.org\/{rel}","templated":true}]}}