{"id":3543,"date":"2025-07-31T12:37:09","date_gmt":"2025-07-31T10:37:09","guid":{"rendered":"https:\/\/beta.pharmadiet.com\/?post_type=product&#038;p=3543"},"modified":"2025-12-03T17:07:07","modified_gmt":"2025-12-03T16:07:07","slug":"daforte","status":"publish","type":"product","link":"https:\/\/beta.pharmadiet.com\/fr\/productos\/daforte\/","title":{"rendered":"Daforte\u00ae"},"content":{"rendered":"<p>Daforte\u00ae aide \u00e0 stabiliser la flore intestinale des chiens et des chats.<\/p>\n<ul>\n<li>Pr\u00e9sentations en gel avec seringue doseuse<\/li>\n<\/ul>\n","protected":false},"excerpt":{"rendered":"<p>Compl\u00e9ment alimentaire avec des nutriments qui aident \u00e0 stabiliser la flore intestinale des chiens et des chats.<\/p>\n<p>&nbsp;<\/p>\n","protected":false},"featured_media":3544,"comment_status":"open","ping_status":"closed","template":"","meta":{"_acf_changed":false,"site-sidebar-layout":"default","site-content-layout":"","ast-site-content-layout":"default","site-content-style":"default","site-sidebar-style":"default","ast-global-header-display":"","ast-banner-title-visibility":"","ast-main-header-display":"","ast-hfb-above-header-display":"","ast-hfb-below-header-display":"","ast-hfb-mobile-header-display":"","site-post-title":"","ast-breadcrumbs-content":"","ast-featured-img":"","footer-sml-layout":"","theme-transparent-header-meta":"default","adv-header-id-meta":"","stick-header-meta":"","header-above-stick-meta":"","header-main-stick-meta":"","header-below-stick-meta":"","astra-migrate-meta-layouts":"set","ast-page-background-enabled":"default","ast-page-background-meta":{"desktop":{"background-color":"var(--ast-global-color-5)","background-image":"","background-repeat":"repeat","background-position":"center center","background-size":"auto","background-attachment":"scroll","background-type":"","background-media":"","overlay-type":"","overlay-color":"","overlay-opacity":"","overlay-gradient":""},"tablet":{"background-color":"","background-image":"","background-repeat":"repeat","background-position":"center center","background-size":"auto","background-attachment":"scroll","background-type":"","background-media":"","overlay-type":"","overlay-color":"","overlay-opacity":"","overlay-gradient":""},"mobile":{"background-color":"","background-image":"","background-repeat":"repeat","background-position":"center center","background-size":"auto","background-attachment":"scroll","background-type":"","background-media":"","overlay-type":"","overlay-color":"","overlay-opacity":"","overlay-gradient":""}},"ast-content-background-meta":{"desktop":{"background-color":"var(--ast-global-color-4)","background-image":"","background-repeat":"repeat","background-position":"center center","background-size":"auto","background-attachment":"scroll","background-type":"","background-media":"","overlay-type":"","overlay-color":"","overlay-opacity":"","overlay-gradient":""},"tablet":{"background-color":"var(--ast-global-color-4)","background-image":"","background-repeat":"repeat","background-position":"center center","background-size":"auto","background-attachment":"scroll","background-type":"","background-media":"","overlay-type":"","overlay-color":"","overlay-opacity":"","overlay-gradient":""},"mobile":{"background-color":"var(--ast-global-color-4)","background-image":"","background-repeat":"repeat","background-position":"center center","background-size":"auto","background-attachment":"scroll","background-type":"","background-media":"","overlay-type":"","overlay-color":"","overlay-opacity":"","overlay-gradient":""}}},"animal":[117,119],"product_brand":[],"product_cat":[24],"product_tag":[278],"class_list":{"0":"post-3543","1":"product","2":"type-product","3":"status-publish","4":"has-post-thumbnail","6":"animal-chat","7":"animal-chien","8":"product_cat-sante-digestive-animaux","9":"product_tag-plantillab","10":"desktop-align-left","11":"tablet-align-left","12":"mobile-align-left","14":"first","15":"instock","16":"shipping-taxable","17":"product-type-simple"},"acf":{"title_indications":"","description_indication":"","items_indication":[{"imagen":3548,"title":"Diarrh\u00e9e chez les chiens et les chats : un probl\u00e8me \u00e0 contr\u00f4ler.","description":"Le contr\u00f4le de la diarrh\u00e9e chez les animaux de compagnie est essentiel pour garantir la sant\u00e9 gastro-intestinale de vos compagnons, car cela peut \u00eatre un probl\u00e8me de sant\u00e9 sous-jacent. Les trois principales causes de diarrh\u00e9e sont:\r\n\r\nDiarrh\u00e9es aigu\u00ebs d'origine bact\u00e9rienne ou parasitaire:\r\n\r\nLa diarrh\u00e9e aigu\u00eb caus\u00e9e par des bact\u00e9ries ou des parasites intestinaux.\r\n\r\nPost-traitement des infections virales:\r\n\r\nApr\u00e8s avoir re\u00e7u un traitement pour des infections virales, les chats et les chiens peuvent souffrir de diarrh\u00e9e.\r\n\r\nDiarrh\u00e9es caus\u00e9es par des antibiotiques, du stress, des changements alimentaires, etc."},{"imagen":3549,"title":"","description":"Ces facteurs, associ\u00e9s \u00e0 d'autres comme les intol\u00e9rances alimentaires, peuvent d\u00e9clencher des \u00e9pisodes de diarrh\u00e9e.\r\n\r\nLes \u00e9pisodes de diarrh\u00e9e chez les chiens et les chats peuvent entra\u00eener une d\u00e9shydratation, une perte de nutriments essentiels, une perte d'app\u00e9tit, des d\u00e9s\u00e9quilibres du microbiome, une inflammation du tractus gastro-intestinal, etc.\r\n\r\nIl est essentiel de traiter efficacement la diarrh\u00e9e aigu\u00eb pour pr\u00e9venir les complications. Il est \u00e9galement important de maintenir les animaux hydrat\u00e9s, de leur fournir une alimentation appropri\u00e9e et de consulter un v\u00e9t\u00e9rinaire pour obtenir des conseils."}],"title_beneficios":"En quoi le compl\u00e9ment alimentaire Daforte pour chiens et chats contribue-t-il \u00e0 la sant\u00e9 gastro-intestinale de votre animal ?","description_benefits":"Gr\u00e2ce \u00e0 ses nutriments, il aide \u00e0 stabiliser la flore intestinale des chiens et des chats.","items_benefits":[{"imagen":1247,"title":"Contribue \u00e0 maintenir une sant\u00e9 gastro-intestinale \u00e9quilibr\u00e9e","description":"En maintenant un \u00e9quilibre dans le syst\u00e8me digestif, en aidant \u00e0 r\u00e9duire la l\u00e9g\u00e8ret\u00e9 et la dur\u00e9e des p\u00e9riodes de diarrh\u00e9e et en r\u00e9duisant l'absorption de substances nocives.\r\n\r\n&nbsp;\r\n\r\n&nbsp;"},{"imagen":1238,"title":"Soutient la sant\u00e9 intestinale","description":"Favorise la restauration de la sant\u00e9 intestinale en am\u00e9liorant la consistance des selles et en r\u00e9gulant la r\u00e9ponse immunitaire, renfor\u00e7ant la barri\u00e8re intestinale et maintenant la sant\u00e9 digestive dans des conditions normales.\r\n\r\n&nbsp;\r\n\r\n&nbsp;"},{"imagen":3546,"title":"Favorise l'\u00e9quilibre du microbiome intestinal et le renforcement immunitaire","description":"Aide \u00e0 maintenir l'\u00e9quilibre du microbiome, en apportant un soutien \u00e0 la r\u00e9ponse immunitaire.\r\n\r\n&nbsp;\r\n\r\n&nbsp;"}],"items_presentaciones":[{"title":"Daforte\u00ae 20 ml","description":"Bo\u00eete contenant un flacon de 20 ml avec une seringue doseuse. Suspension buvable.\r\n\r\n&nbsp;\r\n\r\n&nbsp;","imagen":3544},{"title":"Daforte\u00ae 50 ml","description":"Bo\u00eete contenant un flacon de 50 ml avec une seringue doseuse. Suspension buvable.\r\n\r\n&nbsp;\r\n\r\n&nbsp;","imagen":3545}],"description_ingredients":"","items_ingredients":[{"title":"Attapulgita\r\n\r\n&nbsp;\r\n\r\n&nbsp;","description":"Il s'agit d'un silicate d'aluminium et de magn\u00e9sium hydrat\u00e9 cristallin qui lui conf\u00e8re ses propri\u00e9t\u00e9s collo\u00efdales et adsorbantes. C'est un min\u00e9ral qui pr\u00e9sente une capacit\u00e9 \u00e9lev\u00e9e d'adsorption des fluides, des toxines et des micro-organismes.\r\n\r\nPrebi\u00f3icos FOS<sup>1,2<\/sup> (Fructo-oligosac\u00e1ridos) y MOS<sup>3<\/sup> (Levadura de cerveza (Saccharomyces cerevisae))\r\n\r\nCe sont des oligosaccharides non digestibles d\u00e9riv\u00e9s du fructose (FOS) et du mannose (MOS) qui contribuent \u00e0 la consistance des selles. Ils sont \u00e9galement connus pour contribuer \u00e0 moduler la r\u00e9ponse immunitaire de l'animal."},{"title":"Prebi\u00f3icos FOS<sup>1,2<\/sup> (Fructo-oligosac\u00e1ridos) y FOS<sup>3<\/sup> (Levadura de cerveza (Saccharomyces cerevisae))\r\n\r\n&nbsp;","description":"<article class=\"bde-loop-item ee-post bde-dynamic-repeater-item\">\r\n<div class=\"bde-columns-206-100-1137-2-206-2 bde-columns bde-columns-206-100\">\r\n<div class=\"bde-column-206-103-1137-2-206-2 bde-column bde-column-206-103\">\r\n<div class=\"bde-rich-text-206-104-1137-2-206-2 bde-rich-text bde-rich-text-206-104 breakdance-rich-text-styles\">\r\n\r\nIls sont des oligosaccharides non digestibles d\u00e9riv\u00e9s du fructose (FOS) et de la mannanose (MOS) qui contribuent \u00e0 la consistance des selles. Ils sont \u00e9galement connus pour contribuer \u00e0 moduler la r\u00e9ponse immunitaire de l'animal.\r\n\r\n&nbsp;\r\n\r\n<\/div>\r\n<\/div>\r\n<\/div>\r\n<\/article>"},{"title":"<div class=\"bde-column-206-101-1137-3-206-2 bde-column bde-column-206-101\">\r\n<div class=\"bde-text-206-102-1137-3-206-2 bde-text bde-text-206-102\">\r\n<div class=\"bde-column-206-101-1034-3-206-3 bde-column bde-column-206-101\">\r\n<div class=\"bde-text-206-102-1034-3-206-3 bde-text bde-text-206-102\">\r\n\r\nEnterococcus faecium FOS<sup>4,5<\/sup>\r\n\r\n<\/div>\r\n<\/div>\r\n<div class=\"bde-column-206-103-1034-3-206-3 bde-column bde-column-206-103\">\r\n<div class=\"bde-rich-text-206-104-1034-3-206-3 bde-rich-text bde-rich-text-206-104 breakdance-rich-text-styles\"><\/div>\r\n<\/div>\r\n<\/div>\r\n<\/div>","description":"<section id=\"ingredientes\" class=\"bde-section-130-152 bde-section\">\r\n<div class=\"section-container\">\r\n<div class=\"bde-repeater-element-130-221 bde-repeater-element\">\r\n<div class=\"bde-loop bde-loop-grid ee-posts bde-dynamic-repeater bde-dynamic-repeater-221 bde-dynamic-repeater-grid\"><article class=\"bde-loop-item ee-post bde-dynamic-repeater-item\">\r\n<div class=\"bde-columns-206-100-1137-3-206-2 bde-columns bde-columns-206-100\">\r\n<div class=\"bde-column-206-103-1137-3-206-2 bde-column bde-column-206-103\">\r\n<div class=\"bde-rich-text-206-104-1137-3-206-2 bde-rich-text bde-rich-text-206-104 breakdance-rich-text-styles\">\r\n\r\nProbiotique qui aide \u00e0 r\u00e9\u00e9quilibrer la microflore intestinale en \u00e9liminant les micro-organismes pathog\u00e8nes et en am\u00e9liorant la r\u00e9ponse immunitaire.\r\n\r\n&nbsp;\r\n\r\n&nbsp;\r\n\r\n<\/div>\r\n<\/div>\r\n<\/div>\r\n<\/article><\/div>\r\n<\/div>\r\n<\/div>\r\n<\/section>"},{"title":"Cloruro pot\u00e1sico y Cloruro s\u00f3dico\r\n\r\n&nbsp;","description":"L'apport de potassium par voie orale aide \u00e0 \u00e9viter les effets ind\u00e9sirables li\u00e9s \u00e0 la perte de potassium pendant les processus diarrh\u00e9iques. Associ\u00e9 au zinc, il pr\u00e9vient la d\u00e9shydratation de l'animal.\r\n\r\n&nbsp;"},{"title":"Zinc<sup>6,7<\/sup>","description":"Min\u00e9ral qui aide \u00e0 r\u00e9duire la gravit\u00e9 des diarrh\u00e9es aigu\u00ebs et chroniques, \u00e0 prot\u00e9ger les cellules contre les dommages oxydatifs et \u00e0 assurer le fonctionnement normal du syst\u00e8me immunitaire.\r\n\r\n&nbsp;"}],"video":"","items_Instructions_for_use":[{"title":"Chat","description":"<ul>\r\n \t<li>Jusqu'\u00e0 5 kg de poids corporel: 2 ml par jour.<\/li>\r\n \t<li>\u00c0 partir de 5 kg de poids corporel : 4 ml par jour.<\/li>\r\n<\/ul>"},{"title":"Chien","description":"<ul>\r\n \t<li>Jusqu'\u00e0 5 kg de poids corporel: 2 ml par jour.<\/li>\r\n \t<li>De 5 \u00e0 10 kg de poids corporel: 4 ml par jour.<\/li>\r\n \t<li>De 10 \u00e0 15 kg de poids corporel : 8 ml al d\u00eda<\/li>\r\n \t<li>A partir de 20 kg de peso corporal: 10 ml al d\u00eda<\/li>\r\n<\/ul>"},{"title":"Autres indications","description":"Voie orale.\r\n\r\nAgiter avant utilisation.\r\n\r\nAdministrer 2 fois par jour, en divisant la dose quotidienne en deux prises.\r\n\r\nApr\u00e8s utilisation, bien refermer le flacon et nettoyer soigneusement la seringue doseuse."}],"image_banner_scientific_study_copiar":"","title_banner_scientific_study":"","description_banner_scientific_study":"","Scientific_study_banner":"","studies":null,"bibliografy_text":"1. . Swanson KS et al. Supplemental frucooligosaccharides and mannanoligosaccharides influence immune fuction, illeal and total tract nutrient digestibilities, micrbial populations and concentrations of protein catabolites in the large bowel of dogs. J Nutr (2002); 132 (5):980-989.\r\n2. Swanson KS et al. effects of supplemental frucooligosaccharides and mannanoligosaccharides on colonic microbial populations, immune function and fecal odor components in the canine. J Nutr (2002); 132:1717S-1719S\r\n3. Halas V et al. Mannanoligosaccharides in nursery pig nutrition and their potential mode of action. Animals (2012): 2:261-274\r\n4. Benyacoub J et al. Supplementatio of food with Enterococcus faecium (SF68) stimulates immune function in young dogs. J Nutr. (2003). 133 (4), 1158.\r\n5. Lappin M.R et al. Pilot study to evaluate the effect of oral supplementation of Enterococcus faecium SF 68 on cats with latent feline herpesvirus1. J Feline Med Surg. 11,650 (2009).\r\n6. Canani RB et al. Mechanisms of action of zinc in acute diarrhea. Curr Opin Gastroenterol (2011); 27 (1): 8-12.\r\n7. Skrovanek S et al. Zinc and gastrointestinal disease. World J Gastrointest Pathophysiol (2014) Nov; 15;5 (4):496-513.","features":[{"image":1262,"title":"Pas de prot\u00e9ines de poulet"},{"image":1267,"title":"Sans colorants"},{"image":1218,"title":"Agiter avant usage."}],"ficha_tecnica":3550},"_links":{"self":[{"href":"https:\/\/beta.pharmadiet.com\/fr\/wp-json\/wp\/v2\/product\/3543","targetHints":{"allow":["GET"]}}],"collection":[{"href":"https:\/\/beta.pharmadiet.com\/fr\/wp-json\/wp\/v2\/product"}],"about":[{"href":"https:\/\/beta.pharmadiet.com\/fr\/wp-json\/wp\/v2\/types\/product"}],"replies":[{"embeddable":true,"href":"https:\/\/beta.pharmadiet.com\/fr\/wp-json\/wp\/v2\/comments?post=3543"}],"version-history":[{"count":9,"href":"https:\/\/beta.pharmadiet.com\/fr\/wp-json\/wp\/v2\/product\/3543\/revisions"}],"predecessor-version":[{"id":17534,"href":"https:\/\/beta.pharmadiet.com\/fr\/wp-json\/wp\/v2\/product\/3543\/revisions\/17534"}],"wp:featuredmedia":[{"embeddable":true,"href":"https:\/\/beta.pharmadiet.com\/fr\/wp-json\/wp\/v2\/media\/3544"}],"wp:attachment":[{"href":"https:\/\/beta.pharmadiet.com\/fr\/wp-json\/wp\/v2\/media?parent=3543"}],"wp:term":[{"taxonomy":"animal","embeddable":true,"href":"https:\/\/beta.pharmadiet.com\/fr\/wp-json\/wp\/v2\/animal?post=3543"},{"taxonomy":"product_brand","embeddable":true,"href":"https:\/\/beta.pharmadiet.com\/fr\/wp-json\/wp\/v2\/product_brand?post=3543"},{"taxonomy":"product_cat","embeddable":true,"href":"https:\/\/beta.pharmadiet.com\/fr\/wp-json\/wp\/v2\/product_cat?post=3543"},{"taxonomy":"product_tag","embeddable":true,"href":"https:\/\/beta.pharmadiet.com\/fr\/wp-json\/wp\/v2\/product_tag?post=3543"}],"curies":[{"name":"wp","href":"https:\/\/api.w.org\/{rel}","templated":true}]}}