{"id":3535,"date":"2025-07-31T12:35:51","date_gmt":"2025-07-31T10:35:51","guid":{"rendered":"https:\/\/beta.pharmadiet.com\/?post_type=product&#038;p=3535"},"modified":"2025-12-03T16:54:47","modified_gmt":"2025-12-03T15:54:47","slug":"cognidine","status":"publish","type":"product","link":"https:\/\/beta.pharmadiet.com\/fr\/productos\/cognidine\/","title":{"rendered":"Cognidine\u00ae"},"content":{"rendered":"<ul>\n<li>Pas de prot\u00e9ines de poulet<\/li>\n<li>Sans conservateurs<\/li>\n<li>Sans colorants<\/li>\n<li>Mode d&#8217;emploi adapt\u00e9 au poids de l&rsquo;animal<\/li>\n<li>Comprim\u00e9s facilement divisibles<\/li>\n<\/ul>\n","protected":false},"excerpt":{"rendered":"<p>Compl\u00e9ment alimentaire dont la combinaison de nutriments aide au fonctionnement cognitif normal chez les chiens et les chats.<\/p>\n<p>&nbsp;<\/p>\n","protected":false},"featured_media":3536,"comment_status":"open","ping_status":"closed","template":"","meta":{"_acf_changed":false,"site-sidebar-layout":"default","site-content-layout":"","ast-site-content-layout":"default","site-content-style":"default","site-sidebar-style":"default","ast-global-header-display":"","ast-banner-title-visibility":"","ast-main-header-display":"","ast-hfb-above-header-display":"","ast-hfb-below-header-display":"","ast-hfb-mobile-header-display":"","site-post-title":"","ast-breadcrumbs-content":"","ast-featured-img":"","footer-sml-layout":"","theme-transparent-header-meta":"default","adv-header-id-meta":"","stick-header-meta":"","header-above-stick-meta":"","header-main-stick-meta":"","header-below-stick-meta":"","astra-migrate-meta-layouts":"set","ast-page-background-enabled":"default","ast-page-background-meta":{"desktop":{"background-color":"var(--ast-global-color-5)","background-image":"","background-repeat":"repeat","background-position":"center center","background-size":"auto","background-attachment":"scroll","background-type":"","background-media":"","overlay-type":"","overlay-color":"","overlay-opacity":"","overlay-gradient":""},"tablet":{"background-color":"","background-image":"","background-repeat":"repeat","background-position":"center center","background-size":"auto","background-attachment":"scroll","background-type":"","background-media":"","overlay-type":"","overlay-color":"","overlay-opacity":"","overlay-gradient":""},"mobile":{"background-color":"","background-image":"","background-repeat":"repeat","background-position":"center center","background-size":"auto","background-attachment":"scroll","background-type":"","background-media":"","overlay-type":"","overlay-color":"","overlay-opacity":"","overlay-gradient":""}},"ast-content-background-meta":{"desktop":{"background-color":"var(--ast-global-color-4)","background-image":"","background-repeat":"repeat","background-position":"center center","background-size":"auto","background-attachment":"scroll","background-type":"","background-media":"","overlay-type":"","overlay-color":"","overlay-opacity":"","overlay-gradient":""},"tablet":{"background-color":"var(--ast-global-color-4)","background-image":"","background-repeat":"repeat","background-position":"center center","background-size":"auto","background-attachment":"scroll","background-type":"","background-media":"","overlay-type":"","overlay-color":"","overlay-opacity":"","overlay-gradient":""},"mobile":{"background-color":"var(--ast-global-color-4)","background-image":"","background-repeat":"repeat","background-position":"center center","background-size":"auto","background-attachment":"scroll","background-type":"","background-media":"","overlay-type":"","overlay-color":"","overlay-opacity":"","overlay-gradient":""}}},"animal":[117,119],"product_brand":[],"product_cat":[23],"product_tag":[278],"class_list":{"0":"post-3535","1":"product","2":"type-product","3":"status-publish","4":"has-post-thumbnail","6":"animal-chat","7":"animal-chien","8":"product_cat-sante-comportementale-animaux","9":"product_tag-plantillab","10":"desktop-align-left","11":"tablet-align-left","12":"mobile-align-left","14":"first","15":"instock","16":"shipping-taxable","17":"product-type-simple"},"acf":{"title_indications":"","description_indication":"","items_indication":[{"imagen":3538,"title":"Dysfonction cognitive chez les chiens et les chats","description":"Le syndrome de dysfonction cognitive (SDC) chez les chiens et les chats est une condition clinique qui affecte les animaux de compagnie \u00e2g\u00e9s et se caract\u00e9rise par une s\u00e9rie de troubles neurologiques qui ont un impact n\u00e9gatif sur leurs fonctions cognitives, leurs changements de comportement, leurs interactions sociales et leur qualit\u00e9 de vie.\r\n\r\nEn termes de signes cliniques, ces changements incluent :\r\n<ul>\r\n \t<li>Alt\u00e9ration de l'interaction avec leurs propri\u00e9taires ou d'autres animaux.<\/li>\r\n \t<li>D\u00e9sorientation et confusion, anxi\u00e9t\u00e9 et agitation.<\/li>\r\n \t<li>Troubles du sommeil, changements de comportement.<\/li>\r\n \t<li>Alt\u00e9rations des routines quotidiennes.<\/li>\r\n \t<li>Changements dans la fonction motrice.<\/li>\r\n<\/ul>\r\nLe SDC est devenu un domaine de recherche et de soins v\u00e9t\u00e9rinaires de plus en plus important. Le diagnostic pr\u00e9coce et l'intervention appropri\u00e9e sont essentiels pour traiter ce syndrome."},{"imagen":3539,"title":"Facteurs associ\u00e9s au syndrome de dysfonction cognitive chez les chiens et les chats","description":"Le SDC se manifeste de diff\u00e9rentes mani\u00e8res :\r\n<ul>\r\n \t<li>Modifications macroscopiques du cerveau : atrophie corticale, touchant particuli\u00e8rement les zones c\u00e9r\u00e9brales impliqu\u00e9es dans la m\u00e9moire et l\u2019apprentissage, ainsi que l\u2019hippocampe, une structure essentielle \u00e0 la formation de nouveaux souvenirs.<\/li>\r\n \t<li>Modifications neuronales : comme la perte de cellules nerveuses dans des r\u00e9gions c\u00e9r\u00e9brales cl\u00e9s.<\/li>\r\n \t<li>Stress oxydatif et inflammation : ces processus entra\u00eenent la d\u00e9t\u00e9rioration des prot\u00e9ines, des lipides et des nucl\u00e9otides au niveau c\u00e9r\u00e9bral, ce qui conduit finalement \u00e0 la mort des neurones.<\/li>\r\n<\/ul>\r\nAccumulation de la prot\u00e9ine \u03b2-amylo\u00efde :\r\ncelle-ci peut contribuer \u00e0 la perte neuronale et \u00e0 l\u2019atrophie c\u00e9r\u00e9brale.\r\n\r\nLe SDC peut \u00e9galement r\u00e9sulter de pathologies c\u00e9r\u00e9brovasculaires : changements vasculaires c\u00e9r\u00e9braux, gliose et dilatation ventriculaire, entra\u00eenant une atrophie c\u00e9r\u00e9brale, une dilatation ventriculaire et des l\u00e9sions des lobes temporaux m\u00e9diaux."}],"title_beneficios":"En quoi les nutriments du compl\u00e9ment alimentaire Cognidine\u00ae aident-ils les animaux de compagnie?","description_benefits":"Cognidine\u00ae fournit des nutriments d'aide \u00e0 :\r\n\r\n&nbsp;\r\n\r\n&nbsp;","items_benefits":[{"imagen":1238,"title":"","description":"Maintenir le syst\u00e8me cognitif des chiens et des chats \u00e2g\u00e9s."}],"items_presentaciones":[{"title":"Cognidine\u00ae","description":"Bo\u00eete de 60 comprim\u00e9s, en blister. Blister de 10 comprim\u00e9s.\r\n\r\n&nbsp;","imagen":3536}],"description_ingredients":"","items_ingredients":[{"title":"Uridina<sup>1,2<\/sup>","description":"Un nucl\u00e9otide essentiel dans la biosynth\u00e8se des phospholipides et des glycolipides des membranes cellulaires, comme les neurones.\r\n\r\n&nbsp;\r\n\r\n&nbsp;"},{"title":"Pulpe de pomme s\u00e9ch\u00e9e\r\n\r\n&nbsp;","description":"Fournit des polyph\u00e9nols et des quinones.\r\n\r\n&nbsp;\r\n\r\n&nbsp;"},{"title":"Tryptophane<sup>5,6<\/sup>","description":"Pr\u00e9curseur du neurotransmetteur s\u00e9rotonine, connu pour \u00eatre essentiel pour la r\u00e9gulation de l'humeur, du comportement et de l'anxi\u00e9t\u00e9.\r\n\r\n&nbsp;"},{"title":"Biotine\r\n\r\n&nbsp;","description":"Contribue au fonctionnement normal du syst\u00e8me nerveux et \u00e0 une fonction psychologique normale.\r\n\r\n&nbsp;"},{"title":"S\u00e9l\u00e9nium et Zinc\r\n\r\n&nbsp;","description":"Contribuent \u00e0 la protection cellulaire contre les dommages oxydatifs.\r\n\r\n&nbsp;\r\n\r\n&nbsp;"},{"title":"Son d'orge\r\n\r\n&nbsp;\r\n\r\n&nbsp;","description":"Apporte de l'astaxanthine et l'Om\u00e9ga 3.\r\n\r\n&nbsp;\r\n\r\n&nbsp;"}],"video":"","items_Instructions_for_use":[{"title":" Chat","description":"1 comprim\u00e9 par jour.\r\n\r\n&nbsp;"},{"title":"Chien","description":"<ul>\r\n \t<li>Jusqu'\u00e0 10 kg de poids : 1 comprim\u00e9 par jour.<\/li>\r\n \t<li>De 10 \u00e0 20 kg de poids : 2 comprim\u00e9s par jour.<\/li>\r\n \t<li>De 20 \u00e0 30 kg de poids : 3 comprim\u00e9s par jour.<\/li>\r\n \t<li>De 30 \u00e0 40 kg de poids : 4 comprim\u00e9s par jour.<\/li>\r\n \t<li>\u00c0 partir de 40 kg de poids : 5 comprim\u00e9s par jour.<\/li>\r\n<\/ul>"},{"title":"Autres indications","description":"Par voie orale.\r\n\r\nSi vous le pr\u00e9f\u00e9rez, m\u00e9langez-le avec la nourriture habituelle.\r\n\r\nComme il s'agit d'un compl\u00e9ment alimentaire, il peut \u00eatre pris de mani\u00e8re continue."}],"image_banner_scientific_study_copiar":"","title_banner_scientific_study":"","description_banner_scientific_study":"","Scientific_study_banner":"","studies":null,"bibliografy_text":"<ol>\r\n \t<li>Wattig B et al. Acceleration of nerve and muscle regeneration by administration of nucleotides\u2013electroneurophysiological and morphometrical investigations. Acta Histochem Suppl. 1992;42:333-9.<\/li>\r\n \t<li>Chen TH et al. A nucleoside-nucleotide mixture may reduce memory deterioration in old senescence-accelerated mice. . J Nutr. 2000 Dec;130(12):3085-9.<\/li>\r\n \t<li>Harris CB. Dietary pyrroloquinoline quinone (PQQ) alters indicators of inflammation and mitochondrial-related metabolism in human subjects.1. J Nutr Biochem. 2013 Dec;24(12):2076-84.<\/li>\r\n \t<li>He B. Effects of pyrroloquinoline quinine on oxidative stress- induced apoptosis of Schwann cells and its mechanism. Zhonghua Zheng Xing Wai Ke Za Zhi. 2014 Mar;30(2):111-7<\/li>\r\n \t<li>Silber BY. Effects of tryptophan loading on human cognition, mood, and sleep. Neuroscience and Biobehavioral Reviews .2010; 34: 387\u2013407.<\/li>\r\n \t<li>Jean S. DeNapoli. Effect of dietary protein content and tryptophan supplementation on dominance aggression, territorial aggression, and hyperactivity in dogs. 2000; JAVMA, Vol 217, No. 4.<\/li>\r\n \t<li>Murphy T, et al. Effects of diet on brain plasticity in animal and human Studies: mind the gap. Neural Plasticity.2014; ID 563160.<\/li>\r\n<\/ol>","features":[{"image":1262,"title":"Pas de prot\u00e9ines de poulet"},{"image":1267,"title":"Sans conservateurs"},{"image":1213,"title":"Comprim\u00e9s facilement divisibles"}],"ficha_tecnica":3553},"_links":{"self":[{"href":"https:\/\/beta.pharmadiet.com\/fr\/wp-json\/wp\/v2\/product\/3535","targetHints":{"allow":["GET"]}}],"collection":[{"href":"https:\/\/beta.pharmadiet.com\/fr\/wp-json\/wp\/v2\/product"}],"about":[{"href":"https:\/\/beta.pharmadiet.com\/fr\/wp-json\/wp\/v2\/types\/product"}],"replies":[{"embeddable":true,"href":"https:\/\/beta.pharmadiet.com\/fr\/wp-json\/wp\/v2\/comments?post=3535"}],"version-history":[{"count":13,"href":"https:\/\/beta.pharmadiet.com\/fr\/wp-json\/wp\/v2\/product\/3535\/revisions"}],"predecessor-version":[{"id":17532,"href":"https:\/\/beta.pharmadiet.com\/fr\/wp-json\/wp\/v2\/product\/3535\/revisions\/17532"}],"wp:featuredmedia":[{"embeddable":true,"href":"https:\/\/beta.pharmadiet.com\/fr\/wp-json\/wp\/v2\/media\/3536"}],"wp:attachment":[{"href":"https:\/\/beta.pharmadiet.com\/fr\/wp-json\/wp\/v2\/media?parent=3535"}],"wp:term":[{"taxonomy":"animal","embeddable":true,"href":"https:\/\/beta.pharmadiet.com\/fr\/wp-json\/wp\/v2\/animal?post=3535"},{"taxonomy":"product_brand","embeddable":true,"href":"https:\/\/beta.pharmadiet.com\/fr\/wp-json\/wp\/v2\/product_brand?post=3535"},{"taxonomy":"product_cat","embeddable":true,"href":"https:\/\/beta.pharmadiet.com\/fr\/wp-json\/wp\/v2\/product_cat?post=3535"},{"taxonomy":"product_tag","embeddable":true,"href":"https:\/\/beta.pharmadiet.com\/fr\/wp-json\/wp\/v2\/product_tag?post=3535"}],"curies":[{"name":"wp","href":"https:\/\/api.w.org\/{rel}","templated":true}]}}