{"id":3409,"date":"2025-07-31T10:24:22","date_gmt":"2025-07-31T08:24:22","guid":{"rendered":"https:\/\/beta.pharmadiet.com\/?post_type=product&#038;p=3409"},"modified":"2025-12-03T16:45:22","modified_gmt":"2025-12-03T15:45:22","slug":"calmatonine-xr","status":"publish","type":"product","link":"https:\/\/beta.pharmadiet.com\/fr\/productos\/calmatonine-xr\/","title":{"rendered":"Calmatonine\u00ae XR"},"content":{"rendered":"\t\t<div data-elementor-type=\"product-post\" data-elementor-id=\"3409\" class=\"elementor elementor-3409\" data-elementor-post-type=\"product\">\n\t\t\t\t<div class=\"elementor-element elementor-element-75436e6a e-flex e-con-boxed e-con e-parent\" data-id=\"75436e6a\" data-element_type=\"container\">\n\t\t\t\t\t<div class=\"e-con-inner\">\n\t\t\t\t<div class=\"elementor-element elementor-element-42283bea elementor-widget elementor-widget-text-editor\" data-id=\"42283bea\" data-element_type=\"widget\" data-widget_type=\"text-editor.default\">\n\t\t\t\t\t\t\t\t\t<ul><li>Nouvelle formule<\/li><li>Technologie bicouche<\/li><li>Pas de prot\u00e9ines de poulet<\/li><li>Sans conservateurs<\/li><li>Mode d&#8217;emploi adapt\u00e9 au poids de l&rsquo;animal<\/li><li>Comprim\u00e9s facilement divisibles<\/li><\/ul>\t\t\t\t\t\t\t\t<\/div>\n\t\t\t\t\t<\/div>\n\t\t\t\t<\/div>\n\t\t\t\t<\/div>\n\t\t","protected":false},"excerpt":{"rendered":"<p>Aliment compl\u00e9mentaire avec des nutriments qui aident \u00e0 maintenir un comportement appropri\u00e9 chez les animaux de compagnie.<\/p>\n<p>&nbsp;<\/p>\n","protected":false},"featured_media":3411,"comment_status":"open","ping_status":"closed","template":"","meta":{"_acf_changed":false,"site-sidebar-layout":"default","site-content-layout":"","ast-site-content-layout":"default","site-content-style":"default","site-sidebar-style":"default","ast-global-header-display":"","ast-banner-title-visibility":"","ast-main-header-display":"","ast-hfb-above-header-display":"","ast-hfb-below-header-display":"","ast-hfb-mobile-header-display":"","site-post-title":"","ast-breadcrumbs-content":"","ast-featured-img":"","footer-sml-layout":"","theme-transparent-header-meta":"default","adv-header-id-meta":"","stick-header-meta":"","header-above-stick-meta":"","header-main-stick-meta":"","header-below-stick-meta":"","astra-migrate-meta-layouts":"set","ast-page-background-enabled":"default","ast-page-background-meta":{"desktop":{"background-color":"var(--ast-global-color-5)","background-image":"","background-repeat":"repeat","background-position":"center center","background-size":"auto","background-attachment":"scroll","background-type":"","background-media":"","overlay-type":"","overlay-color":"","overlay-opacity":"","overlay-gradient":""},"tablet":{"background-color":"","background-image":"","background-repeat":"repeat","background-position":"center center","background-size":"auto","background-attachment":"scroll","background-type":"","background-media":"","overlay-type":"","overlay-color":"","overlay-opacity":"","overlay-gradient":""},"mobile":{"background-color":"","background-image":"","background-repeat":"repeat","background-position":"center center","background-size":"auto","background-attachment":"scroll","background-type":"","background-media":"","overlay-type":"","overlay-color":"","overlay-opacity":"","overlay-gradient":""}},"ast-content-background-meta":{"desktop":{"background-color":"var(--ast-global-color-4)","background-image":"","background-repeat":"repeat","background-position":"center center","background-size":"auto","background-attachment":"scroll","background-type":"","background-media":"","overlay-type":"","overlay-color":"","overlay-opacity":"","overlay-gradient":""},"tablet":{"background-color":"var(--ast-global-color-4)","background-image":"","background-repeat":"repeat","background-position":"center center","background-size":"auto","background-attachment":"scroll","background-type":"","background-media":"","overlay-type":"","overlay-color":"","overlay-opacity":"","overlay-gradient":""},"mobile":{"background-color":"var(--ast-global-color-4)","background-image":"","background-repeat":"repeat","background-position":"center center","background-size":"auto","background-attachment":"scroll","background-type":"","background-media":"","overlay-type":"","overlay-color":"","overlay-opacity":"","overlay-gradient":""}}},"animal":[117,119,118,150],"product_brand":[],"product_cat":[23],"product_tag":[279],"class_list":{"0":"post-3409","1":"product","2":"type-product","3":"status-publish","4":"has-post-thumbnail","6":"animal-chat","7":"animal-chien","8":"animal-furet","9":"animal-rongeur","10":"product_cat-sante-comportementale-animaux","11":"product_tag-plantillac","12":"desktop-align-left","13":"tablet-align-left","14":"mobile-align-left","16":"first","17":"instock","18":"shipping-taxable","19":"product-type-simple"},"acf":{"title_indications":"","description_indication":"","items_indication":[{"imagen":17443,"title":"Comment fonctionne la technologie bicouche ?","description":"<ol>\r\n \t<li><strong>LIB\u00c9RATION IMM\u00c9DIATE:<\/strong> Lib\u00e9ration d'une quantit\u00e9 initiale du produit pour obtenir un effet imm\u00e9diat<\/li>\r\n \t<li><strong>LIB\u00c9RATION PROLONG\u00c9E:<\/strong> Lib\u00e9ration plus lente et soutenue, assurant une dur\u00e9e d'action plus longue<\/li>\r\n<\/ol>"},{"imagen":4962,"title":"Probl\u00e8mes de comportement chez les chiens et les chats","description":"Si vous remarquez que votre animal r\u00e9agit diff\u00e9remment ou se comporte de mani\u00e8re \u00e9trange, quelque chose peut affecter son bien-\u00eatre et sa tranquillit\u00e9. Parmi les causes les plus courantes associ\u00e9es aux probl\u00e8mes de comportement, on trouve :\r\n<ul>\r\n \t<li>Enfermedades o dolencias. Digestivas, d\u00e9rmicas, renales, hep\u00e1ticas\u2026 cualquier enfermedad puede estar afectando al comportamiento de tu animal.<\/li>\r\n \t<li>Cambios de entorno. Mudanzas, cambios de caja de arena o caseta, cambio de habitaci\u00f3n, un nuevo miembro en la familia\u2026 pueden afectar al estado an\u00edmico de perros y gatos.<\/li>\r\n \t<li>Nueva zona de paseo. Especialmente para perros, cuando muestran agresividad con otros perros, puede deberse a un cambio en la zona de paseo o nuevos animales que no conoce.<\/li>\r\n<\/ul>\r\nFace \u00e0 des probl\u00e8mes de comportement, la meilleure solution est de consulter un v\u00e9t\u00e9rinaire. Ainsi, il pourra \u00e9carter toute maladie et proposer le traitement appropri\u00e9 en cas de diagnostic positif."}],"title_beneficios":"En quoi Calmatonine\u00ae XR aide-t-il ?","description_benefits":"Calmatonine\u00ae XR fournit des nutriments pour aider dans :\r\n\r\n&nbsp;","items_benefits":[{"imagen":1248,"title":"Les situations perturbant la relaxation","description":"Bruits (feux d'artifice, p\u00e9tards, temp\u00eates, etc.), changements dans son environnement quotidien, changement d'habitat.\r\n\r\n&nbsp;"},{"imagen":1248,"title":"","description":"R\u00e9gulation du sommeil"},{"imagen":1245,"title":"","description":"Picage par les oiseaux"}],"items_presentaciones":[{"title":"Calmatonine\u00ae XR","description":"Emballage clinique contenant 120 comprim\u00e9s bicouches, en plaquettes de 10 comprim\u00e9s chacune et enveloppes de distribution.","imagen":3411}],"description_ingredients":"","items_ingredients":[{"title":"Couche sup\u00e9rieure (lib\u00e9ration imm\u00e9diate)","description":""},{"title":"Prot\u00e9ine de lait hydrolys\u00e9e (fournit de l'alpha-cas\u00e9z\u00e9pine)\r\n\r\n&nbsp;\r\n\r\n&nbsp;","description":"Prot\u00e9ine de lait aux propri\u00e9t\u00e9s relaxantes bien connues.\r\n\r\n&nbsp;"},{"title":"Germe de riz, apporte du GABA\r\n\r\n&nbsp;\r\n\r\n&nbsp;","description":"Connu pour contribuer \u00e0 r\u00e9tablir l'\u00e9quilibre et maintenir un \u00e9tat d'esprit normal.\r\n\r\n&nbsp;\r\n\r\n&nbsp;"},{"title":"Val\u00e9riane et extrait de Passiflore incarnata\r\n\r\n&nbsp;\r\n\r\n&nbsp;","description":"Substances d'origine naturelle connues pour leurs propri\u00e9t\u00e9s relaxantes, favorisent les comportements calmes, le sommeil et la relaxation musculaire.\r\n\r\n&nbsp;"},{"title":"Couche inf\u00e9rieure (lib\u00e9ration retard\u00e9e)\r\n\r\n&nbsp;","description":""},{"title":"Tryptophane\r\n\r\n&nbsp;","description":"Acide amin\u00e9 essentiel qui aide \u00e0 r\u00e9guler les niveaux de s\u00e9rotonine, r\u00e9duit l'agressivit\u00e9 et pr\u00e9curseur de la m\u00e9latonine qui aide \u00e0 r\u00e9guler le sommeil.\r\n\r\n&nbsp;"},{"title":"Vitamine B6 et magn\u00e9sium, niacinamide\r\n\r\n&nbsp;","description":"Aident \u00e0 r\u00e9duire la fatigue. Et contribuent au fonctionnement normal du syst\u00e8me nerveux.\r\n\r\n&nbsp;"}],"video":"","items_Instructions_for_use":[{"title":" Chat","description":"Entre \u00bd et 1 comprim\u00e9 par jour.\r\n\r\n&nbsp;"},{"title":"Chien","description":"<ul>\r\n \t<li>Jusqu'\u00e0 10 kg de poids : Entre \u00bd et 1 comprim\u00e9 par jour.<\/li>\r\n \t<li>De 10 \u00e0 20 kg de poids : entre 1 et 2 comprim\u00e9s par jour.<\/li>\r\n \t<li>De 20 \u00e0 30 kg de poids : entre 1 \u00bd et 3 comprim\u00e9s par jour.<\/li>\r\n \t<li>De 30 \u00e0 40 kg de poids : entre 2 et 4 comprim\u00e9s par jour.<\/li>\r\n \t<li>\u00c0 partir de 40 kg de poids : entre 3 et 6 comprim\u00e9s par jour.<\/li>\r\n<\/ul>"},{"title":"Furets et rongeurs","description":"0,25 comprim\u00e9 par jour.\r\n\r\n&nbsp;"},{"title":"Autres indications","description":"Par voie orale.\r\n\r\nPour un usage ponctuel, il est recommand\u00e9 de le prendre 30 minutes ou une heure avant, ou peut \u00eatre pris quotidiennement pendant 6 semaines, de mani\u00e8re continue.\r\n\r\nIl est recommand\u00e9 de prendre les comprim\u00e9s entiers ou coup\u00e9s en deux, de ne pas les \u00e9craser.\r\n\r\nSi vous le pr\u00e9f\u00e9rez, m\u00e9langez-le avec la nourriture habituelle.\r\n\r\nComme il s'agit d'un compl\u00e9ment alimentaire, il peut \u00eatre pris de mani\u00e8re continue."}],"image_banner_scientific_study_copiar":"","title_banner_scientific_study":"","description_banner_scientific_study":"","Scientific_study_banner":"","studies":null,"bibliografy_text":"","features":[{"image":1221,"title":"Technologie bicouche"},{"image":1262,"title":"Pas de prot\u00e9ines de poulet"},{"image":1267,"title":"Sans conservateurs"},{"image":1213,"title":"Comprim\u00e9s facilement divisibles"}],"ficha_tecnica":3555},"_links":{"self":[{"href":"https:\/\/beta.pharmadiet.com\/fr\/wp-json\/wp\/v2\/product\/3409","targetHints":{"allow":["GET"]}}],"collection":[{"href":"https:\/\/beta.pharmadiet.com\/fr\/wp-json\/wp\/v2\/product"}],"about":[{"href":"https:\/\/beta.pharmadiet.com\/fr\/wp-json\/wp\/v2\/types\/product"}],"replies":[{"embeddable":true,"href":"https:\/\/beta.pharmadiet.com\/fr\/wp-json\/wp\/v2\/comments?post=3409"}],"version-history":[{"count":23,"href":"https:\/\/beta.pharmadiet.com\/fr\/wp-json\/wp\/v2\/product\/3409\/revisions"}],"predecessor-version":[{"id":17531,"href":"https:\/\/beta.pharmadiet.com\/fr\/wp-json\/wp\/v2\/product\/3409\/revisions\/17531"}],"wp:featuredmedia":[{"embeddable":true,"href":"https:\/\/beta.pharmadiet.com\/fr\/wp-json\/wp\/v2\/media\/3411"}],"wp:attachment":[{"href":"https:\/\/beta.pharmadiet.com\/fr\/wp-json\/wp\/v2\/media?parent=3409"}],"wp:term":[{"taxonomy":"animal","embeddable":true,"href":"https:\/\/beta.pharmadiet.com\/fr\/wp-json\/wp\/v2\/animal?post=3409"},{"taxonomy":"product_brand","embeddable":true,"href":"https:\/\/beta.pharmadiet.com\/fr\/wp-json\/wp\/v2\/product_brand?post=3409"},{"taxonomy":"product_cat","embeddable":true,"href":"https:\/\/beta.pharmadiet.com\/fr\/wp-json\/wp\/v2\/product_cat?post=3409"},{"taxonomy":"product_tag","embeddable":true,"href":"https:\/\/beta.pharmadiet.com\/fr\/wp-json\/wp\/v2\/product_tag?post=3409"}],"curies":[{"name":"wp","href":"https:\/\/api.w.org\/{rel}","templated":true}]}}