{"id":3372,"date":"2025-07-22T11:44:40","date_gmt":"2025-07-22T09:44:40","guid":{"rendered":"https:\/\/test.pharmadiet.com\/?post_type=product&#038;p=3372"},"modified":"2025-12-15T12:15:36","modified_gmt":"2025-12-15T11:15:36","slug":"hyaloral-gel","status":"publish","type":"product","link":"https:\/\/beta.pharmadiet.com\/fr\/productos\/hyaloral-gel\/","title":{"rendered":"Hyaloral\u00ae Gel"},"content":{"rendered":"<p>Hyaloral\u00ae Gel Il apporte des nutriments qui contribuent au bon d\u00e9veloppement des articulations, des tendons et des ligaments ainsi qu&rsquo;\u00e0 la lubrification des articulations.<\/p>\n<ul>\n<li>Preuves cliniques d\u00e9montr\u00e9es dans notre \u00e9tude avec Hyaloral\u00ae<\/li>\n<li>Ingr\u00e9dients avec \u00e9tudes publi\u00e9es <sup>2<\/sup><\/li>\n<li>Palatabilit\u00e9 maximale d\u00e9montr\u00e9e avec succ\u00e8s chez les chiens et les chats avec Hyaloral\u00ae<sup>2,3<\/sup><\/li>\n<li>Mode d&#8217;emploi adapt\u00e9 au poids de l&rsquo;animal<\/li>\n<li>Pr\u00e9sentations en gel avec seringue doseuse<\/li>\n<\/ul>\n","protected":false},"excerpt":{"rendered":"<p>Aliment compl\u00e9mentaire en gel avec la formule la plus compl\u00e8te dont les nutriments ajout\u00e9s \u00e0 l&rsquo;alimentation habituelle contribuent au bon d\u00e9veloppement et entretien des articulations, tendons et ligaments de nos animaux de compagnie.<\/p>\n<p>&nbsp;<\/p>\n","protected":false},"featured_media":3373,"comment_status":"open","ping_status":"closed","template":"","meta":{"_acf_changed":false,"site-sidebar-layout":"default","site-content-layout":"","ast-site-content-layout":"default","site-content-style":"default","site-sidebar-style":"default","ast-global-header-display":"","ast-banner-title-visibility":"","ast-main-header-display":"","ast-hfb-above-header-display":"","ast-hfb-below-header-display":"","ast-hfb-mobile-header-display":"","site-post-title":"","ast-breadcrumbs-content":"","ast-featured-img":"","footer-sml-layout":"","theme-transparent-header-meta":"default","adv-header-id-meta":"","stick-header-meta":"","header-above-stick-meta":"","header-main-stick-meta":"","header-below-stick-meta":"","astra-migrate-meta-layouts":"set","ast-page-background-enabled":"default","ast-page-background-meta":{"desktop":{"background-color":"var(--ast-global-color-5)","background-image":"","background-repeat":"repeat","background-position":"center center","background-size":"auto","background-attachment":"scroll","background-type":"","background-media":"","overlay-type":"","overlay-color":"","overlay-opacity":"","overlay-gradient":""},"tablet":{"background-color":"","background-image":"","background-repeat":"repeat","background-position":"center center","background-size":"auto","background-attachment":"scroll","background-type":"","background-media":"","overlay-type":"","overlay-color":"","overlay-opacity":"","overlay-gradient":""},"mobile":{"background-color":"","background-image":"","background-repeat":"repeat","background-position":"center center","background-size":"auto","background-attachment":"scroll","background-type":"","background-media":"","overlay-type":"","overlay-color":"","overlay-opacity":"","overlay-gradient":""}},"ast-content-background-meta":{"desktop":{"background-color":"var(--ast-global-color-4)","background-image":"","background-repeat":"repeat","background-position":"center center","background-size":"auto","background-attachment":"scroll","background-type":"","background-media":"","overlay-type":"","overlay-color":"","overlay-opacity":"","overlay-gradient":""},"tablet":{"background-color":"var(--ast-global-color-4)","background-image":"","background-repeat":"repeat","background-position":"center center","background-size":"auto","background-attachment":"scroll","background-type":"","background-media":"","overlay-type":"","overlay-color":"","overlay-opacity":"","overlay-gradient":""},"mobile":{"background-color":"var(--ast-global-color-4)","background-image":"","background-repeat":"repeat","background-position":"center center","background-size":"auto","background-attachment":"scroll","background-type":"","background-media":"","overlay-type":"","overlay-color":"","overlay-opacity":"","overlay-gradient":""}}},"animal":[117,119,118,150],"product_brand":[],"product_cat":[20],"product_tag":[277],"class_list":{"0":"post-3372","1":"product","2":"type-product","3":"status-publish","4":"has-post-thumbnail","6":"animal-chat","7":"animal-chien","8":"animal-furet","9":"animal-rongeur","10":"product_cat-sante-articulaire-animaux","11":"product_tag-plantillaa","12":"desktop-align-left","13":"tablet-align-left","14":"mobile-align-left","16":"first","17":"instock","18":"shipping-taxable","19":"product-type-simple"},"acf":{"title_indications":"","description_indication":"","items_indication":[{"imagen":3396,"title":"Comment l'arthrose affecte-t-elle nos chiens ou chats?","description":"<h4>Comment l\u2019arthrose affecte-t-elle mon animal?<\/h4>\r\n&nbsp;\r\n\r\nL'arthrose chez les chiens et les chats est une maladie d\u00e9g\u00e9n\u00e9rative dans laquelle l'articulation affect\u00e9e est touch\u00e9e par l'inflammation et la d\u00e9gradation du cartilage articulaire, provoquant douleur et difficult\u00e9 de mouvement, affectant la qualit\u00e9 de vie des chiens et des chats. Habituellement caus\u00e9e par le vieillissement, les blessures ou la pr\u00e9disposition g\u00e9n\u00e9tique."}],"title_beneficios":"En quoi ce compl\u00e9ment alimentaire aide-t-il \u00e0 la sant\u00e9 articulaire de votre animal","description_benefits":"Ce compl\u00e9ment alimentaire pour chats, chiens et autres esp\u00e8ces fournit des nutriments qui aident au bon d\u00e9veloppement des articulations, des tendons, du cartilage et des ligaments, et lubrifie les articulations.\r\n\r\n&nbsp;","items_benefits":[{"imagen":1268,"title":"Contribue \u00e0 un d\u00e9veloppement sain","description":"Hyaloral Gel pour chiens et chats aide \u00e0 maintenir la sant\u00e9 des articulations, des tendons, du cartilage et des ligaments, ce qui est particuli\u00e8rement important chez les jeunes animaux en croissance.\r\n\r\n&nbsp;\r\n\r\n&nbsp;"},{"imagen":3617,"title":"Aide \u00e0 maintenir la mobilit\u00e9","description":"Lubrifie les articulations et favorise la flexibilit\u00e9, r\u00e9duisant la raideur chez les animaux plus \u00e2g\u00e9s.\r\n\r\n&nbsp;\r\n\r\n&nbsp;"},{"imagen":1269,"title":"Maintien de la sant\u00e9 articulaire","description":"Contribue \u00e0 maintenir la sant\u00e9 articulaire au fil du temps en aidant \u00e0 pr\u00e9venir ou \u00e0 retarder les probl\u00e8mes articulaires.\r\n\r\n&nbsp;\r\n\r\n&nbsp;"},{"imagen":1272,"title":"Contribue \u00e0 maintenir une vie active","description":"Facilite une vie active, ce qui permet \u00e0 vos animaux de compagnie de profiter d'activit\u00e9s physiques telles que jouer, courir et sauter avec plus de confort, ce qui contribue \u00e0 leur bien-\u00eatre physique et \u00e9motionnel.\r\n\r\n&nbsp;"}],"items_presentaciones":[{"title":"Hyaloral\u00ae Gel","description":"Bo\u00eete de 50 ml avec seringue doseuse. Gel oral.\r\n\r\n&nbsp;\r\n\r\n&nbsp;","imagen":1175}],"description_ingredients":"","items_ingredients":[{"title":"Acide Hyaluronique<sup>4,5,6,7,8<\/sup>","description":"Principal composant du liquide synovial des articulations, avec des propri\u00e9t\u00e9s visco\u00e9lastiques et lubrifiantes. Son ingestion orale aide \u00e0 faciliter le mouvement articulaire par sa viscosit\u00e9 ; \u00e0 prot\u00e9ger le cartilage de l'usure ; \u00e0 r\u00e9duire l'inflammation et \u00e0 favoriser la nutrition du cartilage.\r\n\r\nL'Acide Hyaluronique procure de la visco\u00e9lasticit\u00e9 au liquide synovial et est responsable de la lubrification de la membrane synoviale et du cartilage articulaire. Son ingestion orale s'est av\u00e9r\u00e9e efficace dans l'ost\u00e9oarthrite chez les chiens."},{"title":"Collag\u00e8ne hydrolys\u00e9 enzymatiquement\r\n\r\n&nbsp;\r\n\r\n&nbsp;","description":"Composant majoritaire et base structurelle du cartilage hyalin des articulations, principal tissu affect\u00e9 dans les processus de d\u00e9g\u00e9n\u00e9rescence articulaire. Le collag\u00e8ne est connu pour maintenir l'int\u00e9grit\u00e9 du cartilage et sa fonction est de fournir flexibilit\u00e9, \u00e9lasticit\u00e9 et soutien. Son administration sous forme hydrolys\u00e9e permet une meilleure absorption, distribution et accumulation dans le cartilage articulaire.\r\n\r\n&nbsp;\r\n\r\n&nbsp;"},{"title":"Glucosamine\r\n\r\n&nbsp;\r\n\r\n&nbsp;","description":"Amino-sucre composant du cartilage articulaire, substrat et stimulateur de la synth\u00e8se de chondro\u00eftine et d'acide hyaluronique, prot\u00e8ge le cartilage hyalin de l'usure et favorise la nutrition du cartilage.\r\n\r\n&nbsp;\r\n\r\n&nbsp;"},{"title":"Sulfate de chondro\u00eftine\r\n\r\n&nbsp;\r\n\r\n&nbsp;","description":"Principal glycosaminoglycane de la matrice extracellulaire du cartilage. Nutriment contribuant \u00e0 la formation de diff\u00e9rents composants du cartilage, aide \u00e0 r\u00e9duire la destruction du cartilage et contribue \u00e0 r\u00e9duire l'inflammation en diminuant l'action des mol\u00e9cules pro-inflammatoires.\r\n\r\n&nbsp;\r\n\r\n&nbsp;"},{"title":"Gamma Oryzanol<sup>9,10,11<\/sup>","description":"Substance d'origine naturelle, provenant du son de riz, pr\u00e9sentant une action antioxydante puissante, aide \u00e0 l'\u00e9limination des radicaux libres et \u00e0 r\u00e9duire l'inflammation.\r\n\r\nLa combinaison de sulfate de chondro\u00eftine, de glucosamine et d'antioxydants dans l'alimentation am\u00e9liore l'\u00e9tat des articulations et est efficace dans le traitement de l'ost\u00e9oarthrite chez les chiens.\r\n\r\nIl a \u00e9t\u00e9 d\u00e9montr\u00e9 que la glucosamine et la chondro\u00eftine am\u00e9liorent la fonction articulaire et peuvent \u00eatre responsables de l'am\u00e9lioration de la douleur \u00e0 la manipulation, de la boiterie et de l'amplitude des mouvements."}],"video":"","items_Instructions_for_use":[{"title":"Chat","description":"Voie orale.\r\n<ul>\r\n \t<li>Para gatitos: 1,5 ml par jour.<\/li>\r\n \t<li>Pour les chats adultes : 3 ml par jour.<\/li>\r\n<\/ul>"},{"title":"Chien","description":"<ul>\r\n \t<li>Jusqu'\u00e0 5 kg de poids corporel: 1,5 ml par jour.<\/li>\r\n \t<li>De 5 \u00e0 10 kg de poids corporel: 3 ml par jour.<\/li>\r\n<\/ul>"},{"title":"Furet et Rongeur","description":"<ul>\r\n \t<li>0,5 ml par kg de poids corporel par jour.<\/li>\r\n<\/ul>"},{"title":"Autres indications","description":"Agiter avant utilisation.\r\n\r\nIl est recommand\u00e9 de m\u00e9langer Hyaloral\u00ae Gel:\r\n<ul>\r\n \t<li>Avec l'alimentation quotidienne des chatons et des chiots \u00e0 partir de 3 mois, pendant au moins 6 mois.<\/li>\r\n \t<li>Avec l'alimentation quotidienne des animaux adultes pendant au moins 3 mois.<\/li>\r\n<\/ul>\r\nComme il s'agit d'un compl\u00e9ment alimentaire, il peut \u00eatre pris de mani\u00e8re continue."}],"image_banner_scientific_study_copiar":3391,"title_banner_scientific_study":"\u00c9tude scientifique Hyaloral FOPG","description_banner_scientific_study":"<h3><span style=\"color: #ffffff;\">Qu'avons-nous \u00e9tudi\u00e9<\/span><\/h3>\r\nNous avons \u00e9tudi\u00e9 comment notre produit Hyaloral, un compl\u00e9ment alimentaire combinant de l'acide hyaluronique et du collag\u00e8ne hydrolys\u00e9, peut pr\u00e9venir la dysplasie du coude chez les chiens.\r\n<h3><span style=\"color: #ffffff;\">Quelles ont \u00e9t\u00e9 les conclusions de l'\u00e9tude ?<\/span><\/h3>\r\n<ul>\r\n \t<li>Le groupe suppl\u00e9ment\u00e9 avec le compl\u00e9ment alimentaire Hyaloral a connu une r\u00e9duction significative de l'apparition de la dysplasie articulaire, avec 95 % de chances de succ\u00e8s.<\/li>\r\n \t<li>De plus, notre produit s'est r\u00e9v\u00e9l\u00e9 efficace pour soulager les sympt\u00f4mes de la dysplasie articulaire.<\/li>\r\n<\/ul>\r\n<span style=\"font-size: 16px;\">Vous voulez voir tous les d\u00e9tails de notre \u00e9tude ? Cliquez sur le bouton pour voir l'\u00e9tude compl\u00e8te !<\/span>","Scientific_study_banner":3393,"studies":[{"header_image":"","bibliography_image":1261,"title":"\u00c9tude scientifique Hyaloral FOPG","study":3393}],"bibliografy_text":"<ol>\r\n \t<li>Efficacy of an oral hyaluronate and collagen supplement as a preventive treatment of elbow dysplasia. Sim\u00f3n Mart\u00ed-Angulo, N\u00faria Garc\u00eda-L\u00f3pez, Ana D\u00edaz-Ramos. J. Vet. Sci. (2014), 15(4), 569-574.<\/li>\r\n \t<li>Estudio palatabilidad gatos<\/li>\r\n \t<li>\u00a0Estudio palatabilidad perros<\/li>\r\n \t<li>Alves JC, Dos Santos AMMP, Jorge P, Lavrador CFTVB, Carreira LM. Effect of a single intra-articular high molecular weight hyaluronan in a naturally occurring canine osteoarthritis model: a randomized controlled trial. J Orthop Surg Res. 2021 May 3;16(1):290. doi: 10.1186\/s13018-021-02423-4. PMID: 33941219; PMCID: PMC8091761.<\/li>\r\n \t<li>Alves et al. Effect of an oral joint suplement when compared to another products in the management of hip osteoarthritis in working dogs. Topics in Compan An Med 32 (2017) 126-129.<\/li>\r\n \t<li>Bergin et al. Oral hyaluronan gel reduces post-operative tarsocrural effusion in the yearling Thoroghbred. Equine Vet J, 2006 38 (4): 375-378.<\/li>\r\n \t<li>Carmona et al. Efectos bioqu\u00edmicos y Cl\u00ednicos del hialuronato oral en Caballos andaluces j\u00f3venes con osteocondrosis tarsocrural. Arch Med Vet, 2009, 41, 139-14<\/li>\r\n \t<li>Martello, E., Bigliati, M., Adami, R., Biasibetti, E., Bisanzio, D., Meineri, G., &amp; Bruni, N. (2022). Efficacy of a dietary supplement in dogs with osteoarthritis: A randomized placebo-controlled, double-blind clinical trial. PloS one, 17(2), e0263971.\u00a0<a href=\"https:\/\/doi.org\/10.1371\/journal.pone.0263971\">https:\/\/doi.org\/10.1371\/journal.pone.0263971<\/a><\/li>\r\n \t<li>Minatel et al. Antioxidant activity of \u01b3-Oryzanol: a complex network of interactions.\u00a0 Int J Mol Sci, 2016, 17, 1107.<\/li>\r\n \t<li>Parrado et al. Prevention of brain protein and l\u00edpid oxidation elicited by a water-soluble oryzanol enzymatic extract derived from rice bran. Eur J Nutr, 2003, 42: 307-314.<\/li>\r\n \t<li>Shin et al. \u01b3-Oryzanol supresses COX-2 expression by inhibiting reactive oxygen species-mediated Erk \u00bd and Egr-1 signaling in LPS-stimulated RAW264.7 macrophages. Biochem biophysic Research Communications, 2017, 491, 486-492.<\/li>\r\n<\/ol>","features":[{"image":1270,"title":"Efficacit\u00e9 d\u00e9montr\u00e9e dans une \u00e9tude clinique"},{"image":1271,"title":"Acceptation de 89% chez les chiens et les chats"},{"image":1262,"title":"Pas de prot\u00e9ines de poulet"},{"image":1267,"title":"Sans colorants"}],"ficha_tecnica":3610},"_links":{"self":[{"href":"https:\/\/beta.pharmadiet.com\/fr\/wp-json\/wp\/v2\/product\/3372","targetHints":{"allow":["GET"]}}],"collection":[{"href":"https:\/\/beta.pharmadiet.com\/fr\/wp-json\/wp\/v2\/product"}],"about":[{"href":"https:\/\/beta.pharmadiet.com\/fr\/wp-json\/wp\/v2\/types\/product"}],"replies":[{"embeddable":true,"href":"https:\/\/beta.pharmadiet.com\/fr\/wp-json\/wp\/v2\/comments?post=3372"}],"version-history":[{"count":19,"href":"https:\/\/beta.pharmadiet.com\/fr\/wp-json\/wp\/v2\/product\/3372\/revisions"}],"predecessor-version":[{"id":17441,"href":"https:\/\/beta.pharmadiet.com\/fr\/wp-json\/wp\/v2\/product\/3372\/revisions\/17441"}],"wp:featuredmedia":[{"embeddable":true,"href":"https:\/\/beta.pharmadiet.com\/fr\/wp-json\/wp\/v2\/media\/3373"}],"wp:attachment":[{"href":"https:\/\/beta.pharmadiet.com\/fr\/wp-json\/wp\/v2\/media?parent=3372"}],"wp:term":[{"taxonomy":"animal","embeddable":true,"href":"https:\/\/beta.pharmadiet.com\/fr\/wp-json\/wp\/v2\/animal?post=3372"},{"taxonomy":"product_brand","embeddable":true,"href":"https:\/\/beta.pharmadiet.com\/fr\/wp-json\/wp\/v2\/product_brand?post=3372"},{"taxonomy":"product_cat","embeddable":true,"href":"https:\/\/beta.pharmadiet.com\/fr\/wp-json\/wp\/v2\/product_cat?post=3372"},{"taxonomy":"product_tag","embeddable":true,"href":"https:\/\/beta.pharmadiet.com\/fr\/wp-json\/wp\/v2\/product_tag?post=3372"}],"curies":[{"name":"wp","href":"https:\/\/api.w.org\/{rel}","templated":true}]}}